{"id":15811,"date":"2020-03-08T01:49:47","date_gmt":"2020-03-08T00:49:47","guid":{"rendered":"https:\/\/werkzeuge-aller-art.com\/?product=omendo-elektrodenschweissgeraet-250-a-dc-inverter-schweissgeraet-digitale-lcd-anzeige-bedienungsanleitung-de-es-fr-it"},"modified":"2024-05-23T07:47:00","modified_gmt":"2024-05-23T05:47:00","slug":"omendo-elektrodenschweissgeraet-250-a-dc-inverter-schweissgeraet-digitale-lcd-anzeige-bedienungsanleitung-de-es-fr-it","status":"publish","type":"product","link":"https:\/\/werkzeuge-aller-art.com\/?product=omendo-elektrodenschweissgeraet-250-a-dc-inverter-schweissgeraet-digitale-lcd-anzeige-bedienungsanleitung-de-es-fr-it","title":{"rendered":"MMA-250 Elektrodenschwei\u00dfger\u00e4t 250 A | DC-Inverter-Schwei\u00dfger\u00e4t | digitales LCD-Display | 1 x Stromquelle 250 A | 1 x\u2026"},"content":{"rendered":"<div id='gallery-1' class='gallery galleryid-15811 gallery-columns-3 gallery-size-full'><dl class='gallery-item'>\r\n\t<dt class='gallery-icon landscape'>\r\n\t<a rel='gallery-nr'><img loading=\"lazy\" decoding=\"async\" width=\"500\" height=\"500\" src=\"https:\/\/images-na.ssl-images-amazon.com\/images\/I\/41J0kidLTQL.jpg\" class=\"attachment-full size-full\" alt=\"\" srcset=\"https:\/\/images-na.ssl-images-amazon.com\/images\/I\/41J0kidLTQL.jpg 500w, https:\/\/images-na.ssl-images-amazon.com\/images\/I\/41J0kidLTQL._SS150_.jpg 150w, https:\/\/images-na.ssl-images-amazon.com\/images\/I\/41J0kidLTQL._SS300_.jpg 300w, https:\/\/images-na.ssl-images-amazon.com\/images\/I\/41J0kidLTQL._SS768_.jpg 768w, https:\/\/images-na.ssl-images-amazon.com\/images\/I\/41J0kidLTQL._SS1024_.jpg 1024w, https:\/\/images-na.ssl-images-amazon.com\/images\/I\/41J0kidLTQL._SS1536_.jpg 1536w, https:\/\/images-na.ssl-images-amazon.com\/images\/I\/41J0kidLTQL._SS2048_.jpg 2048w, https:\/\/images-na.ssl-images-amazon.com\/images\/I\/41J0kidLTQL._SS145_.jpg 145w, https:\/\/images-na.ssl-images-amazon.com\/images\/I\/41J0kidLTQL._SS1400_.jpg 1400w, https:\/\/images-na.ssl-images-amazon.com\/images\/I\/41J0kidLTQL._SS50_.jpg 50w, https:\/\/images-na.ssl-images-amazon.com\/images\/I\/41J0kidLTQL._SS604_.jpg 604w, https:\/\/images-na.ssl-images-amazon.com\/images\/I\/41J0kidLTQL._SS262_.jpg 262w, https:\/\/images-na.ssl-images-amazon.com\/images\/I\/41J0kidLTQL._SS600_.jpg 600w, https:\/\/images-na.ssl-images-amazon.com\/images\/I\/41J0kidLTQL._SS100_.jpg 100w\" sizes=\"auto, (max-width: 500px) 100vw, 500px\" \/><\/a>\r\n\t<\/dt>\r\n\t<dd class='wp-caption-text gallery-caption'>\r\n\t<div class='gallery-caption-inner'> <div class='wp-caption-text gallery-title'>\r\n\tOmendo-Elektrodenschweigert-250-A-DC-Inverter-Schweigert-Digitale-LCD-Anzeige-Bedienungsanleitung-DE-ES-FR-IT\r\n\t<\/div><div class='wp-caption-text gallery-zoom no-text'>\r\n\t\t<a href=https:\/\/werkzeuge-aller-art.com\/?attachment_id=15812 title='Click to view Full Image' class='icon mustang-gallery'><i class='fa fa-plus'><\/i><\/a>\r\n\t\t<\/div><div class='wp-caption-text gallery-redirect'>\r\n\t\t<a href=https:\/\/werkzeuge-aller-art.com\/?attachment_id=15812 title='Click to view read more' class='icon readmore'><i class='fa fa-link'><\/i><\/a>\r\n\t\t<\/div><\/div><\/dd><\/dl><dl class='gallery-item'>\r\n\t<dt class='gallery-icon landscape'>\r\n\t<a rel='gallery-nr'><img loading=\"lazy\" decoding=\"async\" width=\"500\" height=\"500\" src=\"https:\/\/images-na.ssl-images-amazon.com\/images\/I\/41eSw%2Bee03L.jpg\" class=\"attachment-full size-full\" alt=\"\" srcset=\"https:\/\/images-na.ssl-images-amazon.com\/images\/I\/41eSw%2Bee03L.jpg 500w, https:\/\/images-na.ssl-images-amazon.com\/images\/I\/41eSw%2Bee03L._SS150_.jpg 150w, https:\/\/images-na.ssl-images-amazon.com\/images\/I\/41eSw%2Bee03L._SS300_.jpg 300w, https:\/\/images-na.ssl-images-amazon.com\/images\/I\/41eSw%2Bee03L._SS768_.jpg 768w, https:\/\/images-na.ssl-images-amazon.com\/images\/I\/41eSw%2Bee03L._SS1024_.jpg 1024w, https:\/\/images-na.ssl-images-amazon.com\/images\/I\/41eSw%2Bee03L._SS1536_.jpg 1536w, https:\/\/images-na.ssl-images-amazon.com\/images\/I\/41eSw%2Bee03L._SS2048_.jpg 2048w, https:\/\/images-na.ssl-images-amazon.com\/images\/I\/41eSw%2Bee03L._SS145_.jpg 145w, https:\/\/images-na.ssl-images-amazon.com\/images\/I\/41eSw%2Bee03L._SS1400_.jpg 1400w, https:\/\/images-na.ssl-images-amazon.com\/images\/I\/41eSw%2Bee03L._SS50_.jpg 50w, https:\/\/images-na.ssl-images-amazon.com\/images\/I\/41eSw%2Bee03L._SS604_.jpg 604w, https:\/\/images-na.ssl-images-amazon.com\/images\/I\/41eSw%2Bee03L._SS262_.jpg 262w, https:\/\/images-na.ssl-images-amazon.com\/images\/I\/41eSw%2Bee03L._SS600_.jpg 600w, https:\/\/images-na.ssl-images-amazon.com\/images\/I\/41eSw%2Bee03L._SS100_.jpg 100w\" sizes=\"auto, (max-width: 500px) 100vw, 500px\" \/><\/a>\r\n\t<\/dt>\r\n\t<dd class='wp-caption-text gallery-caption'>\r\n\t<div class='gallery-caption-inner'> <div class='wp-caption-text gallery-title'>\r\n\tOmendo-Elektrodenschweigert-250-A-DC-Inverter-Schweigert-Digitale-LCD-Anzeige-Bedienungsanleitung-DE-ES-FR-IT\r\n\t<\/div><div class='wp-caption-text gallery-zoom no-text'>\r\n\t\t<a href=https:\/\/werkzeuge-aller-art.com\/?attachment_id=15813 title='Click to view Full Image' class='icon mustang-gallery'><i class='fa fa-plus'><\/i><\/a>\r\n\t\t<\/div><div class='wp-caption-text gallery-redirect'>\r\n\t\t<a href=https:\/\/werkzeuge-aller-art.com\/?attachment_id=15813 title='Click to view read more' class='icon readmore'><i class='fa fa-link'><\/i><\/a>\r\n\t\t<\/div><\/div><\/dd><\/dl>\r\n<\/div>\n<br \/>\n<!-- show up to 2 reviews by default --> <\/p>\n<p><strong>Mit dem Allrounder von Omendo k\u00f6nnen nahezu alle Metalle verschwei\u00dfen werden!<\/strong> <\/p>\n<p> Egal ob Sie ihr n\u00e4chste Projekt planen oder schnell den Gartenzaun reparieren m\u00f6chten, mit dem handlichen Elektrodeninverter <br \/>MMA-250 von Omendo gelingen saubere Schwei\u00dfn\u00e4hte bei allen Schwei\u00dfarbeiten. Leistung satt, durch die neueste <br \/>IGBT Inverter-Technologie haben sie stets einen stabilen Lichtbogen bei einer hohen Einschaltdauer.<\/p>\n<p><strong>LIEFERUMFANG<\/strong><br \/> 1 x Stromquelle 250 A<br \/> 1 x Massekabel mit hochwertiger Masseklemme<br \/> 1 x Elektrodenhalter<br \/> 1 x Handschutzschild<br \/> 1 x Schlackenhammer mit B\u00fcrste <br \/>1 x Tragegurt<br \/> 1 x Bedienungsanleitung DE, FR, ES, IT<\/p>\n<p><strong>TECHNISCHE DATEN<\/strong><br \/> Schwei\u00dfelektrode Durchmesser &#8211; 1,0 &#8211; 5,0 mm<br \/> Schweissstrom &#8211; 20 &#8211; 250 A<br \/> Einschaltdauer* in % bei 10 min \/ 25 \u00b0C &#8211; 60% &#8211; 250 A | 100% &#8211; 190 A<br \/> Leerlaufspannung &#8211; 73 V<br \/> Netzspannung \/ Toleranz &#8211; 230 V \/ &#8211; 15 % &#8211; +15 %<br \/> Netzfrequenz &#8211; 50 \/ 60 Hz<br \/> Aufnahmeleistung max \/ effektiv &#8211; 13,2 A<br \/> Cos\u03c6 \/ Wirkungsgrad &#8211; 0,96 \/ 85 %<br \/> Schutzart \/ Isolationsklasse &#8211; IP 23 \/ F<br \/> \u00dcberlastungsschutz &#8211; Thermoschutz<br \/> Ger\u00e4tek\u00fchlung &#8211; L\u00fcfter <br \/> Ma\u00dfe L\/B\/H &#8211; 35 x 15 x 25 cm<br \/> Gewicht &#8211; 5 kg <\/p>\n<p><strong>*Einschaltdauer<\/strong> bezeichnet das Verh\u00e4ltnis von Schwei\u00dfdauer und Abk\u00fchlphase.<br \/> 60 % Einschaltdauer entspricht<br \/> 6 min Schwei\u00dfen<br \/> 4 min Pause<\/p>\n<\/p>\n<p>E-HAND SET OMENDO MMA-250 &#8211; Leistung 250 A, schwei\u00dft Elektroden bis 5,0 mm<br \/>\nGRUNDWERKSTOFFE &#8211; Baustahl, CrNi-Stahl, Duplex-Stahl, Aulminium Werkstoffe, Guss<br \/>\nBESONDERHEIT &#8211; Anti Stick, Generatortauglich, Netzzuleitung bis 90 Meter<br \/>\nLIEFERUMFANG &#8211; 1 x Stromquelle 250 A, 1 x Massekabel mit hochwertiger Masseklemme, 1 x Elektrodenhalter, 1 x Handschutzschild, 1 x Schlackenhammer mit B\u00fcrste, 1 x Tragegurt, 1 x Bedienungsanleitung DE, ES, FR, IT<br \/>\n<div class=\"main-cross-sell\" data-asin=\"B079DSY1X7\">\n\n\t<div class=\"WooZone-cross-sell-loader\">\n\t\t<div>\n\t\t\t<div id=\"floatingBarsG\">\n\t\t\t\t<div class=\"blockG\" id=\"rotateG_01\"><\/div>\n\t\t\t\t<div class=\"blockG\" id=\"rotateG_02\"><\/div>\n\t\t\t\t<div class=\"blockG\" id=\"rotateG_03\"><\/div>\n\t\t\t\t<div class=\"blockG\" id=\"rotateG_04\"><\/div>\n\t\t\t\t<div class=\"blockG\" id=\"rotateG_05\"><\/div>\n\t\t\t\t<div class=\"blockG\" id=\"rotateG_06\"><\/div>\n\t\t\t\t<div class=\"blockG\" id=\"rotateG_07\"><\/div>\n\t\t\t\t<div class=\"blockG\" id=\"rotateG_08\"><\/div>\n\t\t\t<\/div>\n\t\t\t<div class=\"WooZone-cross-sell-loader-text\"><\/div>\n\t\t<\/div>\n\t<\/div>\n\n\t\t\n<\/div>\n<div style=\"clear:both;\"><\/div>\n","protected":false},"excerpt":{"rendered":"<p>E-HAND SET OMENDO MMA-250 &#8211; Leistung 250 A, schwei\u00dft Elektroden bis 5,0 mm<br \/>\nGRUNDWERKSTOFFE &#8211; Baustahl, CrNi-Stahl, Duplex-Stahl, Aulminium Werkstoffe, Guss<br \/>\nBESONDERHEIT &#8211; Anti Stick, Generatortauglich, Netzzuleitung bis 90 Meter<\/p>\n","protected":false},"featured_media":15812,"comment_status":"open","ping_status":"closed","template":"","meta":[],"product_cat":[111,123],"product_tag":[],"class_list":{"0":"post-15811","1":"product","2":"type-product","3":"status-publish","4":"has-post-thumbnail","6":"product_cat-schweissen-und-loeten","7":"product_cat-schweissgeraet","8":"pa_brand-omendo","11":"first","12":"instock","13":"shipping-taxable","14":"product-type-external"},"_links":{"self":[{"href":"https:\/\/werkzeuge-aller-art.com\/index.php?rest_route=\/wp\/v2\/product\/15811","targetHints":{"allow":["GET"]}}],"collection":[{"href":"https:\/\/werkzeuge-aller-art.com\/index.php?rest_route=\/wp\/v2\/product"}],"about":[{"href":"https:\/\/werkzeuge-aller-art.com\/index.php?rest_route=\/wp\/v2\/types\/product"}],"replies":[{"embeddable":true,"href":"https:\/\/werkzeuge-aller-art.com\/index.php?rest_route=%2Fwp%2Fv2%2Fcomments&post=15811"}],"wp:featuredmedia":[{"embeddable":true,"href":"https:\/\/werkzeuge-aller-art.com\/index.php?rest_route=\/wp\/v2\/media\/15812"}],"wp:attachment":[{"href":"https:\/\/werkzeuge-aller-art.com\/index.php?rest_route=%2Fwp%2Fv2%2Fmedia&parent=15811"}],"wp:term":[{"taxonomy":"product_cat","embeddable":true,"href":"https:\/\/werkzeuge-aller-art.com\/index.php?rest_route=%2Fwp%2Fv2%2Fproduct_cat&post=15811"},{"taxonomy":"product_tag","embeddable":true,"href":"https:\/\/werkzeuge-aller-art.com\/index.php?rest_route=%2Fwp%2Fv2%2Fproduct_tag&post=15811"}],"curies":[{"name":"wp","href":"https:\/\/api.w.org\/{rel}","templated":true}]}}