{"id":15788,"date":"2020-03-08T01:48:33","date_gmt":"2020-03-08T00:48:33","guid":{"rendered":"https:\/\/werkzeuge-aller-art.com\/?product=berlan-wig-tig-inverter-schweissgeraet-180a-bwig180"},"modified":"2023-04-10T06:38:29","modified_gmt":"2023-04-10T04:38:29","slug":"berlan-wig-tig-inverter-schweissgeraet-180a-bwig180","status":"publish","type":"product","link":"https:\/\/werkzeuge-aller-art.com\/?product=berlan-wig-tig-inverter-schweissgeraet-180a-bwig180","title":{"rendered":"Berlan WIG\/TIG Inverter Schwei\u00dfger\u00e4t 180A &#8211; BWIG180"},"content":{"rendered":"<div id='gallery-1' class='gallery galleryid-15788 gallery-columns-3 gallery-size-full'><dl class='gallery-item'>\r\n\t<dt class='gallery-icon landscape'>\r\n\t<a rel='gallery-nr'><img loading=\"lazy\" decoding=\"async\" width=\"500\" height=\"500\" src=\"https:\/\/images-na.ssl-images-amazon.com\/images\/I\/41BnnuKMr1L.jpg\" class=\"attachment-full size-full\" alt=\"\" srcset=\"https:\/\/images-na.ssl-images-amazon.com\/images\/I\/41BnnuKMr1L.jpg 500w, https:\/\/images-na.ssl-images-amazon.com\/images\/I\/41BnnuKMr1L._SS150_.jpg 150w, https:\/\/images-na.ssl-images-amazon.com\/images\/I\/41BnnuKMr1L._SS300_.jpg 300w, https:\/\/images-na.ssl-images-amazon.com\/images\/I\/41BnnuKMr1L._SS768_.jpg 768w, https:\/\/images-na.ssl-images-amazon.com\/images\/I\/41BnnuKMr1L._SS1024_.jpg 1024w, https:\/\/images-na.ssl-images-amazon.com\/images\/I\/41BnnuKMr1L._SS1536_.jpg 1536w, https:\/\/images-na.ssl-images-amazon.com\/images\/I\/41BnnuKMr1L._SS2048_.jpg 2048w, https:\/\/images-na.ssl-images-amazon.com\/images\/I\/41BnnuKMr1L._SS145_.jpg 145w, https:\/\/images-na.ssl-images-amazon.com\/images\/I\/41BnnuKMr1L._SS1400_.jpg 1400w, https:\/\/images-na.ssl-images-amazon.com\/images\/I\/41BnnuKMr1L._SS50_.jpg 50w, https:\/\/images-na.ssl-images-amazon.com\/images\/I\/41BnnuKMr1L._SS604_.jpg 604w, https:\/\/images-na.ssl-images-amazon.com\/images\/I\/41BnnuKMr1L._SS262_.jpg 262w, https:\/\/images-na.ssl-images-amazon.com\/images\/I\/41BnnuKMr1L._SS600_.jpg 600w, https:\/\/images-na.ssl-images-amazon.com\/images\/I\/41BnnuKMr1L._SS100_.jpg 100w\" sizes=\"auto, (max-width: 500px) 100vw, 500px\" \/><\/a>\r\n\t<\/dt>\r\n\t<dd class='wp-caption-text gallery-caption'>\r\n\t<div class='gallery-caption-inner'> <div class='wp-caption-text gallery-title'>\r\n\tBerlan-WIGTIG-Inverter-Schweigert-180A-BWIG180\r\n\t<\/div><div class='wp-caption-text gallery-zoom no-text'>\r\n\t\t<a href=https:\/\/werkzeuge-aller-art.com\/?attachment_id=15789 title='Click to view Full Image' class='icon mustang-gallery'><i class='fa fa-plus'><\/i><\/a>\r\n\t\t<\/div><div class='wp-caption-text gallery-redirect'>\r\n\t\t<a href=https:\/\/werkzeuge-aller-art.com\/?attachment_id=15789 title='Click to view read more' class='icon readmore'><i class='fa fa-link'><\/i><\/a>\r\n\t\t<\/div><\/div><\/dd><\/dl><dl class='gallery-item'>\r\n\t<dt class='gallery-icon landscape'>\r\n\t<a rel='gallery-nr'><img loading=\"lazy\" decoding=\"async\" width=\"500\" height=\"500\" src=\"https:\/\/images-na.ssl-images-amazon.com\/images\/I\/41OIqVuJy4L.jpg\" class=\"attachment-full size-full\" alt=\"\" srcset=\"https:\/\/images-na.ssl-images-amazon.com\/images\/I\/41OIqVuJy4L.jpg 500w, https:\/\/images-na.ssl-images-amazon.com\/images\/I\/41OIqVuJy4L._SS150_.jpg 150w, https:\/\/images-na.ssl-images-amazon.com\/images\/I\/41OIqVuJy4L._SS300_.jpg 300w, https:\/\/images-na.ssl-images-amazon.com\/images\/I\/41OIqVuJy4L._SS768_.jpg 768w, https:\/\/images-na.ssl-images-amazon.com\/images\/I\/41OIqVuJy4L._SS1024_.jpg 1024w, https:\/\/images-na.ssl-images-amazon.com\/images\/I\/41OIqVuJy4L._SS1536_.jpg 1536w, https:\/\/images-na.ssl-images-amazon.com\/images\/I\/41OIqVuJy4L._SS2048_.jpg 2048w, https:\/\/images-na.ssl-images-amazon.com\/images\/I\/41OIqVuJy4L._SS145_.jpg 145w, https:\/\/images-na.ssl-images-amazon.com\/images\/I\/41OIqVuJy4L._SS1400_.jpg 1400w, https:\/\/images-na.ssl-images-amazon.com\/images\/I\/41OIqVuJy4L._SS50_.jpg 50w, https:\/\/images-na.ssl-images-amazon.com\/images\/I\/41OIqVuJy4L._SS604_.jpg 604w, https:\/\/images-na.ssl-images-amazon.com\/images\/I\/41OIqVuJy4L._SS262_.jpg 262w, https:\/\/images-na.ssl-images-amazon.com\/images\/I\/41OIqVuJy4L._SS600_.jpg 600w, https:\/\/images-na.ssl-images-amazon.com\/images\/I\/41OIqVuJy4L._SS100_.jpg 100w\" sizes=\"auto, (max-width: 500px) 100vw, 500px\" \/><\/a>\r\n\t<\/dt>\r\n\t<dd class='wp-caption-text gallery-caption'>\r\n\t<div class='gallery-caption-inner'> <div class='wp-caption-text gallery-title'>\r\n\tBerlan-WIGTIG-Inverter-Schweigert-180A-BWIG180\r\n\t<\/div><div class='wp-caption-text gallery-zoom no-text'>\r\n\t\t<a href=https:\/\/werkzeuge-aller-art.com\/?attachment_id=15790 title='Click to view Full Image' class='icon mustang-gallery'><i class='fa fa-plus'><\/i><\/a>\r\n\t\t<\/div><div class='wp-caption-text gallery-redirect'>\r\n\t\t<a href=https:\/\/werkzeuge-aller-art.com\/?attachment_id=15790 title='Click to view read more' class='icon readmore'><i class='fa fa-link'><\/i><\/a>\r\n\t\t<\/div><\/div><\/dd><\/dl>\r\n<\/div>\n<br \/>\n<!-- show up to 2 reviews by default --> <\/p>\n<p>Das kompakte und vielseitig einsetzbare WIG\/TIG Inverter Schwei\u00dfger\u00e4t BWIG180 bietet jedem Handwerker oder Hobbybastler neben herk\u00f6mmlichem Elektrodenschwei\u00dfen die M\u00f6glichkeit des WIG-Schwei\u00dfens per optional erh\u00e4ltlichem Schutzgas.<\/p>\n<\/p>\n<p>Durch die einfache und handliche Bedienung erhalten auch Anf\u00e4nger nach kurzer \u00dcbungszeit \u00fcberzeugende Schwei\u00dfergebnisse, die sich sehen lassen k\u00f6nnen.<\/p>\n<p><b>\u00bb Robustes WIG\/TIG Inverter Schwei\u00dfger\u00e4t<\/b><br \/><b>\u00bb Sehr ansprechende Optik und hohe Sicherheit<\/b><br \/><b>\u00bb Elektrodenschwei\u00dfen und WIG-Schwei\u00dfen mit Schutzgas m\u00f6glich<\/b><br \/><b>\u00bb Sehr gute Z\u00fcndeigenschaften mit HF-Z\u00fcndung<\/b><br \/><b>\u00bb Schwei\u00dfstrom stufenlos zwischen 20 und 180 A einstellbar<\/b><br \/><b>\u00bb \u00dcberhitzungsschutz durch 16 A Netzsicherung<\/b><br \/><b>\u00bb Einfache Bedienung, f\u00fcr Laien und Profis geeignet<\/b><br \/><b>\u00bb Kompakte Ausf\u00fchrung mit Tragegriff, problemlos mobil einsetzbar<\/b><br \/><b>\u00bb Inklusive Schlauchpaket, Schwei\u00dfschild und Schlackeb\u00fcrste<\/b><\/p>\n<p><b>Technische Daten<\/b><br \/>&#8211; <b>Netzspannung<\/b>: 230 V \/ 50 Hz<br \/>&#8211; <b>Nennleistung<\/b>: 3,7 kVA <br \/> 1,4 kVA (bei 60 % ED)<br \/>&#8211; <b>Leistungsfaktor<\/b>: 0,93<br \/>&#8211; <b>Netzsicherung<\/b>: 16 A<br \/>&#8211; <b>Schutzart<\/b>: IP21<br \/>&#8211; <b>Gasart<\/b>: Argon, CO2<br \/>&#8211; <b>Leerlaufspannung<\/b>: 56 V<br \/>&#8211; <b>Schwei\u00dfstrom<\/b>: 20 \u2013 180 A (DC)<br \/>&#8211; <b>Abmessungen<\/b>: ca. 371 x 155 x 295 mm<br \/>&#8211; <b>Gewicht<\/b>: ca. 12,3 kg<\/p>\n<p><b>Lieferumfang<\/b><br \/>1 St\u00fcck <b>WIG\/TIG Schwei\u00dfger\u00e4t<\/b><br \/>1 Set <b>Schlauchpaket<\/b><br \/>1 Set <b>Zubeh\u00f6r<\/b> <\/p>\n<p>Elektrodenschwei\u00dfen und WIG-Schwei\u00dfen mit Schutzgas m\u00f6glich<br \/>\nSehr gute Z\u00fcndeigenschaften mit HF-Z\u00fcndung<br \/>\nSchwei\u00dfstrom stufenlos zwischen 20 und 180 A einstellbar<br \/>\n<div class=\"main-cross-sell\" data-asin=\"B00139UWH8\">\n\n\t<div class=\"WooZone-cross-sell-loader\">\n\t\t<div>\n\t\t\t<div id=\"floatingBarsG\">\n\t\t\t\t<div class=\"blockG\" id=\"rotateG_01\"><\/div>\n\t\t\t\t<div class=\"blockG\" id=\"rotateG_02\"><\/div>\n\t\t\t\t<div class=\"blockG\" id=\"rotateG_03\"><\/div>\n\t\t\t\t<div class=\"blockG\" id=\"rotateG_04\"><\/div>\n\t\t\t\t<div class=\"blockG\" id=\"rotateG_05\"><\/div>\n\t\t\t\t<div class=\"blockG\" id=\"rotateG_06\"><\/div>\n\t\t\t\t<div class=\"blockG\" id=\"rotateG_07\"><\/div>\n\t\t\t\t<div class=\"blockG\" id=\"rotateG_08\"><\/div>\n\t\t\t<\/div>\n\t\t\t<div class=\"WooZone-cross-sell-loader-text\"><\/div>\n\t\t<\/div>\n\t<\/div>\n\n\t\t\n<\/div>\n<div style=\"clear:both;\"><\/div>\n","protected":false},"excerpt":{"rendered":"<p>Elektrodenschwei\u00dfen und WIG-Schwei\u00dfen mit Schutzgas m\u00f6glich<br \/>\nSehr gute Z\u00fcndeigenschaften mit HF-Z\u00fcndung<br \/>\nSchwei\u00dfstrom stufenlos zwischen 20 und 180 A einstellbar<\/p>\n","protected":false},"featured_media":15789,"comment_status":"open","ping_status":"closed","template":"","meta":[],"product_cat":[111,123],"product_tag":[],"class_list":{"0":"post-15788","1":"product","2":"type-product","3":"status-publish","4":"has-post-thumbnail","6":"product_cat-schweissen-und-loeten","7":"product_cat-schweissgeraet","8":"pa_brand-berlan","11":"first","12":"instock","13":"shipping-taxable","14":"product-type-external"},"_links":{"self":[{"href":"https:\/\/werkzeuge-aller-art.com\/index.php?rest_route=\/wp\/v2\/product\/15788","targetHints":{"allow":["GET"]}}],"collection":[{"href":"https:\/\/werkzeuge-aller-art.com\/index.php?rest_route=\/wp\/v2\/product"}],"about":[{"href":"https:\/\/werkzeuge-aller-art.com\/index.php?rest_route=\/wp\/v2\/types\/product"}],"replies":[{"embeddable":true,"href":"https:\/\/werkzeuge-aller-art.com\/index.php?rest_route=%2Fwp%2Fv2%2Fcomments&post=15788"}],"wp:featuredmedia":[{"embeddable":true,"href":"https:\/\/werkzeuge-aller-art.com\/index.php?rest_route=\/wp\/v2\/media\/15789"}],"wp:attachment":[{"href":"https:\/\/werkzeuge-aller-art.com\/index.php?rest_route=%2Fwp%2Fv2%2Fmedia&parent=15788"}],"wp:term":[{"taxonomy":"product_cat","embeddable":true,"href":"https:\/\/werkzeuge-aller-art.com\/index.php?rest_route=%2Fwp%2Fv2%2Fproduct_cat&post=15788"},{"taxonomy":"product_tag","embeddable":true,"href":"https:\/\/werkzeuge-aller-art.com\/index.php?rest_route=%2Fwp%2Fv2%2Fproduct_tag&post=15788"}],"curies":[{"name":"wp","href":"https:\/\/api.w.org\/{rel}","templated":true}]}}