{"id":15357,"date":"2020-03-08T01:24:47","date_gmt":"2020-03-08T00:24:47","guid":{"rendered":"https:\/\/werkzeuge-aller-art.com\/?product=lagersystem-wandregal-1152-x-780-mm-werkzeughalterungen-32-stck-stapelboxen-schuettenregal-sichtlagerkaesten-extra-starke-wandplatten-regal-erweiterbar-werkstattregal-lagerregal-werkstattwandreg"},"modified":"2023-04-08T05:59:08","modified_gmt":"2023-04-08T03:59:08","slug":"lagersystem-wandregal-1152-x-780-mm-werkzeughalterungen-32-stck-stapelboxen-schuettenregal-sichtlagerkaesten-extra-starke-wandplatten-regal-erweiterbar-werkstattregal-lagerregal-werkstattwandreg","status":"publish","type":"product","link":"https:\/\/werkzeuge-aller-art.com\/?product=lagersystem-wandregal-1152-x-780-mm-werkzeughalterungen-32-stck-stapelboxen-schuettenregal-sichtlagerkaesten-extra-starke-wandplatten-regal-erweiterbar-werkstattregal-lagerregal-werkstattwandreg","title":{"rendered":"Lagersystem Wandregal 1152 x 780 mm, Werkzeughalterungen, 32 stck. Stapelboxen Sch\u00fcttenregal Sichtlagerk\u00e4sten, Extra\u2026"},"content":{"rendered":"<div id='gallery-1' class='gallery galleryid-15357 gallery-columns-3 gallery-size-full'><dl class='gallery-item'>\r\n\t<dt class='gallery-icon landscape'>\r\n\t<a rel='gallery-nr'><img loading=\"lazy\" decoding=\"async\" width=\"500\" height=\"500\" src=\"https:\/\/images-na.ssl-images-amazon.com\/images\/I\/51C8-AdbENL.jpg\" class=\"attachment-full size-full\" alt=\"\" srcset=\"https:\/\/images-na.ssl-images-amazon.com\/images\/I\/51C8-AdbENL.jpg 500w, https:\/\/images-na.ssl-images-amazon.com\/images\/I\/51C8-AdbENL._SS150_.jpg 150w, https:\/\/images-na.ssl-images-amazon.com\/images\/I\/51C8-AdbENL._SS300_.jpg 300w, https:\/\/images-na.ssl-images-amazon.com\/images\/I\/51C8-AdbENL._SS768_.jpg 768w, https:\/\/images-na.ssl-images-amazon.com\/images\/I\/51C8-AdbENL._SS1024_.jpg 1024w, https:\/\/images-na.ssl-images-amazon.com\/images\/I\/51C8-AdbENL._SS1536_.jpg 1536w, https:\/\/images-na.ssl-images-amazon.com\/images\/I\/51C8-AdbENL._SS2048_.jpg 2048w, https:\/\/images-na.ssl-images-amazon.com\/images\/I\/51C8-AdbENL._SS145_.jpg 145w, https:\/\/images-na.ssl-images-amazon.com\/images\/I\/51C8-AdbENL._SS1400_.jpg 1400w, https:\/\/images-na.ssl-images-amazon.com\/images\/I\/51C8-AdbENL._SS50_.jpg 50w, https:\/\/images-na.ssl-images-amazon.com\/images\/I\/51C8-AdbENL._SS604_.jpg 604w, https:\/\/images-na.ssl-images-amazon.com\/images\/I\/51C8-AdbENL._SS262_.jpg 262w, https:\/\/images-na.ssl-images-amazon.com\/images\/I\/51C8-AdbENL._SS600_.jpg 600w, https:\/\/images-na.ssl-images-amazon.com\/images\/I\/51C8-AdbENL._SS100_.jpg 100w\" sizes=\"auto, (max-width: 500px) 100vw, 500px\" \/><\/a>\r\n\t<\/dt>\r\n\t<dd class='wp-caption-text gallery-caption'>\r\n\t<div class='gallery-caption-inner'> <div class='wp-caption-text gallery-title'>\r\n\tLagersystem-Wandregal-1152-x-780-mm-Werkzeughalterungen-32-stck-Stapelboxen-Schttenregal-Sichtlagerksten-Extra-Starke-Wandplatten-Regal-Erweiterbar-Werkstattregal-Lagerregal-Werkstattwandrega\r\n\t<\/div><div class='wp-caption-text gallery-zoom no-text'>\r\n\t\t<a href=https:\/\/werkzeuge-aller-art.com\/?attachment_id=15358 title='Click to view Full Image' class='icon mustang-gallery'><i class='fa fa-plus'><\/i><\/a>\r\n\t\t<\/div><div class='wp-caption-text gallery-redirect'>\r\n\t\t<a href=https:\/\/werkzeuge-aller-art.com\/?attachment_id=15358 title='Click to view read more' class='icon readmore'><i class='fa fa-link'><\/i><\/a>\r\n\t\t<\/div><\/div><\/dd><\/dl><dl class='gallery-item'>\r\n\t<dt class='gallery-icon landscape'>\r\n\t<a rel='gallery-nr'><img loading=\"lazy\" decoding=\"async\" width=\"500\" height=\"500\" src=\"https:\/\/images-na.ssl-images-amazon.com\/images\/I\/51jsEhPJcCL.jpg\" class=\"attachment-full size-full\" alt=\"\" srcset=\"https:\/\/images-na.ssl-images-amazon.com\/images\/I\/51jsEhPJcCL.jpg 500w, https:\/\/images-na.ssl-images-amazon.com\/images\/I\/51jsEhPJcCL._SS150_.jpg 150w, https:\/\/images-na.ssl-images-amazon.com\/images\/I\/51jsEhPJcCL._SS300_.jpg 300w, https:\/\/images-na.ssl-images-amazon.com\/images\/I\/51jsEhPJcCL._SS768_.jpg 768w, https:\/\/images-na.ssl-images-amazon.com\/images\/I\/51jsEhPJcCL._SS1024_.jpg 1024w, https:\/\/images-na.ssl-images-amazon.com\/images\/I\/51jsEhPJcCL._SS1536_.jpg 1536w, https:\/\/images-na.ssl-images-amazon.com\/images\/I\/51jsEhPJcCL._SS2048_.jpg 2048w, https:\/\/images-na.ssl-images-amazon.com\/images\/I\/51jsEhPJcCL._SS145_.jpg 145w, https:\/\/images-na.ssl-images-amazon.com\/images\/I\/51jsEhPJcCL._SS1400_.jpg 1400w, https:\/\/images-na.ssl-images-amazon.com\/images\/I\/51jsEhPJcCL._SS50_.jpg 50w, https:\/\/images-na.ssl-images-amazon.com\/images\/I\/51jsEhPJcCL._SS604_.jpg 604w, https:\/\/images-na.ssl-images-amazon.com\/images\/I\/51jsEhPJcCL._SS262_.jpg 262w, https:\/\/images-na.ssl-images-amazon.com\/images\/I\/51jsEhPJcCL._SS600_.jpg 600w, https:\/\/images-na.ssl-images-amazon.com\/images\/I\/51jsEhPJcCL._SS100_.jpg 100w\" sizes=\"auto, (max-width: 500px) 100vw, 500px\" \/><\/a>\r\n\t<\/dt>\r\n\t<dd class='wp-caption-text gallery-caption'>\r\n\t<div class='gallery-caption-inner'> <div class='wp-caption-text gallery-title'>\r\n\tLagersystem-Wandregal-1152-x-780-mm-Werkzeughalterungen-32-stck-Stapelboxen-Schttenregal-Sichtlagerksten-Extra-Starke-Wandplatten-Regal-Erweiterbar-Werkstattregal-Lagerregal-Werkstattwandrega\r\n\t<\/div><div class='wp-caption-text gallery-zoom no-text'>\r\n\t\t<a href=https:\/\/werkzeuge-aller-art.com\/?attachment_id=15359 title='Click to view Full Image' class='icon mustang-gallery'><i class='fa fa-plus'><\/i><\/a>\r\n\t\t<\/div><div class='wp-caption-text gallery-redirect'>\r\n\t\t<a href=https:\/\/werkzeuge-aller-art.com\/?attachment_id=15359 title='Click to view read more' class='icon readmore'><i class='fa fa-link'><\/i><\/a>\r\n\t\t<\/div><\/div><\/dd><\/dl>\r\n<\/div>\n<br \/>\n<!-- show up to 2 reviews by default --> <\/p>\n<p>Mehr Ordnung und \u00dcbersicht in Lager, Werkstatt, Garage mit dem 32 Stapelboxen und Werkzeughaltern Set von PAFEN\u00ae.<br \/> Wandregal von PAFEN\u00ae &#8211; der Arbeitsplatz ist immer sauber und ordentlich. <br \/> Unser universell einsetzbares Wandregal mit unterschiedlichen Stapelboxen und Werkzeughalterungen sorgt f\u00fcr Ordnung und \u00dcbersicht in vielen Bereichen. <br \/> F\u00fcr den Profi und dem Heimwerker, \u00fcberall Einsetzbar Werkstatt Garage Keller Hobbyraum f\u00fcr Schrauben, Muttern, N\u00e4gel, viele andere Kleinteile und nat\u00fcrlich Werkzeug jeder Art egal ob Hammer, Schraubenzieher Maulschl\u00fcssel und vielen mehr.<br \/> Technische Daten:<br \/> Stapelbox: <br \/> 14 stck. Box 80 x 115 x 60 mm | Farbe Schwarz <br \/> 22 stck. Box 120 x 195 x 90 mm | Farbe Rot <br \/> Werkzeughalter:<br \/> 2 x Schraubenschl\u00fcsselablage, <br \/> 4 x Klemmleisten, <br \/> 8 x Werkzeughaken M Klein, <br \/> 8 x Werkzeughaken XXL Gro\u00df, <br \/> 16 x Werkzeugklemme <br \/> 2 x Gro\u00dfer universell nutzbarer Werkzeughalter f\u00fcr alle Werkzeuge von Hammer bis zur Zange, Vom Bohrer bis zu Bits, Vom Schraubenzier bis zum Inbus. Kunststoff rot Gr\u00f6\u00dfe: 384 x 111 x 50 mm <\/p>\n<p>Regalgesamtgr\u00f6\u00dfe (BxH) 1152 x 780 mm<br \/>\nWerkzeughalter: 2 x Schraubenschl\u00fcsselablage, 4 x Klemmleisten, 8 x Werkzeughaken M Klein, 8 x Werkzeughaken XXL Gro\u00df, 16 x Werkzeugklemme, 2 x Gro\u00dfer universell nutzbarer Werkzeughalter f\u00fcr alle Werkzeuge von Hammer bis zur Zange, Vom Schraubenzier bis zum Inbus, Vom Bohrer bis zu Bits.<br \/>\nF\u00fcr den Profi und dem Heimwerker, \u00fcberall Einsetzbar Werkstatt Garage Keller Hobbyraum f\u00fcr Schrauben, Muttern, N\u00e4gel, viele andere Kleinteile und nat\u00fcrlich Werkzeug jeder Art egal ob Hammer, Schraubenzieher Maulschl\u00fcssel und vielen mehr<br \/>\nStapelbox: 14 stck. Box 80 x 115 x 60 mm Farbe Schwarz | 22 stck. Box 120 x 195 x 90 mm Farbe Rot<br \/>\nUnser universell einsetzbares Wandregal mit unterschiedlichen Stapelboxen und Werkzeughalterungen sorgt f\u00fcr Ordnung und \u00dcbersicht in vielen Bereichen<br \/>\n<div class=\"main-cross-sell\" data-asin=\"B081TKXD49\">\n\n\t<div class=\"WooZone-cross-sell-loader\">\n\t\t<div>\n\t\t\t<div id=\"floatingBarsG\">\n\t\t\t\t<div class=\"blockG\" id=\"rotateG_01\"><\/div>\n\t\t\t\t<div class=\"blockG\" id=\"rotateG_02\"><\/div>\n\t\t\t\t<div class=\"blockG\" id=\"rotateG_03\"><\/div>\n\t\t\t\t<div class=\"blockG\" id=\"rotateG_04\"><\/div>\n\t\t\t\t<div class=\"blockG\" id=\"rotateG_05\"><\/div>\n\t\t\t\t<div class=\"blockG\" id=\"rotateG_06\"><\/div>\n\t\t\t\t<div class=\"blockG\" id=\"rotateG_07\"><\/div>\n\t\t\t\t<div class=\"blockG\" id=\"rotateG_08\"><\/div>\n\t\t\t<\/div>\n\t\t\t<div class=\"WooZone-cross-sell-loader-text\"><\/div>\n\t\t<\/div>\n\t<\/div>\n\n\t\t\n<\/div>\n<div style=\"clear:both;\"><\/div>\n","protected":false},"excerpt":{"rendered":"<p>Regalgesamtgr\u00f6\u00dfe (BxH) 1152 x 780 mm<br \/>\nWerkzeughalter: 2 x Schraubenschl\u00fcsselablage, 4 x Klemmleisten, 8 x Werkzeughaken M Klein, 8 x Werkzeughaken XXL Gro\u00df, 16 x Werkzeugklemme, 2 x Gro\u00dfer universell nutzbarer Werkzeughalter f\u00fcr alle Werkzeuge von Hammer bis zur Zange, Vom Schraubenzier bis zum Inbus, Vom Bohrer bis zu Bits.<br \/>\nF\u00fcr den Profi und dem Heimwerker, \u00fcberall Einsetzbar Werkstatt Garage Keller Hobbyraum f\u00fcr Schrauben, Muttern, N\u00e4gel, viele andere Kleinteile und nat\u00fcrlich Werkzeug jeder Art egal ob Hammer, Schraubenzieher Maulschl\u00fcssel und vielen mehr<\/p>\n","protected":false},"featured_media":15358,"comment_status":"open","ping_status":"closed","template":"","meta":[],"product_cat":[126,112],"product_tag":[],"class_list":{"0":"post-15357","1":"product","2":"type-product","3":"status-publish","4":"has-post-thumbnail","6":"product_cat-regale","7":"product_cat-verstauen-und-sortieren","8":"pa_brand-pafen","11":"first","12":"instock","13":"shipping-taxable","14":"product-type-external"},"_links":{"self":[{"href":"https:\/\/werkzeuge-aller-art.com\/index.php?rest_route=\/wp\/v2\/product\/15357","targetHints":{"allow":["GET"]}}],"collection":[{"href":"https:\/\/werkzeuge-aller-art.com\/index.php?rest_route=\/wp\/v2\/product"}],"about":[{"href":"https:\/\/werkzeuge-aller-art.com\/index.php?rest_route=\/wp\/v2\/types\/product"}],"replies":[{"embeddable":true,"href":"https:\/\/werkzeuge-aller-art.com\/index.php?rest_route=%2Fwp%2Fv2%2Fcomments&post=15357"}],"wp:featuredmedia":[{"embeddable":true,"href":"https:\/\/werkzeuge-aller-art.com\/index.php?rest_route=\/wp\/v2\/media\/15358"}],"wp:attachment":[{"href":"https:\/\/werkzeuge-aller-art.com\/index.php?rest_route=%2Fwp%2Fv2%2Fmedia&parent=15357"}],"wp:term":[{"taxonomy":"product_cat","embeddable":true,"href":"https:\/\/werkzeuge-aller-art.com\/index.php?rest_route=%2Fwp%2Fv2%2Fproduct_cat&post=15357"},{"taxonomy":"product_tag","embeddable":true,"href":"https:\/\/werkzeuge-aller-art.com\/index.php?rest_route=%2Fwp%2Fv2%2Fproduct_tag&post=15357"}],"curies":[{"name":"wp","href":"https:\/\/api.w.org\/{rel}","templated":true}]}}