{"id":15333,"date":"2020-03-08T01:19:17","date_gmt":"2020-03-08T00:19:17","guid":{"rendered":"https:\/\/werkzeuge-aller-art.com\/?product=berlan-bandschleifer-tellerschleifer-bandschleifmaschine-schleifmaschine-350-watt-bbts350"},"modified":"2023-04-08T05:59:08","modified_gmt":"2023-04-08T03:59:08","slug":"berlan-bandschleifer-tellerschleifer-bandschleifmaschine-schleifmaschine-350-watt-bbts350","status":"publish","type":"product","link":"https:\/\/werkzeuge-aller-art.com\/?product=berlan-bandschleifer-tellerschleifer-bandschleifmaschine-schleifmaschine-350-watt-bbts350","title":{"rendered":"Berlan Bandschleifer &amp; Tellerschleifer Bandschleifmaschine Schleifmaschine 350 Watt &#8211; BBTS350"},"content":{"rendered":"<div id='gallery-1' class='gallery galleryid-15333 gallery-columns-3 gallery-size-full'><dl class='gallery-item'>\r\n\t<dt class='gallery-icon landscape'>\r\n\t<a rel='gallery-nr'><img loading=\"lazy\" decoding=\"async\" width=\"500\" height=\"500\" src=\"https:\/\/images-na.ssl-images-amazon.com\/images\/I\/41IQ4UQPF7L.jpg\" class=\"attachment-full size-full\" alt=\"\" srcset=\"https:\/\/images-na.ssl-images-amazon.com\/images\/I\/41IQ4UQPF7L.jpg 500w, https:\/\/images-na.ssl-images-amazon.com\/images\/I\/41IQ4UQPF7L._SS150_.jpg 150w, https:\/\/images-na.ssl-images-amazon.com\/images\/I\/41IQ4UQPF7L._SS300_.jpg 300w, https:\/\/images-na.ssl-images-amazon.com\/images\/I\/41IQ4UQPF7L._SS768_.jpg 768w, https:\/\/images-na.ssl-images-amazon.com\/images\/I\/41IQ4UQPF7L._SS1024_.jpg 1024w, https:\/\/images-na.ssl-images-amazon.com\/images\/I\/41IQ4UQPF7L._SS1536_.jpg 1536w, https:\/\/images-na.ssl-images-amazon.com\/images\/I\/41IQ4UQPF7L._SS2048_.jpg 2048w, https:\/\/images-na.ssl-images-amazon.com\/images\/I\/41IQ4UQPF7L._SS145_.jpg 145w, https:\/\/images-na.ssl-images-amazon.com\/images\/I\/41IQ4UQPF7L._SS1400_.jpg 1400w, https:\/\/images-na.ssl-images-amazon.com\/images\/I\/41IQ4UQPF7L._SS50_.jpg 50w, https:\/\/images-na.ssl-images-amazon.com\/images\/I\/41IQ4UQPF7L._SS604_.jpg 604w, https:\/\/images-na.ssl-images-amazon.com\/images\/I\/41IQ4UQPF7L._SS262_.jpg 262w, https:\/\/images-na.ssl-images-amazon.com\/images\/I\/41IQ4UQPF7L._SS600_.jpg 600w, https:\/\/images-na.ssl-images-amazon.com\/images\/I\/41IQ4UQPF7L._SS100_.jpg 100w\" sizes=\"auto, (max-width: 500px) 100vw, 500px\" \/><\/a>\r\n\t<\/dt>\r\n\t<dd class='wp-caption-text gallery-caption'>\r\n\t<div class='gallery-caption-inner'> <div class='wp-caption-text gallery-title'>\r\n\tBerlan-Bandschleifer-Tellerschleifer-Bandschleifmaschine-Schleifmaschine-350-Watt-BBTS350\r\n\t<\/div><div class='wp-caption-text gallery-zoom no-text'>\r\n\t\t<a href=https:\/\/werkzeuge-aller-art.com\/?attachment_id=15334 title='Click to view Full Image' class='icon mustang-gallery'><i class='fa fa-plus'><\/i><\/a>\r\n\t\t<\/div><div class='wp-caption-text gallery-redirect'>\r\n\t\t<a href=https:\/\/werkzeuge-aller-art.com\/?attachment_id=15334 title='Click to view read more' class='icon readmore'><i class='fa fa-link'><\/i><\/a>\r\n\t\t<\/div><\/div><\/dd><\/dl><dl class='gallery-item'>\r\n\t<dt class='gallery-icon landscape'>\r\n\t<a rel='gallery-nr'><img loading=\"lazy\" decoding=\"async\" width=\"500\" height=\"500\" src=\"https:\/\/images-na.ssl-images-amazon.com\/images\/I\/41IGOlPo%2B5L.jpg\" class=\"attachment-full size-full\" alt=\"\" srcset=\"https:\/\/images-na.ssl-images-amazon.com\/images\/I\/41IGOlPo%2B5L.jpg 500w, https:\/\/images-na.ssl-images-amazon.com\/images\/I\/41IGOlPo%2B5L._SS150_.jpg 150w, https:\/\/images-na.ssl-images-amazon.com\/images\/I\/41IGOlPo%2B5L._SS300_.jpg 300w, https:\/\/images-na.ssl-images-amazon.com\/images\/I\/41IGOlPo%2B5L._SS768_.jpg 768w, https:\/\/images-na.ssl-images-amazon.com\/images\/I\/41IGOlPo%2B5L._SS1024_.jpg 1024w, https:\/\/images-na.ssl-images-amazon.com\/images\/I\/41IGOlPo%2B5L._SS1536_.jpg 1536w, https:\/\/images-na.ssl-images-amazon.com\/images\/I\/41IGOlPo%2B5L._SS2048_.jpg 2048w, https:\/\/images-na.ssl-images-amazon.com\/images\/I\/41IGOlPo%2B5L._SS145_.jpg 145w, https:\/\/images-na.ssl-images-amazon.com\/images\/I\/41IGOlPo%2B5L._SS1400_.jpg 1400w, https:\/\/images-na.ssl-images-amazon.com\/images\/I\/41IGOlPo%2B5L._SS50_.jpg 50w, https:\/\/images-na.ssl-images-amazon.com\/images\/I\/41IGOlPo%2B5L._SS604_.jpg 604w, https:\/\/images-na.ssl-images-amazon.com\/images\/I\/41IGOlPo%2B5L._SS262_.jpg 262w, https:\/\/images-na.ssl-images-amazon.com\/images\/I\/41IGOlPo%2B5L._SS600_.jpg 600w, https:\/\/images-na.ssl-images-amazon.com\/images\/I\/41IGOlPo%2B5L._SS100_.jpg 100w\" sizes=\"auto, (max-width: 500px) 100vw, 500px\" \/><\/a>\r\n\t<\/dt>\r\n\t<dd class='wp-caption-text gallery-caption'>\r\n\t<div class='gallery-caption-inner'> <div class='wp-caption-text gallery-title'>\r\n\tBerlan-Bandschleifer-Tellerschleifer-Bandschleifmaschine-Schleifmaschine-350-Watt-BBTS350\r\n\t<\/div><div class='wp-caption-text gallery-zoom no-text'>\r\n\t\t<a href=https:\/\/werkzeuge-aller-art.com\/?attachment_id=15335 title='Click to view Full Image' class='icon mustang-gallery'><i class='fa fa-plus'><\/i><\/a>\r\n\t\t<\/div><div class='wp-caption-text gallery-redirect'>\r\n\t\t<a href=https:\/\/werkzeuge-aller-art.com\/?attachment_id=15335 title='Click to view read more' class='icon readmore'><i class='fa fa-link'><\/i><\/a>\r\n\t\t<\/div><\/div><\/dd><\/dl>\r\n<\/div>\n<br \/>\n<!-- show up to 2 reviews by default --> <\/p>\n<p>Der Band- und Tellerschleifer eignet sich ideal f\u00fcr alle Schleifarbeiten in Verbindung mit H\u00f6lzern jeglicher Art.<\/p>\n<\/p>\n<p>Dabei bietet der Schleifer eine verstellbare Werkst\u00fcckauflage, eine selbstklebende Schleifscheibe und die M\u00f6glichkeit, ihn sowohl horizontal als auch vertikal einzusetzen.<\/p>\n<\/p>\n<p>Die integrierte Staubabsaugung und der vibrationsarme Lauf des Schleifers sorgen zudem f\u00fcr hohen Arbeitskomfort.<\/p>\n<p><b>\u00bb Robuster und zuverl\u00e4ssiger Band-&amp; Tellerschleifer<\/b><br \/><b>\u00bb F\u00fcr Schleifarbeiten mit H\u00f6lzern aller Art geeignet<\/b><br \/><b>\u00bb Horizontales und vertikales Schleifen m\u00f6glich<\/b><br \/><b>\u00bb Schleiftisch mittels Gehrungsskala stufenlos verstellbar<\/b><br \/><b>\u00bb Queranschlag f\u00fcr sichere Werkst\u00fcckf\u00fchrung<\/b><br \/><b>\u00bb Integrierte Staubabsaugung f\u00fcr sauberes Arbeiten<\/b><br \/><b>\u00bb Inklusive Schleifband und selbstklebender Schleifscheibe<\/b><\/p>\n<p><b>Technische Daten<\/b><br \/>&#8211; <b>Netzanschluss<\/b>: 230 Volt \/ 50 Hz<br \/>&#8211; <b>Nennleistung<\/b>: 350 Watt<br \/>&#8211; <b>Geschwindigkeit<\/b>: 282 m\/min (Band)<br \/> 1450 U\/min (Teller)<br \/>&#8211; <b>Abmessungen Schleifband<\/b>: 915 x 100 mm<br \/>&#8211; <b>Durchmesser Schleifteller<\/b>: 150 mm<br \/>&#8211; <b>Schwenkbereich Arbeitstisch<\/b>: 0\u00b0 bis 45\u00b0 schwenkbar (Teller)<br \/> 0\u00b0 bis 90\u00b0 schwenkbar (Band)<br \/>&#8211; <b>Abmessungen<\/b>: 500 x 300 x 260 mm<br \/>&#8211; <b>Gewicht<\/b>: ca. 17 kg<\/p>\n<p><b>Lieferumfang<\/b><br \/>1 St\u00fcck <b>Band- und Tellerschleifer (komplett)<\/b> <\/p>\n<p>Horizontales und vertikales Schleifen m\u00f6glich<br \/>\nNennleistung 350 Watt<br \/>\nDurchmesser Schleifteller 150 mm<br \/>\n<div class=\"main-cross-sell\" data-asin=\"B07HHCQRH7\">\n\n\t<div class=\"WooZone-cross-sell-loader\">\n\t\t<div>\n\t\t\t<div id=\"floatingBarsG\">\n\t\t\t\t<div class=\"blockG\" id=\"rotateG_01\"><\/div>\n\t\t\t\t<div class=\"blockG\" id=\"rotateG_02\"><\/div>\n\t\t\t\t<div class=\"blockG\" id=\"rotateG_03\"><\/div>\n\t\t\t\t<div class=\"blockG\" id=\"rotateG_04\"><\/div>\n\t\t\t\t<div class=\"blockG\" id=\"rotateG_05\"><\/div>\n\t\t\t\t<div class=\"blockG\" id=\"rotateG_06\"><\/div>\n\t\t\t\t<div class=\"blockG\" id=\"rotateG_07\"><\/div>\n\t\t\t\t<div class=\"blockG\" id=\"rotateG_08\"><\/div>\n\t\t\t<\/div>\n\t\t\t<div class=\"WooZone-cross-sell-loader-text\"><\/div>\n\t\t<\/div>\n\t<\/div>\n\n\t\t\n<\/div>\n<div style=\"clear:both;\"><\/div>\n","protected":false},"excerpt":{"rendered":"<p>Horizontales und vertikales Schleifen m\u00f6glich<br \/>\nNennleistung 350 Watt<br \/>\nDurchmesser Schleifteller 150 mm<\/p>\n","protected":false},"featured_media":15334,"comment_status":"open","ping_status":"closed","template":"","meta":[],"product_cat":[109,121],"product_tag":[],"class_list":{"0":"post-15333","1":"product","2":"type-product","3":"status-publish","4":"has-post-thumbnail","6":"product_cat-schleifen-und-trennen","7":"product_cat-schleifmaschinen","8":"pa_brand-berlan","11":"first","12":"instock","13":"shipping-taxable","14":"product-type-external"},"_links":{"self":[{"href":"https:\/\/werkzeuge-aller-art.com\/index.php?rest_route=\/wp\/v2\/product\/15333","targetHints":{"allow":["GET"]}}],"collection":[{"href":"https:\/\/werkzeuge-aller-art.com\/index.php?rest_route=\/wp\/v2\/product"}],"about":[{"href":"https:\/\/werkzeuge-aller-art.com\/index.php?rest_route=\/wp\/v2\/types\/product"}],"replies":[{"embeddable":true,"href":"https:\/\/werkzeuge-aller-art.com\/index.php?rest_route=%2Fwp%2Fv2%2Fcomments&post=15333"}],"wp:featuredmedia":[{"embeddable":true,"href":"https:\/\/werkzeuge-aller-art.com\/index.php?rest_route=\/wp\/v2\/media\/15334"}],"wp:attachment":[{"href":"https:\/\/werkzeuge-aller-art.com\/index.php?rest_route=%2Fwp%2Fv2%2Fmedia&parent=15333"}],"wp:term":[{"taxonomy":"product_cat","embeddable":true,"href":"https:\/\/werkzeuge-aller-art.com\/index.php?rest_route=%2Fwp%2Fv2%2Fproduct_cat&post=15333"},{"taxonomy":"product_tag","embeddable":true,"href":"https:\/\/werkzeuge-aller-art.com\/index.php?rest_route=%2Fwp%2Fv2%2Fproduct_tag&post=15333"}],"curies":[{"name":"wp","href":"https:\/\/api.w.org\/{rel}","templated":true}]}}