{"id":15331,"date":"2020-03-08T01:19:14","date_gmt":"2020-03-08T00:19:14","guid":{"rendered":"https:\/\/werkzeuge-aller-art.com\/?product=dick-lamellenschleifmaschine-sm-90-schleifgeraet-lamellenschleifer-messerschleifer"},"modified":"2023-04-08T05:59:08","modified_gmt":"2023-04-08T03:59:08","slug":"dick-lamellenschleifmaschine-sm-90-schleifgeraet-lamellenschleifer-messerschleifer","status":"publish","type":"product","link":"https:\/\/werkzeuge-aller-art.com\/?product=dick-lamellenschleifmaschine-sm-90-schleifgeraet-lamellenschleifer-messerschleifer","title":{"rendered":"F. DICK Lamellenschleifmaschine SM-90 (Lammellenschleifer f\u00fcr Messer, Balliger Schliff, Filzpolierscheibe zum Abziehen\u2026"},"content":{"rendered":"<p>Die effiziente Lamellenschleifmaschine ist mit zwei Funktionen, zum k\u00fchlen Schleifen und Polieren der gesamten Klingenl\u00e4nge bis zum Griff Ihrer hochwertigen Messer und Schneidwerkzeuge ausgestattet<br \/>\nDer Standschleifer mit vibrationsarmen 370W-Antriebsmotor und Luftk\u00fchlung ist platzsparend durch die kompakte Bauweise und sorgt mit der ger\u00e4uscharmen hohen Schleifleistung f\u00fcr optimale Sch\u00e4rfe<br \/>\nDas 2-in-1 Messerschleifer-Set bietet zu jeder Zeit die beste Sch\u00e4rfe f\u00fcr alle Klingenarten und Maschinenmesser, wie Handmesser,Kreuzmesser,Kreismesser,Basismesser,Kuttermesser und Lochscheiben<br \/>\nDie kleine Polier-Schleifmaschine steht stabil auf einem Sockel, rutschfester Stand durch Gummi-Standf\u00fc\u00dfe und die Kennzeichnung der Drehrichtung zur Orientierung machen sicheres Arbeiten m\u00f6glich<br \/>\nDer Elektro-Schleifer mit Polierstation ist einfach zu bedienen, sorgt durch den leicht-balligen materialschonenden Anschliff schnell f\u00fcr konvexe scharfe Messer, auch bekannt als Solinger-Schliff<br \/>\n<div class=\"main-cross-sell\" data-asin=\"B01AFU5EK0\">\n\n\t<div class=\"WooZone-cross-sell-loader\">\n\t\t<div>\n\t\t\t<div id=\"floatingBarsG\">\n\t\t\t\t<div class=\"blockG\" id=\"rotateG_01\"><\/div>\n\t\t\t\t<div class=\"blockG\" id=\"rotateG_02\"><\/div>\n\t\t\t\t<div class=\"blockG\" id=\"rotateG_03\"><\/div>\n\t\t\t\t<div class=\"blockG\" id=\"rotateG_04\"><\/div>\n\t\t\t\t<div class=\"blockG\" id=\"rotateG_05\"><\/div>\n\t\t\t\t<div class=\"blockG\" id=\"rotateG_06\"><\/div>\n\t\t\t\t<div class=\"blockG\" id=\"rotateG_07\"><\/div>\n\t\t\t\t<div class=\"blockG\" id=\"rotateG_08\"><\/div>\n\t\t\t<\/div>\n\t\t\t<div class=\"WooZone-cross-sell-loader-text\"><\/div>\n\t\t<\/div>\n\t<\/div>\n\n\t\t\n<\/div>\n<div style=\"clear:both;\"><\/div>\n","protected":false},"excerpt":{"rendered":"<p>Die effiziente Lamellenschleifmaschine ist mit zwei Funktionen, zum k\u00fchlen Schleifen und Polieren der gesamten Klingenl\u00e4nge bis zum Griff Ihrer hochwertigen Messer und Schneidwerkzeuge ausgestattet<br \/>\nDer Standschleifer mit vibrationsarmen 370W-Antriebsmotor und Luftk\u00fchlung ist platzsparend durch die kompakte Bauweise und sorgt mit der ger\u00e4uscharmen hohen Schleifleistung f\u00fcr optimale Sch\u00e4rfe<br \/>\nDas 2-in-1 Messerschleifer-Set bietet zu jeder Zeit die beste Sch\u00e4rfe f\u00fcr alle Klingenarten und Maschinenmesser, wie Handmesser,Kreuzmesser,Kreismesser,Basismesser,Kuttermesser und Lochscheiben<\/p>\n","protected":false},"featured_media":15332,"comment_status":"open","ping_status":"closed","template":"","meta":[],"product_cat":[109,121],"product_tag":[],"class_list":{"0":"post-15331","1":"product","2":"type-product","3":"status-publish","4":"has-post-thumbnail","6":"product_cat-schleifen-und-trennen","7":"product_cat-schleifmaschinen","8":"pa_brand-dick","11":"first","12":"instock","13":"shipping-taxable","14":"product-type-external"},"_links":{"self":[{"href":"https:\/\/werkzeuge-aller-art.com\/index.php?rest_route=\/wp\/v2\/product\/15331","targetHints":{"allow":["GET"]}}],"collection":[{"href":"https:\/\/werkzeuge-aller-art.com\/index.php?rest_route=\/wp\/v2\/product"}],"about":[{"href":"https:\/\/werkzeuge-aller-art.com\/index.php?rest_route=\/wp\/v2\/types\/product"}],"replies":[{"embeddable":true,"href":"https:\/\/werkzeuge-aller-art.com\/index.php?rest_route=%2Fwp%2Fv2%2Fcomments&post=15331"}],"wp:featuredmedia":[{"embeddable":true,"href":"https:\/\/werkzeuge-aller-art.com\/index.php?rest_route=\/wp\/v2\/media\/15332"}],"wp:attachment":[{"href":"https:\/\/werkzeuge-aller-art.com\/index.php?rest_route=%2Fwp%2Fv2%2Fmedia&parent=15331"}],"wp:term":[{"taxonomy":"product_cat","embeddable":true,"href":"https:\/\/werkzeuge-aller-art.com\/index.php?rest_route=%2Fwp%2Fv2%2Fproduct_cat&post=15331"},{"taxonomy":"product_tag","embeddable":true,"href":"https:\/\/werkzeuge-aller-art.com\/index.php?rest_route=%2Fwp%2Fv2%2Fproduct_tag&post=15331"}],"curies":[{"name":"wp","href":"https:\/\/api.w.org\/{rel}","templated":true}]}}