{"id":15255,"date":"2020-03-08T01:15:40","date_gmt":"2020-03-08T00:15:40","guid":{"rendered":"https:\/\/werkzeuge-aller-art.com\/?product=makita-bo3711-schwingschleifer-93-x-228-mm"},"modified":"2023-04-08T05:59:07","modified_gmt":"2023-04-08T03:59:07","slug":"makita-bo3711-schwingschleifer-93-x-228-mm","status":"publish","type":"product","link":"https:\/\/werkzeuge-aller-art.com\/?product=makita-bo3711-schwingschleifer-93-x-228-mm","title":{"rendered":"Makita BO3711 Schwingschleifer 93 x 228 mm"},"content":{"rendered":"<div id='gallery-1' class='gallery galleryid-15255 gallery-columns-3 gallery-size-full'><dl class='gallery-item'>\r\n\t<dt class='gallery-icon landscape'>\r\n\t<a rel='gallery-nr'><img loading=\"lazy\" decoding=\"async\" width=\"500\" height=\"500\" src=\"https:\/\/images-na.ssl-images-amazon.com\/images\/I\/41hHpEfGgaL.jpg\" class=\"attachment-full size-full\" alt=\"\" srcset=\"https:\/\/images-na.ssl-images-amazon.com\/images\/I\/41hHpEfGgaL.jpg 500w, https:\/\/images-na.ssl-images-amazon.com\/images\/I\/41hHpEfGgaL._SS150_.jpg 150w, https:\/\/images-na.ssl-images-amazon.com\/images\/I\/41hHpEfGgaL._SS300_.jpg 300w, https:\/\/images-na.ssl-images-amazon.com\/images\/I\/41hHpEfGgaL._SS768_.jpg 768w, https:\/\/images-na.ssl-images-amazon.com\/images\/I\/41hHpEfGgaL._SS1024_.jpg 1024w, https:\/\/images-na.ssl-images-amazon.com\/images\/I\/41hHpEfGgaL._SS1536_.jpg 1536w, https:\/\/images-na.ssl-images-amazon.com\/images\/I\/41hHpEfGgaL._SS2048_.jpg 2048w, https:\/\/images-na.ssl-images-amazon.com\/images\/I\/41hHpEfGgaL._SS145_.jpg 145w, https:\/\/images-na.ssl-images-amazon.com\/images\/I\/41hHpEfGgaL._SS1400_.jpg 1400w, https:\/\/images-na.ssl-images-amazon.com\/images\/I\/41hHpEfGgaL._SS50_.jpg 50w, https:\/\/images-na.ssl-images-amazon.com\/images\/I\/41hHpEfGgaL._SS604_.jpg 604w, https:\/\/images-na.ssl-images-amazon.com\/images\/I\/41hHpEfGgaL._SS262_.jpg 262w, https:\/\/images-na.ssl-images-amazon.com\/images\/I\/41hHpEfGgaL._SS600_.jpg 600w, https:\/\/images-na.ssl-images-amazon.com\/images\/I\/41hHpEfGgaL._SS100_.jpg 100w\" sizes=\"auto, (max-width: 500px) 100vw, 500px\" \/><\/a>\r\n\t<\/dt>\r\n\t<dd class='wp-caption-text gallery-caption'>\r\n\t<div class='gallery-caption-inner'> <div class='wp-caption-text gallery-title'>\r\n\tMakita-BO3711-Schwingschleifer-93-x-228-mm\r\n\t<\/div><div class='wp-caption-text gallery-zoom no-text'>\r\n\t\t<a href=https:\/\/werkzeuge-aller-art.com\/?attachment_id=15256 title='Click to view Full Image' class='icon mustang-gallery'><i class='fa fa-plus'><\/i><\/a>\r\n\t\t<\/div><div class='wp-caption-text gallery-redirect'>\r\n\t\t<a href=https:\/\/werkzeuge-aller-art.com\/?attachment_id=15256 title='Click to view read more' class='icon readmore'><i class='fa fa-link'><\/i><\/a>\r\n\t\t<\/div><\/div><\/dd><\/dl><dl class='gallery-item'>\r\n\t<dt class='gallery-icon landscape'>\r\n\t<a rel='gallery-nr'><img loading=\"lazy\" decoding=\"async\" width=\"500\" height=\"500\" src=\"https:\/\/images-na.ssl-images-amazon.com\/images\/I\/518vU%2BufgCL.jpg\" class=\"attachment-full size-full\" alt=\"\" srcset=\"https:\/\/images-na.ssl-images-amazon.com\/images\/I\/518vU%2BufgCL.jpg 500w, https:\/\/images-na.ssl-images-amazon.com\/images\/I\/518vU%2BufgCL._SS150_.jpg 150w, https:\/\/images-na.ssl-images-amazon.com\/images\/I\/518vU%2BufgCL._SS300_.jpg 300w, https:\/\/images-na.ssl-images-amazon.com\/images\/I\/518vU%2BufgCL._SS768_.jpg 768w, https:\/\/images-na.ssl-images-amazon.com\/images\/I\/518vU%2BufgCL._SS1024_.jpg 1024w, https:\/\/images-na.ssl-images-amazon.com\/images\/I\/518vU%2BufgCL._SS1536_.jpg 1536w, https:\/\/images-na.ssl-images-amazon.com\/images\/I\/518vU%2BufgCL._SS2048_.jpg 2048w, https:\/\/images-na.ssl-images-amazon.com\/images\/I\/518vU%2BufgCL._SS145_.jpg 145w, https:\/\/images-na.ssl-images-amazon.com\/images\/I\/518vU%2BufgCL._SS1400_.jpg 1400w, https:\/\/images-na.ssl-images-amazon.com\/images\/I\/518vU%2BufgCL._SS50_.jpg 50w, https:\/\/images-na.ssl-images-amazon.com\/images\/I\/518vU%2BufgCL._SS604_.jpg 604w, https:\/\/images-na.ssl-images-amazon.com\/images\/I\/518vU%2BufgCL._SS262_.jpg 262w, https:\/\/images-na.ssl-images-amazon.com\/images\/I\/518vU%2BufgCL._SS600_.jpg 600w, https:\/\/images-na.ssl-images-amazon.com\/images\/I\/518vU%2BufgCL._SS100_.jpg 100w\" sizes=\"auto, (max-width: 500px) 100vw, 500px\" \/><\/a>\r\n\t<\/dt>\r\n\t<dd class='wp-caption-text gallery-caption'>\r\n\t<div class='gallery-caption-inner'> <div class='wp-caption-text gallery-title'>\r\n\tMakita-BO3711-Schwingschleifer-93-x-228-mm\r\n\t<\/div><div class='wp-caption-text gallery-zoom no-text'>\r\n\t\t<a href=https:\/\/werkzeuge-aller-art.com\/?attachment_id=15257 title='Click to view Full Image' class='icon mustang-gallery'><i class='fa fa-plus'><\/i><\/a>\r\n\t\t<\/div><div class='wp-caption-text gallery-redirect'>\r\n\t\t<a href=https:\/\/werkzeuge-aller-art.com\/?attachment_id=15257 title='Click to view read more' class='icon readmore'><i class='fa fa-link'><\/i><\/a>\r\n\t\t<\/div><\/div><\/dd><\/dl>\r\n<\/div>\n<br \/>\n<!-- show up to 2 reviews by default --> <\/p>\n<p>Elektronische Drehzahlvorwahl Bequemer Papierwechsel \u00fcber Spannhebel Verst\u00e4rkte Aluminium-Grundplatte Anti-Vibrations-System f\u00fcr erm\u00fcdungsfreies Arbeiten Staubabsaugung durch die Grundplatte Mitgeliefertes Zubeh\u00f6r: Staubbox Papierfilter Schleifpapier-Set Schleifplatte <\/p>\n<p>Elektronische Drehzahlvorwahl,Papiergr\u00f6\u00dfe :93 x 228 mm,Schleiffl\u00e4che :93 x 185 mm<br \/>\nBequemer Papierwechsel \u00fcber Spannhebel<br \/>\nVerst\u00e4rkte Aluminium-Grundplatte<br \/>\nAnti-Vibrations-System f\u00fcr erm\u00fcdungsfreies Arbeiten<br \/>\nStaubabsaugung durch die Grundplatte; Leistungsaufnahme: 190W bei 220V<br \/>\n<div class=\"main-cross-sell\" data-asin=\"B002T9VRX4\">\n\n\t<div class=\"WooZone-cross-sell-loader\">\n\t\t<div>\n\t\t\t<div id=\"floatingBarsG\">\n\t\t\t\t<div class=\"blockG\" id=\"rotateG_01\"><\/div>\n\t\t\t\t<div class=\"blockG\" id=\"rotateG_02\"><\/div>\n\t\t\t\t<div class=\"blockG\" id=\"rotateG_03\"><\/div>\n\t\t\t\t<div class=\"blockG\" id=\"rotateG_04\"><\/div>\n\t\t\t\t<div class=\"blockG\" id=\"rotateG_05\"><\/div>\n\t\t\t\t<div class=\"blockG\" id=\"rotateG_06\"><\/div>\n\t\t\t\t<div class=\"blockG\" id=\"rotateG_07\"><\/div>\n\t\t\t\t<div class=\"blockG\" id=\"rotateG_08\"><\/div>\n\t\t\t<\/div>\n\t\t\t<div class=\"WooZone-cross-sell-loader-text\"><\/div>\n\t\t<\/div>\n\t<\/div>\n\n\t\t\n<\/div>\n<div style=\"clear:both;\"><\/div>\n","protected":false},"excerpt":{"rendered":"<p>Elektronische Drehzahlvorwahl,Papiergr\u00f6\u00dfe :93 x 228 mm,Schleiffl\u00e4che :93 x 185 mm<br \/>\nBequemer Papierwechsel \u00fcber Spannhebel<br \/>\nVerst\u00e4rkte Aluminium-Grundplatte<\/p>\n","protected":false},"featured_media":15256,"comment_status":"open","ping_status":"closed","template":"","meta":[],"product_cat":[109,121],"product_tag":[],"class_list":{"0":"post-15255","1":"product","2":"type-product","3":"status-publish","4":"has-post-thumbnail","6":"product_cat-schleifen-und-trennen","7":"product_cat-schleifmaschinen","8":"pa_brand-makita","11":"first","12":"instock","13":"shipping-taxable","14":"product-type-external"},"_links":{"self":[{"href":"https:\/\/werkzeuge-aller-art.com\/index.php?rest_route=\/wp\/v2\/product\/15255","targetHints":{"allow":["GET"]}}],"collection":[{"href":"https:\/\/werkzeuge-aller-art.com\/index.php?rest_route=\/wp\/v2\/product"}],"about":[{"href":"https:\/\/werkzeuge-aller-art.com\/index.php?rest_route=\/wp\/v2\/types\/product"}],"replies":[{"embeddable":true,"href":"https:\/\/werkzeuge-aller-art.com\/index.php?rest_route=%2Fwp%2Fv2%2Fcomments&post=15255"}],"wp:featuredmedia":[{"embeddable":true,"href":"https:\/\/werkzeuge-aller-art.com\/index.php?rest_route=\/wp\/v2\/media\/15256"}],"wp:attachment":[{"href":"https:\/\/werkzeuge-aller-art.com\/index.php?rest_route=%2Fwp%2Fv2%2Fmedia&parent=15255"}],"wp:term":[{"taxonomy":"product_cat","embeddable":true,"href":"https:\/\/werkzeuge-aller-art.com\/index.php?rest_route=%2Fwp%2Fv2%2Fproduct_cat&post=15255"},{"taxonomy":"product_tag","embeddable":true,"href":"https:\/\/werkzeuge-aller-art.com\/index.php?rest_route=%2Fwp%2Fv2%2Fproduct_tag&post=15255"}],"curies":[{"name":"wp","href":"https:\/\/api.w.org\/{rel}","templated":true}]}}