{"id":15140,"date":"2020-03-08T01:10:19","date_gmt":"2020-03-08T00:10:19","guid":{"rendered":"https:\/\/werkzeuge-aller-art.com\/?product=makita-dga511z-winkelschleifer-180-v-ohne-akku-ohne-ladegeraet"},"modified":"2023-04-08T05:59:06","modified_gmt":"2023-04-08T03:59:06","slug":"makita-dga511z-winkelschleifer-180-v-ohne-akku-ohne-ladegeraet","status":"publish","type":"product","link":"https:\/\/werkzeuge-aller-art.com\/?product=makita-dga511z-winkelschleifer-180-v-ohne-akku-ohne-ladegeraet","title":{"rendered":"Makita DGA511Z Winkelschleifer 18 V (ohne Akku, ohne Ladeger\u00e4t), 50 W, Farbe, Size"},"content":{"rendered":"<div id='gallery-1' class='gallery galleryid-15140 gallery-columns-3 gallery-size-full'><dl class='gallery-item'>\r\n\t<dt class='gallery-icon landscape'>\r\n\t<a rel='gallery-nr'><img loading=\"lazy\" decoding=\"async\" width=\"500\" height=\"500\" src=\"https:\/\/images-na.ssl-images-amazon.com\/images\/I\/412sx-L2xKL.jpg\" class=\"attachment-full size-full\" alt=\"\" srcset=\"https:\/\/images-na.ssl-images-amazon.com\/images\/I\/412sx-L2xKL.jpg 500w, https:\/\/images-na.ssl-images-amazon.com\/images\/I\/412sx-L2xKL._SS150_.jpg 150w, https:\/\/images-na.ssl-images-amazon.com\/images\/I\/412sx-L2xKL._SS300_.jpg 300w, https:\/\/images-na.ssl-images-amazon.com\/images\/I\/412sx-L2xKL._SS768_.jpg 768w, https:\/\/images-na.ssl-images-amazon.com\/images\/I\/412sx-L2xKL._SS1024_.jpg 1024w, https:\/\/images-na.ssl-images-amazon.com\/images\/I\/412sx-L2xKL._SS1536_.jpg 1536w, https:\/\/images-na.ssl-images-amazon.com\/images\/I\/412sx-L2xKL._SS2048_.jpg 2048w, https:\/\/images-na.ssl-images-amazon.com\/images\/I\/412sx-L2xKL._SS145_.jpg 145w, https:\/\/images-na.ssl-images-amazon.com\/images\/I\/412sx-L2xKL._SS1400_.jpg 1400w, https:\/\/images-na.ssl-images-amazon.com\/images\/I\/412sx-L2xKL._SS50_.jpg 50w, https:\/\/images-na.ssl-images-amazon.com\/images\/I\/412sx-L2xKL._SS604_.jpg 604w, https:\/\/images-na.ssl-images-amazon.com\/images\/I\/412sx-L2xKL._SS262_.jpg 262w, https:\/\/images-na.ssl-images-amazon.com\/images\/I\/412sx-L2xKL._SS600_.jpg 600w, https:\/\/images-na.ssl-images-amazon.com\/images\/I\/412sx-L2xKL._SS100_.jpg 100w\" sizes=\"auto, (max-width: 500px) 100vw, 500px\" \/><\/a>\r\n\t<\/dt>\r\n\t<dd class='wp-caption-text gallery-caption'>\r\n\t<div class='gallery-caption-inner'> <div class='wp-caption-text gallery-title'>\r\n\tMakita-DGA511Z-Winkelschleifer-180-V-ohne-Akku-ohne-Ladegert\r\n\t<\/div><div class='wp-caption-text gallery-zoom no-text'>\r\n\t\t<a href=https:\/\/werkzeuge-aller-art.com\/?attachment_id=15141 title='Click to view Full Image' class='icon mustang-gallery'><i class='fa fa-plus'><\/i><\/a>\r\n\t\t<\/div><div class='wp-caption-text gallery-redirect'>\r\n\t\t<a href=https:\/\/werkzeuge-aller-art.com\/?attachment_id=15141 title='Click to view read more' class='icon readmore'><i class='fa fa-link'><\/i><\/a>\r\n\t\t<\/div><\/div><\/dd><\/dl><dl class='gallery-item'>\r\n\t<dt class='gallery-icon landscape'>\r\n\t<a rel='gallery-nr'><img loading=\"lazy\" decoding=\"async\" width=\"500\" height=\"500\" src=\"https:\/\/images-na.ssl-images-amazon.com\/images\/I\/31L9Ci6M7xL.jpg\" class=\"attachment-full size-full\" alt=\"\" srcset=\"https:\/\/images-na.ssl-images-amazon.com\/images\/I\/31L9Ci6M7xL.jpg 500w, https:\/\/images-na.ssl-images-amazon.com\/images\/I\/31L9Ci6M7xL._SS150_.jpg 150w, https:\/\/images-na.ssl-images-amazon.com\/images\/I\/31L9Ci6M7xL._SS300_.jpg 300w, https:\/\/images-na.ssl-images-amazon.com\/images\/I\/31L9Ci6M7xL._SS768_.jpg 768w, https:\/\/images-na.ssl-images-amazon.com\/images\/I\/31L9Ci6M7xL._SS1024_.jpg 1024w, https:\/\/images-na.ssl-images-amazon.com\/images\/I\/31L9Ci6M7xL._SS1536_.jpg 1536w, https:\/\/images-na.ssl-images-amazon.com\/images\/I\/31L9Ci6M7xL._SS2048_.jpg 2048w, https:\/\/images-na.ssl-images-amazon.com\/images\/I\/31L9Ci6M7xL._SS145_.jpg 145w, https:\/\/images-na.ssl-images-amazon.com\/images\/I\/31L9Ci6M7xL._SS1400_.jpg 1400w, https:\/\/images-na.ssl-images-amazon.com\/images\/I\/31L9Ci6M7xL._SS50_.jpg 50w, https:\/\/images-na.ssl-images-amazon.com\/images\/I\/31L9Ci6M7xL._SS604_.jpg 604w, https:\/\/images-na.ssl-images-amazon.com\/images\/I\/31L9Ci6M7xL._SS262_.jpg 262w, https:\/\/images-na.ssl-images-amazon.com\/images\/I\/31L9Ci6M7xL._SS600_.jpg 600w, https:\/\/images-na.ssl-images-amazon.com\/images\/I\/31L9Ci6M7xL._SS100_.jpg 100w\" sizes=\"auto, (max-width: 500px) 100vw, 500px\" \/><\/a>\r\n\t<\/dt>\r\n\t<dd class='wp-caption-text gallery-caption'>\r\n\t<div class='gallery-caption-inner'> <div class='wp-caption-text gallery-title'>\r\n\tMakita-DGA511Z-Winkelschleifer-180-V-ohne-Akku-ohne-Ladegert\r\n\t<\/div><div class='wp-caption-text gallery-zoom no-text'>\r\n\t\t<a href=https:\/\/werkzeuge-aller-art.com\/?attachment_id=15142 title='Click to view Full Image' class='icon mustang-gallery'><i class='fa fa-plus'><\/i><\/a>\r\n\t\t<\/div><div class='wp-caption-text gallery-redirect'>\r\n\t\t<a href=https:\/\/werkzeuge-aller-art.com\/?attachment_id=15142 title='Click to view read more' class='icon readmore'><i class='fa fa-link'><\/i><\/a>\r\n\t\t<\/div><\/div><\/dd><\/dl>\r\n<\/div>\n<br \/>\n<!-- show up to 2 reviews by default --> <\/p>\n<p>Akku-Winkelschleifer 18V\/ 125 mm; Lieferung im Karton ohne Akku, ohne Ladeger\u00e4t, ohne Koffer; Sehr handlicher Winkelschleifer mit 18 V-Antrieb; LED warnt vor nachlassender Akkuspannung und \u00dcberlastung; B\u00fcrstenloser Motor f\u00fcr mehr Ausdauer, l\u00e4ngere Lebensdauer und kompaktere Bauweise; Elektronisch regelbare Drehzahl; Mit Sanftanlauf; XPT &#8211; Xtreme Protect Technology. Optimaler Schutz gegen Staub und Spritzwasser auch unter harten Bedingungen; ADT Automatic torque Drive Technology. W\u00e4hrend des Betriebs wird die Drehzahl automatisch reguliert, um je nach Anforderung eine optimale Leistung zu erzielen; AFT (Active Feedback sensing Technology) stoppt den Motor bei Blockieren des Werkzeugs; Technische Daten: Schleifscheibendurchmesser &#8211; 125 mm; Bohrung &#8211; 22, 23 mm; Leerlaufdrehzahl &#8211; 3.000-8.500 min-1; Akkuspannung &#8211; 18 V; Ma\u00dfe (LxBxH) mm &#8211; 382x140x145; Gewicht &#8211; (inkl. BL1860B) 3, 0 kg; Lieferumfang: 1x Seitengriff 36 Antivibration; 1x Schutzhaube 125 mm werkzeuglos; 1x Spannflansch; 1x Flanschmutter; 1x Stirnlochschl\u00fcssel 35mm; 1x Schruppscheibe 125mm 6mm INOX <\/p>\n<p>B\u00fcrstenloser Motor f\u00fcr mehr Ausdauer, l\u00e4ngere Lebensdauer und kompaktere Bauweise<br \/>\nLED warnt vor nachlassender Akkuspannung und \u00dcberlastung<br \/>\nSehr handlicher Winkelschleifer mit 18 V-Antrieb<br \/>\nElektronisch regelbare Drehzahl<br \/>\nMit Sanftanlauf<br \/>\n<div class=\"main-cross-sell\" data-asin=\"B079QF54JP\">\n\n\t<div class=\"WooZone-cross-sell-loader\">\n\t\t<div>\n\t\t\t<div id=\"floatingBarsG\">\n\t\t\t\t<div class=\"blockG\" id=\"rotateG_01\"><\/div>\n\t\t\t\t<div class=\"blockG\" id=\"rotateG_02\"><\/div>\n\t\t\t\t<div class=\"blockG\" id=\"rotateG_03\"><\/div>\n\t\t\t\t<div class=\"blockG\" id=\"rotateG_04\"><\/div>\n\t\t\t\t<div class=\"blockG\" id=\"rotateG_05\"><\/div>\n\t\t\t\t<div class=\"blockG\" id=\"rotateG_06\"><\/div>\n\t\t\t\t<div class=\"blockG\" id=\"rotateG_07\"><\/div>\n\t\t\t\t<div class=\"blockG\" id=\"rotateG_08\"><\/div>\n\t\t\t<\/div>\n\t\t\t<div class=\"WooZone-cross-sell-loader-text\"><\/div>\n\t\t<\/div>\n\t<\/div>\n\n\t\t\n<\/div>\n<div style=\"clear:both;\"><\/div>\n","protected":false},"excerpt":{"rendered":"<p>B\u00fcrstenloser Motor f\u00fcr mehr Ausdauer, l\u00e4ngere Lebensdauer und kompaktere Bauweise<br \/>\nLED warnt vor nachlassender Akkuspannung und \u00dcberlastung<br \/>\nSehr handlicher Winkelschleifer mit 18 V-Antrieb<\/p>\n","protected":false},"featured_media":15141,"comment_status":"open","ping_status":"closed","template":"","meta":[],"product_cat":[109,120],"product_tag":[],"class_list":{"0":"post-15140","1":"product","2":"type-product","3":"status-publish","4":"has-post-thumbnail","6":"product_cat-schleifen-und-trennen","7":"product_cat-trennschleifer","8":"pa_brand-makita","11":"first","12":"instock","13":"shipping-taxable","14":"product-type-external"},"_links":{"self":[{"href":"https:\/\/werkzeuge-aller-art.com\/index.php?rest_route=\/wp\/v2\/product\/15140","targetHints":{"allow":["GET"]}}],"collection":[{"href":"https:\/\/werkzeuge-aller-art.com\/index.php?rest_route=\/wp\/v2\/product"}],"about":[{"href":"https:\/\/werkzeuge-aller-art.com\/index.php?rest_route=\/wp\/v2\/types\/product"}],"replies":[{"embeddable":true,"href":"https:\/\/werkzeuge-aller-art.com\/index.php?rest_route=%2Fwp%2Fv2%2Fcomments&post=15140"}],"wp:featuredmedia":[{"embeddable":true,"href":"https:\/\/werkzeuge-aller-art.com\/index.php?rest_route=\/wp\/v2\/media\/15141"}],"wp:attachment":[{"href":"https:\/\/werkzeuge-aller-art.com\/index.php?rest_route=%2Fwp%2Fv2%2Fmedia&parent=15140"}],"wp:term":[{"taxonomy":"product_cat","embeddable":true,"href":"https:\/\/werkzeuge-aller-art.com\/index.php?rest_route=%2Fwp%2Fv2%2Fproduct_cat&post=15140"},{"taxonomy":"product_tag","embeddable":true,"href":"https:\/\/werkzeuge-aller-art.com\/index.php?rest_route=%2Fwp%2Fv2%2Fproduct_tag&post=15140"}],"curies":[{"name":"wp","href":"https:\/\/api.w.org\/{rel}","templated":true}]}}