{"id":15124,"date":"2020-03-08T01:10:02","date_gmt":"2020-03-08T00:10:02","guid":{"rendered":"https:\/\/werkzeuge-aller-art.com\/?product=makita-dga452z-akku-winkelschleifer-solo-18v-li-ion-nur-die-maschine"},"modified":"2023-04-08T05:59:05","modified_gmt":"2023-04-08T03:59:05","slug":"makita-dga452z-akku-winkelschleifer-solo-18v-li-ion-nur-die-maschine","status":"publish","type":"product","link":"https:\/\/werkzeuge-aller-art.com\/?product=makita-dga452z-akku-winkelschleifer-solo-18v-li-ion-nur-die-maschine","title":{"rendered":"Makita DGA452Z Akku Winkelschleifer Solo 18V Li-ION &#8211; nur die Maschine, Blau, Silber"},"content":{"rendered":"<div class=\"disclaim\"> Stil:<strong>BASIC<\/strong> <\/div>\n<p> <!-- show up to 2 reviews by default --> <\/p>\n<p>Makita DGA452Z Akku-WinkelschleiferProduktmerkmale: Lithium-Ionen-Akku mit computergest\u00fctzter Ladetechnologie Elektronischer Strombegrenzer mit Warnlampe erm\u00f6glicht eine konstante Anwendung w\u00e4hrend die Motorbelastung kontrolliert wird Anlaufsperre mit Warnlampe verhindert das Starten der Maschine wenn der Akku eingesetzt wird und schaltet ein wenn die Kapazit\u00e4t unterschritten ist Rutschfestes Motorgeh\u00e4use mit eingelegtem Gummipolster Ladezeit ca. 22 Minuten bei einem Lithium-Ionen-Akku mit 3, 0 Ah Lieferumfang1x DGA452Z Akku-Winkelschleifer 1x Schutzhaube (123098-1) 1x Seitengriff (153489-2) 1x Spannflansch (224415-9) 1x Flanschmutter (224554-5) 1x Stirnlochschl\u00fcssel (782423-1) 1x Schruppscheibe f\u00fcr Metall (A-80927) Lieferung ohne Koffer, Akku und Ladeger\u00e4t <\/p>\n<p>Anlaufsperre mit Warnlampe verhindert das Starten der Maschine wenn der Akku eingesetzt wird und schaltet ein wenn die Kapazit\u00e4t unterschritten ist.<br \/>\nKompaktes und leichtes Geh\u00e4use<br \/>\nSchleifscheibe (\u00d8) 115 mm<br \/>\n<div class=\"main-cross-sell\" data-asin=\"B00ISWYHHO\">\n\n\t<div class=\"WooZone-cross-sell-loader\">\n\t\t<div>\n\t\t\t<div id=\"floatingBarsG\">\n\t\t\t\t<div class=\"blockG\" id=\"rotateG_01\"><\/div>\n\t\t\t\t<div class=\"blockG\" id=\"rotateG_02\"><\/div>\n\t\t\t\t<div class=\"blockG\" id=\"rotateG_03\"><\/div>\n\t\t\t\t<div class=\"blockG\" id=\"rotateG_04\"><\/div>\n\t\t\t\t<div class=\"blockG\" id=\"rotateG_05\"><\/div>\n\t\t\t\t<div class=\"blockG\" id=\"rotateG_06\"><\/div>\n\t\t\t\t<div class=\"blockG\" id=\"rotateG_07\"><\/div>\n\t\t\t\t<div class=\"blockG\" id=\"rotateG_08\"><\/div>\n\t\t\t<\/div>\n\t\t\t<div class=\"WooZone-cross-sell-loader-text\"><\/div>\n\t\t<\/div>\n\t<\/div>\n\n\t\t\n<\/div>\n<div style=\"clear:both;\"><\/div>\n","protected":false},"excerpt":{"rendered":"<p>Anlaufsperre mit Warnlampe verhindert das Starten der Maschine wenn der Akku eingesetzt wird und schaltet ein wenn die Kapazit\u00e4t unterschritten ist.<br \/>\nKompaktes und leichtes Geh\u00e4use<br \/>\nSchleifscheibe (\u00d8) 115 mm<\/p>\n","protected":false},"featured_media":15125,"comment_status":"open","ping_status":"closed","template":"","meta":[],"product_cat":[109,120],"product_tag":[],"class_list":{"0":"post-15124","1":"product","2":"type-product","3":"status-publish","4":"has-post-thumbnail","6":"product_cat-schleifen-und-trennen","7":"product_cat-trennschleifer","8":"pa_brand-makita","11":"first","12":"instock","13":"shipping-taxable","14":"product-type-external"},"_links":{"self":[{"href":"https:\/\/werkzeuge-aller-art.com\/index.php?rest_route=\/wp\/v2\/product\/15124","targetHints":{"allow":["GET"]}}],"collection":[{"href":"https:\/\/werkzeuge-aller-art.com\/index.php?rest_route=\/wp\/v2\/product"}],"about":[{"href":"https:\/\/werkzeuge-aller-art.com\/index.php?rest_route=\/wp\/v2\/types\/product"}],"replies":[{"embeddable":true,"href":"https:\/\/werkzeuge-aller-art.com\/index.php?rest_route=%2Fwp%2Fv2%2Fcomments&post=15124"}],"wp:featuredmedia":[{"embeddable":true,"href":"https:\/\/werkzeuge-aller-art.com\/index.php?rest_route=\/wp\/v2\/media\/15125"}],"wp:attachment":[{"href":"https:\/\/werkzeuge-aller-art.com\/index.php?rest_route=%2Fwp%2Fv2%2Fmedia&parent=15124"}],"wp:term":[{"taxonomy":"product_cat","embeddable":true,"href":"https:\/\/werkzeuge-aller-art.com\/index.php?rest_route=%2Fwp%2Fv2%2Fproduct_cat&post=15124"},{"taxonomy":"product_tag","embeddable":true,"href":"https:\/\/werkzeuge-aller-art.com\/index.php?rest_route=%2Fwp%2Fv2%2Fproduct_tag&post=15124"}],"curies":[{"name":"wp","href":"https:\/\/api.w.org\/{rel}","templated":true}]}}