{"id":15078,"date":"2020-03-08T01:08:30","date_gmt":"2020-03-08T00:08:30","guid":{"rendered":"https:\/\/werkzeuge-aller-art.com\/?product=makita-dga517z-winkelschleifer-180-v-mit-paddleschalter-ohne-akku-ohne-ladegeraet-18-v-schwarz-blau"},"modified":"2023-04-10T06:32:19","modified_gmt":"2023-04-10T04:32:19","slug":"makita-dga517z-winkelschleifer-180-v-mit-paddleschalter-ohne-akku-ohne-ladegeraet-18-v-schwarz-blau","status":"publish","type":"product","link":"https:\/\/werkzeuge-aller-art.com\/?product=makita-dga517z-winkelschleifer-180-v-mit-paddleschalter-ohne-akku-ohne-ladegeraet-18-v-schwarz-blau","title":{"rendered":"Makita DGA517Z Akku-Winkelschleifer 18 V mit Paddleschalter (ohne Akku, ohne Ladeger\u00e4t), Bunt"},"content":{"rendered":"<p><!-- show up to 2 reviews by default --> <\/p>\n<p>Akku-Winkelschleifer 18V\/ 125 mm; Lieferung im Karton ohne Akku, ohne Ladeger\u00e4t, ohne Koffer; Sehr handlicher Winkelschleifer mit 18 V-Antrieb; LED warnt vor nachlassender Akkuspannung und \u00dcberlastung; B\u00fcrstenloser Motor f\u00fcr mehr Ausdauer, l\u00e4ngere Lebensdauer und kompaktere Bauweise; Elektronisch regelbare Drehzahl; Mit Sanftanlauf; Mit Motorbremse; Mit nicht auf Dauerbetrieb arretierbarem Paddelschalter; XPT &#8211; Xtreme Protect Technology. Optimaler Schutz gegen Staub und Spritzwasser auch unter harten Bedingungen; ADT Automatic torque Drive Technology. W\u00e4hrend des Betriebs wird die Drehzahl automatisch reguliert, um je nach Anforderung eine optimale Leistung zu erzielen; AFT (Active Feedback sensing Technology) stoppt den Motor bei Blockieren des Werkzeugs; Technische Daten: Schleifscheibendurchmesser &#8211; 125 mm; Bohrung &#8211; 22, 23 mm; Leerlaufdrehzahl &#8211; 3.000-8.500 min-1; Akkuspannung &#8211; 18 V; Ma\u00dfe (LxBxH) mm &#8211; 382x140x151; Gewicht &#8211; (inkl. BL1860B) 3, 1 kg; Lieferumfang: 1x Seitengriff 36 Antivibration; 1x Schutzhaube 125 mm werkzeuglos; 1x Spannflansch; 1x Flanschmutter; 1x Stirnlochschl\u00fcssel 35mm; 1x Schruppscheibe 125mm 6mm INOX <\/p>\n<p>AFT (Active Feedback sensing Technology) stoppt den Motor bei Blockieren des Werkzeugs<br \/>\nXPT &#8211; Xtreme Protect Technology. Optimaler Schutz gegen Staub und Spritzwasser auch unter harten Bedingungen<br \/>\nMit nicht auf Dauerbetrieb arretierbarem Paddelschalter<br \/>\nMit Sanftanlauf<br \/>\nB\u00fcrstenloser Motor f\u00fcr mehr Ausdauer, l\u00e4ngere Lebensdauer und kompaktere Bauweise<br \/>\n<div class=\"main-cross-sell\" data-asin=\"B079GWPRMS\">\n\n\t<div class=\"WooZone-cross-sell-loader\">\n\t\t<div>\n\t\t\t<div id=\"floatingBarsG\">\n\t\t\t\t<div class=\"blockG\" id=\"rotateG_01\"><\/div>\n\t\t\t\t<div class=\"blockG\" id=\"rotateG_02\"><\/div>\n\t\t\t\t<div class=\"blockG\" id=\"rotateG_03\"><\/div>\n\t\t\t\t<div class=\"blockG\" id=\"rotateG_04\"><\/div>\n\t\t\t\t<div class=\"blockG\" id=\"rotateG_05\"><\/div>\n\t\t\t\t<div class=\"blockG\" id=\"rotateG_06\"><\/div>\n\t\t\t\t<div class=\"blockG\" id=\"rotateG_07\"><\/div>\n\t\t\t\t<div class=\"blockG\" id=\"rotateG_08\"><\/div>\n\t\t\t<\/div>\n\t\t\t<div class=\"WooZone-cross-sell-loader-text\"><\/div>\n\t\t<\/div>\n\t<\/div>\n\n\t\t\n<\/div>\n<div style=\"clear:both;\"><\/div>\n","protected":false},"excerpt":{"rendered":"<p>AFT (Active Feedback sensing Technology) stoppt den Motor bei Blockieren des Werkzeugs<br \/>\nXPT &#8211; Xtreme Protect Technology. Optimaler Schutz gegen Staub und Spritzwasser auch unter harten Bedingungen<br \/>\nMit nicht auf Dauerbetrieb arretierbarem Paddelschalter<\/p>\n","protected":false},"featured_media":15079,"comment_status":"open","ping_status":"closed","template":"","meta":[],"product_cat":[109,120],"product_tag":[],"class_list":{"0":"post-15078","1":"product","2":"type-product","3":"status-publish","4":"has-post-thumbnail","6":"product_cat-schleifen-und-trennen","7":"product_cat-trennschleifer","8":"pa_brand-makita","11":"first","12":"instock","13":"shipping-taxable","14":"product-type-external"},"_links":{"self":[{"href":"https:\/\/werkzeuge-aller-art.com\/index.php?rest_route=\/wp\/v2\/product\/15078","targetHints":{"allow":["GET"]}}],"collection":[{"href":"https:\/\/werkzeuge-aller-art.com\/index.php?rest_route=\/wp\/v2\/product"}],"about":[{"href":"https:\/\/werkzeuge-aller-art.com\/index.php?rest_route=\/wp\/v2\/types\/product"}],"replies":[{"embeddable":true,"href":"https:\/\/werkzeuge-aller-art.com\/index.php?rest_route=%2Fwp%2Fv2%2Fcomments&post=15078"}],"wp:featuredmedia":[{"embeddable":true,"href":"https:\/\/werkzeuge-aller-art.com\/index.php?rest_route=\/wp\/v2\/media\/15079"}],"wp:attachment":[{"href":"https:\/\/werkzeuge-aller-art.com\/index.php?rest_route=%2Fwp%2Fv2%2Fmedia&parent=15078"}],"wp:term":[{"taxonomy":"product_cat","embeddable":true,"href":"https:\/\/werkzeuge-aller-art.com\/index.php?rest_route=%2Fwp%2Fv2%2Fproduct_cat&post=15078"},{"taxonomy":"product_tag","embeddable":true,"href":"https:\/\/werkzeuge-aller-art.com\/index.php?rest_route=%2Fwp%2Fv2%2Fproduct_tag&post=15078"}],"curies":[{"name":"wp","href":"https:\/\/api.w.org\/{rel}","templated":true}]}}