{"id":15064,"date":"2020-03-08T01:03:58","date_gmt":"2020-03-08T00:03:58","guid":{"rendered":"https:\/\/werkzeuge-aller-art.com\/?product=trennstaender-fuer-winkelschleifer-180-230-mm"},"modified":"2023-04-10T06:32:19","modified_gmt":"2023-04-10T04:32:19","slug":"trennstaender-fuer-winkelschleifer-180-230-mm","status":"publish","type":"product","link":"https:\/\/werkzeuge-aller-art.com\/?product=trennstaender-fuer-winkelschleifer-180-230-mm","title":{"rendered":"Trennst\u00e4nder f\u00fcr Winkelschleifer 180\/230 mm"},"content":{"rendered":"<div id='gallery-1' class='gallery galleryid-15064 gallery-columns-3 gallery-size-full'><dl class='gallery-item'>\r\n\t<dt class='gallery-icon landscape'>\r\n\t<a rel='gallery-nr'><img loading=\"lazy\" decoding=\"async\" width=\"500\" height=\"500\" src=\"https:\/\/images-na.ssl-images-amazon.com\/images\/I\/41D7KEwLHnL.jpg\" class=\"attachment-full size-full\" alt=\"\" srcset=\"https:\/\/images-na.ssl-images-amazon.com\/images\/I\/41D7KEwLHnL.jpg 500w, https:\/\/images-na.ssl-images-amazon.com\/images\/I\/41D7KEwLHnL._SS150_.jpg 150w, https:\/\/images-na.ssl-images-amazon.com\/images\/I\/41D7KEwLHnL._SS300_.jpg 300w, https:\/\/images-na.ssl-images-amazon.com\/images\/I\/41D7KEwLHnL._SS768_.jpg 768w, https:\/\/images-na.ssl-images-amazon.com\/images\/I\/41D7KEwLHnL._SS1024_.jpg 1024w, https:\/\/images-na.ssl-images-amazon.com\/images\/I\/41D7KEwLHnL._SS1536_.jpg 1536w, https:\/\/images-na.ssl-images-amazon.com\/images\/I\/41D7KEwLHnL._SS2048_.jpg 2048w, https:\/\/images-na.ssl-images-amazon.com\/images\/I\/41D7KEwLHnL._SS145_.jpg 145w, https:\/\/images-na.ssl-images-amazon.com\/images\/I\/41D7KEwLHnL._SS1400_.jpg 1400w, https:\/\/images-na.ssl-images-amazon.com\/images\/I\/41D7KEwLHnL._SS50_.jpg 50w, https:\/\/images-na.ssl-images-amazon.com\/images\/I\/41D7KEwLHnL._SS604_.jpg 604w, https:\/\/images-na.ssl-images-amazon.com\/images\/I\/41D7KEwLHnL._SS262_.jpg 262w, https:\/\/images-na.ssl-images-amazon.com\/images\/I\/41D7KEwLHnL._SS600_.jpg 600w, https:\/\/images-na.ssl-images-amazon.com\/images\/I\/41D7KEwLHnL._SS100_.jpg 100w\" sizes=\"auto, (max-width: 500px) 100vw, 500px\" \/><\/a>\r\n\t<\/dt>\r\n\t<dd class='wp-caption-text gallery-caption'>\r\n\t<div class='gallery-caption-inner'> <div class='wp-caption-text gallery-title'>\r\n\tTrennstnder-fr-Winkelschleifer-180230-mm\r\n\t<\/div><div class='wp-caption-text gallery-zoom no-text'>\r\n\t\t<a href=https:\/\/werkzeuge-aller-art.com\/?attachment_id=15065 title='Click to view Full Image' class='icon mustang-gallery'><i class='fa fa-plus'><\/i><\/a>\r\n\t\t<\/div><div class='wp-caption-text gallery-redirect'>\r\n\t\t<a href=https:\/\/werkzeuge-aller-art.com\/?attachment_id=15065 title='Click to view read more' class='icon readmore'><i class='fa fa-link'><\/i><\/a>\r\n\t\t<\/div><\/div><\/dd><\/dl><dl class='gallery-item'>\r\n\t<dt class='gallery-icon landscape'>\r\n\t<a rel='gallery-nr'><img loading=\"lazy\" decoding=\"async\" width=\"500\" height=\"500\" src=\"https:\/\/images-na.ssl-images-amazon.com\/images\/I\/21ZU3jCfuVL.jpg\" class=\"attachment-full size-full\" alt=\"\" srcset=\"https:\/\/images-na.ssl-images-amazon.com\/images\/I\/21ZU3jCfuVL.jpg 500w, https:\/\/images-na.ssl-images-amazon.com\/images\/I\/21ZU3jCfuVL._SS150_.jpg 150w, https:\/\/images-na.ssl-images-amazon.com\/images\/I\/21ZU3jCfuVL._SS300_.jpg 300w, https:\/\/images-na.ssl-images-amazon.com\/images\/I\/21ZU3jCfuVL._SS768_.jpg 768w, https:\/\/images-na.ssl-images-amazon.com\/images\/I\/21ZU3jCfuVL._SS1024_.jpg 1024w, https:\/\/images-na.ssl-images-amazon.com\/images\/I\/21ZU3jCfuVL._SS1536_.jpg 1536w, https:\/\/images-na.ssl-images-amazon.com\/images\/I\/21ZU3jCfuVL._SS2048_.jpg 2048w, https:\/\/images-na.ssl-images-amazon.com\/images\/I\/21ZU3jCfuVL._SS145_.jpg 145w, https:\/\/images-na.ssl-images-amazon.com\/images\/I\/21ZU3jCfuVL._SS1400_.jpg 1400w, https:\/\/images-na.ssl-images-amazon.com\/images\/I\/21ZU3jCfuVL._SS50_.jpg 50w, https:\/\/images-na.ssl-images-amazon.com\/images\/I\/21ZU3jCfuVL._SS604_.jpg 604w, https:\/\/images-na.ssl-images-amazon.com\/images\/I\/21ZU3jCfuVL._SS262_.jpg 262w, https:\/\/images-na.ssl-images-amazon.com\/images\/I\/21ZU3jCfuVL._SS600_.jpg 600w, https:\/\/images-na.ssl-images-amazon.com\/images\/I\/21ZU3jCfuVL._SS100_.jpg 100w\" sizes=\"auto, (max-width: 500px) 100vw, 500px\" \/><\/a>\r\n\t<\/dt>\r\n\t<dd class='wp-caption-text gallery-caption'>\r\n\t<div class='gallery-caption-inner'> <div class='wp-caption-text gallery-title'>\r\n\tTrennstnder-fr-Winkelschleifer-180230-mm\r\n\t<\/div><div class='wp-caption-text gallery-zoom no-text'>\r\n\t\t<a href=https:\/\/werkzeuge-aller-art.com\/?attachment_id=15066 title='Click to view Full Image' class='icon mustang-gallery'><i class='fa fa-plus'><\/i><\/a>\r\n\t\t<\/div><div class='wp-caption-text gallery-redirect'>\r\n\t\t<a href=https:\/\/werkzeuge-aller-art.com\/?attachment_id=15066 title='Click to view read more' class='icon readmore'><i class='fa fa-link'><\/i><\/a>\r\n\t\t<\/div><\/div><\/dd><\/dl>\r\n<\/div>\n<br \/>\n<!-- show up to 2 reviews by default --> <\/p>\n<p>Ideal f\u00fcr Pr\u00e4zisionsarbeitenKompatibel mit zahlreichen Winkelschleifern (siehe unten)Leichte MontageVielseitig einsetzbar<\/p>\n<\/p>\n<p>Feine Pr\u00e4zisionsarbeiten bilden meist den Abschluss eines Projektes. Hier muss alles bis auf den letzten Millimeter genau passen. Feine Arbeiten mit dem Winkelschneider mit blo\u00dfer Hand sind selten von Erfolg gekr\u00f6nt. <\/p>\n<\/p>\n<p>Als praktischer Helfer kommt der Trennst\u00e4nder f\u00fcr Winkelschleifer ins Spiel. Mit seiner Hilfe gelingen feine Pr\u00e4zisionsarbeiten im Handumdrehen. In der mitgelieferten Spannvorrichtung k\u00f6nnen Sie Ihre Werkstoffe f\u00fcr den Trennvorgang sicher fixieren. Nun k\u00f6nnen Sie auf den Millimeter genau und pr\u00e4zise die Werkstoffe zuschneiden. <\/p>\n<\/p>\n<p>Der Trennst\u00e4nder f\u00fcr Winkelschleifer ist kompatibel mit den meisten Einhand-Winkelschleifern, deren Trennscheiben zwischen 180 mm und 230 mm rangieren. Zudem m\u00fcssen die Griffanschl\u00fcsse entweder M10, M12 oder M14 Innengewinde aufweisen.<\/p>\n<\/p>\n<p>Hier ist eine kleine Auswahl an Herstellern, die optimal zum Trennst\u00e4nder f\u00fcr Winkelschleifer passen: <\/p>\n<\/p>\n<p>WestfaliaMakitaSkilAEGBoschMetaboFlexB&amp;D<\/p>\n<p>F\u00fcr einen sicheren Versand wird der Trennst\u00e4nder f\u00fcr Winkelschleifer in Einzelteilen versendet. Der Zusammenbau ist anhand der Bedienungsanleitung sehr gut und leicht verst\u00e4ndlich abgebildet.<\/p>\n<\/p>\n<p>Sicherheitshinweise:<\/p>\n<\/p>\n<p>Vorsicht vor \u00dcberlastung vom Trennst\u00e4nder f\u00fcr WinkelschleiferStromkabel darf nicht in der N\u00e4he des Arbeitsbereiches und der Trennscheibe seinWerkst\u00fcck muss mit einem Schraubstock gesichert werdenWerkst\u00fcck erhitzt sich w\u00e4hrend des TrennvorgangsVor N\u00e4sse bewahren<\/p>\n<\/p>\n<p>Technische Daten:<\/p>\n<\/p>\n<p>Maximale Abmessung der Werkstoffe f\u00fcr Schraubstock: 60 mm x 40 mm Profil \/ 30 mm RundeisenGeeignet f\u00fcr Winkelschleifer mit maximaler Geschwindigkeit der Trennscheibe von 80 m\/s und deren Griffanschl\u00fcsse ein M10, M12 oder ein M14 Innengewinde haben. Durchmesser der Trennscheibe zwischen 180 \u2013 230 mmTischgr\u00f6\u00dfe: 295 x 295 mm <\/p>\n<div class=\"main-cross-sell\" data-asin=\"B00BERQFDY\">\n\n\t<div class=\"WooZone-cross-sell-loader\">\n\t\t<div>\n\t\t\t<div id=\"floatingBarsG\">\n\t\t\t\t<div class=\"blockG\" id=\"rotateG_01\"><\/div>\n\t\t\t\t<div class=\"blockG\" id=\"rotateG_02\"><\/div>\n\t\t\t\t<div class=\"blockG\" id=\"rotateG_03\"><\/div>\n\t\t\t\t<div class=\"blockG\" id=\"rotateG_04\"><\/div>\n\t\t\t\t<div class=\"blockG\" id=\"rotateG_05\"><\/div>\n\t\t\t\t<div class=\"blockG\" id=\"rotateG_06\"><\/div>\n\t\t\t\t<div class=\"blockG\" id=\"rotateG_07\"><\/div>\n\t\t\t\t<div class=\"blockG\" id=\"rotateG_08\"><\/div>\n\t\t\t<\/div>\n\t\t\t<div class=\"WooZone-cross-sell-loader-text\"><\/div>\n\t\t<\/div>\n\t<\/div>\n\n\t\t\n<\/div>\n<div style=\"clear:both;\"><\/div>\n","protected":false},"excerpt":{"rendered":"<p>Ideal f\u00fcr Pr\u00e4zisionsarbeitenKompatibel mit zahlreichen Winkelschleifern (siehe unten)Leichte MontageVielseitig einsetzbar Feine Pr\u00e4zisionsarbeiten bilden meist den Abschluss eines Projektes. Hier muss alles bis auf den letzten Millimeter genau passen. Feine Arbeiten mit dem Winkelschneider mit blo\u00dfer Hand sind selten von Erfolg gekr\u00f6nt. Als praktischer Helfer kommt der Trennst\u00e4nder f\u00fcr Winkelschleifer ins Spiel. Mit seiner Hilfe gelingen [&hellip;]<\/p>\n","protected":false},"featured_media":15065,"comment_status":"open","ping_status":"closed","template":"","meta":[],"product_cat":[109,120],"product_tag":[],"class_list":{"0":"post-15064","1":"product","2":"type-product","3":"status-publish","4":"has-post-thumbnail","6":"product_cat-schleifen-und-trennen","7":"product_cat-trennschleifer","8":"pa_brand-westfalia","11":"first","12":"instock","13":"shipping-taxable","14":"product-type-external"},"_links":{"self":[{"href":"https:\/\/werkzeuge-aller-art.com\/index.php?rest_route=\/wp\/v2\/product\/15064","targetHints":{"allow":["GET"]}}],"collection":[{"href":"https:\/\/werkzeuge-aller-art.com\/index.php?rest_route=\/wp\/v2\/product"}],"about":[{"href":"https:\/\/werkzeuge-aller-art.com\/index.php?rest_route=\/wp\/v2\/types\/product"}],"replies":[{"embeddable":true,"href":"https:\/\/werkzeuge-aller-art.com\/index.php?rest_route=%2Fwp%2Fv2%2Fcomments&post=15064"}],"wp:featuredmedia":[{"embeddable":true,"href":"https:\/\/werkzeuge-aller-art.com\/index.php?rest_route=\/wp\/v2\/media\/15065"}],"wp:attachment":[{"href":"https:\/\/werkzeuge-aller-art.com\/index.php?rest_route=%2Fwp%2Fv2%2Fmedia&parent=15064"}],"wp:term":[{"taxonomy":"product_cat","embeddable":true,"href":"https:\/\/werkzeuge-aller-art.com\/index.php?rest_route=%2Fwp%2Fv2%2Fproduct_cat&post=15064"},{"taxonomy":"product_tag","embeddable":true,"href":"https:\/\/werkzeuge-aller-art.com\/index.php?rest_route=%2Fwp%2Fv2%2Fproduct_tag&post=15064"}],"curies":[{"name":"wp","href":"https:\/\/api.w.org\/{rel}","templated":true}]}}