{"id":15004,"date":"2020-03-08T01:00:49","date_gmt":"2020-03-08T00:00:49","guid":{"rendered":"https:\/\/werkzeuge-aller-art.com\/?product=einhell-handkreissaege-te-cs-165-1200-w-max-55-mm-saegeblatt-o-165-mm-24-zaehne-absaugadapter-parallelanschlag"},"modified":"2023-04-10T06:32:18","modified_gmt":"2023-04-10T04:32:18","slug":"einhell-handkreissaege-te-cs-165-1200-w-max-55-mm-saegeblatt-o-165-mm-24-zaehne-absaugadapter-parallelanschlag","status":"publish","type":"product","link":"https:\/\/werkzeuge-aller-art.com\/?product=einhell-handkreissaege-te-cs-165-1200-w-max-55-mm-saegeblatt-o-165-mm-24-zaehne-absaugadapter-parallelanschlag","title":{"rendered":"Einhell Handkreiss\u00e4ge 165 TE-CS 165 (1200 W, max. 55 mm, S\u00e4geblatt \u00d8 165 mm, 24 Z\u00e4hne, Absaugadapter, Parallelanschlag)"},"content":{"rendered":"\n\t\t<div id='gallery-1' class='gallery galleryid-15004 gallery-columns-3 gallery-size-full'><dl class='gallery-item'>\r\n\t<dt class='gallery-icon landscape'>\r\n\t<a rel='gallery-nr'><img loading=\"lazy\" decoding=\"async\" width=\"500\" height=\"500\" src=\"https:\/\/images-na.ssl-images-amazon.com\/images\/I\/41sN0GkOlVL.jpg\" class=\"attachment-full size-full\" alt=\"\" srcset=\"https:\/\/images-na.ssl-images-amazon.com\/images\/I\/41sN0GkOlVL.jpg 500w, https:\/\/images-na.ssl-images-amazon.com\/images\/I\/41sN0GkOlVL._SS150_.jpg 150w, https:\/\/images-na.ssl-images-amazon.com\/images\/I\/41sN0GkOlVL._SS300_.jpg 300w, https:\/\/images-na.ssl-images-amazon.com\/images\/I\/41sN0GkOlVL._SS768_.jpg 768w, https:\/\/images-na.ssl-images-amazon.com\/images\/I\/41sN0GkOlVL._SS1024_.jpg 1024w, https:\/\/images-na.ssl-images-amazon.com\/images\/I\/41sN0GkOlVL._SS1536_.jpg 1536w, https:\/\/images-na.ssl-images-amazon.com\/images\/I\/41sN0GkOlVL._SS2048_.jpg 2048w, https:\/\/images-na.ssl-images-amazon.com\/images\/I\/41sN0GkOlVL._SS145_.jpg 145w, https:\/\/images-na.ssl-images-amazon.com\/images\/I\/41sN0GkOlVL._SS1400_.jpg 1400w, https:\/\/images-na.ssl-images-amazon.com\/images\/I\/41sN0GkOlVL._SS50_.jpg 50w, https:\/\/images-na.ssl-images-amazon.com\/images\/I\/41sN0GkOlVL._SS604_.jpg 604w, https:\/\/images-na.ssl-images-amazon.com\/images\/I\/41sN0GkOlVL._SS262_.jpg 262w, https:\/\/images-na.ssl-images-amazon.com\/images\/I\/41sN0GkOlVL._SS600_.jpg 600w, https:\/\/images-na.ssl-images-amazon.com\/images\/I\/41sN0GkOlVL._SS100_.jpg 100w\" sizes=\"auto, (max-width: 500px) 100vw, 500px\" \/><\/a>\r\n\t<\/dt>\r\n\t<dd class='wp-caption-text gallery-caption'>\r\n\t<div class='gallery-caption-inner'> <div class='wp-caption-text gallery-title'>\r\n\tEinhell-Handkreissge-TE-CS-165-1200-W-max-55-mm-Sgeblatt&#8211;165-mm-24-Zhne-Absaugadapter-Parallelanschlag\r\n\t<\/div><div class='wp-caption-text gallery-zoom no-text'>\r\n\t\t<a href=https:\/\/werkzeuge-aller-art.com\/?attachment_id=15005 title='Click to view Full Image' class='icon mustang-gallery'><i class='fa fa-plus'><\/i><\/a>\r\n\t\t<\/div><div class='wp-caption-text gallery-redirect'>\r\n\t\t<a href=https:\/\/werkzeuge-aller-art.com\/?attachment_id=15005 title='Click to view read more' class='icon readmore'><i class='fa fa-link'><\/i><\/a>\r\n\t\t<\/div><\/div><\/dd><\/dl><dl class='gallery-item'>\r\n\t<dt class='gallery-icon landscape'>\r\n\t<a rel='gallery-nr'><img loading=\"lazy\" decoding=\"async\" width=\"500\" height=\"500\" src=\"https:\/\/images-na.ssl-images-amazon.com\/images\/I\/51d2Sb2w7vL.jpg\" class=\"attachment-full size-full\" alt=\"\" srcset=\"https:\/\/images-na.ssl-images-amazon.com\/images\/I\/51d2Sb2w7vL.jpg 500w, https:\/\/images-na.ssl-images-amazon.com\/images\/I\/51d2Sb2w7vL._SS150_.jpg 150w, https:\/\/images-na.ssl-images-amazon.com\/images\/I\/51d2Sb2w7vL._SS300_.jpg 300w, https:\/\/images-na.ssl-images-amazon.com\/images\/I\/51d2Sb2w7vL._SS768_.jpg 768w, https:\/\/images-na.ssl-images-amazon.com\/images\/I\/51d2Sb2w7vL._SS1024_.jpg 1024w, https:\/\/images-na.ssl-images-amazon.com\/images\/I\/51d2Sb2w7vL._SS1536_.jpg 1536w, https:\/\/images-na.ssl-images-amazon.com\/images\/I\/51d2Sb2w7vL._SS2048_.jpg 2048w, https:\/\/images-na.ssl-images-amazon.com\/images\/I\/51d2Sb2w7vL._SS145_.jpg 145w, https:\/\/images-na.ssl-images-amazon.com\/images\/I\/51d2Sb2w7vL._SS1400_.jpg 1400w, https:\/\/images-na.ssl-images-amazon.com\/images\/I\/51d2Sb2w7vL._SS50_.jpg 50w, https:\/\/images-na.ssl-images-amazon.com\/images\/I\/51d2Sb2w7vL._SS604_.jpg 604w, https:\/\/images-na.ssl-images-amazon.com\/images\/I\/51d2Sb2w7vL._SS262_.jpg 262w, https:\/\/images-na.ssl-images-amazon.com\/images\/I\/51d2Sb2w7vL._SS600_.jpg 600w, https:\/\/images-na.ssl-images-amazon.com\/images\/I\/51d2Sb2w7vL._SS100_.jpg 100w\" sizes=\"auto, (max-width: 500px) 100vw, 500px\" \/><\/a>\r\n\t<\/dt>\r\n\t<dd class='wp-caption-text gallery-caption'>\r\n\t<div class='gallery-caption-inner'> <div class='wp-caption-text gallery-title'>\r\n\tEinhell-Handkreissge-TE-CS-165-1200-W-max-55-mm-Sgeblatt&#8211;165-mm-24-Zhne-Absaugadapter-Parallelanschlag\r\n\t<\/div><div class='wp-caption-text gallery-zoom no-text'>\r\n\t\t<a href=https:\/\/werkzeuge-aller-art.com\/?attachment_id=15006 title='Click to view Full Image' class='icon mustang-gallery'><i class='fa fa-plus'><\/i><\/a>\r\n\t\t<\/div><div class='wp-caption-text gallery-redirect'>\r\n\t\t<a href=https:\/\/werkzeuge-aller-art.com\/?attachment_id=15006 title='Click to view read more' class='icon readmore'><i class='fa fa-link'><\/i><\/a>\r\n\t\t<\/div><\/div><\/dd><\/dl>\r\n<\/div>\n\n<div class=\"disclaim\"> Stil:<strong>Handkreiss\u00e4ge<\/strong> <\/div>\n<p> <!-- show up to 2 reviews by default --> <\/p>\n<p>Einhell Handkreiss\u00e4ge TE-CS 165 (1200 W, max. 55 mm, S\u00e4geblatt \u00d8 165 mm, 24 Z\u00e4hne, Absaugadapter, Parallelanschlag) <\/p>\n<p>Werkzeuglose Schnitttiefen- und S\u00e4getischverstellung f\u00fcr pr\u00e4zise S\u00e4geschnitte mit stabilem Aluminiums\u00e4geschuh<br \/>\nPraktische S\u00e4geblattarretierung f\u00fcr den schnellen und einfachen S\u00e4geblattwechsel<br \/>\nStabiler Parallelanschlag f\u00fcr einfache Parallelschnitte und F\u00fchrungsnut am S\u00e4geschuh zur Verwendung mit Einhell F\u00fchrungsschiene<br \/>\nInklusive hochwertigem Hartmetall-S\u00e4geblatt f\u00fcr schnelle und pr\u00e4zise S\u00e4geschnitte<br \/>\n<div class=\"main-cross-sell\" data-asin=\"B00TFZFWFE\">\n\n\t<div class=\"WooZone-cross-sell-loader\">\n\t\t<div>\n\t\t\t<div id=\"floatingBarsG\">\n\t\t\t\t<div class=\"blockG\" id=\"rotateG_01\"><\/div>\n\t\t\t\t<div class=\"blockG\" id=\"rotateG_02\"><\/div>\n\t\t\t\t<div class=\"blockG\" id=\"rotateG_03\"><\/div>\n\t\t\t\t<div class=\"blockG\" id=\"rotateG_04\"><\/div>\n\t\t\t\t<div class=\"blockG\" id=\"rotateG_05\"><\/div>\n\t\t\t\t<div class=\"blockG\" id=\"rotateG_06\"><\/div>\n\t\t\t\t<div class=\"blockG\" id=\"rotateG_07\"><\/div>\n\t\t\t\t<div class=\"blockG\" id=\"rotateG_08\"><\/div>\n\t\t\t<\/div>\n\t\t\t<div class=\"WooZone-cross-sell-loader-text\"><\/div>\n\t\t<\/div>\n\t<\/div>\n\n\t\t\n<\/div>\n<div style=\"clear:both;\"><\/div>\n","protected":false},"excerpt":{"rendered":"<p>Werkzeuglose Schnitttiefen- und S\u00e4getischverstellung f\u00fcr pr\u00e4zise S\u00e4geschnitte mit stabilem Aluminiums\u00e4geschuh<br \/>\nPraktische S\u00e4geblattarretierung f\u00fcr den schnellen und einfachen S\u00e4geblattwechsel<br \/>\nStabiler Parallelanschlag f\u00fcr einfache Parallelschnitte und F\u00fchrungsnut am S\u00e4geschuh zur Verwendung mit Einhell F\u00fchrungsschiene<\/p>\n","protected":false},"featured_media":15005,"comment_status":"open","ping_status":"closed","template":"","meta":[],"product_cat":[118,109],"product_tag":[],"class_list":{"0":"post-15004","1":"product","2":"type-product","3":"status-publish","4":"has-post-thumbnail","6":"product_cat-kreissaege","7":"product_cat-schleifen-und-trennen","8":"pa_brand-einhell","11":"first","12":"instock","13":"shipping-taxable","14":"product-type-external"},"_links":{"self":[{"href":"https:\/\/werkzeuge-aller-art.com\/index.php?rest_route=\/wp\/v2\/product\/15004","targetHints":{"allow":["GET"]}}],"collection":[{"href":"https:\/\/werkzeuge-aller-art.com\/index.php?rest_route=\/wp\/v2\/product"}],"about":[{"href":"https:\/\/werkzeuge-aller-art.com\/index.php?rest_route=\/wp\/v2\/types\/product"}],"replies":[{"embeddable":true,"href":"https:\/\/werkzeuge-aller-art.com\/index.php?rest_route=%2Fwp%2Fv2%2Fcomments&post=15004"}],"wp:featuredmedia":[{"embeddable":true,"href":"https:\/\/werkzeuge-aller-art.com\/index.php?rest_route=\/wp\/v2\/media\/15005"}],"wp:attachment":[{"href":"https:\/\/werkzeuge-aller-art.com\/index.php?rest_route=%2Fwp%2Fv2%2Fmedia&parent=15004"}],"wp:term":[{"taxonomy":"product_cat","embeddable":true,"href":"https:\/\/werkzeuge-aller-art.com\/index.php?rest_route=%2Fwp%2Fv2%2Fproduct_cat&post=15004"},{"taxonomy":"product_tag","embeddable":true,"href":"https:\/\/werkzeuge-aller-art.com\/index.php?rest_route=%2Fwp%2Fv2%2Fproduct_tag&post=15004"}],"curies":[{"name":"wp","href":"https:\/\/api.w.org\/{rel}","templated":true}]}}