{"id":14980,"date":"2020-03-08T00:58:38","date_gmt":"2020-03-07T23:58:38","guid":{"rendered":"https:\/\/werkzeuge-aller-art.com\/?product=theo-klein-8379-stichsaege-bosch-ii-spielzeug"},"modified":"2023-04-10T06:32:18","modified_gmt":"2023-04-10T04:32:18","slug":"theo-klein-8379-stichsaege-bosch-ii-spielzeug","status":"publish","type":"product","link":"https:\/\/werkzeuge-aller-art.com\/?product=theo-klein-8379-stichsaege-bosch-ii-spielzeug","title":{"rendered":"Theo Klein 8379 Bosch Jigsaw I Battery &#8211; Powered with up &#8211; and &#8211; down jigsaw Motion , Light and Sound Effects I Toy for\u2026"},"content":{"rendered":"<div id='gallery-1' class='gallery galleryid-14980 gallery-columns-3 gallery-size-full'><dl class='gallery-item'>\r\n\t<dt class='gallery-icon landscape'>\r\n\t<a rel='gallery-nr'><img loading=\"lazy\" decoding=\"async\" width=\"500\" height=\"500\" src=\"https:\/\/images-na.ssl-images-amazon.com\/images\/I\/51cjdJyrarL.jpg\" class=\"attachment-full size-full\" alt=\"\" srcset=\"https:\/\/images-na.ssl-images-amazon.com\/images\/I\/51cjdJyrarL.jpg 500w, https:\/\/images-na.ssl-images-amazon.com\/images\/I\/51cjdJyrarL._SS150_.jpg 150w, https:\/\/images-na.ssl-images-amazon.com\/images\/I\/51cjdJyrarL._SS300_.jpg 300w, https:\/\/images-na.ssl-images-amazon.com\/images\/I\/51cjdJyrarL._SS768_.jpg 768w, https:\/\/images-na.ssl-images-amazon.com\/images\/I\/51cjdJyrarL._SS1024_.jpg 1024w, https:\/\/images-na.ssl-images-amazon.com\/images\/I\/51cjdJyrarL._SS1536_.jpg 1536w, https:\/\/images-na.ssl-images-amazon.com\/images\/I\/51cjdJyrarL._SS2048_.jpg 2048w, https:\/\/images-na.ssl-images-amazon.com\/images\/I\/51cjdJyrarL._SS145_.jpg 145w, https:\/\/images-na.ssl-images-amazon.com\/images\/I\/51cjdJyrarL._SS1400_.jpg 1400w, https:\/\/images-na.ssl-images-amazon.com\/images\/I\/51cjdJyrarL._SS50_.jpg 50w, https:\/\/images-na.ssl-images-amazon.com\/images\/I\/51cjdJyrarL._SS604_.jpg 604w, https:\/\/images-na.ssl-images-amazon.com\/images\/I\/51cjdJyrarL._SS262_.jpg 262w, https:\/\/images-na.ssl-images-amazon.com\/images\/I\/51cjdJyrarL._SS600_.jpg 600w, https:\/\/images-na.ssl-images-amazon.com\/images\/I\/51cjdJyrarL._SS100_.jpg 100w\" sizes=\"auto, (max-width: 500px) 100vw, 500px\" \/><\/a>\r\n\t<\/dt>\r\n\t<dd class='wp-caption-text gallery-caption'>\r\n\t<div class='gallery-caption-inner'> <div class='wp-caption-text gallery-title'>\r\n\tTheo-Klein-8379-Stichsge-Bosch-II-Spielzeug\r\n\t<\/div><div class='wp-caption-text gallery-zoom no-text'>\r\n\t\t<a href=https:\/\/werkzeuge-aller-art.com\/?attachment_id=14981 title='Click to view Full Image' class='icon mustang-gallery'><i class='fa fa-plus'><\/i><\/a>\r\n\t\t<\/div><div class='wp-caption-text gallery-redirect'>\r\n\t\t<a href=https:\/\/werkzeuge-aller-art.com\/?attachment_id=14981 title='Click to view read more' class='icon readmore'><i class='fa fa-link'><\/i><\/a>\r\n\t\t<\/div><\/div><\/dd><\/dl><dl class='gallery-item'>\r\n\t<dt class='gallery-icon landscape'>\r\n\t<a rel='gallery-nr'><img loading=\"lazy\" decoding=\"async\" width=\"500\" height=\"500\" src=\"https:\/\/images-na.ssl-images-amazon.com\/images\/I\/51iZMFTtWiL.jpg\" class=\"attachment-full size-full\" alt=\"\" srcset=\"https:\/\/images-na.ssl-images-amazon.com\/images\/I\/51iZMFTtWiL.jpg 500w, https:\/\/images-na.ssl-images-amazon.com\/images\/I\/51iZMFTtWiL._SS150_.jpg 150w, https:\/\/images-na.ssl-images-amazon.com\/images\/I\/51iZMFTtWiL._SS300_.jpg 300w, https:\/\/images-na.ssl-images-amazon.com\/images\/I\/51iZMFTtWiL._SS768_.jpg 768w, https:\/\/images-na.ssl-images-amazon.com\/images\/I\/51iZMFTtWiL._SS1024_.jpg 1024w, https:\/\/images-na.ssl-images-amazon.com\/images\/I\/51iZMFTtWiL._SS1536_.jpg 1536w, https:\/\/images-na.ssl-images-amazon.com\/images\/I\/51iZMFTtWiL._SS2048_.jpg 2048w, https:\/\/images-na.ssl-images-amazon.com\/images\/I\/51iZMFTtWiL._SS145_.jpg 145w, https:\/\/images-na.ssl-images-amazon.com\/images\/I\/51iZMFTtWiL._SS1400_.jpg 1400w, https:\/\/images-na.ssl-images-amazon.com\/images\/I\/51iZMFTtWiL._SS50_.jpg 50w, https:\/\/images-na.ssl-images-amazon.com\/images\/I\/51iZMFTtWiL._SS604_.jpg 604w, https:\/\/images-na.ssl-images-amazon.com\/images\/I\/51iZMFTtWiL._SS262_.jpg 262w, https:\/\/images-na.ssl-images-amazon.com\/images\/I\/51iZMFTtWiL._SS600_.jpg 600w, https:\/\/images-na.ssl-images-amazon.com\/images\/I\/51iZMFTtWiL._SS100_.jpg 100w\" sizes=\"auto, (max-width: 500px) 100vw, 500px\" \/><\/a>\r\n\t<\/dt>\r\n\t<dd class='wp-caption-text gallery-caption'>\r\n\t<div class='gallery-caption-inner'> <div class='wp-caption-text gallery-title'>\r\n\tTheo-Klein-8379-Stichsge-Bosch-II-Spielzeug\r\n\t<\/div><div class='wp-caption-text gallery-zoom no-text'>\r\n\t\t<a href=https:\/\/werkzeuge-aller-art.com\/?attachment_id=14982 title='Click to view Full Image' class='icon mustang-gallery'><i class='fa fa-plus'><\/i><\/a>\r\n\t\t<\/div><div class='wp-caption-text gallery-redirect'>\r\n\t\t<a href=https:\/\/werkzeuge-aller-art.com\/?attachment_id=14982 title='Click to view read more' class='icon readmore'><i class='fa fa-link'><\/i><\/a>\r\n\t\t<\/div><\/div><\/dd><\/dl>\r\n<\/div>\n<br \/>\n<!-- show up to 2 reviews by default --> <\/p>\n<h3>Produktbeschreibung<\/h3>\n<p>Bosch Stichs\u00e4ge II Spielzeug mit realistischen Funktionen &#8211; batteriebetrieben &#8211; mit realistischer Stichs\u00e4genbewegung (ungef\u00e4hrlich) &#8211; bei Aufsetzen des transparenten Schutzgeh\u00e4uses: &#8211; realistisches S\u00e4geger\u00e4usch &#8211; ungef\u00e4hrlicher Funkenschlag <\/p>\n<h3>Warnhinweise<\/h3>\n<p>enth\u00e4lt Kleinteile, nicht f\u00fcr Kinder unter 3 Jahren geeignet <\/p>\n<p> <a class=\"a-link-normal\" href=\"\/dp\/product-description\/B01CML4IU2\/ref=dp_proddesc_0?ie=UTF8&amp;n=12950651&amp;s=toys&amp;isInIframe=0\"> Alle Produktbeschreibungen<\/a><br \/>\nBosch Stichs\u00e4ge II Spielzeug mit realistischen Funktionen: realistischer Stichs\u00e4genbewegung, bei Aufsetzen des transparenten Schutzgeh\u00e4uses, realistisches S\u00e4geger\u00e4usch<br \/>\nAlles aus hochwertigem Kunststoff, stabile Qualit\u00e4t, p\u00e4dagogisch wertvoll<br \/>\nsehr hochwertige Qualit\u00e4t; p\u00e4dagogisch wertvoll<br \/>\nBen\u00f6tigt werden: 2 Batterien Type AA; Diese sind nicht im Lieferumfang enthalten<br \/>\n<div class=\"main-cross-sell\" data-asin=\"B01CML4IU2\">\n\n\t<div class=\"WooZone-cross-sell-loader\">\n\t\t<div>\n\t\t\t<div id=\"floatingBarsG\">\n\t\t\t\t<div class=\"blockG\" id=\"rotateG_01\"><\/div>\n\t\t\t\t<div class=\"blockG\" id=\"rotateG_02\"><\/div>\n\t\t\t\t<div class=\"blockG\" id=\"rotateG_03\"><\/div>\n\t\t\t\t<div class=\"blockG\" id=\"rotateG_04\"><\/div>\n\t\t\t\t<div class=\"blockG\" id=\"rotateG_05\"><\/div>\n\t\t\t\t<div class=\"blockG\" id=\"rotateG_06\"><\/div>\n\t\t\t\t<div class=\"blockG\" id=\"rotateG_07\"><\/div>\n\t\t\t\t<div class=\"blockG\" id=\"rotateG_08\"><\/div>\n\t\t\t<\/div>\n\t\t\t<div class=\"WooZone-cross-sell-loader-text\"><\/div>\n\t\t<\/div>\n\t<\/div>\n\n\t\t\n<\/div>\n<div style=\"clear:both;\"><\/div>\n","protected":false},"excerpt":{"rendered":"<p>Bosch Stichs\u00e4ge II Spielzeug mit realistischen Funktionen: realistischer Stichs\u00e4genbewegung, bei Aufsetzen des transparenten Schutzgeh\u00e4uses, realistisches S\u00e4geger\u00e4usch<br \/>\nAlles aus hochwertigem Kunststoff, stabile Qualit\u00e4t, p\u00e4dagogisch wertvoll<br \/>\nsehr hochwertige Qualit\u00e4t; p\u00e4dagogisch wertvoll<\/p>\n","protected":false},"featured_media":14981,"comment_status":"open","ping_status":"closed","template":"","meta":[],"product_cat":[109,119],"product_tag":[],"class_list":{"0":"post-14980","1":"product","2":"type-product","3":"status-publish","4":"has-post-thumbnail","6":"product_cat-schleifen-und-trennen","7":"product_cat-stichsaegen","8":"pa_brand-theo-klein","11":"first","12":"instock","13":"shipping-taxable","14":"product-type-external"},"_links":{"self":[{"href":"https:\/\/werkzeuge-aller-art.com\/index.php?rest_route=\/wp\/v2\/product\/14980","targetHints":{"allow":["GET"]}}],"collection":[{"href":"https:\/\/werkzeuge-aller-art.com\/index.php?rest_route=\/wp\/v2\/product"}],"about":[{"href":"https:\/\/werkzeuge-aller-art.com\/index.php?rest_route=\/wp\/v2\/types\/product"}],"replies":[{"embeddable":true,"href":"https:\/\/werkzeuge-aller-art.com\/index.php?rest_route=%2Fwp%2Fv2%2Fcomments&post=14980"}],"wp:featuredmedia":[{"embeddable":true,"href":"https:\/\/werkzeuge-aller-art.com\/index.php?rest_route=\/wp\/v2\/media\/14981"}],"wp:attachment":[{"href":"https:\/\/werkzeuge-aller-art.com\/index.php?rest_route=%2Fwp%2Fv2%2Fmedia&parent=14980"}],"wp:term":[{"taxonomy":"product_cat","embeddable":true,"href":"https:\/\/werkzeuge-aller-art.com\/index.php?rest_route=%2Fwp%2Fv2%2Fproduct_cat&post=14980"},{"taxonomy":"product_tag","embeddable":true,"href":"https:\/\/werkzeuge-aller-art.com\/index.php?rest_route=%2Fwp%2Fv2%2Fproduct_tag&post=14980"}],"curies":[{"name":"wp","href":"https:\/\/api.w.org\/{rel}","templated":true}]}}