{"id":14911,"date":"2020-03-08T00:55:13","date_gmt":"2020-03-07T23:55:13","guid":{"rendered":"https:\/\/werkzeuge-aller-art.com\/?product=bosch-professional-12v-system-akku-stichsaege-gst-12v-70-2x-saegeblatt-gleitschuh-spanreissschutz-schnitttiefe-in-holz-70-mm-2x-3-0ah-akkus-und-ladegeraet-in-l-boxx"},"modified":"2023-04-10T06:32:17","modified_gmt":"2023-04-10T04:32:17","slug":"bosch-professional-12v-system-akku-stichsaege-gst-12v-70-2x-saegeblatt-gleitschuh-spanreissschutz-schnitttiefe-in-holz-70-mm-2x-3-0ah-akkus-und-ladegeraet-in-l-boxx","status":"publish","type":"product","link":"https:\/\/werkzeuge-aller-art.com\/?product=bosch-professional-12v-system-akku-stichsaege-gst-12v-70-2x-saegeblatt-gleitschuh-spanreissschutz-schnitttiefe-in-holz-70-mm-2x-3-0ah-akkus-und-ladegeraet-in-l-boxx","title":{"rendered":"Bosch Professional 12V System Akku Stichs\u00e4ge GST 12V-70 (Schnitttiefe in Holz: 70 mm, inkl. 2x S\u00e4geblatt, Gleitschuh\u2026"},"content":{"rendered":"\n\t\t<div id='gallery-1' class='gallery galleryid-14911 gallery-columns-3 gallery-size-full'><dl class='gallery-item'>\r\n\t<dt class='gallery-icon landscape'>\r\n\t<a rel='gallery-nr'><img loading=\"lazy\" decoding=\"async\" width=\"500\" height=\"500\" src=\"https:\/\/images-na.ssl-images-amazon.com\/images\/I\/41C1ddDRcwL.jpg\" class=\"attachment-full size-full\" alt=\"\" srcset=\"https:\/\/images-na.ssl-images-amazon.com\/images\/I\/41C1ddDRcwL.jpg 500w, https:\/\/images-na.ssl-images-amazon.com\/images\/I\/41C1ddDRcwL._SS150_.jpg 150w, https:\/\/images-na.ssl-images-amazon.com\/images\/I\/41C1ddDRcwL._SS300_.jpg 300w, https:\/\/images-na.ssl-images-amazon.com\/images\/I\/41C1ddDRcwL._SS768_.jpg 768w, https:\/\/images-na.ssl-images-amazon.com\/images\/I\/41C1ddDRcwL._SS1024_.jpg 1024w, https:\/\/images-na.ssl-images-amazon.com\/images\/I\/41C1ddDRcwL._SS1536_.jpg 1536w, https:\/\/images-na.ssl-images-amazon.com\/images\/I\/41C1ddDRcwL._SS2048_.jpg 2048w, https:\/\/images-na.ssl-images-amazon.com\/images\/I\/41C1ddDRcwL._SS145_.jpg 145w, https:\/\/images-na.ssl-images-amazon.com\/images\/I\/41C1ddDRcwL._SS1400_.jpg 1400w, https:\/\/images-na.ssl-images-amazon.com\/images\/I\/41C1ddDRcwL._SS50_.jpg 50w, https:\/\/images-na.ssl-images-amazon.com\/images\/I\/41C1ddDRcwL._SS604_.jpg 604w, https:\/\/images-na.ssl-images-amazon.com\/images\/I\/41C1ddDRcwL._SS262_.jpg 262w, https:\/\/images-na.ssl-images-amazon.com\/images\/I\/41C1ddDRcwL._SS600_.jpg 600w, https:\/\/images-na.ssl-images-amazon.com\/images\/I\/41C1ddDRcwL._SS100_.jpg 100w\" sizes=\"auto, (max-width: 500px) 100vw, 500px\" \/><\/a>\r\n\t<\/dt>\r\n\t<dd class='wp-caption-text gallery-caption'>\r\n\t<div class='gallery-caption-inner'> <div class='wp-caption-text gallery-title'>\r\n\tBosch-Professional-12V-System-Akku-Stichsge-GST-12V-70-2x-Sgeblatt-Gleitschuh-Spanreischutz-Schnitttiefe-in-Holz-70-mm-2x-30Ah-Akkus-und-Ladegert-in-L-Boxx\r\n\t<\/div><div class='wp-caption-text gallery-zoom no-text'>\r\n\t\t<a href=https:\/\/werkzeuge-aller-art.com\/?attachment_id=14912 title='Click to view Full Image' class='icon mustang-gallery'><i class='fa fa-plus'><\/i><\/a>\r\n\t\t<\/div><div class='wp-caption-text gallery-redirect'>\r\n\t\t<a href=https:\/\/werkzeuge-aller-art.com\/?attachment_id=14912 title='Click to view read more' class='icon readmore'><i class='fa fa-link'><\/i><\/a>\r\n\t\t<\/div><\/div><\/dd><\/dl><dl class='gallery-item'>\r\n\t<dt class='gallery-icon landscape'>\r\n\t<a rel='gallery-nr'><img loading=\"lazy\" decoding=\"async\" width=\"500\" height=\"500\" src=\"https:\/\/images-na.ssl-images-amazon.com\/images\/I\/61M4tnd6PDL.jpg\" class=\"attachment-full size-full\" alt=\"\" srcset=\"https:\/\/images-na.ssl-images-amazon.com\/images\/I\/61M4tnd6PDL.jpg 500w, https:\/\/images-na.ssl-images-amazon.com\/images\/I\/61M4tnd6PDL._SS150_.jpg 150w, https:\/\/images-na.ssl-images-amazon.com\/images\/I\/61M4tnd6PDL._SS300_.jpg 300w, https:\/\/images-na.ssl-images-amazon.com\/images\/I\/61M4tnd6PDL._SS768_.jpg 768w, https:\/\/images-na.ssl-images-amazon.com\/images\/I\/61M4tnd6PDL._SS1024_.jpg 1024w, https:\/\/images-na.ssl-images-amazon.com\/images\/I\/61M4tnd6PDL._SS1536_.jpg 1536w, https:\/\/images-na.ssl-images-amazon.com\/images\/I\/61M4tnd6PDL._SS2048_.jpg 2048w, https:\/\/images-na.ssl-images-amazon.com\/images\/I\/61M4tnd6PDL._SS145_.jpg 145w, https:\/\/images-na.ssl-images-amazon.com\/images\/I\/61M4tnd6PDL._SS1400_.jpg 1400w, https:\/\/images-na.ssl-images-amazon.com\/images\/I\/61M4tnd6PDL._SS50_.jpg 50w, https:\/\/images-na.ssl-images-amazon.com\/images\/I\/61M4tnd6PDL._SS604_.jpg 604w, https:\/\/images-na.ssl-images-amazon.com\/images\/I\/61M4tnd6PDL._SS262_.jpg 262w, https:\/\/images-na.ssl-images-amazon.com\/images\/I\/61M4tnd6PDL._SS600_.jpg 600w, https:\/\/images-na.ssl-images-amazon.com\/images\/I\/61M4tnd6PDL._SS100_.jpg 100w\" sizes=\"auto, (max-width: 500px) 100vw, 500px\" \/><\/a>\r\n\t<\/dt>\r\n\t<dd class='wp-caption-text gallery-caption'>\r\n\t<div class='gallery-caption-inner'> <div class='wp-caption-text gallery-title'>\r\n\tBosch-Professional-12V-System-Akku-Stichsge-GST-12V-70-2x-Sgeblatt-Gleitschuh-Spanreischutz-Schnitttiefe-in-Holz-70-mm-2x-30Ah-Akkus-und-Ladegert-in-L-Boxx\r\n\t<\/div><div class='wp-caption-text gallery-zoom no-text'>\r\n\t\t<a href=https:\/\/werkzeuge-aller-art.com\/?attachment_id=14913 title='Click to view Full Image' class='icon mustang-gallery'><i class='fa fa-plus'><\/i><\/a>\r\n\t\t<\/div><div class='wp-caption-text gallery-redirect'>\r\n\t\t<a href=https:\/\/werkzeuge-aller-art.com\/?attachment_id=14913 title='Click to view read more' class='icon readmore'><i class='fa fa-link'><\/i><\/a>\r\n\t\t<\/div><\/div><\/dd><\/dl>\r\n<\/div>\n\n<div class=\"disclaim\"> Stil:<strong>in L-Boxx mit 2x 3.0Ah Akku<\/strong> <\/div>\n<p> <!-- show up to 2 reviews by default --> <\/p>\n<p>Bosch Professional Akku-Stichs\u00e4ge GST 12V-70 (2 x 3, 0 Ah Akku, 2 x S\u00e4geblatt, Gleitschuh, Spanrei\u00dfschutz, Koffer, Schnitttiefe in Holz: 70 mm, 12 Volt System) <\/p>\n<p>Die Akku-Stichs\u00e4ge GST 12V-70 von Bosch Professional &#8211; komapkt und leicht<br \/>\nDurch ihre kompakte Handhabung ist die Stichs\u00e4ge extrem leicht zu handhaben un dbesitzt eine hohe Kurveng\u00e4ngigkeit<br \/>\nH\u00f6chstleistung: Schneller S\u00e4gefortschritt und lange Akkulaufzeit<br \/>\nProfessional 12V System. Kompakte Performance. Maximale Freiheit. Alle unsere Akkus sind mit neuen und existierenden Bosch Professional Werkzeugen der gleichen Spannungsklasse kompatibel<br \/>\nGriffposition au\u00dferordentlich nah an der Schnittlinie, so dass besonders pr\u00e4zise Schnitte m\u00f6glich sind<br \/>\nLieferumfang: GST 12V-70, 2 x 3, 0 Ah Akku, 2 X Stichs\u00e4geblatt (T 144 D\/T 308 B), Spanrei\u00dfschutz, Schnellladeger\u00e4t GAL 1230 CV, L-Boxx Einlage, L-Boxx 102, Gleitschuh, Absaug-Set<br \/>\n<div class=\"main-cross-sell\" data-asin=\"B078W53T5V\">\n\n\t<div class=\"WooZone-cross-sell-loader\">\n\t\t<div>\n\t\t\t<div id=\"floatingBarsG\">\n\t\t\t\t<div class=\"blockG\" id=\"rotateG_01\"><\/div>\n\t\t\t\t<div class=\"blockG\" id=\"rotateG_02\"><\/div>\n\t\t\t\t<div class=\"blockG\" id=\"rotateG_03\"><\/div>\n\t\t\t\t<div class=\"blockG\" id=\"rotateG_04\"><\/div>\n\t\t\t\t<div class=\"blockG\" id=\"rotateG_05\"><\/div>\n\t\t\t\t<div class=\"blockG\" id=\"rotateG_06\"><\/div>\n\t\t\t\t<div class=\"blockG\" id=\"rotateG_07\"><\/div>\n\t\t\t\t<div class=\"blockG\" id=\"rotateG_08\"><\/div>\n\t\t\t<\/div>\n\t\t\t<div class=\"WooZone-cross-sell-loader-text\"><\/div>\n\t\t<\/div>\n\t<\/div>\n\n\t\t\n<\/div>\n<div style=\"clear:both;\"><\/div>\n","protected":false},"excerpt":{"rendered":"<p>Die Akku-Stichs\u00e4ge GST 12V-70 von Bosch Professional &#8211; komapkt und leicht<br \/>\nDurch ihre kompakte Handhabung ist die Stichs\u00e4ge extrem leicht zu handhaben un dbesitzt eine hohe Kurveng\u00e4ngigkeit<br \/>\nH\u00f6chstleistung: Schneller S\u00e4gefortschritt und lange Akkulaufzeit<\/p>\n","protected":false},"featured_media":14912,"comment_status":"open","ping_status":"closed","template":"","meta":[],"product_cat":[109,119],"product_tag":[],"class_list":{"0":"post-14911","1":"product","2":"type-product","3":"status-publish","4":"has-post-thumbnail","6":"product_cat-schleifen-und-trennen","7":"product_cat-stichsaegen","8":"pa_brand-bosch-professional","11":"first","12":"instock","13":"shipping-taxable","14":"product-type-external"},"_links":{"self":[{"href":"https:\/\/werkzeuge-aller-art.com\/index.php?rest_route=\/wp\/v2\/product\/14911","targetHints":{"allow":["GET"]}}],"collection":[{"href":"https:\/\/werkzeuge-aller-art.com\/index.php?rest_route=\/wp\/v2\/product"}],"about":[{"href":"https:\/\/werkzeuge-aller-art.com\/index.php?rest_route=\/wp\/v2\/types\/product"}],"replies":[{"embeddable":true,"href":"https:\/\/werkzeuge-aller-art.com\/index.php?rest_route=%2Fwp%2Fv2%2Fcomments&post=14911"}],"wp:featuredmedia":[{"embeddable":true,"href":"https:\/\/werkzeuge-aller-art.com\/index.php?rest_route=\/wp\/v2\/media\/14912"}],"wp:attachment":[{"href":"https:\/\/werkzeuge-aller-art.com\/index.php?rest_route=%2Fwp%2Fv2%2Fmedia&parent=14911"}],"wp:term":[{"taxonomy":"product_cat","embeddable":true,"href":"https:\/\/werkzeuge-aller-art.com\/index.php?rest_route=%2Fwp%2Fv2%2Fproduct_cat&post=14911"},{"taxonomy":"product_tag","embeddable":true,"href":"https:\/\/werkzeuge-aller-art.com\/index.php?rest_route=%2Fwp%2Fv2%2Fproduct_tag&post=14911"}],"curies":[{"name":"wp","href":"https:\/\/api.w.org\/{rel}","templated":true}]}}