{"id":14896,"date":"2020-03-08T00:55:02","date_gmt":"2020-03-07T23:55:02","guid":{"rendered":"https:\/\/werkzeuge-aller-art.com\/?product=makita-akku-pendelhubstichsaege-1-stueck-390-w-18-v-djv181z"},"modified":"2023-04-10T06:32:17","modified_gmt":"2023-04-10T04:32:17","slug":"makita-akku-pendelhubstichsaege-1-stueck-390-w-18-v-djv181z","status":"publish","type":"product","link":"https:\/\/werkzeuge-aller-art.com\/?product=makita-akku-pendelhubstichsaege-1-stueck-390-w-18-v-djv181z","title":{"rendered":"Makita DJV181Z Akku-Pendelstichs\u00e4ge 18 V (Akku und Ladeger\u00e4t NICHT im Lieferumfang enthalten), ohne Akku"},"content":{"rendered":"<div id='gallery-1' class='gallery galleryid-14896 gallery-columns-3 gallery-size-full'><dl class='gallery-item'>\r\n\t<dt class='gallery-icon landscape'>\r\n\t<a rel='gallery-nr'><img loading=\"lazy\" decoding=\"async\" width=\"500\" height=\"500\" src=\"https:\/\/images-na.ssl-images-amazon.com\/images\/I\/51CSybUr2kL.jpg\" class=\"attachment-full size-full\" alt=\"\" srcset=\"https:\/\/images-na.ssl-images-amazon.com\/images\/I\/51CSybUr2kL.jpg 500w, https:\/\/images-na.ssl-images-amazon.com\/images\/I\/51CSybUr2kL._SS150_.jpg 150w, https:\/\/images-na.ssl-images-amazon.com\/images\/I\/51CSybUr2kL._SS300_.jpg 300w, https:\/\/images-na.ssl-images-amazon.com\/images\/I\/51CSybUr2kL._SS768_.jpg 768w, https:\/\/images-na.ssl-images-amazon.com\/images\/I\/51CSybUr2kL._SS1024_.jpg 1024w, https:\/\/images-na.ssl-images-amazon.com\/images\/I\/51CSybUr2kL._SS1536_.jpg 1536w, https:\/\/images-na.ssl-images-amazon.com\/images\/I\/51CSybUr2kL._SS2048_.jpg 2048w, https:\/\/images-na.ssl-images-amazon.com\/images\/I\/51CSybUr2kL._SS145_.jpg 145w, https:\/\/images-na.ssl-images-amazon.com\/images\/I\/51CSybUr2kL._SS1400_.jpg 1400w, https:\/\/images-na.ssl-images-amazon.com\/images\/I\/51CSybUr2kL._SS50_.jpg 50w, https:\/\/images-na.ssl-images-amazon.com\/images\/I\/51CSybUr2kL._SS604_.jpg 604w, https:\/\/images-na.ssl-images-amazon.com\/images\/I\/51CSybUr2kL._SS262_.jpg 262w, https:\/\/images-na.ssl-images-amazon.com\/images\/I\/51CSybUr2kL._SS600_.jpg 600w, https:\/\/images-na.ssl-images-amazon.com\/images\/I\/51CSybUr2kL._SS100_.jpg 100w\" sizes=\"auto, (max-width: 500px) 100vw, 500px\" \/><\/a>\r\n\t<\/dt>\r\n\t<dd class='wp-caption-text gallery-caption'>\r\n\t<div class='gallery-caption-inner'> <div class='wp-caption-text gallery-title'>\r\n\tMakita-Akku-Pendelhubstichsge-1-Stck-390-W-18-V-DJV181Z\r\n\t<\/div><div class='wp-caption-text gallery-zoom no-text'>\r\n\t\t<a href=https:\/\/werkzeuge-aller-art.com\/?attachment_id=14897 title='Click to view Full Image' class='icon mustang-gallery'><i class='fa fa-plus'><\/i><\/a>\r\n\t\t<\/div><div class='wp-caption-text gallery-redirect'>\r\n\t\t<a href=https:\/\/werkzeuge-aller-art.com\/?attachment_id=14897 title='Click to view read more' class='icon readmore'><i class='fa fa-link'><\/i><\/a>\r\n\t\t<\/div><\/div><\/dd><\/dl><dl class='gallery-item'>\r\n\t<dt class='gallery-icon landscape'>\r\n\t<a rel='gallery-nr'><img loading=\"lazy\" decoding=\"async\" width=\"500\" height=\"500\" src=\"https:\/\/images-na.ssl-images-amazon.com\/images\/I\/51Ot45Ukw8L.jpg\" class=\"attachment-full size-full\" alt=\"\" srcset=\"https:\/\/images-na.ssl-images-amazon.com\/images\/I\/51Ot45Ukw8L.jpg 500w, https:\/\/images-na.ssl-images-amazon.com\/images\/I\/51Ot45Ukw8L._SS150_.jpg 150w, https:\/\/images-na.ssl-images-amazon.com\/images\/I\/51Ot45Ukw8L._SS300_.jpg 300w, https:\/\/images-na.ssl-images-amazon.com\/images\/I\/51Ot45Ukw8L._SS768_.jpg 768w, https:\/\/images-na.ssl-images-amazon.com\/images\/I\/51Ot45Ukw8L._SS1024_.jpg 1024w, https:\/\/images-na.ssl-images-amazon.com\/images\/I\/51Ot45Ukw8L._SS1536_.jpg 1536w, https:\/\/images-na.ssl-images-amazon.com\/images\/I\/51Ot45Ukw8L._SS2048_.jpg 2048w, https:\/\/images-na.ssl-images-amazon.com\/images\/I\/51Ot45Ukw8L._SS145_.jpg 145w, https:\/\/images-na.ssl-images-amazon.com\/images\/I\/51Ot45Ukw8L._SS1400_.jpg 1400w, https:\/\/images-na.ssl-images-amazon.com\/images\/I\/51Ot45Ukw8L._SS50_.jpg 50w, https:\/\/images-na.ssl-images-amazon.com\/images\/I\/51Ot45Ukw8L._SS604_.jpg 604w, https:\/\/images-na.ssl-images-amazon.com\/images\/I\/51Ot45Ukw8L._SS262_.jpg 262w, https:\/\/images-na.ssl-images-amazon.com\/images\/I\/51Ot45Ukw8L._SS600_.jpg 600w, https:\/\/images-na.ssl-images-amazon.com\/images\/I\/51Ot45Ukw8L._SS100_.jpg 100w\" sizes=\"auto, (max-width: 500px) 100vw, 500px\" \/><\/a>\r\n\t<\/dt>\r\n\t<dd class='wp-caption-text gallery-caption'>\r\n\t<div class='gallery-caption-inner'> <div class='wp-caption-text gallery-title'>\r\n\tMakita-Akku-Pendelhubstichsge-1-Stck-390-W-18-V-DJV181Z\r\n\t<\/div><div class='wp-caption-text gallery-zoom no-text'>\r\n\t\t<a href=https:\/\/werkzeuge-aller-art.com\/?attachment_id=14898 title='Click to view Full Image' class='icon mustang-gallery'><i class='fa fa-plus'><\/i><\/a>\r\n\t\t<\/div><div class='wp-caption-text gallery-redirect'>\r\n\t\t<a href=https:\/\/werkzeuge-aller-art.com\/?attachment_id=14898 title='Click to view read more' class='icon readmore'><i class='fa fa-link'><\/i><\/a>\r\n\t\t<\/div><\/div><\/dd><\/dl>\r\n<\/div>\n<br \/>\n<!-- show up to 2 reviews by default --> <\/p>\n<p>DJV181Z Akku-Pendelhubstichs\u00e4ge 18V\/ K\u00fchlluft bl\u00e4st die Schnittstelle frei. Werkzeugloser S\u00e4geblattwechsel. Exzellente Vibrationsd\u00e4mpfung. Lieferung im Karton ohne Akku, ohne Ladeger\u00e4t, ohne Koffer. Grundplatte aus Aluminium-Druckguss beidseitig um 45\u00b0 schwenkbar. Mit leuchtstarker LED. B\u00fcrstenloser Motor f\u00fcr mehr Ausdauer, l\u00e4ngere Lebensdauer und kompaktere Bauweise. Leichte Stichs\u00e4ge mit geringer Ger\u00e4uschentwicklung. Mit 3-facher Pendelhubeinstellung plus Neutralstellung\/ Technische Details: Akkuspannung: 18 V. Max. Gehrungswinkel: 45 \u00b0. Schnittleistung Holz\/Stahl: 135\/10 mm. Schnittleistung Holz: 135 mm. Schnittleistung Stahl: 10 mm. Pendelhubeinstellung: 3-fach plus Neutral. Hubh\u00f6he: 26 mm. Breite: 77 mm. Hoehe: 189 mm. Laenge: 298 mm. Gewicht: 2, 5 kg. K-Wert Vibration: 1, 5 m\/s\u00b2. Vibration S\u00e4gen Holz: 6, 5 m\/s\u00b2. Vibration S\u00e4gen Metall: 5 m\/s\u00b2. K-Wert Ger\u00e4usch: 3 dB(A). Schalldruckpegel: 78 dB(A). Leerlaufhubzahl: 800#-#3.500\/ Mitgeliefertes Zubeh\u00f6r: 1 Stichs\u00e4geblatt BR-13. 1 Stichs\u00e4geblatt B-22. 1 Stichs\u00e4geblatt B-10. 1 6-KT Stiftschl\u00fcssel 4mm. 1 Gleitschuh Kunststoff. 1 Spanreissschutz. 1 Absaugstutzen, Vibration S\u00e4gen Holz 6,5 m\/s\u00b2 <\/p>\n<p>Leerlaufhubzahl: 800-3.500 min-1<br \/>\nHubh\u00f6he: 26 mm<br \/>\nSchnittleistung in Holz: 135 mm<br \/>\n<div class=\"main-cross-sell\" data-asin=\"B00M215JBK\">\n\n\t<div class=\"WooZone-cross-sell-loader\">\n\t\t<div>\n\t\t\t<div id=\"floatingBarsG\">\n\t\t\t\t<div class=\"blockG\" id=\"rotateG_01\"><\/div>\n\t\t\t\t<div class=\"blockG\" id=\"rotateG_02\"><\/div>\n\t\t\t\t<div class=\"blockG\" id=\"rotateG_03\"><\/div>\n\t\t\t\t<div class=\"blockG\" id=\"rotateG_04\"><\/div>\n\t\t\t\t<div class=\"blockG\" id=\"rotateG_05\"><\/div>\n\t\t\t\t<div class=\"blockG\" id=\"rotateG_06\"><\/div>\n\t\t\t\t<div class=\"blockG\" id=\"rotateG_07\"><\/div>\n\t\t\t\t<div class=\"blockG\" id=\"rotateG_08\"><\/div>\n\t\t\t<\/div>\n\t\t\t<div class=\"WooZone-cross-sell-loader-text\"><\/div>\n\t\t<\/div>\n\t<\/div>\n\n\t\t\n<\/div>\n<div style=\"clear:both;\"><\/div>\n","protected":false},"excerpt":{"rendered":"<p>Leerlaufhubzahl: 800-3.500 min-1<br \/>\nHubh\u00f6he: 26 mm<br \/>\nSchnittleistung in Holz: 135 mm<\/p>\n","protected":false},"featured_media":14897,"comment_status":"open","ping_status":"closed","template":"","meta":[],"product_cat":[109,119],"product_tag":[],"class_list":{"0":"post-14896","1":"product","2":"type-product","3":"status-publish","4":"has-post-thumbnail","6":"product_cat-schleifen-und-trennen","7":"product_cat-stichsaegen","8":"pa_brand-makita","11":"first","12":"instock","13":"shipping-taxable","14":"product-type-external"},"_links":{"self":[{"href":"https:\/\/werkzeuge-aller-art.com\/index.php?rest_route=\/wp\/v2\/product\/14896","targetHints":{"allow":["GET"]}}],"collection":[{"href":"https:\/\/werkzeuge-aller-art.com\/index.php?rest_route=\/wp\/v2\/product"}],"about":[{"href":"https:\/\/werkzeuge-aller-art.com\/index.php?rest_route=\/wp\/v2\/types\/product"}],"replies":[{"embeddable":true,"href":"https:\/\/werkzeuge-aller-art.com\/index.php?rest_route=%2Fwp%2Fv2%2Fcomments&post=14896"}],"wp:featuredmedia":[{"embeddable":true,"href":"https:\/\/werkzeuge-aller-art.com\/index.php?rest_route=\/wp\/v2\/media\/14897"}],"wp:attachment":[{"href":"https:\/\/werkzeuge-aller-art.com\/index.php?rest_route=%2Fwp%2Fv2%2Fmedia&parent=14896"}],"wp:term":[{"taxonomy":"product_cat","embeddable":true,"href":"https:\/\/werkzeuge-aller-art.com\/index.php?rest_route=%2Fwp%2Fv2%2Fproduct_cat&post=14896"},{"taxonomy":"product_tag","embeddable":true,"href":"https:\/\/werkzeuge-aller-art.com\/index.php?rest_route=%2Fwp%2Fv2%2Fproduct_tag&post=14896"}],"curies":[{"name":"wp","href":"https:\/\/api.w.org\/{rel}","templated":true}]}}