{"id":14814,"date":"2020-03-08T00:44:05","date_gmt":"2020-03-07T23:44:05","guid":{"rendered":"https:\/\/werkzeuge-aller-art.com\/?product=proxxon-27006-tischkreissaege-ks-230-85-w-230-v"},"modified":"2023-04-10T06:32:16","modified_gmt":"2023-04-10T04:32:16","slug":"proxxon-27006-tischkreissaege-ks-230-85-w-230-v","status":"publish","type":"product","link":"https:\/\/werkzeuge-aller-art.com\/?product=proxxon-27006-tischkreissaege-ks-230-85-w-230-v","title":{"rendered":"Proxxon 27006 Tischkreiss\u00e4ge KS 230, 85 W, 230 V, (L x B x H) 240 x 180 x 80 mm"},"content":{"rendered":"<div class=\"disclaim\">                                                           Stil:<strong>Basic<\/strong>                                <\/div>\n<p>                                                                                                                      <!-- show up to 2 reviews by default -->                              <\/p>\n<h3>Produktbeschreibung<\/h3>\n<p>Mit dem dazugeh\u00f6renden &#8222;Super-Cut-S\u00e4geblatt&#8220; (\u00d8 58 mm) kann Weichholz bis 8 mm Dicke geschnitten werden. Langlebiger, leiser und standfeser AC-Motor. Kraft\u00fcbertragung durch Zahnriemen f\u00fcr arbeitsgerechte Drehzahl des S\u00e4geblattes bei 2-fachem Drehmoment. Schnittleistung in Holz bis 8 mm, Kunststoff (auch PERTINAX-Platinen) bis ca. 3 mm, NE-Metalle bis ca. 1,5 mm. Selbst GFK-Platten k\u00f6nnen mittels Hartmetall-S\u00e4geblatt getrennt werden. Verstellbarer L\u00e4ngsanschlag mit Skala. Winkelanschlag mit Gradeinteilung. Plangefr\u00e4ste Arbeitsplatte aus Alu-Druckguss (160 x 160 mm). Technische Daten: 230 V. 85 W. 5.000\/min. Gewicht ca. 1,8 kg. NO 27 006 Wichtig Kraft\u00fcbertragung durch Zahnriemen (in stabilem Getriebekasten, kugelgelagert) sorgt f\u00fcr arbeitsgerechte Drehzahl des S\u00e4geblattes (ca. 5.000\/min) bei ca. 2-fachem Drehmoment. Und vor allem f\u00fcr ausreichende Schnitttiefe. 1Verstellbarer L\u00e4ngsanschlag mit Skala. 2Plangefr\u00e4ste Arbeitsplatte aus Alu-Druckguss (160 x 160 mm). 3 Motor: ein leiser, standfester Dauerl\u00e4ufer. 4Korpus aus ABS mit seitlicher Schiebet\u00fcr rechts zum Entfernen des S\u00e4gemehls. 5Mit Super-Cut-S\u00e4geblatt (Durchmesser 58 mm). 80 Z\u00e4hne, einzeln geschr\u00e4nkt und gesch\u00e4rft. 6Winkelanschlag mit Gradeinteilung.                              <\/p>\n<h3>Rechtliche Hinweise<\/h3>\n<p>Privatverkauf, keine R\u00fccknahme                              <\/p>\n<p>Verstellbarer L\u00e4ngsanschlag mit Skala.<br \/>\nMotor: ein leiser, standfester Dauerl\u00e4ufer.<br \/>\nKorpus aus ABS mit seitlicher Schiebet\u00fcr rechts zum Entfernen des S\u00e4gemehls.<br \/>\n<div class=\"main-cross-sell\" data-asin=\"B000LNC7SY\">\n\n\t<div class=\"WooZone-cross-sell-loader\">\n\t\t<div>\n\t\t\t<div id=\"floatingBarsG\">\n\t\t\t\t<div class=\"blockG\" id=\"rotateG_01\"><\/div>\n\t\t\t\t<div class=\"blockG\" id=\"rotateG_02\"><\/div>\n\t\t\t\t<div class=\"blockG\" id=\"rotateG_03\"><\/div>\n\t\t\t\t<div class=\"blockG\" id=\"rotateG_04\"><\/div>\n\t\t\t\t<div class=\"blockG\" id=\"rotateG_05\"><\/div>\n\t\t\t\t<div class=\"blockG\" id=\"rotateG_06\"><\/div>\n\t\t\t\t<div class=\"blockG\" id=\"rotateG_07\"><\/div>\n\t\t\t\t<div class=\"blockG\" id=\"rotateG_08\"><\/div>\n\t\t\t<\/div>\n\t\t\t<div class=\"WooZone-cross-sell-loader-text\"><\/div>\n\t\t<\/div>\n\t<\/div>\n\n\t\t\n<\/div>\n<div style=\"clear:both;\"><\/div>\n","protected":false},"excerpt":{"rendered":"<p>Verstellbarer L\u00e4ngsanschlag mit Skala.<br \/>\nMotor: ein leiser, standfester Dauerl\u00e4ufer.<br \/>\nKorpus aus ABS mit seitlicher Schiebet\u00fcr rechts zum Entfernen des S\u00e4gemehls.<\/p>\n","protected":false},"featured_media":14815,"comment_status":"open","ping_status":"closed","template":"","meta":[],"product_cat":[118,109],"product_tag":[],"class_list":{"0":"post-14814","1":"product","2":"type-product","3":"status-publish","4":"has-post-thumbnail","6":"product_cat-kreissaege","7":"product_cat-schleifen-und-trennen","8":"pa_brand-proxxon","11":"first","12":"instock","13":"shipping-taxable","14":"product-type-external"},"_links":{"self":[{"href":"https:\/\/werkzeuge-aller-art.com\/index.php?rest_route=\/wp\/v2\/product\/14814","targetHints":{"allow":["GET"]}}],"collection":[{"href":"https:\/\/werkzeuge-aller-art.com\/index.php?rest_route=\/wp\/v2\/product"}],"about":[{"href":"https:\/\/werkzeuge-aller-art.com\/index.php?rest_route=\/wp\/v2\/types\/product"}],"replies":[{"embeddable":true,"href":"https:\/\/werkzeuge-aller-art.com\/index.php?rest_route=%2Fwp%2Fv2%2Fcomments&post=14814"}],"wp:featuredmedia":[{"embeddable":true,"href":"https:\/\/werkzeuge-aller-art.com\/index.php?rest_route=\/wp\/v2\/media\/14815"}],"wp:attachment":[{"href":"https:\/\/werkzeuge-aller-art.com\/index.php?rest_route=%2Fwp%2Fv2%2Fmedia&parent=14814"}],"wp:term":[{"taxonomy":"product_cat","embeddable":true,"href":"https:\/\/werkzeuge-aller-art.com\/index.php?rest_route=%2Fwp%2Fv2%2Fproduct_cat&post=14814"},{"taxonomy":"product_tag","embeddable":true,"href":"https:\/\/werkzeuge-aller-art.com\/index.php?rest_route=%2Fwp%2Fv2%2Fproduct_tag&post=14814"}],"curies":[{"name":"wp","href":"https:\/\/api.w.org\/{rel}","templated":true}]}}