{"id":14762,"date":"2020-03-08T00:40:22","date_gmt":"2020-03-07T23:40:22","guid":{"rendered":"https:\/\/werkzeuge-aller-art.com\/?product=einhell-tischkreissaege-te-cc-2025-uf-2000-w-saegeblatt-o250-x-o30-mm-max-schnitthoehe-78-mm-tischgroesse-645-x-530-mm"},"modified":"2023-04-10T06:32:16","modified_gmt":"2023-04-10T04:32:16","slug":"einhell-tischkreissaege-te-cc-2025-uf-2000-w-saegeblatt-o250-x-o30-mm-max-schnitthoehe-78-mm-tischgroesse-645-x-530-mm","status":"publish","type":"product","link":"https:\/\/werkzeuge-aller-art.com\/?product=einhell-tischkreissaege-te-cc-2025-uf-2000-w-saegeblatt-o250-x-o30-mm-max-schnitthoehe-78-mm-tischgroesse-645-x-530-mm","title":{"rendered":"Einhell Tischkreiss\u00e4ge TE-CC 2025 UF (2000 W, S\u00e4geblatt \u00d8250 x \u00d830 mm, max. Schnitth\u00f6he 78 mm, Tischgr\u00f6\u00dfe 645 x 530 mm)"},"content":{"rendered":"\n\t\t<div id='gallery-1' class='gallery galleryid-14762 gallery-columns-3 gallery-size-full'><dl class='gallery-item'>\r\n\t<dt class='gallery-icon landscape'>\r\n\t<a rel='gallery-nr'><img loading=\"lazy\" decoding=\"async\" width=\"500\" height=\"497\" src=\"https:\/\/images-na.ssl-images-amazon.com\/images\/I\/41lzTJgnstL.jpg\" class=\"attachment-full size-full\" alt=\"\" srcset=\"https:\/\/images-na.ssl-images-amazon.com\/images\/I\/41lzTJgnstL.jpg 500w, https:\/\/images-na.ssl-images-amazon.com\/images\/I\/41lzTJgnstL._SS150_.jpg 150w, https:\/\/images-na.ssl-images-amazon.com\/images\/I\/41lzTJgnstL._SS145_.jpg 145w, https:\/\/images-na.ssl-images-amazon.com\/images\/I\/41lzTJgnstL._SS50_.jpg 50w, https:\/\/images-na.ssl-images-amazon.com\/images\/I\/41lzTJgnstL._SS100_.jpg 100w\" sizes=\"auto, (max-width: 500px) 100vw, 500px\" \/><\/a>\r\n\t<\/dt>\r\n\t<dd class='wp-caption-text gallery-caption'>\r\n\t<div class='gallery-caption-inner'> <div class='wp-caption-text gallery-title'>\r\n\tEinhell-Tischkreissge-TE-CC-2025-UF-2000-W-Sgeblatt-250-x-30-mm-max-Schnitthhe-78-mm-Tischgre-645-x-530-mm\r\n\t<\/div><div class='wp-caption-text gallery-zoom no-text'>\r\n\t\t<a href=https:\/\/werkzeuge-aller-art.com\/?attachment_id=14763 title='Click to view Full Image' class='icon mustang-gallery'><i class='fa fa-plus'><\/i><\/a>\r\n\t\t<\/div><div class='wp-caption-text gallery-redirect'>\r\n\t\t<a href=https:\/\/werkzeuge-aller-art.com\/?attachment_id=14763 title='Click to view read more' class='icon readmore'><i class='fa fa-link'><\/i><\/a>\r\n\t\t<\/div><\/div><\/dd><\/dl><dl class='gallery-item'>\r\n\t<dt class='gallery-icon landscape'>\r\n\t<a rel='gallery-nr'><img loading=\"lazy\" decoding=\"async\" width=\"500\" height=\"500\" src=\"https:\/\/images-na.ssl-images-amazon.com\/images\/I\/51aUXzCdMmL.jpg\" class=\"attachment-full size-full\" alt=\"\" srcset=\"https:\/\/images-na.ssl-images-amazon.com\/images\/I\/51aUXzCdMmL.jpg 500w, https:\/\/images-na.ssl-images-amazon.com\/images\/I\/51aUXzCdMmL._SS150_.jpg 150w, https:\/\/images-na.ssl-images-amazon.com\/images\/I\/51aUXzCdMmL._SS300_.jpg 300w, https:\/\/images-na.ssl-images-amazon.com\/images\/I\/51aUXzCdMmL._SS768_.jpg 768w, https:\/\/images-na.ssl-images-amazon.com\/images\/I\/51aUXzCdMmL._SS1024_.jpg 1024w, https:\/\/images-na.ssl-images-amazon.com\/images\/I\/51aUXzCdMmL._SS1536_.jpg 1536w, https:\/\/images-na.ssl-images-amazon.com\/images\/I\/51aUXzCdMmL._SS2048_.jpg 2048w, https:\/\/images-na.ssl-images-amazon.com\/images\/I\/51aUXzCdMmL._SS145_.jpg 145w, https:\/\/images-na.ssl-images-amazon.com\/images\/I\/51aUXzCdMmL._SS1400_.jpg 1400w, https:\/\/images-na.ssl-images-amazon.com\/images\/I\/51aUXzCdMmL._SS50_.jpg 50w, https:\/\/images-na.ssl-images-amazon.com\/images\/I\/51aUXzCdMmL._SS604_.jpg 604w, https:\/\/images-na.ssl-images-amazon.com\/images\/I\/51aUXzCdMmL._SS262_.jpg 262w, https:\/\/images-na.ssl-images-amazon.com\/images\/I\/51aUXzCdMmL._SS600_.jpg 600w, https:\/\/images-na.ssl-images-amazon.com\/images\/I\/51aUXzCdMmL._SS100_.jpg 100w\" sizes=\"auto, (max-width: 500px) 100vw, 500px\" \/><\/a>\r\n\t<\/dt>\r\n\t<dd class='wp-caption-text gallery-caption'>\r\n\t<div class='gallery-caption-inner'> <div class='wp-caption-text gallery-title'>\r\n\tEinhell-Tischkreissge-TE-CC-2025-UF-2000-W-Sgeblatt-250-x-30-mm-max-Schnitthhe-78-mm-Tischgre-645-x-530-mm\r\n\t<\/div><div class='wp-caption-text gallery-zoom no-text'>\r\n\t\t<a href=https:\/\/werkzeuge-aller-art.com\/?attachment_id=14764 title='Click to view Full Image' class='icon mustang-gallery'><i class='fa fa-plus'><\/i><\/a>\r\n\t\t<\/div><div class='wp-caption-text gallery-redirect'>\r\n\t\t<a href=https:\/\/werkzeuge-aller-art.com\/?attachment_id=14764 title='Click to view read more' class='icon readmore'><i class='fa fa-link'><\/i><\/a>\r\n\t\t<\/div><\/div><\/dd><\/dl><dl class='gallery-item'>\r\n\t<dt class='gallery-icon landscape'>\r\n\t<a rel='gallery-nr'><img loading=\"lazy\" decoding=\"async\" width=\"500\" height=\"500\" src=\"https:\/\/images-na.ssl-images-amazon.com\/images\/I\/51FdOxqnBrL.jpg\" class=\"attachment-full size-full\" alt=\"\" srcset=\"https:\/\/images-na.ssl-images-amazon.com\/images\/I\/51FdOxqnBrL.jpg 500w, https:\/\/images-na.ssl-images-amazon.com\/images\/I\/51FdOxqnBrL._SS150_.jpg 150w, https:\/\/images-na.ssl-images-amazon.com\/images\/I\/51FdOxqnBrL._SS300_.jpg 300w, https:\/\/images-na.ssl-images-amazon.com\/images\/I\/51FdOxqnBrL._SS768_.jpg 768w, https:\/\/images-na.ssl-images-amazon.com\/images\/I\/51FdOxqnBrL._SS1024_.jpg 1024w, https:\/\/images-na.ssl-images-amazon.com\/images\/I\/51FdOxqnBrL._SS1536_.jpg 1536w, https:\/\/images-na.ssl-images-amazon.com\/images\/I\/51FdOxqnBrL._SS2048_.jpg 2048w, https:\/\/images-na.ssl-images-amazon.com\/images\/I\/51FdOxqnBrL._SS145_.jpg 145w, https:\/\/images-na.ssl-images-amazon.com\/images\/I\/51FdOxqnBrL._SS1400_.jpg 1400w, https:\/\/images-na.ssl-images-amazon.com\/images\/I\/51FdOxqnBrL._SS50_.jpg 50w, https:\/\/images-na.ssl-images-amazon.com\/images\/I\/51FdOxqnBrL._SS604_.jpg 604w, https:\/\/images-na.ssl-images-amazon.com\/images\/I\/51FdOxqnBrL._SS262_.jpg 262w, https:\/\/images-na.ssl-images-amazon.com\/images\/I\/51FdOxqnBrL._SS600_.jpg 600w, https:\/\/images-na.ssl-images-amazon.com\/images\/I\/51FdOxqnBrL._SS100_.jpg 100w\" sizes=\"auto, (max-width: 500px) 100vw, 500px\" \/><\/a>\r\n\t<\/dt>\r\n\t<dd class='wp-caption-text gallery-caption'>\r\n\t<div class='gallery-caption-inner'> <div class='wp-caption-text gallery-title'>\r\n\tEinhell-Tischkreissge-TE-CC-2025-UF-2000-W-Sgeblatt-250-x-30-mm-max-Schnitthhe-78-mm-Tischgre-645-x-530-mm\r\n\t<\/div><div class='wp-caption-text gallery-zoom no-text'>\r\n\t\t<a href=https:\/\/werkzeuge-aller-art.com\/?attachment_id=14765 title='Click to view Full Image' class='icon mustang-gallery'><i class='fa fa-plus'><\/i><\/a>\r\n\t\t<\/div><div class='wp-caption-text gallery-redirect'>\r\n\t\t<a href=https:\/\/werkzeuge-aller-art.com\/?attachment_id=14765 title='Click to view read more' class='icon readmore'><i class='fa fa-link'><\/i><\/a>\r\n\t\t<\/div><\/div><\/dd><\/dl><dl class='gallery-item'>\r\n\t<dt class='gallery-icon landscape'>\r\n\t<a rel='gallery-nr'><img loading=\"lazy\" decoding=\"async\" width=\"500\" height=\"500\" src=\"https:\/\/images-na.ssl-images-amazon.com\/images\/I\/51JCAJIIwzL.jpg\" class=\"attachment-full size-full\" alt=\"\" srcset=\"https:\/\/images-na.ssl-images-amazon.com\/images\/I\/51JCAJIIwzL.jpg 500w, https:\/\/images-na.ssl-images-amazon.com\/images\/I\/51JCAJIIwzL._SS150_.jpg 150w, https:\/\/images-na.ssl-images-amazon.com\/images\/I\/51JCAJIIwzL._SS300_.jpg 300w, https:\/\/images-na.ssl-images-amazon.com\/images\/I\/51JCAJIIwzL._SS768_.jpg 768w, https:\/\/images-na.ssl-images-amazon.com\/images\/I\/51JCAJIIwzL._SS1024_.jpg 1024w, https:\/\/images-na.ssl-images-amazon.com\/images\/I\/51JCAJIIwzL._SS1536_.jpg 1536w, https:\/\/images-na.ssl-images-amazon.com\/images\/I\/51JCAJIIwzL._SS2048_.jpg 2048w, https:\/\/images-na.ssl-images-amazon.com\/images\/I\/51JCAJIIwzL._SS145_.jpg 145w, https:\/\/images-na.ssl-images-amazon.com\/images\/I\/51JCAJIIwzL._SS1400_.jpg 1400w, https:\/\/images-na.ssl-images-amazon.com\/images\/I\/51JCAJIIwzL._SS50_.jpg 50w, https:\/\/images-na.ssl-images-amazon.com\/images\/I\/51JCAJIIwzL._SS604_.jpg 604w, https:\/\/images-na.ssl-images-amazon.com\/images\/I\/51JCAJIIwzL._SS262_.jpg 262w, https:\/\/images-na.ssl-images-amazon.com\/images\/I\/51JCAJIIwzL._SS600_.jpg 600w, https:\/\/images-na.ssl-images-amazon.com\/images\/I\/51JCAJIIwzL._SS100_.jpg 100w\" sizes=\"auto, (max-width: 500px) 100vw, 500px\" \/><\/a>\r\n\t<\/dt>\r\n\t<dd class='wp-caption-text gallery-caption'>\r\n\t<div class='gallery-caption-inner'> <div class='wp-caption-text gallery-title'>\r\n\tEinhell-Tischkreissge-TE-CC-2025-UF-2000-W-Sgeblatt-250-x-30-mm-max-Schnitthhe-78-mm-Tischgre-645-x-530-mm\r\n\t<\/div><div class='wp-caption-text gallery-zoom no-text'>\r\n\t\t<a href=https:\/\/werkzeuge-aller-art.com\/?attachment_id=14766 title='Click to view Full Image' class='icon mustang-gallery'><i class='fa fa-plus'><\/i><\/a>\r\n\t\t<\/div><div class='wp-caption-text gallery-redirect'>\r\n\t\t<a href=https:\/\/werkzeuge-aller-art.com\/?attachment_id=14766 title='Click to view read more' class='icon readmore'><i class='fa fa-link'><\/i><\/a>\r\n\t\t<\/div><\/div><\/dd><\/dl><dl class='gallery-item'>\r\n\t<dt class='gallery-icon landscape'>\r\n\t<a rel='gallery-nr'><img loading=\"lazy\" decoding=\"async\" width=\"500\" height=\"500\" src=\"https:\/\/images-na.ssl-images-amazon.com\/images\/I\/51e7Jq0oknL.jpg\" class=\"attachment-full size-full\" alt=\"\" srcset=\"https:\/\/images-na.ssl-images-amazon.com\/images\/I\/51e7Jq0oknL.jpg 500w, https:\/\/images-na.ssl-images-amazon.com\/images\/I\/51e7Jq0oknL._SS150_.jpg 150w, https:\/\/images-na.ssl-images-amazon.com\/images\/I\/51e7Jq0oknL._SS300_.jpg 300w, https:\/\/images-na.ssl-images-amazon.com\/images\/I\/51e7Jq0oknL._SS768_.jpg 768w, https:\/\/images-na.ssl-images-amazon.com\/images\/I\/51e7Jq0oknL._SS1024_.jpg 1024w, https:\/\/images-na.ssl-images-amazon.com\/images\/I\/51e7Jq0oknL._SS1536_.jpg 1536w, https:\/\/images-na.ssl-images-amazon.com\/images\/I\/51e7Jq0oknL._SS2048_.jpg 2048w, https:\/\/images-na.ssl-images-amazon.com\/images\/I\/51e7Jq0oknL._SS145_.jpg 145w, https:\/\/images-na.ssl-images-amazon.com\/images\/I\/51e7Jq0oknL._SS1400_.jpg 1400w, https:\/\/images-na.ssl-images-amazon.com\/images\/I\/51e7Jq0oknL._SS50_.jpg 50w, https:\/\/images-na.ssl-images-amazon.com\/images\/I\/51e7Jq0oknL._SS604_.jpg 604w, https:\/\/images-na.ssl-images-amazon.com\/images\/I\/51e7Jq0oknL._SS262_.jpg 262w, https:\/\/images-na.ssl-images-amazon.com\/images\/I\/51e7Jq0oknL._SS600_.jpg 600w, https:\/\/images-na.ssl-images-amazon.com\/images\/I\/51e7Jq0oknL._SS100_.jpg 100w\" sizes=\"auto, (max-width: 500px) 100vw, 500px\" \/><\/a>\r\n\t<\/dt>\r\n\t<dd class='wp-caption-text gallery-caption'>\r\n\t<div class='gallery-caption-inner'> <div class='wp-caption-text gallery-title'>\r\n\tEinhell-Tischkreissge-TE-CC-2025-UF-2000-W-Sgeblatt-250-x-30-mm-max-Schnitthhe-78-mm-Tischgre-645-x-530-mm\r\n\t<\/div><div class='wp-caption-text gallery-zoom no-text'>\r\n\t\t<a href=https:\/\/werkzeuge-aller-art.com\/?attachment_id=14767 title='Click to view Full Image' class='icon mustang-gallery'><i class='fa fa-plus'><\/i><\/a>\r\n\t\t<\/div><div class='wp-caption-text gallery-redirect'>\r\n\t\t<a href=https:\/\/werkzeuge-aller-art.com\/?attachment_id=14767 title='Click to view read more' class='icon readmore'><i class='fa fa-link'><\/i><\/a>\r\n\t\t<\/div><\/div><\/dd><\/dl><dl class='gallery-item'>\r\n\t<dt class='gallery-icon landscape'>\r\n\t<a rel='gallery-nr'><img loading=\"lazy\" decoding=\"async\" width=\"500\" height=\"500\" src=\"https:\/\/images-na.ssl-images-amazon.com\/images\/I\/51XrYwZ38TL.jpg\" class=\"attachment-full size-full\" alt=\"\" srcset=\"https:\/\/images-na.ssl-images-amazon.com\/images\/I\/51XrYwZ38TL.jpg 500w, https:\/\/images-na.ssl-images-amazon.com\/images\/I\/51XrYwZ38TL._SS150_.jpg 150w, https:\/\/images-na.ssl-images-amazon.com\/images\/I\/51XrYwZ38TL._SS300_.jpg 300w, https:\/\/images-na.ssl-images-amazon.com\/images\/I\/51XrYwZ38TL._SS768_.jpg 768w, https:\/\/images-na.ssl-images-amazon.com\/images\/I\/51XrYwZ38TL._SS1024_.jpg 1024w, https:\/\/images-na.ssl-images-amazon.com\/images\/I\/51XrYwZ38TL._SS1536_.jpg 1536w, https:\/\/images-na.ssl-images-amazon.com\/images\/I\/51XrYwZ38TL._SS2048_.jpg 2048w, https:\/\/images-na.ssl-images-amazon.com\/images\/I\/51XrYwZ38TL._SS145_.jpg 145w, https:\/\/images-na.ssl-images-amazon.com\/images\/I\/51XrYwZ38TL._SS1400_.jpg 1400w, https:\/\/images-na.ssl-images-amazon.com\/images\/I\/51XrYwZ38TL._SS50_.jpg 50w, https:\/\/images-na.ssl-images-amazon.com\/images\/I\/51XrYwZ38TL._SS604_.jpg 604w, https:\/\/images-na.ssl-images-amazon.com\/images\/I\/51XrYwZ38TL._SS262_.jpg 262w, https:\/\/images-na.ssl-images-amazon.com\/images\/I\/51XrYwZ38TL._SS600_.jpg 600w, https:\/\/images-na.ssl-images-amazon.com\/images\/I\/51XrYwZ38TL._SS100_.jpg 100w\" sizes=\"auto, (max-width: 500px) 100vw, 500px\" \/><\/a>\r\n\t<\/dt>\r\n\t<dd class='wp-caption-text gallery-caption'>\r\n\t<div class='gallery-caption-inner'> <div class='wp-caption-text gallery-title'>\r\n\tEinhell-Tischkreissge-TE-CC-2025-UF-2000-W-Sgeblatt-250-x-30-mm-max-Schnitthhe-78-mm-Tischgre-645-x-530-mm\r\n\t<\/div><div class='wp-caption-text gallery-zoom no-text'>\r\n\t\t<a href=https:\/\/werkzeuge-aller-art.com\/?attachment_id=14768 title='Click to view Full Image' class='icon mustang-gallery'><i class='fa fa-plus'><\/i><\/a>\r\n\t\t<\/div><div class='wp-caption-text gallery-redirect'>\r\n\t\t<a href=https:\/\/werkzeuge-aller-art.com\/?attachment_id=14768 title='Click to view read more' class='icon readmore'><i class='fa fa-link'><\/i><\/a>\r\n\t\t<\/div><\/div><\/dd><\/dl><dl class='gallery-item'>\r\n\t<dt class='gallery-icon landscape'>\r\n\t<a rel='gallery-nr'><img loading=\"lazy\" decoding=\"async\" width=\"500\" height=\"500\" src=\"https:\/\/images-na.ssl-images-amazon.com\/images\/I\/51awuJgeEeL.jpg\" class=\"attachment-full size-full\" alt=\"\" srcset=\"https:\/\/images-na.ssl-images-amazon.com\/images\/I\/51awuJgeEeL.jpg 500w, https:\/\/images-na.ssl-images-amazon.com\/images\/I\/51awuJgeEeL._SS150_.jpg 150w, https:\/\/images-na.ssl-images-amazon.com\/images\/I\/51awuJgeEeL._SS300_.jpg 300w, https:\/\/images-na.ssl-images-amazon.com\/images\/I\/51awuJgeEeL._SS768_.jpg 768w, https:\/\/images-na.ssl-images-amazon.com\/images\/I\/51awuJgeEeL._SS1024_.jpg 1024w, https:\/\/images-na.ssl-images-amazon.com\/images\/I\/51awuJgeEeL._SS1536_.jpg 1536w, https:\/\/images-na.ssl-images-amazon.com\/images\/I\/51awuJgeEeL._SS2048_.jpg 2048w, https:\/\/images-na.ssl-images-amazon.com\/images\/I\/51awuJgeEeL._SS145_.jpg 145w, https:\/\/images-na.ssl-images-amazon.com\/images\/I\/51awuJgeEeL._SS1400_.jpg 1400w, https:\/\/images-na.ssl-images-amazon.com\/images\/I\/51awuJgeEeL._SS50_.jpg 50w, https:\/\/images-na.ssl-images-amazon.com\/images\/I\/51awuJgeEeL._SS604_.jpg 604w, https:\/\/images-na.ssl-images-amazon.com\/images\/I\/51awuJgeEeL._SS262_.jpg 262w, https:\/\/images-na.ssl-images-amazon.com\/images\/I\/51awuJgeEeL._SS600_.jpg 600w, https:\/\/images-na.ssl-images-amazon.com\/images\/I\/51awuJgeEeL._SS100_.jpg 100w\" sizes=\"auto, (max-width: 500px) 100vw, 500px\" \/><\/a>\r\n\t<\/dt>\r\n\t<dd class='wp-caption-text gallery-caption'>\r\n\t<div class='gallery-caption-inner'> <div class='wp-caption-text gallery-title'>\r\n\tEinhell-Tischkreissge-TE-CC-2025-UF-2000-W-Sgeblatt-250-x-30-mm-max-Schnitthhe-78-mm-Tischgre-645-x-530-mm\r\n\t<\/div><div class='wp-caption-text gallery-zoom no-text'>\r\n\t\t<a href=https:\/\/werkzeuge-aller-art.com\/?attachment_id=14769 title='Click to view Full Image' class='icon mustang-gallery'><i class='fa fa-plus'><\/i><\/a>\r\n\t\t<\/div><div class='wp-caption-text gallery-redirect'>\r\n\t\t<a href=https:\/\/werkzeuge-aller-art.com\/?attachment_id=14769 title='Click to view read more' class='icon readmore'><i class='fa fa-link'><\/i><\/a>\r\n\t\t<\/div><\/div><\/dd><\/dl>\r\n<\/div>\n\n<div class=\"disclaim\">                                                           Stil:<strong>Tischkreiss\u00e4ge (645 x 530 mm)<\/strong>                                <\/div>\n<p>                                                                                                                      <!-- show up to 2 reviews by default -->                                                      <\/p>\n<p>Die Einhell Tischkreiss\u00e4ge TE-CC 2025 UF ist mit einem HM-Pr\u00e4zisionss\u00e4geblatt, einem Alu-Tisch mit hervorragenden Gleiteigenschaften, einem Formatschiebeschlitten f\u00fcr exakte lange Schnitte, der 2-in-1-S\u00e4geblattverstellung f\u00fcr H\u00f6he und Neigung sowie einem Parallelanschlag mit beidseitiger Fixierung und einer breiten Anschlagsschiene ausgestattet. Der Tisch l\u00e4sst sich nach hinten und zur rechten Seite erweitern, der Queranschlag verf\u00fcgt \u00fcber eine Winkelskala f\u00fcr Gehrungsschnitte. Das Geh\u00e4use verf\u00fcgt \u00fcber einen Sp\u00e4neabsauganschluss, einen transparenten S\u00e4geblattschutz und einen Zubeh\u00f6rhalter. F\u00fcr den mobilen Gebrauch ist das faltbare Untergestell mit R\u00e4dern ausgestattet. Der \u00dcberlastschalter sch\u00fctzt den Motor vor \u00dcberhitzung.                              <\/p>\n<p>Bis zu 2.000 Watt Leistung f\u00fcr grobe und feine Arbeiten rund um das Hobby oder auch f\u00fcr Projekte in Haus und Garten.<br \/>\nEin robuster Aluminiumtisch f\u00fcr gro\u00dfe Aufgaben mit der Option auf Verl\u00e4ngerung nach Hinten (15 cm) und zur rechten Seite (18 cm) f\u00fcr \u00fcbergro\u00dfe Werkst\u00fccke.<br \/>\nLange Schnitte mit einer extra breiten Anschlagschiene und Formatschiebeschlitten. Ein transparenter S\u00e4geblattschutz bietet Sicht auf den Schnittbereich, ein Schiebestock sch\u00fctzt bei der Anwendung.<br \/>\nZur einfachen Handhabung: die 2-in-1-H\u00f6hen- und Neigungsverstellung des S\u00e4geblattes. Beidseitig fixierter Parallelanschlag und Queranschlag mit Winkelskala f\u00fcr Gehrungsschnitte.<br \/>\nEine saubere Sache: Sp\u00e4neabsauganschluss am Geh\u00e4use integriert. Ein \u00dcberlastschalter sch\u00fctzt vor \u00dcberlastungs- und Hitzesch\u00e4den.<br \/>\nPraktisch und mobil: Das faltbare Untergestell und der Zubeh\u00f6rhalter f\u00fcr einen einfachen Transport.<br \/>\nEin \u00dcberlastschalter sch\u00fctzt vor \u00dcberlastungs- und Hitzesch\u00e4den.<br \/>\n<div class=\"main-cross-sell\" data-asin=\"B06WLN3YJR\">\n\n\t<div class=\"WooZone-cross-sell-loader\">\n\t\t<div>\n\t\t\t<div id=\"floatingBarsG\">\n\t\t\t\t<div class=\"blockG\" id=\"rotateG_01\"><\/div>\n\t\t\t\t<div class=\"blockG\" id=\"rotateG_02\"><\/div>\n\t\t\t\t<div class=\"blockG\" id=\"rotateG_03\"><\/div>\n\t\t\t\t<div class=\"blockG\" id=\"rotateG_04\"><\/div>\n\t\t\t\t<div class=\"blockG\" id=\"rotateG_05\"><\/div>\n\t\t\t\t<div class=\"blockG\" id=\"rotateG_06\"><\/div>\n\t\t\t\t<div class=\"blockG\" id=\"rotateG_07\"><\/div>\n\t\t\t\t<div class=\"blockG\" id=\"rotateG_08\"><\/div>\n\t\t\t<\/div>\n\t\t\t<div class=\"WooZone-cross-sell-loader-text\"><\/div>\n\t\t<\/div>\n\t<\/div>\n\n\t\t\n<\/div>\n<div style=\"clear:both;\"><\/div>\n","protected":false},"excerpt":{"rendered":"<p>Bis zu 2.000 Watt Leistung f\u00fcr grobe und feine Arbeiten rund um das Hobby oder auch f\u00fcr Projekte in Haus und Garten.<br \/>\nEin robuster Aluminiumtisch f\u00fcr gro\u00dfe Aufgaben mit der Option auf Verl\u00e4ngerung nach Hinten (15 cm) und zur rechten Seite (18 cm) f\u00fcr \u00fcbergro\u00dfe Werkst\u00fccke.<br \/>\nLange Schnitte mit einer extra breiten Anschlagschiene und Formatschiebeschlitten. Ein transparenter S\u00e4geblattschutz bietet Sicht auf den Schnittbereich, ein Schiebestock sch\u00fctzt bei der Anwendung.<\/p>\n","protected":false},"featured_media":14763,"comment_status":"open","ping_status":"closed","template":"","meta":[],"product_cat":[118,109],"product_tag":[],"class_list":{"0":"post-14762","1":"product","2":"type-product","3":"status-publish","4":"has-post-thumbnail","6":"product_cat-kreissaege","7":"product_cat-schleifen-und-trennen","8":"pa_brand-einhell","11":"first","12":"instock","13":"shipping-taxable","14":"product-type-external"},"_links":{"self":[{"href":"https:\/\/werkzeuge-aller-art.com\/index.php?rest_route=\/wp\/v2\/product\/14762","targetHints":{"allow":["GET"]}}],"collection":[{"href":"https:\/\/werkzeuge-aller-art.com\/index.php?rest_route=\/wp\/v2\/product"}],"about":[{"href":"https:\/\/werkzeuge-aller-art.com\/index.php?rest_route=\/wp\/v2\/types\/product"}],"replies":[{"embeddable":true,"href":"https:\/\/werkzeuge-aller-art.com\/index.php?rest_route=%2Fwp%2Fv2%2Fcomments&post=14762"}],"wp:featuredmedia":[{"embeddable":true,"href":"https:\/\/werkzeuge-aller-art.com\/index.php?rest_route=\/wp\/v2\/media\/14763"}],"wp:attachment":[{"href":"https:\/\/werkzeuge-aller-art.com\/index.php?rest_route=%2Fwp%2Fv2%2Fmedia&parent=14762"}],"wp:term":[{"taxonomy":"product_cat","embeddable":true,"href":"https:\/\/werkzeuge-aller-art.com\/index.php?rest_route=%2Fwp%2Fv2%2Fproduct_cat&post=14762"},{"taxonomy":"product_tag","embeddable":true,"href":"https:\/\/werkzeuge-aller-art.com\/index.php?rest_route=%2Fwp%2Fv2%2Fproduct_tag&post=14762"}],"curies":[{"name":"wp","href":"https:\/\/api.w.org\/{rel}","templated":true}]}}