{"id":14726,"date":"2020-03-08T00:37:49","date_gmt":"2020-03-07T23:37:49","guid":{"rendered":"https:\/\/werkzeuge-aller-art.com\/?product=handkreissaege-teccpo-professionale-3500-u-min-mini-kreissaege-mit-laserfuehrung-3-saegeblaettern-o-85-mm-480w-ideal-fuer-holz-weichmetall-fliesen-und-kunststoffschnitte-taps22p"},"modified":"2023-04-10T06:32:16","modified_gmt":"2023-04-10T04:32:16","slug":"handkreissaege-teccpo-professionale-3500-u-min-mini-kreissaege-mit-laserfuehrung-3-saegeblaettern-o-85-mm-480w-ideal-fuer-holz-weichmetall-fliesen-und-kunststoffschnitte-taps22p","status":"publish","type":"product","link":"https:\/\/werkzeuge-aller-art.com\/?product=handkreissaege-teccpo-professionale-3500-u-min-mini-kreissaege-mit-laserfuehrung-3-saegeblaettern-o-85-mm-480w-ideal-fuer-holz-weichmetall-fliesen-und-kunststoffschnitte-taps22p","title":{"rendered":"Handkreiss\u00e4ge, TECCPO MiniKreiss\u00e4ge 3500RPM 480W mit Laserf\u00fchrung, 3 S\u00e4gebl\u00e4ttern f\u00fcr Holz-, Weichmetall, Fliesen- und\u2026"},"content":{"rendered":"<div id='gallery-1' class='gallery galleryid-14726 gallery-columns-3 gallery-size-full'><dl class='gallery-item'>\r\n\t<dt class='gallery-icon landscape'>\r\n\t<a rel='gallery-nr'><img loading=\"lazy\" decoding=\"async\" width=\"500\" height=\"500\" src=\"https:\/\/images-na.ssl-images-amazon.com\/images\/I\/51hS3UspuJL.jpg\" class=\"attachment-full size-full\" alt=\"\" srcset=\"https:\/\/images-na.ssl-images-amazon.com\/images\/I\/51hS3UspuJL.jpg 500w, https:\/\/images-na.ssl-images-amazon.com\/images\/I\/51hS3UspuJL._SS150_.jpg 150w, https:\/\/images-na.ssl-images-amazon.com\/images\/I\/51hS3UspuJL._SS300_.jpg 300w, https:\/\/images-na.ssl-images-amazon.com\/images\/I\/51hS3UspuJL._SS768_.jpg 768w, https:\/\/images-na.ssl-images-amazon.com\/images\/I\/51hS3UspuJL._SS1024_.jpg 1024w, https:\/\/images-na.ssl-images-amazon.com\/images\/I\/51hS3UspuJL._SS1536_.jpg 1536w, https:\/\/images-na.ssl-images-amazon.com\/images\/I\/51hS3UspuJL._SS2048_.jpg 2048w, https:\/\/images-na.ssl-images-amazon.com\/images\/I\/51hS3UspuJL._SS145_.jpg 145w, https:\/\/images-na.ssl-images-amazon.com\/images\/I\/51hS3UspuJL._SS1400_.jpg 1400w, https:\/\/images-na.ssl-images-amazon.com\/images\/I\/51hS3UspuJL._SS50_.jpg 50w, https:\/\/images-na.ssl-images-amazon.com\/images\/I\/51hS3UspuJL._SS604_.jpg 604w, https:\/\/images-na.ssl-images-amazon.com\/images\/I\/51hS3UspuJL._SS262_.jpg 262w, https:\/\/images-na.ssl-images-amazon.com\/images\/I\/51hS3UspuJL._SS600_.jpg 600w, https:\/\/images-na.ssl-images-amazon.com\/images\/I\/51hS3UspuJL._SS100_.jpg 100w\" sizes=\"auto, (max-width: 500px) 100vw, 500px\" \/><\/a>\r\n\t<\/dt>\r\n\t<dd class='wp-caption-text gallery-caption'>\r\n\t<div class='gallery-caption-inner'> <div class='wp-caption-text gallery-title'>\r\n\tHandkreissge-TECCPO-Professionale-3500-Umin-Mini-Kreissge-mit-Laserfhrung-3-Sgeblttern&#8211;85-mm-480W-Ideal-fr-Holz-Weichmetall-Fliesen-und-Kunststoffschnitte-TAPS22P\r\n\t<\/div><div class='wp-caption-text gallery-zoom no-text'>\r\n\t\t<a href=https:\/\/werkzeuge-aller-art.com\/?attachment_id=14727 title='Click to view Full Image' class='icon mustang-gallery'><i class='fa fa-plus'><\/i><\/a>\r\n\t\t<\/div><div class='wp-caption-text gallery-redirect'>\r\n\t\t<a href=https:\/\/werkzeuge-aller-art.com\/?attachment_id=14727 title='Click to view read more' class='icon readmore'><i class='fa fa-link'><\/i><\/a>\r\n\t\t<\/div><\/div><\/dd><\/dl><dl class='gallery-item'>\r\n\t<dt class='gallery-icon landscape'>\r\n\t<a rel='gallery-nr'><img loading=\"lazy\" decoding=\"async\" width=\"500\" height=\"500\" src=\"https:\/\/images-na.ssl-images-amazon.com\/images\/I\/51S4YmLTciL.jpg\" class=\"attachment-full size-full\" alt=\"\" srcset=\"https:\/\/images-na.ssl-images-amazon.com\/images\/I\/51S4YmLTciL.jpg 500w, https:\/\/images-na.ssl-images-amazon.com\/images\/I\/51S4YmLTciL._SS150_.jpg 150w, https:\/\/images-na.ssl-images-amazon.com\/images\/I\/51S4YmLTciL._SS300_.jpg 300w, https:\/\/images-na.ssl-images-amazon.com\/images\/I\/51S4YmLTciL._SS768_.jpg 768w, https:\/\/images-na.ssl-images-amazon.com\/images\/I\/51S4YmLTciL._SS1024_.jpg 1024w, https:\/\/images-na.ssl-images-amazon.com\/images\/I\/51S4YmLTciL._SS1536_.jpg 1536w, https:\/\/images-na.ssl-images-amazon.com\/images\/I\/51S4YmLTciL._SS2048_.jpg 2048w, https:\/\/images-na.ssl-images-amazon.com\/images\/I\/51S4YmLTciL._SS145_.jpg 145w, https:\/\/images-na.ssl-images-amazon.com\/images\/I\/51S4YmLTciL._SS1400_.jpg 1400w, https:\/\/images-na.ssl-images-amazon.com\/images\/I\/51S4YmLTciL._SS50_.jpg 50w, https:\/\/images-na.ssl-images-amazon.com\/images\/I\/51S4YmLTciL._SS604_.jpg 604w, https:\/\/images-na.ssl-images-amazon.com\/images\/I\/51S4YmLTciL._SS262_.jpg 262w, https:\/\/images-na.ssl-images-amazon.com\/images\/I\/51S4YmLTciL._SS600_.jpg 600w, https:\/\/images-na.ssl-images-amazon.com\/images\/I\/51S4YmLTciL._SS100_.jpg 100w\" sizes=\"auto, (max-width: 500px) 100vw, 500px\" \/><\/a>\r\n\t<\/dt>\r\n\t<dd class='wp-caption-text gallery-caption'>\r\n\t<div class='gallery-caption-inner'> <div class='wp-caption-text gallery-title'>\r\n\tHandkreissge-TECCPO-Professionale-3500-Umin-Mini-Kreissge-mit-Laserfhrung-3-Sgeblttern&#8211;85-mm-480W-Ideal-fr-Holz-Weichmetall-Fliesen-und-Kunststoffschnitte-TAPS22P\r\n\t<\/div><div class='wp-caption-text gallery-zoom no-text'>\r\n\t\t<a href=https:\/\/werkzeuge-aller-art.com\/?attachment_id=14728 title='Click to view Full Image' class='icon mustang-gallery'><i class='fa fa-plus'><\/i><\/a>\r\n\t\t<\/div><div class='wp-caption-text gallery-redirect'>\r\n\t\t<a href=https:\/\/werkzeuge-aller-art.com\/?attachment_id=14728 title='Click to view read more' class='icon readmore'><i class='fa fa-link'><\/i><\/a>\r\n\t\t<\/div><\/div><\/dd><\/dl><dl class='gallery-item'>\r\n\t<dt class='gallery-icon landscape'>\r\n\t<a rel='gallery-nr'><img loading=\"lazy\" decoding=\"async\" width=\"500\" height=\"500\" src=\"https:\/\/images-na.ssl-images-amazon.com\/images\/I\/51SVcyUiMRL.jpg\" class=\"attachment-full size-full\" alt=\"\" srcset=\"https:\/\/images-na.ssl-images-amazon.com\/images\/I\/51SVcyUiMRL.jpg 500w, https:\/\/images-na.ssl-images-amazon.com\/images\/I\/51SVcyUiMRL._SS150_.jpg 150w, https:\/\/images-na.ssl-images-amazon.com\/images\/I\/51SVcyUiMRL._SS300_.jpg 300w, https:\/\/images-na.ssl-images-amazon.com\/images\/I\/51SVcyUiMRL._SS768_.jpg 768w, https:\/\/images-na.ssl-images-amazon.com\/images\/I\/51SVcyUiMRL._SS1024_.jpg 1024w, https:\/\/images-na.ssl-images-amazon.com\/images\/I\/51SVcyUiMRL._SS1536_.jpg 1536w, https:\/\/images-na.ssl-images-amazon.com\/images\/I\/51SVcyUiMRL._SS2048_.jpg 2048w, https:\/\/images-na.ssl-images-amazon.com\/images\/I\/51SVcyUiMRL._SS145_.jpg 145w, https:\/\/images-na.ssl-images-amazon.com\/images\/I\/51SVcyUiMRL._SS1400_.jpg 1400w, https:\/\/images-na.ssl-images-amazon.com\/images\/I\/51SVcyUiMRL._SS50_.jpg 50w, https:\/\/images-na.ssl-images-amazon.com\/images\/I\/51SVcyUiMRL._SS604_.jpg 604w, https:\/\/images-na.ssl-images-amazon.com\/images\/I\/51SVcyUiMRL._SS262_.jpg 262w, https:\/\/images-na.ssl-images-amazon.com\/images\/I\/51SVcyUiMRL._SS600_.jpg 600w, https:\/\/images-na.ssl-images-amazon.com\/images\/I\/51SVcyUiMRL._SS100_.jpg 100w\" sizes=\"auto, (max-width: 500px) 100vw, 500px\" \/><\/a>\r\n\t<\/dt>\r\n\t<dd class='wp-caption-text gallery-caption'>\r\n\t<div class='gallery-caption-inner'> <div class='wp-caption-text gallery-title'>\r\n\tHandkreissge-TECCPO-Professionale-3500-Umin-Mini-Kreissge-mit-Laserfhrung-3-Sgeblttern&#8211;85-mm-480W-Ideal-fr-Holz-Weichmetall-Fliesen-und-Kunststoffschnitte-TAPS22P\r\n\t<\/div><div class='wp-caption-text gallery-zoom no-text'>\r\n\t\t<a href=https:\/\/werkzeuge-aller-art.com\/?attachment_id=14729 title='Click to view Full Image' class='icon mustang-gallery'><i class='fa fa-plus'><\/i><\/a>\r\n\t\t<\/div><div class='wp-caption-text gallery-redirect'>\r\n\t\t<a href=https:\/\/werkzeuge-aller-art.com\/?attachment_id=14729 title='Click to view read more' class='icon readmore'><i class='fa fa-link'><\/i><\/a>\r\n\t\t<\/div><\/div><\/dd><\/dl><dl class='gallery-item'>\r\n\t<dt class='gallery-icon landscape'>\r\n\t<a rel='gallery-nr'><img loading=\"lazy\" decoding=\"async\" width=\"500\" height=\"500\" src=\"https:\/\/images-na.ssl-images-amazon.com\/images\/I\/51V00Ly409L.jpg\" class=\"attachment-full size-full\" alt=\"\" srcset=\"https:\/\/images-na.ssl-images-amazon.com\/images\/I\/51V00Ly409L.jpg 500w, https:\/\/images-na.ssl-images-amazon.com\/images\/I\/51V00Ly409L._SS150_.jpg 150w, https:\/\/images-na.ssl-images-amazon.com\/images\/I\/51V00Ly409L._SS300_.jpg 300w, https:\/\/images-na.ssl-images-amazon.com\/images\/I\/51V00Ly409L._SS768_.jpg 768w, https:\/\/images-na.ssl-images-amazon.com\/images\/I\/51V00Ly409L._SS1024_.jpg 1024w, https:\/\/images-na.ssl-images-amazon.com\/images\/I\/51V00Ly409L._SS1536_.jpg 1536w, https:\/\/images-na.ssl-images-amazon.com\/images\/I\/51V00Ly409L._SS2048_.jpg 2048w, https:\/\/images-na.ssl-images-amazon.com\/images\/I\/51V00Ly409L._SS145_.jpg 145w, https:\/\/images-na.ssl-images-amazon.com\/images\/I\/51V00Ly409L._SS1400_.jpg 1400w, https:\/\/images-na.ssl-images-amazon.com\/images\/I\/51V00Ly409L._SS50_.jpg 50w, https:\/\/images-na.ssl-images-amazon.com\/images\/I\/51V00Ly409L._SS604_.jpg 604w, https:\/\/images-na.ssl-images-amazon.com\/images\/I\/51V00Ly409L._SS262_.jpg 262w, https:\/\/images-na.ssl-images-amazon.com\/images\/I\/51V00Ly409L._SS600_.jpg 600w, https:\/\/images-na.ssl-images-amazon.com\/images\/I\/51V00Ly409L._SS100_.jpg 100w\" sizes=\"auto, (max-width: 500px) 100vw, 500px\" \/><\/a>\r\n\t<\/dt>\r\n\t<dd class='wp-caption-text gallery-caption'>\r\n\t<div class='gallery-caption-inner'> <div class='wp-caption-text gallery-title'>\r\n\tHandkreissge-TECCPO-Professionale-3500-Umin-Mini-Kreissge-mit-Laserfhrung-3-Sgeblttern&#8211;85-mm-480W-Ideal-fr-Holz-Weichmetall-Fliesen-und-Kunststoffschnitte-TAPS22P\r\n\t<\/div><div class='wp-caption-text gallery-zoom no-text'>\r\n\t\t<a href=https:\/\/werkzeuge-aller-art.com\/?attachment_id=14730 title='Click to view Full Image' class='icon mustang-gallery'><i class='fa fa-plus'><\/i><\/a>\r\n\t\t<\/div><div class='wp-caption-text gallery-redirect'>\r\n\t\t<a href=https:\/\/werkzeuge-aller-art.com\/?attachment_id=14730 title='Click to view read more' class='icon readmore'><i class='fa fa-link'><\/i><\/a>\r\n\t\t<\/div><\/div><\/dd><\/dl><dl class='gallery-item'>\r\n\t<dt class='gallery-icon landscape'>\r\n\t<a rel='gallery-nr'><img loading=\"lazy\" decoding=\"async\" width=\"500\" height=\"500\" src=\"https:\/\/images-na.ssl-images-amazon.com\/images\/I\/51ZC5Jr8j3L.jpg\" class=\"attachment-full size-full\" alt=\"\" srcset=\"https:\/\/images-na.ssl-images-amazon.com\/images\/I\/51ZC5Jr8j3L.jpg 500w, https:\/\/images-na.ssl-images-amazon.com\/images\/I\/51ZC5Jr8j3L._SS150_.jpg 150w, https:\/\/images-na.ssl-images-amazon.com\/images\/I\/51ZC5Jr8j3L._SS300_.jpg 300w, https:\/\/images-na.ssl-images-amazon.com\/images\/I\/51ZC5Jr8j3L._SS768_.jpg 768w, https:\/\/images-na.ssl-images-amazon.com\/images\/I\/51ZC5Jr8j3L._SS1024_.jpg 1024w, https:\/\/images-na.ssl-images-amazon.com\/images\/I\/51ZC5Jr8j3L._SS1536_.jpg 1536w, https:\/\/images-na.ssl-images-amazon.com\/images\/I\/51ZC5Jr8j3L._SS2048_.jpg 2048w, https:\/\/images-na.ssl-images-amazon.com\/images\/I\/51ZC5Jr8j3L._SS145_.jpg 145w, https:\/\/images-na.ssl-images-amazon.com\/images\/I\/51ZC5Jr8j3L._SS1400_.jpg 1400w, https:\/\/images-na.ssl-images-amazon.com\/images\/I\/51ZC5Jr8j3L._SS50_.jpg 50w, https:\/\/images-na.ssl-images-amazon.com\/images\/I\/51ZC5Jr8j3L._SS604_.jpg 604w, https:\/\/images-na.ssl-images-amazon.com\/images\/I\/51ZC5Jr8j3L._SS262_.jpg 262w, https:\/\/images-na.ssl-images-amazon.com\/images\/I\/51ZC5Jr8j3L._SS600_.jpg 600w, https:\/\/images-na.ssl-images-amazon.com\/images\/I\/51ZC5Jr8j3L._SS100_.jpg 100w\" sizes=\"auto, (max-width: 500px) 100vw, 500px\" \/><\/a>\r\n\t<\/dt>\r\n\t<dd class='wp-caption-text gallery-caption'>\r\n\t<div class='gallery-caption-inner'> <div class='wp-caption-text gallery-title'>\r\n\tHandkreissge-TECCPO-Professionale-3500-Umin-Mini-Kreissge-mit-Laserfhrung-3-Sgeblttern&#8211;85-mm-480W-Ideal-fr-Holz-Weichmetall-Fliesen-und-Kunststoffschnitte-TAPS22P\r\n\t<\/div><div class='wp-caption-text gallery-zoom no-text'>\r\n\t\t<a href=https:\/\/werkzeuge-aller-art.com\/?attachment_id=14731 title='Click to view Full Image' class='icon mustang-gallery'><i class='fa fa-plus'><\/i><\/a>\r\n\t\t<\/div><div class='wp-caption-text gallery-redirect'>\r\n\t\t<a href=https:\/\/werkzeuge-aller-art.com\/?attachment_id=14731 title='Click to view read more' class='icon readmore'><i class='fa fa-link'><\/i><\/a>\r\n\t\t<\/div><\/div><\/dd><\/dl><dl class='gallery-item'>\r\n\t<dt class='gallery-icon landscape'>\r\n\t<a rel='gallery-nr'><img loading=\"lazy\" decoding=\"async\" width=\"500\" height=\"500\" src=\"https:\/\/images-na.ssl-images-amazon.com\/images\/I\/51O3gnok1PL.jpg\" class=\"attachment-full size-full\" alt=\"\" srcset=\"https:\/\/images-na.ssl-images-amazon.com\/images\/I\/51O3gnok1PL.jpg 500w, https:\/\/images-na.ssl-images-amazon.com\/images\/I\/51O3gnok1PL._SS150_.jpg 150w, https:\/\/images-na.ssl-images-amazon.com\/images\/I\/51O3gnok1PL._SS300_.jpg 300w, https:\/\/images-na.ssl-images-amazon.com\/images\/I\/51O3gnok1PL._SS768_.jpg 768w, https:\/\/images-na.ssl-images-amazon.com\/images\/I\/51O3gnok1PL._SS1024_.jpg 1024w, https:\/\/images-na.ssl-images-amazon.com\/images\/I\/51O3gnok1PL._SS1536_.jpg 1536w, https:\/\/images-na.ssl-images-amazon.com\/images\/I\/51O3gnok1PL._SS2048_.jpg 2048w, https:\/\/images-na.ssl-images-amazon.com\/images\/I\/51O3gnok1PL._SS145_.jpg 145w, https:\/\/images-na.ssl-images-amazon.com\/images\/I\/51O3gnok1PL._SS1400_.jpg 1400w, https:\/\/images-na.ssl-images-amazon.com\/images\/I\/51O3gnok1PL._SS50_.jpg 50w, https:\/\/images-na.ssl-images-amazon.com\/images\/I\/51O3gnok1PL._SS604_.jpg 604w, https:\/\/images-na.ssl-images-amazon.com\/images\/I\/51O3gnok1PL._SS262_.jpg 262w, https:\/\/images-na.ssl-images-amazon.com\/images\/I\/51O3gnok1PL._SS600_.jpg 600w, https:\/\/images-na.ssl-images-amazon.com\/images\/I\/51O3gnok1PL._SS100_.jpg 100w\" sizes=\"auto, (max-width: 500px) 100vw, 500px\" \/><\/a>\r\n\t<\/dt>\r\n\t<dd class='wp-caption-text gallery-caption'>\r\n\t<div class='gallery-caption-inner'> <div class='wp-caption-text gallery-title'>\r\n\tHandkreissge-TECCPO-Professionale-3500-Umin-Mini-Kreissge-mit-Laserfhrung-3-Sgeblttern&#8211;85-mm-480W-Ideal-fr-Holz-Weichmetall-Fliesen-und-Kunststoffschnitte-TAPS22P\r\n\t<\/div><div class='wp-caption-text gallery-zoom no-text'>\r\n\t\t<a href=https:\/\/werkzeuge-aller-art.com\/?attachment_id=14732 title='Click to view Full Image' class='icon mustang-gallery'><i class='fa fa-plus'><\/i><\/a>\r\n\t\t<\/div><div class='wp-caption-text gallery-redirect'>\r\n\t\t<a href=https:\/\/werkzeuge-aller-art.com\/?attachment_id=14732 title='Click to view read more' class='icon readmore'><i class='fa fa-link'><\/i><\/a>\r\n\t\t<\/div><\/div><\/dd><\/dl><dl class='gallery-item'>\r\n\t<dt class='gallery-icon landscape'>\r\n\t<a rel='gallery-nr'><img loading=\"lazy\" decoding=\"async\" width=\"500\" height=\"500\" src=\"https:\/\/images-na.ssl-images-amazon.com\/images\/I\/51N1fDAUyfL.jpg\" class=\"attachment-full size-full\" alt=\"\" srcset=\"https:\/\/images-na.ssl-images-amazon.com\/images\/I\/51N1fDAUyfL.jpg 500w, https:\/\/images-na.ssl-images-amazon.com\/images\/I\/51N1fDAUyfL._SS150_.jpg 150w, https:\/\/images-na.ssl-images-amazon.com\/images\/I\/51N1fDAUyfL._SS300_.jpg 300w, https:\/\/images-na.ssl-images-amazon.com\/images\/I\/51N1fDAUyfL._SS768_.jpg 768w, https:\/\/images-na.ssl-images-amazon.com\/images\/I\/51N1fDAUyfL._SS1024_.jpg 1024w, https:\/\/images-na.ssl-images-amazon.com\/images\/I\/51N1fDAUyfL._SS1536_.jpg 1536w, https:\/\/images-na.ssl-images-amazon.com\/images\/I\/51N1fDAUyfL._SS2048_.jpg 2048w, https:\/\/images-na.ssl-images-amazon.com\/images\/I\/51N1fDAUyfL._SS145_.jpg 145w, https:\/\/images-na.ssl-images-amazon.com\/images\/I\/51N1fDAUyfL._SS1400_.jpg 1400w, https:\/\/images-na.ssl-images-amazon.com\/images\/I\/51N1fDAUyfL._SS50_.jpg 50w, https:\/\/images-na.ssl-images-amazon.com\/images\/I\/51N1fDAUyfL._SS604_.jpg 604w, https:\/\/images-na.ssl-images-amazon.com\/images\/I\/51N1fDAUyfL._SS262_.jpg 262w, https:\/\/images-na.ssl-images-amazon.com\/images\/I\/51N1fDAUyfL._SS600_.jpg 600w, https:\/\/images-na.ssl-images-amazon.com\/images\/I\/51N1fDAUyfL._SS100_.jpg 100w\" sizes=\"auto, (max-width: 500px) 100vw, 500px\" \/><\/a>\r\n\t<\/dt>\r\n\t<dd class='wp-caption-text gallery-caption'>\r\n\t<div class='gallery-caption-inner'> <div class='wp-caption-text gallery-title'>\r\n\tHandkreissge-TECCPO-Professionale-3500-Umin-Mini-Kreissge-mit-Laserfhrung-3-Sgeblttern&#8211;85-mm-480W-Ideal-fr-Holz-Weichmetall-Fliesen-und-Kunststoffschnitte-TAPS22P\r\n\t<\/div><div class='wp-caption-text gallery-zoom no-text'>\r\n\t\t<a href=https:\/\/werkzeuge-aller-art.com\/?attachment_id=14733 title='Click to view Full Image' class='icon mustang-gallery'><i class='fa fa-plus'><\/i><\/a>\r\n\t\t<\/div><div class='wp-caption-text gallery-redirect'>\r\n\t\t<a href=https:\/\/werkzeuge-aller-art.com\/?attachment_id=14733 title='Click to view read more' class='icon readmore'><i class='fa fa-link'><\/i><\/a>\r\n\t\t<\/div><\/div><\/dd><\/dl>\r\n<\/div>\n<br \/>\n\u3010MULTIFUNKTIONAL MIT EINHANDBEDIENUNG\u3011- Dank des Motors mit reiner Kupferwicklung kann diese Handkreiss\u00e4ge mit 3500 U\/min f\u00fcr eine Vielzahl von Anwendungen eingesetzt werden, einschlie\u00dflich Laminatfu\u00dfb\u00f6den und S\u00e4gen von Holz, weichem Metall, Kunststoff, Gipskartonplatten und Fliesen, und mit eingebetteter Schneidefunktion. Das Produkt ist in schwarz und gr\u00fcn erh\u00e4ltlich. Zwei Farbmodelle werden nach dem Zufallsprinzip versendet.<br \/>\n\u3010EINSTELLBARE SCHNITTTIEFE &amp; LASERF\u00dcHRUNG\u3011 &#8211; Die Mini-Kreiss\u00e4ge hat eine einfach einstellbare Tiefenf\u00fchrung und Sie k\u00f6nnen genau so tief s\u00e4gen, wie Sie m\u00f6chten. Die maximale Schnitttiefe betr\u00e4gt bis zu 27 mm. Der Laserstrahl zeigt die Schnittlinie deutlich an und erm\u00f6glicht so akkurate Schnitte und ein perfektes Ergebnis<br \/>\n\u3010LEISTUNGSF\u00c4HIG und KOMPAKT\u3011- Die gesamte Maschine wiegt nur 2,2 kg und ist leicht mit einer Hand zu halten. Die Grifffl\u00e4che besteht aus weichem und rutschfestem Material und f\u00fchlt sich gut an. Das schlanke Inline-Grip-Design bietet hohen Komfort, Balance und Kontrolle<br \/>\n\u3010SICHERHEITSDESIGN &amp; ERGONOMISCHES DESIGN\u3011 &#8211; Der einzigartige Sicherheitsschalter sorgt f\u00fcr Ihre Sicherheit. Mit einem Inbusschl\u00fcssel (enthalten) k\u00f6nnen Sie das S\u00e4geblatt einfach wechseln und der Staubsaugeradapter erm\u00f6glicht Ihnen in staubarmer Umgebung zu arbeiten<br \/>\n\u30102-JAHRE QUALIT\u00c4TSVERPFLICHTUNG\u3011 &#8211; 1 x Kreiss\u00e4ge, 3 x \u00d8 85 mm S\u00e4geblatt (1x f\u00fcr Holzschnitte \/1 x f\u00fcr Holz- und Weichmetallschnitte \/1 x f\u00fcr Fliesenschnitte), 1 x Metallf\u00fchrung, 1 x Vakuumadapter, 1 x Inbusschl\u00fcssel, 1 x Benutzerhandbuch, 1 x 2-Jahre Qualit\u00e4tsverpflichtung.<br \/>\n<div class=\"main-cross-sell\" data-asin=\"B07FNZ49QG\">\n\n\t<div class=\"WooZone-cross-sell-loader\">\n\t\t<div>\n\t\t\t<div id=\"floatingBarsG\">\n\t\t\t\t<div class=\"blockG\" id=\"rotateG_01\"><\/div>\n\t\t\t\t<div class=\"blockG\" id=\"rotateG_02\"><\/div>\n\t\t\t\t<div class=\"blockG\" id=\"rotateG_03\"><\/div>\n\t\t\t\t<div class=\"blockG\" id=\"rotateG_04\"><\/div>\n\t\t\t\t<div class=\"blockG\" id=\"rotateG_05\"><\/div>\n\t\t\t\t<div class=\"blockG\" id=\"rotateG_06\"><\/div>\n\t\t\t\t<div class=\"blockG\" id=\"rotateG_07\"><\/div>\n\t\t\t\t<div class=\"blockG\" id=\"rotateG_08\"><\/div>\n\t\t\t<\/div>\n\t\t\t<div class=\"WooZone-cross-sell-loader-text\"><\/div>\n\t\t<\/div>\n\t<\/div>\n\n\t\t\n<\/div>\n<div style=\"clear:both;\"><\/div>\n","protected":false},"excerpt":{"rendered":"<p>\u3010MULTIFUNKTIONAL MIT EINHANDBEDIENUNG\u3011- Dank des Motors mit reiner Kupferwicklung kann diese Handkreiss\u00e4ge mit 3500 U\/min f\u00fcr eine Vielzahl von Anwendungen eingesetzt werden, einschlie\u00dflich Laminatfu\u00dfb\u00f6den und S\u00e4gen von Holz, weichem Metall, Kunststoff, Gipskartonplatten und Fliesen, und mit eingebetteter Schneidefunktion. Das Produkt ist in schwarz und gr\u00fcn erh\u00e4ltlich. Zwei Farbmodelle werden nach dem Zufallsprinzip versendet.<br \/>\n\u3010EINSTELLBARE SCHNITTTIEFE &amp; LASERF\u00dcHRUNG\u3011 &#8211; Die Mini-Kreiss\u00e4ge hat eine einfach einstellbare Tiefenf\u00fchrung und Sie k\u00f6nnen genau so tief s\u00e4gen, wie Sie m\u00f6chten. Die maximale Schnitttiefe betr\u00e4gt bis zu 27 mm. Der Laserstrahl zeigt die Schnittlinie deutlich an und erm\u00f6glicht so akkurate Schnitte und ein perfektes Ergebnis<br \/>\n\u3010LEISTUNGSF\u00c4HIG und KOMPAKT\u3011- Die gesamte Maschine wiegt nur 2,2 kg und ist leicht mit einer Hand zu halten. Die Grifffl\u00e4che besteht aus weichem und rutschfestem Material und f\u00fchlt sich gut an. Das schlanke Inline-Grip-Design bietet hohen Komfort, Balance und Kontrolle<\/p>\n","protected":false},"featured_media":14727,"comment_status":"open","ping_status":"closed","template":"","meta":[],"product_cat":[118,109],"product_tag":[],"class_list":{"0":"post-14726","1":"product","2":"type-product","3":"status-publish","4":"has-post-thumbnail","6":"product_cat-kreissaege","7":"product_cat-schleifen-und-trennen","8":"pa_brand-teccpo","11":"first","12":"instock","13":"shipping-taxable","14":"product-type-external"},"_links":{"self":[{"href":"https:\/\/werkzeuge-aller-art.com\/index.php?rest_route=\/wp\/v2\/product\/14726","targetHints":{"allow":["GET"]}}],"collection":[{"href":"https:\/\/werkzeuge-aller-art.com\/index.php?rest_route=\/wp\/v2\/product"}],"about":[{"href":"https:\/\/werkzeuge-aller-art.com\/index.php?rest_route=\/wp\/v2\/types\/product"}],"replies":[{"embeddable":true,"href":"https:\/\/werkzeuge-aller-art.com\/index.php?rest_route=%2Fwp%2Fv2%2Fcomments&post=14726"}],"wp:featuredmedia":[{"embeddable":true,"href":"https:\/\/werkzeuge-aller-art.com\/index.php?rest_route=\/wp\/v2\/media\/14727"}],"wp:attachment":[{"href":"https:\/\/werkzeuge-aller-art.com\/index.php?rest_route=%2Fwp%2Fv2%2Fmedia&parent=14726"}],"wp:term":[{"taxonomy":"product_cat","embeddable":true,"href":"https:\/\/werkzeuge-aller-art.com\/index.php?rest_route=%2Fwp%2Fv2%2Fproduct_cat&post=14726"},{"taxonomy":"product_tag","embeddable":true,"href":"https:\/\/werkzeuge-aller-art.com\/index.php?rest_route=%2Fwp%2Fv2%2Fproduct_tag&post=14726"}],"curies":[{"name":"wp","href":"https:\/\/api.w.org\/{rel}","templated":true}]}}