{"id":14710,"date":"2020-03-08T00:35:45","date_gmt":"2020-03-07T23:35:45","guid":{"rendered":"https:\/\/werkzeuge-aller-art.com\/?product=bosch-professional-18v-system-akku-kreissaege-gks-18v-57-g-saegeblatt-o-165-mm-schnitttiefe-57-mm-ohne-akkus-und-ladegeraet-in-l-boxx"},"modified":"2023-04-10T06:32:16","modified_gmt":"2023-04-10T04:32:16","slug":"bosch-professional-18v-system-akku-kreissaege-gks-18v-57-g-saegeblatt-o-165-mm-schnitttiefe-57-mm-ohne-akkus-und-ladegeraet-in-l-boxx","status":"publish","type":"product","link":"https:\/\/werkzeuge-aller-art.com\/?product=bosch-professional-18v-system-akku-kreissaege-gks-18v-57-g-saegeblatt-o-165-mm-schnitttiefe-57-mm-ohne-akkus-und-ladegeraet-in-l-boxx","title":{"rendered":"Bosch Professional 18V System Akku Kreiss\u00e4ge GKS 18V-57 G (S\u00e4geblatt-\u00d8: 165 mm, Schnitttiefe: 57 mm, ohne Akkus und\u2026"},"content":{"rendered":"\n\t\t<div id='gallery-1' class='gallery galleryid-14710 gallery-columns-3 gallery-size-full'><dl class='gallery-item'>\r\n\t<dt class='gallery-icon landscape'>\r\n\t<a rel='gallery-nr'><img loading=\"lazy\" decoding=\"async\" width=\"500\" height=\"500\" src=\"https:\/\/images-na.ssl-images-amazon.com\/images\/I\/411sYlT3WKL.jpg\" class=\"attachment-full size-full\" alt=\"\" srcset=\"https:\/\/images-na.ssl-images-amazon.com\/images\/I\/411sYlT3WKL.jpg 500w, https:\/\/images-na.ssl-images-amazon.com\/images\/I\/411sYlT3WKL._SS150_.jpg 150w, https:\/\/images-na.ssl-images-amazon.com\/images\/I\/411sYlT3WKL._SS300_.jpg 300w, https:\/\/images-na.ssl-images-amazon.com\/images\/I\/411sYlT3WKL._SS768_.jpg 768w, https:\/\/images-na.ssl-images-amazon.com\/images\/I\/411sYlT3WKL._SS1024_.jpg 1024w, https:\/\/images-na.ssl-images-amazon.com\/images\/I\/411sYlT3WKL._SS1536_.jpg 1536w, https:\/\/images-na.ssl-images-amazon.com\/images\/I\/411sYlT3WKL._SS2048_.jpg 2048w, https:\/\/images-na.ssl-images-amazon.com\/images\/I\/411sYlT3WKL._SS145_.jpg 145w, https:\/\/images-na.ssl-images-amazon.com\/images\/I\/411sYlT3WKL._SS1400_.jpg 1400w, https:\/\/images-na.ssl-images-amazon.com\/images\/I\/411sYlT3WKL._SS50_.jpg 50w, https:\/\/images-na.ssl-images-amazon.com\/images\/I\/411sYlT3WKL._SS604_.jpg 604w, https:\/\/images-na.ssl-images-amazon.com\/images\/I\/411sYlT3WKL._SS262_.jpg 262w, https:\/\/images-na.ssl-images-amazon.com\/images\/I\/411sYlT3WKL._SS600_.jpg 600w, https:\/\/images-na.ssl-images-amazon.com\/images\/I\/411sYlT3WKL._SS100_.jpg 100w\" sizes=\"auto, (max-width: 500px) 100vw, 500px\" \/><\/a>\r\n\t<\/dt>\r\n\t<dd class='wp-caption-text gallery-caption'>\r\n\t<div class='gallery-caption-inner'> <div class='wp-caption-text gallery-title'>\r\n\tBosch-Professional-18V-System-Akku-Kreissge-GKS-18V-57-G-Sgeblatt&#8211;165-mm-Schnitttiefe-57-mm-ohne-Akkus-und-Ladegert-in-L-Boxx\r\n\t<\/div><div class='wp-caption-text gallery-zoom no-text'>\r\n\t\t<a href=https:\/\/werkzeuge-aller-art.com\/?attachment_id=14711 title='Click to view Full Image' class='icon mustang-gallery'><i class='fa fa-plus'><\/i><\/a>\r\n\t\t<\/div><div class='wp-caption-text gallery-redirect'>\r\n\t\t<a href=https:\/\/werkzeuge-aller-art.com\/?attachment_id=14711 title='Click to view read more' class='icon readmore'><i class='fa fa-link'><\/i><\/a>\r\n\t\t<\/div><\/div><\/dd><\/dl><dl class='gallery-item'>\r\n\t<dt class='gallery-icon landscape'>\r\n\t<a rel='gallery-nr'><img loading=\"lazy\" decoding=\"async\" width=\"500\" height=\"500\" src=\"https:\/\/images-na.ssl-images-amazon.com\/images\/I\/517ftZHSu1L.jpg\" class=\"attachment-full size-full\" alt=\"\" srcset=\"https:\/\/images-na.ssl-images-amazon.com\/images\/I\/517ftZHSu1L.jpg 500w, https:\/\/images-na.ssl-images-amazon.com\/images\/I\/517ftZHSu1L._SS150_.jpg 150w, https:\/\/images-na.ssl-images-amazon.com\/images\/I\/517ftZHSu1L._SS300_.jpg 300w, https:\/\/images-na.ssl-images-amazon.com\/images\/I\/517ftZHSu1L._SS768_.jpg 768w, https:\/\/images-na.ssl-images-amazon.com\/images\/I\/517ftZHSu1L._SS1024_.jpg 1024w, https:\/\/images-na.ssl-images-amazon.com\/images\/I\/517ftZHSu1L._SS1536_.jpg 1536w, https:\/\/images-na.ssl-images-amazon.com\/images\/I\/517ftZHSu1L._SS2048_.jpg 2048w, https:\/\/images-na.ssl-images-amazon.com\/images\/I\/517ftZHSu1L._SS145_.jpg 145w, https:\/\/images-na.ssl-images-amazon.com\/images\/I\/517ftZHSu1L._SS1400_.jpg 1400w, https:\/\/images-na.ssl-images-amazon.com\/images\/I\/517ftZHSu1L._SS50_.jpg 50w, https:\/\/images-na.ssl-images-amazon.com\/images\/I\/517ftZHSu1L._SS604_.jpg 604w, https:\/\/images-na.ssl-images-amazon.com\/images\/I\/517ftZHSu1L._SS262_.jpg 262w, https:\/\/images-na.ssl-images-amazon.com\/images\/I\/517ftZHSu1L._SS600_.jpg 600w, https:\/\/images-na.ssl-images-amazon.com\/images\/I\/517ftZHSu1L._SS100_.jpg 100w\" sizes=\"auto, (max-width: 500px) 100vw, 500px\" \/><\/a>\r\n\t<\/dt>\r\n\t<dd class='wp-caption-text gallery-caption'>\r\n\t<div class='gallery-caption-inner'> <div class='wp-caption-text gallery-title'>\r\n\tBosch-Professional-18V-System-Akku-Kreissge-GKS-18V-57-G-Sgeblatt&#8211;165-mm-Schnitttiefe-57-mm-ohne-Akkus-und-Ladegert-in-L-Boxx\r\n\t<\/div><div class='wp-caption-text gallery-zoom no-text'>\r\n\t\t<a href=https:\/\/werkzeuge-aller-art.com\/?attachment_id=14712 title='Click to view Full Image' class='icon mustang-gallery'><i class='fa fa-plus'><\/i><\/a>\r\n\t\t<\/div><div class='wp-caption-text gallery-redirect'>\r\n\t\t<a href=https:\/\/werkzeuge-aller-art.com\/?attachment_id=14712 title='Click to view read more' class='icon readmore'><i class='fa fa-link'><\/i><\/a>\r\n\t\t<\/div><\/div><\/dd><\/dl><dl class='gallery-item'>\r\n\t<dt class='gallery-icon landscape'>\r\n\t<a rel='gallery-nr'><img loading=\"lazy\" decoding=\"async\" width=\"500\" height=\"500\" src=\"https:\/\/images-na.ssl-images-amazon.com\/images\/I\/51YY6j6EvAL.jpg\" class=\"attachment-full size-full\" alt=\"\" srcset=\"https:\/\/images-na.ssl-images-amazon.com\/images\/I\/51YY6j6EvAL.jpg 500w, https:\/\/images-na.ssl-images-amazon.com\/images\/I\/51YY6j6EvAL._SS150_.jpg 150w, https:\/\/images-na.ssl-images-amazon.com\/images\/I\/51YY6j6EvAL._SS300_.jpg 300w, https:\/\/images-na.ssl-images-amazon.com\/images\/I\/51YY6j6EvAL._SS768_.jpg 768w, https:\/\/images-na.ssl-images-amazon.com\/images\/I\/51YY6j6EvAL._SS1024_.jpg 1024w, https:\/\/images-na.ssl-images-amazon.com\/images\/I\/51YY6j6EvAL._SS1536_.jpg 1536w, https:\/\/images-na.ssl-images-amazon.com\/images\/I\/51YY6j6EvAL._SS2048_.jpg 2048w, https:\/\/images-na.ssl-images-amazon.com\/images\/I\/51YY6j6EvAL._SS145_.jpg 145w, https:\/\/images-na.ssl-images-amazon.com\/images\/I\/51YY6j6EvAL._SS1400_.jpg 1400w, https:\/\/images-na.ssl-images-amazon.com\/images\/I\/51YY6j6EvAL._SS50_.jpg 50w, https:\/\/images-na.ssl-images-amazon.com\/images\/I\/51YY6j6EvAL._SS604_.jpg 604w, https:\/\/images-na.ssl-images-amazon.com\/images\/I\/51YY6j6EvAL._SS262_.jpg 262w, https:\/\/images-na.ssl-images-amazon.com\/images\/I\/51YY6j6EvAL._SS600_.jpg 600w, https:\/\/images-na.ssl-images-amazon.com\/images\/I\/51YY6j6EvAL._SS100_.jpg 100w\" sizes=\"auto, (max-width: 500px) 100vw, 500px\" \/><\/a>\r\n\t<\/dt>\r\n\t<dd class='wp-caption-text gallery-caption'>\r\n\t<div class='gallery-caption-inner'> <div class='wp-caption-text gallery-title'>\r\n\tBosch-Professional-18V-System-Akku-Kreissge-GKS-18V-57-G-Sgeblatt&#8211;165-mm-Schnitttiefe-57-mm-ohne-Akkus-und-Ladegert-in-L-Boxx\r\n\t<\/div><div class='wp-caption-text gallery-zoom no-text'>\r\n\t\t<a href=https:\/\/werkzeuge-aller-art.com\/?attachment_id=14713 title='Click to view Full Image' class='icon mustang-gallery'><i class='fa fa-plus'><\/i><\/a>\r\n\t\t<\/div><div class='wp-caption-text gallery-redirect'>\r\n\t\t<a href=https:\/\/werkzeuge-aller-art.com\/?attachment_id=14713 title='Click to view read more' class='icon readmore'><i class='fa fa-link'><\/i><\/a>\r\n\t\t<\/div><\/div><\/dd><\/dl>\r\n<\/div>\n\n<div class=\"disclaim\"> Stil:<strong>in L-Boxx ohne Akku<\/strong> <\/div>\n<p> <!-- show up to 2 reviews by default --> <\/p>\n<p>Robustes Design &#8211; entwickelt f\u00fcr jede Art von Anwendungen auf der Baustelle, selbst auf dem Dach und dem Ger\u00fcst. Lieferumfang: GKS 18V- 57G Akku-Kreiss\u00e4ge, L-Boxx. <\/p>\n<p>Die leistungsstarke Akku Kreiss\u00e4ge GKS 18V-57 G von Bosch Professional mit 18 Volt<br \/>\nEffektiver Arbeitsfortschritt dank des rechtseitigen S\u00e4geblattes mit 57 mm Schnitttiefe. Leerlaufdrehzahl: 3&#8217;400 min-1<br \/>\nSicheres Arbeiten durch die integrierte elektrische Bremsfunktion<br \/>\nProfessional 18V System. Ultimative Performance. Maximale Freiheit. Alle unsere Akkus sind mit neuen und existierenden Bosch Professional Werkzeugen der gleichen Spannungsklasse kompatibel<br \/>\nDas Bosch FSN F\u00fchrungsschienensystem sorgt f\u00fcr pr\u00e4zises Arbeiten<br \/>\nLieferumfang: GKS 18V-57 G, Kreiss\u00e4geblatt optilineWOOD, Parallelanschlag, Absaugadapter, Inbusschl\u00fcssel, L-Boxx (3165140781374)<br \/>\n<div class=\"main-cross-sell\" data-asin=\"B01KWJMTIO\">\n\n\t<div class=\"WooZone-cross-sell-loader\">\n\t\t<div>\n\t\t\t<div id=\"floatingBarsG\">\n\t\t\t\t<div class=\"blockG\" id=\"rotateG_01\"><\/div>\n\t\t\t\t<div class=\"blockG\" id=\"rotateG_02\"><\/div>\n\t\t\t\t<div class=\"blockG\" id=\"rotateG_03\"><\/div>\n\t\t\t\t<div class=\"blockG\" id=\"rotateG_04\"><\/div>\n\t\t\t\t<div class=\"blockG\" id=\"rotateG_05\"><\/div>\n\t\t\t\t<div class=\"blockG\" id=\"rotateG_06\"><\/div>\n\t\t\t\t<div class=\"blockG\" id=\"rotateG_07\"><\/div>\n\t\t\t\t<div class=\"blockG\" id=\"rotateG_08\"><\/div>\n\t\t\t<\/div>\n\t\t\t<div class=\"WooZone-cross-sell-loader-text\"><\/div>\n\t\t<\/div>\n\t<\/div>\n\n\t\t\n<\/div>\n<div style=\"clear:both;\"><\/div>\n","protected":false},"excerpt":{"rendered":"<p>Die leistungsstarke Akku Kreiss\u00e4ge GKS 18V-57 G von Bosch Professional mit 18 Volt<br \/>\nEffektiver Arbeitsfortschritt dank des rechtseitigen S\u00e4geblattes mit 57 mm Schnitttiefe. Leerlaufdrehzahl: 3&#8217;400 min-1<br \/>\nSicheres Arbeiten durch die integrierte elektrische Bremsfunktion<\/p>\n","protected":false},"featured_media":14711,"comment_status":"open","ping_status":"closed","template":"","meta":[],"product_cat":[118,109],"product_tag":[],"class_list":{"0":"post-14710","1":"product","2":"type-product","3":"status-publish","4":"has-post-thumbnail","6":"product_cat-kreissaege","7":"product_cat-schleifen-und-trennen","8":"pa_brand-bosch-professional","11":"first","12":"instock","13":"shipping-taxable","14":"product-type-external"},"_links":{"self":[{"href":"https:\/\/werkzeuge-aller-art.com\/index.php?rest_route=\/wp\/v2\/product\/14710","targetHints":{"allow":["GET"]}}],"collection":[{"href":"https:\/\/werkzeuge-aller-art.com\/index.php?rest_route=\/wp\/v2\/product"}],"about":[{"href":"https:\/\/werkzeuge-aller-art.com\/index.php?rest_route=\/wp\/v2\/types\/product"}],"replies":[{"embeddable":true,"href":"https:\/\/werkzeuge-aller-art.com\/index.php?rest_route=%2Fwp%2Fv2%2Fcomments&post=14710"}],"wp:featuredmedia":[{"embeddable":true,"href":"https:\/\/werkzeuge-aller-art.com\/index.php?rest_route=\/wp\/v2\/media\/14711"}],"wp:attachment":[{"href":"https:\/\/werkzeuge-aller-art.com\/index.php?rest_route=%2Fwp%2Fv2%2Fmedia&parent=14710"}],"wp:term":[{"taxonomy":"product_cat","embeddable":true,"href":"https:\/\/werkzeuge-aller-art.com\/index.php?rest_route=%2Fwp%2Fv2%2Fproduct_cat&post=14710"},{"taxonomy":"product_tag","embeddable":true,"href":"https:\/\/werkzeuge-aller-art.com\/index.php?rest_route=%2Fwp%2Fv2%2Fproduct_tag&post=14710"}],"curies":[{"name":"wp","href":"https:\/\/api.w.org\/{rel}","templated":true}]}}