{"id":14706,"date":"2020-03-08T00:35:41","date_gmt":"2020-03-07T23:35:41","guid":{"rendered":"https:\/\/werkzeuge-aller-art.com\/?product=makita-akku-handkreissaege-hm-saegeblatt-18-v-ohne-akku-ladegeraet-dss501z"},"modified":"2023-04-10T06:32:16","modified_gmt":"2023-04-10T04:32:16","slug":"makita-akku-handkreissaege-hm-saegeblatt-18-v-ohne-akku-ladegeraet-dss501z","status":"publish","type":"product","link":"https:\/\/werkzeuge-aller-art.com\/?product=makita-akku-handkreissaege-hm-saegeblatt-18-v-ohne-akku-ladegeraet-dss501z","title":{"rendered":"Makita DSS501Z Akku-Handkreiss\u00e4ge 51mm 18,0 V (ohne Akku, ohne Ladeger\u00e4t), Blau"},"content":{"rendered":"\n\t\t<div id='gallery-1' class='gallery galleryid-14706 gallery-columns-3 gallery-size-full'><dl class='gallery-item'>\r\n\t<dt class='gallery-icon landscape'>\r\n\t<a rel='gallery-nr'><img loading=\"lazy\" decoding=\"async\" width=\"500\" height=\"500\" src=\"https:\/\/images-na.ssl-images-amazon.com\/images\/I\/41WsU8WdxTL.jpg\" class=\"attachment-full size-full\" alt=\"\" srcset=\"https:\/\/images-na.ssl-images-amazon.com\/images\/I\/41WsU8WdxTL.jpg 500w, https:\/\/images-na.ssl-images-amazon.com\/images\/I\/41WsU8WdxTL._SS150_.jpg 150w, https:\/\/images-na.ssl-images-amazon.com\/images\/I\/41WsU8WdxTL._SS300_.jpg 300w, https:\/\/images-na.ssl-images-amazon.com\/images\/I\/41WsU8WdxTL._SS768_.jpg 768w, https:\/\/images-na.ssl-images-amazon.com\/images\/I\/41WsU8WdxTL._SS1024_.jpg 1024w, https:\/\/images-na.ssl-images-amazon.com\/images\/I\/41WsU8WdxTL._SS1536_.jpg 1536w, https:\/\/images-na.ssl-images-amazon.com\/images\/I\/41WsU8WdxTL._SS2048_.jpg 2048w, https:\/\/images-na.ssl-images-amazon.com\/images\/I\/41WsU8WdxTL._SS145_.jpg 145w, https:\/\/images-na.ssl-images-amazon.com\/images\/I\/41WsU8WdxTL._SS1400_.jpg 1400w, https:\/\/images-na.ssl-images-amazon.com\/images\/I\/41WsU8WdxTL._SS50_.jpg 50w, https:\/\/images-na.ssl-images-amazon.com\/images\/I\/41WsU8WdxTL._SS604_.jpg 604w, https:\/\/images-na.ssl-images-amazon.com\/images\/I\/41WsU8WdxTL._SS262_.jpg 262w, https:\/\/images-na.ssl-images-amazon.com\/images\/I\/41WsU8WdxTL._SS600_.jpg 600w, https:\/\/images-na.ssl-images-amazon.com\/images\/I\/41WsU8WdxTL._SS100_.jpg 100w\" sizes=\"auto, (max-width: 500px) 100vw, 500px\" \/><\/a>\r\n\t<\/dt>\r\n\t<dd class='wp-caption-text gallery-caption'>\r\n\t<div class='gallery-caption-inner'> <div class='wp-caption-text gallery-title'>\r\n\tMakita-Akku-Handkreissge-HM-Sgeblatt-18-V-ohne-AkkuLadegert-DSS501Z\r\n\t<\/div><div class='wp-caption-text gallery-zoom no-text'>\r\n\t\t<a href=https:\/\/werkzeuge-aller-art.com\/?attachment_id=14707 title='Click to view Full Image' class='icon mustang-gallery'><i class='fa fa-plus'><\/i><\/a>\r\n\t\t<\/div><div class='wp-caption-text gallery-redirect'>\r\n\t\t<a href=https:\/\/werkzeuge-aller-art.com\/?attachment_id=14707 title='Click to view read more' class='icon readmore'><i class='fa fa-link'><\/i><\/a>\r\n\t\t<\/div><\/div><\/dd><\/dl><dl class='gallery-item'>\r\n\t<dt class='gallery-icon landscape'>\r\n\t<a rel='gallery-nr'><img loading=\"lazy\" decoding=\"async\" width=\"500\" height=\"500\" src=\"https:\/\/images-na.ssl-images-amazon.com\/images\/I\/314Ai3xxsZL.jpg\" class=\"attachment-full size-full\" alt=\"\" srcset=\"https:\/\/images-na.ssl-images-amazon.com\/images\/I\/314Ai3xxsZL.jpg 500w, https:\/\/images-na.ssl-images-amazon.com\/images\/I\/314Ai3xxsZL._SS150_.jpg 150w, https:\/\/images-na.ssl-images-amazon.com\/images\/I\/314Ai3xxsZL._SS300_.jpg 300w, https:\/\/images-na.ssl-images-amazon.com\/images\/I\/314Ai3xxsZL._SS768_.jpg 768w, https:\/\/images-na.ssl-images-amazon.com\/images\/I\/314Ai3xxsZL._SS1024_.jpg 1024w, https:\/\/images-na.ssl-images-amazon.com\/images\/I\/314Ai3xxsZL._SS1536_.jpg 1536w, https:\/\/images-na.ssl-images-amazon.com\/images\/I\/314Ai3xxsZL._SS2048_.jpg 2048w, https:\/\/images-na.ssl-images-amazon.com\/images\/I\/314Ai3xxsZL._SS145_.jpg 145w, https:\/\/images-na.ssl-images-amazon.com\/images\/I\/314Ai3xxsZL._SS1400_.jpg 1400w, https:\/\/images-na.ssl-images-amazon.com\/images\/I\/314Ai3xxsZL._SS50_.jpg 50w, https:\/\/images-na.ssl-images-amazon.com\/images\/I\/314Ai3xxsZL._SS604_.jpg 604w, https:\/\/images-na.ssl-images-amazon.com\/images\/I\/314Ai3xxsZL._SS262_.jpg 262w, https:\/\/images-na.ssl-images-amazon.com\/images\/I\/314Ai3xxsZL._SS600_.jpg 600w, https:\/\/images-na.ssl-images-amazon.com\/images\/I\/314Ai3xxsZL._SS100_.jpg 100w\" sizes=\"auto, (max-width: 500px) 100vw, 500px\" \/><\/a>\r\n\t<\/dt>\r\n\t<dd class='wp-caption-text gallery-caption'>\r\n\t<div class='gallery-caption-inner'> <div class='wp-caption-text gallery-title'>\r\n\tMakita-Akku-Handkreissge-HM-Sgeblatt-18-V-ohne-AkkuLadegert-DSS501Z\r\n\t<\/div><div class='wp-caption-text gallery-zoom no-text'>\r\n\t\t<a href=https:\/\/werkzeuge-aller-art.com\/?attachment_id=14708 title='Click to view Full Image' class='icon mustang-gallery'><i class='fa fa-plus'><\/i><\/a>\r\n\t\t<\/div><div class='wp-caption-text gallery-redirect'>\r\n\t\t<a href=https:\/\/werkzeuge-aller-art.com\/?attachment_id=14708 title='Click to view read more' class='icon readmore'><i class='fa fa-link'><\/i><\/a>\r\n\t\t<\/div><\/div><\/dd><\/dl><dl class='gallery-item'>\r\n\t<dt class='gallery-icon landscape'>\r\n\t<a rel='gallery-nr'><img loading=\"lazy\" decoding=\"async\" width=\"500\" height=\"500\" src=\"https:\/\/images-na.ssl-images-amazon.com\/images\/I\/51B3vFuAHfL.jpg\" class=\"attachment-full size-full\" alt=\"\" srcset=\"https:\/\/images-na.ssl-images-amazon.com\/images\/I\/51B3vFuAHfL.jpg 500w, https:\/\/images-na.ssl-images-amazon.com\/images\/I\/51B3vFuAHfL._SS150_.jpg 150w, https:\/\/images-na.ssl-images-amazon.com\/images\/I\/51B3vFuAHfL._SS300_.jpg 300w, https:\/\/images-na.ssl-images-amazon.com\/images\/I\/51B3vFuAHfL._SS768_.jpg 768w, https:\/\/images-na.ssl-images-amazon.com\/images\/I\/51B3vFuAHfL._SS1024_.jpg 1024w, https:\/\/images-na.ssl-images-amazon.com\/images\/I\/51B3vFuAHfL._SS1536_.jpg 1536w, https:\/\/images-na.ssl-images-amazon.com\/images\/I\/51B3vFuAHfL._SS2048_.jpg 2048w, https:\/\/images-na.ssl-images-amazon.com\/images\/I\/51B3vFuAHfL._SS145_.jpg 145w, https:\/\/images-na.ssl-images-amazon.com\/images\/I\/51B3vFuAHfL._SS1400_.jpg 1400w, https:\/\/images-na.ssl-images-amazon.com\/images\/I\/51B3vFuAHfL._SS50_.jpg 50w, https:\/\/images-na.ssl-images-amazon.com\/images\/I\/51B3vFuAHfL._SS604_.jpg 604w, https:\/\/images-na.ssl-images-amazon.com\/images\/I\/51B3vFuAHfL._SS262_.jpg 262w, https:\/\/images-na.ssl-images-amazon.com\/images\/I\/51B3vFuAHfL._SS600_.jpg 600w, https:\/\/images-na.ssl-images-amazon.com\/images\/I\/51B3vFuAHfL._SS100_.jpg 100w\" sizes=\"auto, (max-width: 500px) 100vw, 500px\" \/><\/a>\r\n\t<\/dt>\r\n\t<dd class='wp-caption-text gallery-caption'>\r\n\t<div class='gallery-caption-inner'> <div class='wp-caption-text gallery-title'>\r\n\tMakita-Akku-Handkreissge-HM-Sgeblatt-18-V-ohne-AkkuLadegert-DSS501Z\r\n\t<\/div><div class='wp-caption-text gallery-zoom no-text'>\r\n\t\t<a href=https:\/\/werkzeuge-aller-art.com\/?attachment_id=14709 title='Click to view Full Image' class='icon mustang-gallery'><i class='fa fa-plus'><\/i><\/a>\r\n\t\t<\/div><div class='wp-caption-text gallery-redirect'>\r\n\t\t<a href=https:\/\/werkzeuge-aller-art.com\/?attachment_id=14709 title='Click to view read more' class='icon readmore'><i class='fa fa-link'><\/i><\/a>\r\n\t\t<\/div><\/div><\/dd><\/dl>\r\n<\/div>\n\n<div class=\"disclaim\"> Gr\u00f6\u00dfe:<strong>ohne Akku<\/strong> | Stil:<strong>ohne Ladeger\u00e4t<\/strong> <\/div>\n<p> <!-- show up to 2 reviews by default --> <\/p>\n<p>DSS501Z Akku-Metallkreiss\u00e4ge 18 V\/ Schnitttiefenverstellung nach dem Scherenprinzip. Sehr leicht und handlich, daher perfekt f\u00fcr Arbeiten an Wand und Decke. Mit leuchtstarker LED. K\u00fchlluft bl\u00e4st die Schnittstelle frei. Lieferung im Karton ohne Akku, ohne Ladeger\u00e4t, ohne Koffer. Stufenlose Winkelverstellung bis 45\u00b0\/ Technische Details: Akkuspannung: 18 V. Bohrung: 20 mm. Leerlaufdrehzahl: 3600. Schnittleistung 0\u00b0: 51 mm. Schnittleistung 45\u00b0: 35 mm. Schnittleistung 0\u00b0\/45\u00b0: 51\/35 mm. S\u00e4geblatt-\u00d8\/ Bohrung: 136\/20 mm. S\u00e4geblattdurchmesser: 136 mm. Breite: 183 mm. Hoehe: 201 mm. Laenge: 364 mm. Gewicht: 2, 7 kg. K-Wert Vibration: 1, 5 m\/s\u00b2. Vibration S\u00e4gen Holz: 2, 5 m\/s\u00b2. K-Wert Ger\u00e4usch: 3 dB(A). Schalldruckpegel: 76 dB(A)\/ Mitgeliefertes Zubeh\u00f6r: 1 HM-S\u00e4geb. 136x20x16Z. 1 6-KT Stiftschl\u00fcssel 5mm. 1 Absaugstutzen. 1 Parallelanschlag. <\/p>\n<p>Elektronische Brems<br \/>\nLeicht und kompakt<br \/>\nBatterien: Lithium ion Batterien erforderlich<br \/>\n<div class=\"main-cross-sell\" data-asin=\"B00KGT542Y\">\n\n\t<div class=\"WooZone-cross-sell-loader\">\n\t\t<div>\n\t\t\t<div id=\"floatingBarsG\">\n\t\t\t\t<div class=\"blockG\" id=\"rotateG_01\"><\/div>\n\t\t\t\t<div class=\"blockG\" id=\"rotateG_02\"><\/div>\n\t\t\t\t<div class=\"blockG\" id=\"rotateG_03\"><\/div>\n\t\t\t\t<div class=\"blockG\" id=\"rotateG_04\"><\/div>\n\t\t\t\t<div class=\"blockG\" id=\"rotateG_05\"><\/div>\n\t\t\t\t<div class=\"blockG\" id=\"rotateG_06\"><\/div>\n\t\t\t\t<div class=\"blockG\" id=\"rotateG_07\"><\/div>\n\t\t\t\t<div class=\"blockG\" id=\"rotateG_08\"><\/div>\n\t\t\t<\/div>\n\t\t\t<div class=\"WooZone-cross-sell-loader-text\"><\/div>\n\t\t<\/div>\n\t<\/div>\n\n\t\t\n<\/div>\n<div style=\"clear:both;\"><\/div>\n","protected":false},"excerpt":{"rendered":"<p>Elektronische Brems<br \/>\nLeicht und kompakt<br \/>\nBatterien: Lithium ion Batterien erforderlich<\/p>\n","protected":false},"featured_media":14707,"comment_status":"open","ping_status":"closed","template":"","meta":[],"product_cat":[118,109],"product_tag":[],"class_list":{"0":"post-14706","1":"product","2":"type-product","3":"status-publish","4":"has-post-thumbnail","6":"product_cat-kreissaege","7":"product_cat-schleifen-und-trennen","8":"pa_brand-makita","11":"first","12":"instock","13":"shipping-taxable","14":"product-type-external"},"_links":{"self":[{"href":"https:\/\/werkzeuge-aller-art.com\/index.php?rest_route=\/wp\/v2\/product\/14706","targetHints":{"allow":["GET"]}}],"collection":[{"href":"https:\/\/werkzeuge-aller-art.com\/index.php?rest_route=\/wp\/v2\/product"}],"about":[{"href":"https:\/\/werkzeuge-aller-art.com\/index.php?rest_route=\/wp\/v2\/types\/product"}],"replies":[{"embeddable":true,"href":"https:\/\/werkzeuge-aller-art.com\/index.php?rest_route=%2Fwp%2Fv2%2Fcomments&post=14706"}],"wp:featuredmedia":[{"embeddable":true,"href":"https:\/\/werkzeuge-aller-art.com\/index.php?rest_route=\/wp\/v2\/media\/14707"}],"wp:attachment":[{"href":"https:\/\/werkzeuge-aller-art.com\/index.php?rest_route=%2Fwp%2Fv2%2Fmedia&parent=14706"}],"wp:term":[{"taxonomy":"product_cat","embeddable":true,"href":"https:\/\/werkzeuge-aller-art.com\/index.php?rest_route=%2Fwp%2Fv2%2Fproduct_cat&post=14706"},{"taxonomy":"product_tag","embeddable":true,"href":"https:\/\/werkzeuge-aller-art.com\/index.php?rest_route=%2Fwp%2Fv2%2Fproduct_tag&post=14706"}],"curies":[{"name":"wp","href":"https:\/\/api.w.org\/{rel}","templated":true}]}}