{"id":14704,"date":"2020-03-08T00:35:39","date_gmt":"2020-03-07T23:35:39","guid":{"rendered":"https:\/\/werkzeuge-aller-art.com\/?product=scheppach-hs-100-s-sonderedition-tischkreissaege-kreissaege-mit-feinschnitt-saegeblatt-2000-w-saegeblatt-o-250-x-o-30-mm-max-schnitthoehe-85-mm-tischgroesse-940x642-mm"},"modified":"2023-04-10T06:32:16","modified_gmt":"2023-04-10T04:32:16","slug":"scheppach-hs-100-s-sonderedition-tischkreissaege-kreissaege-mit-feinschnitt-saegeblatt-2000-w-saegeblatt-o-250-x-o-30-mm-max-schnitthoehe-85-mm-tischgroesse-940x642-mm","status":"publish","type":"product","link":"https:\/\/werkzeuge-aller-art.com\/?product=scheppach-hs-100-s-sonderedition-tischkreissaege-kreissaege-mit-feinschnitt-saegeblatt-2000-w-saegeblatt-o-250-x-o-30-mm-max-schnitthoehe-85-mm-tischgroesse-940x642-mm","title":{"rendered":"Scheppach Tischkreiss\u00e4ge HS100S | 230V 2000W | Schnitth\u00f6he 85mm | S\u00e4geblatt \u00d8 250mm | inkl. Tischverbreiterungen und\u2026"},"content":{"rendered":"<p><!-- show up to 2 reviews by default --> <\/p>\n<p><b>Scheppach HS 100 S Sonderedition Tischkreiss\u00e4ge \u2013 Kreiss\u00e4ge mit Feinschnitt S\u00e4geblatt (2000 W, S\u00e4geblatt \u00d8 250 x \u00d8 30 mm, max. Schnitth\u00f6he 85 mm, Tischgr\u00f6\u00dfe 940&#215;642 mm) <\/b> <\/p>\n<p><b> Eine gute Tischs\u00e4ge ist die Grundausstattung jeder Werkstatt. <\/b><br \/> Dank leistungsstarkem 2000 Watt Motor gleitet diese Tischkreiss\u00e4ge durch alle g\u00e4ngigen Holzarten. <br \/> Selbst die Bearbeitung von Harth\u00f6lzern wie Mahagoni ist f\u00fcr dieses Ger\u00e4t kein Problem. <\/p>\n<p> Die seitlichen Tischverl\u00e4ngerungen geben Ihnen die M\u00f6glichkeit, Ihren Arbeitsbereich perfekt auf Ihre Bed\u00fcrfnisse anzupassen. <br \/> Die H\u00f6henverstellung der Scheibe wird durch das gro\u00dfe Drehrad gesteuert. Unabh\u00e4ngig davon k\u00f6nnen Sie die Neigung des S\u00e4geblattes (bis 45\u00b0) einstellen. <\/p>\n<p><b>Spezifikationen: <\/b><\/p>\n<p> Anzahl der Z\u00e4hne der Scheibe (z) 24<br \/> Tischh\u00f6he (mm) 830<br \/> S\u00e4geblatt Neigung (\u00b0) 0-45<br \/> Tischgr\u00f6\u00dfe (mm) 940&#215;642<br \/> Schnitttiefe bei 45 \u00b0 (mm) 65<br \/> Schnitttiefe bei 90 \u00b0 (mm) 85<br \/> Saugmunddurchmesser (mm) 35<\/p>\n<p>EXTREM LEISTUNGSSTARK: Diese Kreiss\u00e4ge von Scheppach verf\u00fcgt \u00fcber einen kraftvollen 2000 Watt Elektromotor. Auch dickere und h\u00e4rtere H\u00f6lzer wie Mahagoni lassen sich problemlos bearbeiten<br \/>\n\u00c4U\u00dfERST STABIL: Durch die ausziehbaren Tischverbreiterungen und dem soliden Untergestell k\u00f6nnen auch gro\u00dfe Werkst\u00fccke sicher bearbeitet werden, ohne das der Arbeitstisch wackelt oder das Werkst\u00fcck verrutscht<br \/>\nSICHER: Die Sicherheit des Anwenders steht f\u00fcr uns an erster Stelle. Die Tischkreiss\u00e4ge ist mit einem S\u00e4geblattschutz ausgestattet. Durch den Schiebestock haben die Finger genug Abstand zum S\u00e4geblatt<br \/>\nLEICHT BEDIENBAR: Der Schwenkbereich kann mit einem unter dem Arbeitstisch befindlichen Handgriff verstellt werden. Ebenso kann die S\u00e4geblatt Neigung eingestellt werden (bis 45\u00b0)<br \/>\nLIEFERUMFANG: Lieferumfang: 1x Scheppach Tischkreiss\u00e4ge HS100 S Sonderedition, 1x Feinschnitt S\u00e4geblatt, 1x S\u00e4geblattschutz, 1x Querschneidlehre, 1x L\u00e4ngsanschlag<br \/>\n<div class=\"main-cross-sell\" data-asin=\"B07GVG1J9R\">\n\n\t<div class=\"WooZone-cross-sell-loader\">\n\t\t<div>\n\t\t\t<div id=\"floatingBarsG\">\n\t\t\t\t<div class=\"blockG\" id=\"rotateG_01\"><\/div>\n\t\t\t\t<div class=\"blockG\" id=\"rotateG_02\"><\/div>\n\t\t\t\t<div class=\"blockG\" id=\"rotateG_03\"><\/div>\n\t\t\t\t<div class=\"blockG\" id=\"rotateG_04\"><\/div>\n\t\t\t\t<div class=\"blockG\" id=\"rotateG_05\"><\/div>\n\t\t\t\t<div class=\"blockG\" id=\"rotateG_06\"><\/div>\n\t\t\t\t<div class=\"blockG\" id=\"rotateG_07\"><\/div>\n\t\t\t\t<div class=\"blockG\" id=\"rotateG_08\"><\/div>\n\t\t\t<\/div>\n\t\t\t<div class=\"WooZone-cross-sell-loader-text\"><\/div>\n\t\t<\/div>\n\t<\/div>\n\n\t\t\n<\/div>\n<div style=\"clear:both;\"><\/div>\n","protected":false},"excerpt":{"rendered":"<p>EXTREM LEISTUNGSSTARK: Diese Kreiss\u00e4ge von Scheppach verf\u00fcgt \u00fcber einen kraftvollen 2000 Watt Elektromotor. Auch dickere und h\u00e4rtere H\u00f6lzer wie Mahagoni lassen sich problemlos bearbeiten<br \/>\n\u00c4U\u00dfERST STABIL: Durch die ausziehbaren Tischverbreiterungen und dem soliden Untergestell k\u00f6nnen auch gro\u00dfe Werkst\u00fccke sicher bearbeitet werden, ohne das der Arbeitstisch wackelt oder das Werkst\u00fcck verrutscht<br \/>\nSICHER: Die Sicherheit des Anwenders steht f\u00fcr uns an erster Stelle. Die Tischkreiss\u00e4ge ist mit einem S\u00e4geblattschutz ausgestattet. Durch den Schiebestock haben die Finger genug Abstand zum S\u00e4geblatt<\/p>\n","protected":false},"featured_media":14705,"comment_status":"open","ping_status":"closed","template":"","meta":[],"product_cat":[118,109],"product_tag":[],"class_list":{"0":"post-14704","1":"product","2":"type-product","3":"status-publish","4":"has-post-thumbnail","6":"product_cat-kreissaege","7":"product_cat-schleifen-und-trennen","8":"pa_brand-scheppach","11":"first","12":"instock","13":"shipping-taxable","14":"product-type-external"},"_links":{"self":[{"href":"https:\/\/werkzeuge-aller-art.com\/index.php?rest_route=\/wp\/v2\/product\/14704","targetHints":{"allow":["GET"]}}],"collection":[{"href":"https:\/\/werkzeuge-aller-art.com\/index.php?rest_route=\/wp\/v2\/product"}],"about":[{"href":"https:\/\/werkzeuge-aller-art.com\/index.php?rest_route=\/wp\/v2\/types\/product"}],"replies":[{"embeddable":true,"href":"https:\/\/werkzeuge-aller-art.com\/index.php?rest_route=%2Fwp%2Fv2%2Fcomments&post=14704"}],"wp:featuredmedia":[{"embeddable":true,"href":"https:\/\/werkzeuge-aller-art.com\/index.php?rest_route=\/wp\/v2\/media\/14705"}],"wp:attachment":[{"href":"https:\/\/werkzeuge-aller-art.com\/index.php?rest_route=%2Fwp%2Fv2%2Fmedia&parent=14704"}],"wp:term":[{"taxonomy":"product_cat","embeddable":true,"href":"https:\/\/werkzeuge-aller-art.com\/index.php?rest_route=%2Fwp%2Fv2%2Fproduct_cat&post=14704"},{"taxonomy":"product_tag","embeddable":true,"href":"https:\/\/werkzeuge-aller-art.com\/index.php?rest_route=%2Fwp%2Fv2%2Fproduct_tag&post=14704"}],"curies":[{"name":"wp","href":"https:\/\/api.w.org\/{rel}","templated":true}]}}