{"id":14688,"date":"2020-03-08T00:34:20","date_gmt":"2020-03-07T23:34:20","guid":{"rendered":"https:\/\/werkzeuge-aller-art.com\/?product=makita-handkreissaege-68-mm-hs7601j"},"modified":"2023-04-10T06:25:30","modified_gmt":"2023-04-10T04:25:30","slug":"makita-handkreissaege-68-mm-hs7601j","status":"publish","type":"product","link":"https:\/\/werkzeuge-aller-art.com\/?product=makita-handkreissaege-68-mm-hs7601j","title":{"rendered":"Makita Handkreiss\u00e4ge 68 mm, HS7601J"},"content":{"rendered":"\n\t\t<div id='gallery-1' class='gallery galleryid-14688 gallery-columns-3 gallery-size-full'><dl class='gallery-item'>\r\n\t<dt class='gallery-icon landscape'>\r\n\t<a rel='gallery-nr'><img loading=\"lazy\" decoding=\"async\" width=\"500\" height=\"500\" src=\"https:\/\/images-na.ssl-images-amazon.com\/images\/I\/51IxJt%2B4rGL.jpg\" class=\"attachment-full size-full\" alt=\"\" srcset=\"https:\/\/images-na.ssl-images-amazon.com\/images\/I\/51IxJt%2B4rGL.jpg 500w, https:\/\/images-na.ssl-images-amazon.com\/images\/I\/51IxJt%2B4rGL._SS150_.jpg 150w, https:\/\/images-na.ssl-images-amazon.com\/images\/I\/51IxJt%2B4rGL._SS300_.jpg 300w, https:\/\/images-na.ssl-images-amazon.com\/images\/I\/51IxJt%2B4rGL._SS768_.jpg 768w, https:\/\/images-na.ssl-images-amazon.com\/images\/I\/51IxJt%2B4rGL._SS1024_.jpg 1024w, https:\/\/images-na.ssl-images-amazon.com\/images\/I\/51IxJt%2B4rGL._SS1536_.jpg 1536w, https:\/\/images-na.ssl-images-amazon.com\/images\/I\/51IxJt%2B4rGL._SS2048_.jpg 2048w, https:\/\/images-na.ssl-images-amazon.com\/images\/I\/51IxJt%2B4rGL._SS145_.jpg 145w, https:\/\/images-na.ssl-images-amazon.com\/images\/I\/51IxJt%2B4rGL._SS1400_.jpg 1400w, https:\/\/images-na.ssl-images-amazon.com\/images\/I\/51IxJt%2B4rGL._SS50_.jpg 50w, https:\/\/images-na.ssl-images-amazon.com\/images\/I\/51IxJt%2B4rGL._SS604_.jpg 604w, https:\/\/images-na.ssl-images-amazon.com\/images\/I\/51IxJt%2B4rGL._SS262_.jpg 262w, https:\/\/images-na.ssl-images-amazon.com\/images\/I\/51IxJt%2B4rGL._SS600_.jpg 600w, https:\/\/images-na.ssl-images-amazon.com\/images\/I\/51IxJt%2B4rGL._SS100_.jpg 100w\" sizes=\"auto, (max-width: 500px) 100vw, 500px\" \/><\/a>\r\n\t<\/dt>\r\n\t<dd class='wp-caption-text gallery-caption'>\r\n\t<div class='gallery-caption-inner'> <div class='wp-caption-text gallery-title'>\r\n\tMakita-Handkreissge-68-mm-HS7601J\r\n\t<\/div><div class='wp-caption-text gallery-zoom no-text'>\r\n\t\t<a href=https:\/\/werkzeuge-aller-art.com\/?attachment_id=14689 title='Click to view Full Image' class='icon mustang-gallery'><i class='fa fa-plus'><\/i><\/a>\r\n\t\t<\/div><div class='wp-caption-text gallery-redirect'>\r\n\t\t<a href=https:\/\/werkzeuge-aller-art.com\/?attachment_id=14689 title='Click to view read more' class='icon readmore'><i class='fa fa-link'><\/i><\/a>\r\n\t\t<\/div><\/div><\/dd><\/dl><dl class='gallery-item'>\r\n\t<dt class='gallery-icon landscape'>\r\n\t<a rel='gallery-nr'><img loading=\"lazy\" decoding=\"async\" width=\"500\" height=\"500\" src=\"https:\/\/images-na.ssl-images-amazon.com\/images\/I\/51PJI2TuHpL.jpg\" class=\"attachment-full size-full\" alt=\"\" srcset=\"https:\/\/images-na.ssl-images-amazon.com\/images\/I\/51PJI2TuHpL.jpg 500w, https:\/\/images-na.ssl-images-amazon.com\/images\/I\/51PJI2TuHpL._SS150_.jpg 150w, https:\/\/images-na.ssl-images-amazon.com\/images\/I\/51PJI2TuHpL._SS300_.jpg 300w, https:\/\/images-na.ssl-images-amazon.com\/images\/I\/51PJI2TuHpL._SS768_.jpg 768w, https:\/\/images-na.ssl-images-amazon.com\/images\/I\/51PJI2TuHpL._SS1024_.jpg 1024w, https:\/\/images-na.ssl-images-amazon.com\/images\/I\/51PJI2TuHpL._SS1536_.jpg 1536w, https:\/\/images-na.ssl-images-amazon.com\/images\/I\/51PJI2TuHpL._SS2048_.jpg 2048w, https:\/\/images-na.ssl-images-amazon.com\/images\/I\/51PJI2TuHpL._SS145_.jpg 145w, https:\/\/images-na.ssl-images-amazon.com\/images\/I\/51PJI2TuHpL._SS1400_.jpg 1400w, https:\/\/images-na.ssl-images-amazon.com\/images\/I\/51PJI2TuHpL._SS50_.jpg 50w, https:\/\/images-na.ssl-images-amazon.com\/images\/I\/51PJI2TuHpL._SS604_.jpg 604w, https:\/\/images-na.ssl-images-amazon.com\/images\/I\/51PJI2TuHpL._SS262_.jpg 262w, https:\/\/images-na.ssl-images-amazon.com\/images\/I\/51PJI2TuHpL._SS600_.jpg 600w, https:\/\/images-na.ssl-images-amazon.com\/images\/I\/51PJI2TuHpL._SS100_.jpg 100w\" sizes=\"auto, (max-width: 500px) 100vw, 500px\" \/><\/a>\r\n\t<\/dt>\r\n\t<dd class='wp-caption-text gallery-caption'>\r\n\t<div class='gallery-caption-inner'> <div class='wp-caption-text gallery-title'>\r\n\tMakita-Handkreissge-68-mm-HS7601J\r\n\t<\/div><div class='wp-caption-text gallery-zoom no-text'>\r\n\t\t<a href=https:\/\/werkzeuge-aller-art.com\/?attachment_id=14690 title='Click to view Full Image' class='icon mustang-gallery'><i class='fa fa-plus'><\/i><\/a>\r\n\t\t<\/div><div class='wp-caption-text gallery-redirect'>\r\n\t\t<a href=https:\/\/werkzeuge-aller-art.com\/?attachment_id=14690 title='Click to view read more' class='icon readmore'><i class='fa fa-link'><\/i><\/a>\r\n\t\t<\/div><\/div><\/dd><\/dl><dl class='gallery-item'>\r\n\t<dt class='gallery-icon landscape'>\r\n\t<a rel='gallery-nr'><img loading=\"lazy\" decoding=\"async\" width=\"500\" height=\"500\" src=\"https:\/\/images-na.ssl-images-amazon.com\/images\/I\/41yOhPbDSIL.jpg\" class=\"attachment-full size-full\" alt=\"\" srcset=\"https:\/\/images-na.ssl-images-amazon.com\/images\/I\/41yOhPbDSIL.jpg 500w, https:\/\/images-na.ssl-images-amazon.com\/images\/I\/41yOhPbDSIL._SS150_.jpg 150w, https:\/\/images-na.ssl-images-amazon.com\/images\/I\/41yOhPbDSIL._SS300_.jpg 300w, https:\/\/images-na.ssl-images-amazon.com\/images\/I\/41yOhPbDSIL._SS768_.jpg 768w, https:\/\/images-na.ssl-images-amazon.com\/images\/I\/41yOhPbDSIL._SS1024_.jpg 1024w, https:\/\/images-na.ssl-images-amazon.com\/images\/I\/41yOhPbDSIL._SS1536_.jpg 1536w, https:\/\/images-na.ssl-images-amazon.com\/images\/I\/41yOhPbDSIL._SS2048_.jpg 2048w, https:\/\/images-na.ssl-images-amazon.com\/images\/I\/41yOhPbDSIL._SS145_.jpg 145w, https:\/\/images-na.ssl-images-amazon.com\/images\/I\/41yOhPbDSIL._SS1400_.jpg 1400w, https:\/\/images-na.ssl-images-amazon.com\/images\/I\/41yOhPbDSIL._SS50_.jpg 50w, https:\/\/images-na.ssl-images-amazon.com\/images\/I\/41yOhPbDSIL._SS604_.jpg 604w, https:\/\/images-na.ssl-images-amazon.com\/images\/I\/41yOhPbDSIL._SS262_.jpg 262w, https:\/\/images-na.ssl-images-amazon.com\/images\/I\/41yOhPbDSIL._SS600_.jpg 600w, https:\/\/images-na.ssl-images-amazon.com\/images\/I\/41yOhPbDSIL._SS100_.jpg 100w\" sizes=\"auto, (max-width: 500px) 100vw, 500px\" \/><\/a>\r\n\t<\/dt>\r\n\t<dd class='wp-caption-text gallery-caption'>\r\n\t<div class='gallery-caption-inner'> <div class='wp-caption-text gallery-title'>\r\n\tMakita-Handkreissge-68-mm-HS7601J\r\n\t<\/div><div class='wp-caption-text gallery-zoom no-text'>\r\n\t\t<a href=https:\/\/werkzeuge-aller-art.com\/?attachment_id=14691 title='Click to view Full Image' class='icon mustang-gallery'><i class='fa fa-plus'><\/i><\/a>\r\n\t\t<\/div><div class='wp-caption-text gallery-redirect'>\r\n\t\t<a href=https:\/\/werkzeuge-aller-art.com\/?attachment_id=14691 title='Click to view read more' class='icon readmore'><i class='fa fa-link'><\/i><\/a>\r\n\t\t<\/div><\/div><\/dd><\/dl>\r\n<\/div>\n\n<div class=\"disclaim\"> Stil:<strong>Single<\/strong> <\/div>\n<p> <!-- show up to 2 reviews by default --> <\/p>\n<h3>Produktbeschreibung<\/h3>\n<\/p>\n<p>Handkreiss\u00e4ge 68 mm HS7601J Durch ergonomisch ausgeformten Zusatzgriff leichtere Handhabung bei universeller Anwendung F\u00fcr staubfreies Arbeiten, Fremdabsaugung anschlie\u00dfbar Vergr\u00f6\u00dferter, robuster Tisch f\u00fcr pr\u00e4zises Arbeiten.<\/p>\n<p>Schnitttiefenverstellung nach dem Scherenprinzip Leistungsaufnahme 1.200 W Leerlaufdrehzahl 5.200 min-1 Schnittleistung: bei 0\u00b0- 66 mm, bei 45\u00b0- 46,0 mm S\u00e4geblattdurchmesser 190 mm S\u00e4geblattbohrung 30 mm Gewicht 4,0 kg Lieferumfang: Makpac Gr. 4, HM-S\u00e4geblatt 190 mm, Parallelanschlag, Absaugstutzen, Montagewerkzeug.<\/p>\n<\/p>\n<h3>Rechtliche Hinweise<\/h3>\n<p>UK-Import mit Steckeradapter. Bei gewerblicher Nutzung, bitte die Bauvorschriften beachten! <\/p>\n<p>Durch ergonomisch ausgeformten Zusatzgriff leichtere Handhabung bei universeller Anwendung<br \/>\nF\u00fcr staubarmes Arbeiten Fremdabsaugung anschlie\u00dfbar<br \/>\nVergr\u00f6\u00dferter, robuster Tisch f\u00fcr pr\u00e4zises Arbeiten<br \/>\nSchnitttiefenverstellung nach dem Scherenprinzip<br \/>\nMitgeliefertes Zubeh\u00f6r: MAKPAC Gr. 4, HM S\u00e4geblatt 190 mm\/12 Z, Absaugstutzen, Parallelanschlag<br \/>\n<div class=\"main-cross-sell\" data-asin=\"B012CKRAYY\">\n\n\t<div class=\"WooZone-cross-sell-loader\">\n\t\t<div>\n\t\t\t<div id=\"floatingBarsG\">\n\t\t\t\t<div class=\"blockG\" id=\"rotateG_01\"><\/div>\n\t\t\t\t<div class=\"blockG\" id=\"rotateG_02\"><\/div>\n\t\t\t\t<div class=\"blockG\" id=\"rotateG_03\"><\/div>\n\t\t\t\t<div class=\"blockG\" id=\"rotateG_04\"><\/div>\n\t\t\t\t<div class=\"blockG\" id=\"rotateG_05\"><\/div>\n\t\t\t\t<div class=\"blockG\" id=\"rotateG_06\"><\/div>\n\t\t\t\t<div class=\"blockG\" id=\"rotateG_07\"><\/div>\n\t\t\t\t<div class=\"blockG\" id=\"rotateG_08\"><\/div>\n\t\t\t<\/div>\n\t\t\t<div class=\"WooZone-cross-sell-loader-text\"><\/div>\n\t\t<\/div>\n\t<\/div>\n\n\t\t\n<\/div>\n<div style=\"clear:both;\"><\/div>\n","protected":false},"excerpt":{"rendered":"<p>Durch ergonomisch ausgeformten Zusatzgriff leichtere Handhabung bei universeller Anwendung<br \/>\nF\u00fcr staubarmes Arbeiten Fremdabsaugung anschlie\u00dfbar<br \/>\nVergr\u00f6\u00dferter, robuster Tisch f\u00fcr pr\u00e4zises Arbeiten<\/p>\n","protected":false},"featured_media":14689,"comment_status":"open","ping_status":"closed","template":"","meta":[],"product_cat":[118,109],"product_tag":[],"class_list":{"0":"post-14688","1":"product","2":"type-product","3":"status-publish","4":"has-post-thumbnail","6":"product_cat-kreissaege","7":"product_cat-schleifen-und-trennen","8":"pa_brand-makita","11":"first","12":"instock","13":"shipping-taxable","14":"product-type-external"},"_links":{"self":[{"href":"https:\/\/werkzeuge-aller-art.com\/index.php?rest_route=\/wp\/v2\/product\/14688","targetHints":{"allow":["GET"]}}],"collection":[{"href":"https:\/\/werkzeuge-aller-art.com\/index.php?rest_route=\/wp\/v2\/product"}],"about":[{"href":"https:\/\/werkzeuge-aller-art.com\/index.php?rest_route=\/wp\/v2\/types\/product"}],"replies":[{"embeddable":true,"href":"https:\/\/werkzeuge-aller-art.com\/index.php?rest_route=%2Fwp%2Fv2%2Fcomments&post=14688"}],"wp:featuredmedia":[{"embeddable":true,"href":"https:\/\/werkzeuge-aller-art.com\/index.php?rest_route=\/wp\/v2\/media\/14689"}],"wp:attachment":[{"href":"https:\/\/werkzeuge-aller-art.com\/index.php?rest_route=%2Fwp%2Fv2%2Fmedia&parent=14688"}],"wp:term":[{"taxonomy":"product_cat","embeddable":true,"href":"https:\/\/werkzeuge-aller-art.com\/index.php?rest_route=%2Fwp%2Fv2%2Fproduct_cat&post=14688"},{"taxonomy":"product_tag","embeddable":true,"href":"https:\/\/werkzeuge-aller-art.com\/index.php?rest_route=%2Fwp%2Fv2%2Fproduct_tag&post=14688"}],"curies":[{"name":"wp","href":"https:\/\/api.w.org\/{rel}","templated":true}]}}