{"id":14676,"date":"2020-03-08T00:34:08","date_gmt":"2020-03-07T23:34:08","guid":{"rendered":"https:\/\/werkzeuge-aller-art.com\/?product=bosch-kreissaege-pks-55-a-1-200-watt-im-karton"},"modified":"2023-04-10T06:25:30","modified_gmt":"2023-04-10T04:25:30","slug":"bosch-kreissaege-pks-55-a-1-200-watt-im-karton","status":"publish","type":"product","link":"https:\/\/werkzeuge-aller-art.com\/?product=bosch-kreissaege-pks-55-a-1-200-watt-im-karton","title":{"rendered":"Bosch Kreiss\u00e4ge PKS 55 A (1.200 Watt, im Karton), Gr\u00fcn"},"content":{"rendered":"\n\t\t<div id='gallery-1' class='gallery galleryid-14676 gallery-columns-3 gallery-size-full'><dl class='gallery-item'>\r\n\t<dt class='gallery-icon landscape'>\r\n\t<a rel='gallery-nr'><img loading=\"lazy\" decoding=\"async\" width=\"500\" height=\"500\" src=\"https:\/\/images-na.ssl-images-amazon.com\/images\/I\/51-gWRQKiJL.jpg\" class=\"attachment-full size-full\" alt=\"\" srcset=\"https:\/\/images-na.ssl-images-amazon.com\/images\/I\/51-gWRQKiJL.jpg 500w, https:\/\/images-na.ssl-images-amazon.com\/images\/I\/51-gWRQKiJL._SS150_.jpg 150w, https:\/\/images-na.ssl-images-amazon.com\/images\/I\/51-gWRQKiJL._SS300_.jpg 300w, https:\/\/images-na.ssl-images-amazon.com\/images\/I\/51-gWRQKiJL._SS768_.jpg 768w, https:\/\/images-na.ssl-images-amazon.com\/images\/I\/51-gWRQKiJL._SS1024_.jpg 1024w, https:\/\/images-na.ssl-images-amazon.com\/images\/I\/51-gWRQKiJL._SS1536_.jpg 1536w, https:\/\/images-na.ssl-images-amazon.com\/images\/I\/51-gWRQKiJL._SS2048_.jpg 2048w, https:\/\/images-na.ssl-images-amazon.com\/images\/I\/51-gWRQKiJL._SS145_.jpg 145w, https:\/\/images-na.ssl-images-amazon.com\/images\/I\/51-gWRQKiJL._SS1400_.jpg 1400w, https:\/\/images-na.ssl-images-amazon.com\/images\/I\/51-gWRQKiJL._SS50_.jpg 50w, https:\/\/images-na.ssl-images-amazon.com\/images\/I\/51-gWRQKiJL._SS604_.jpg 604w, https:\/\/images-na.ssl-images-amazon.com\/images\/I\/51-gWRQKiJL._SS262_.jpg 262w, https:\/\/images-na.ssl-images-amazon.com\/images\/I\/51-gWRQKiJL._SS600_.jpg 600w, https:\/\/images-na.ssl-images-amazon.com\/images\/I\/51-gWRQKiJL._SS100_.jpg 100w\" sizes=\"auto, (max-width: 500px) 100vw, 500px\" \/><\/a>\r\n\t<\/dt>\r\n\t<dd class='wp-caption-text gallery-caption'>\r\n\t<div class='gallery-caption-inner'> <div class='wp-caption-text gallery-title'>\r\n\tBosch-Kreissge-PKS-55-A-1200-Watt-im-Karton\r\n\t<\/div><div class='wp-caption-text gallery-zoom no-text'>\r\n\t\t<a href=https:\/\/werkzeuge-aller-art.com\/?attachment_id=14677 title='Click to view Full Image' class='icon mustang-gallery'><i class='fa fa-plus'><\/i><\/a>\r\n\t\t<\/div><div class='wp-caption-text gallery-redirect'>\r\n\t\t<a href=https:\/\/werkzeuge-aller-art.com\/?attachment_id=14677 title='Click to view read more' class='icon readmore'><i class='fa fa-link'><\/i><\/a>\r\n\t\t<\/div><\/div><\/dd><\/dl><dl class='gallery-item'>\r\n\t<dt class='gallery-icon landscape'>\r\n\t<a rel='gallery-nr'><img loading=\"lazy\" decoding=\"async\" width=\"500\" height=\"500\" src=\"https:\/\/images-na.ssl-images-amazon.com\/images\/I\/51v-GUB0CSL.jpg\" class=\"attachment-full size-full\" alt=\"\" srcset=\"https:\/\/images-na.ssl-images-amazon.com\/images\/I\/51v-GUB0CSL.jpg 500w, https:\/\/images-na.ssl-images-amazon.com\/images\/I\/51v-GUB0CSL._SS150_.jpg 150w, https:\/\/images-na.ssl-images-amazon.com\/images\/I\/51v-GUB0CSL._SS300_.jpg 300w, https:\/\/images-na.ssl-images-amazon.com\/images\/I\/51v-GUB0CSL._SS768_.jpg 768w, https:\/\/images-na.ssl-images-amazon.com\/images\/I\/51v-GUB0CSL._SS1024_.jpg 1024w, https:\/\/images-na.ssl-images-amazon.com\/images\/I\/51v-GUB0CSL._SS1536_.jpg 1536w, https:\/\/images-na.ssl-images-amazon.com\/images\/I\/51v-GUB0CSL._SS2048_.jpg 2048w, https:\/\/images-na.ssl-images-amazon.com\/images\/I\/51v-GUB0CSL._SS145_.jpg 145w, https:\/\/images-na.ssl-images-amazon.com\/images\/I\/51v-GUB0CSL._SS1400_.jpg 1400w, https:\/\/images-na.ssl-images-amazon.com\/images\/I\/51v-GUB0CSL._SS50_.jpg 50w, https:\/\/images-na.ssl-images-amazon.com\/images\/I\/51v-GUB0CSL._SS604_.jpg 604w, https:\/\/images-na.ssl-images-amazon.com\/images\/I\/51v-GUB0CSL._SS262_.jpg 262w, https:\/\/images-na.ssl-images-amazon.com\/images\/I\/51v-GUB0CSL._SS600_.jpg 600w, https:\/\/images-na.ssl-images-amazon.com\/images\/I\/51v-GUB0CSL._SS100_.jpg 100w\" sizes=\"auto, (max-width: 500px) 100vw, 500px\" \/><\/a>\r\n\t<\/dt>\r\n\t<dd class='wp-caption-text gallery-caption'>\r\n\t<div class='gallery-caption-inner'> <div class='wp-caption-text gallery-title'>\r\n\tBosch-Kreissge-PKS-55-A-1200-Watt-im-Karton\r\n\t<\/div><div class='wp-caption-text gallery-zoom no-text'>\r\n\t\t<a href=https:\/\/werkzeuge-aller-art.com\/?attachment_id=14678 title='Click to view Full Image' class='icon mustang-gallery'><i class='fa fa-plus'><\/i><\/a>\r\n\t\t<\/div><div class='wp-caption-text gallery-redirect'>\r\n\t\t<a href=https:\/\/werkzeuge-aller-art.com\/?attachment_id=14678 title='Click to view read more' class='icon readmore'><i class='fa fa-link'><\/i><\/a>\r\n\t\t<\/div><\/div><\/dd><\/dl><dl class='gallery-item'>\r\n\t<dt class='gallery-icon landscape'>\r\n\t<a rel='gallery-nr'><img loading=\"lazy\" decoding=\"async\" width=\"500\" height=\"500\" src=\"https:\/\/images-na.ssl-images-amazon.com\/images\/I\/514hkxic9nL.jpg\" class=\"attachment-full size-full\" alt=\"\" srcset=\"https:\/\/images-na.ssl-images-amazon.com\/images\/I\/514hkxic9nL.jpg 500w, https:\/\/images-na.ssl-images-amazon.com\/images\/I\/514hkxic9nL._SS150_.jpg 150w, https:\/\/images-na.ssl-images-amazon.com\/images\/I\/514hkxic9nL._SS300_.jpg 300w, https:\/\/images-na.ssl-images-amazon.com\/images\/I\/514hkxic9nL._SS768_.jpg 768w, https:\/\/images-na.ssl-images-amazon.com\/images\/I\/514hkxic9nL._SS1024_.jpg 1024w, https:\/\/images-na.ssl-images-amazon.com\/images\/I\/514hkxic9nL._SS1536_.jpg 1536w, https:\/\/images-na.ssl-images-amazon.com\/images\/I\/514hkxic9nL._SS2048_.jpg 2048w, https:\/\/images-na.ssl-images-amazon.com\/images\/I\/514hkxic9nL._SS145_.jpg 145w, https:\/\/images-na.ssl-images-amazon.com\/images\/I\/514hkxic9nL._SS1400_.jpg 1400w, https:\/\/images-na.ssl-images-amazon.com\/images\/I\/514hkxic9nL._SS50_.jpg 50w, https:\/\/images-na.ssl-images-amazon.com\/images\/I\/514hkxic9nL._SS604_.jpg 604w, https:\/\/images-na.ssl-images-amazon.com\/images\/I\/514hkxic9nL._SS262_.jpg 262w, https:\/\/images-na.ssl-images-amazon.com\/images\/I\/514hkxic9nL._SS600_.jpg 600w, https:\/\/images-na.ssl-images-amazon.com\/images\/I\/514hkxic9nL._SS100_.jpg 100w\" sizes=\"auto, (max-width: 500px) 100vw, 500px\" \/><\/a>\r\n\t<\/dt>\r\n\t<dd class='wp-caption-text gallery-caption'>\r\n\t<div class='gallery-caption-inner'> <div class='wp-caption-text gallery-title'>\r\n\tBosch-Kreissge-PKS-55-A-1200-Watt-im-Karton\r\n\t<\/div><div class='wp-caption-text gallery-zoom no-text'>\r\n\t\t<a href=https:\/\/werkzeuge-aller-art.com\/?attachment_id=14679 title='Click to view Full Image' class='icon mustang-gallery'><i class='fa fa-plus'><\/i><\/a>\r\n\t\t<\/div><div class='wp-caption-text gallery-redirect'>\r\n\t\t<a href=https:\/\/werkzeuge-aller-art.com\/?attachment_id=14679 title='Click to view read more' class='icon readmore'><i class='fa fa-link'><\/i><\/a>\r\n\t\t<\/div><\/div><\/dd><\/dl>\r\n<\/div>\n\n<div class=\"disclaim\"> Stil:<strong>PKS 55 A<\/strong> <\/div>\n<p> <!-- show up to 2 reviews by default --> <\/p>\n<h3>Produktbeschreibung<\/h3>\n<\/p>\n<p>Technische Daten:<\/p>\n<li>Nennaufnahme: 1.200 Watt<\/li>\n<li>Schnitttiefenbereich bei 90 \u00b0: 0-55 mm<\/li>\n<li>Schnitttiefenbereich bei 45 \u00b0: 0-38 mm<\/li>\n<li>Schnitttiefe in Holz: 55 mm<\/li>\n<li>Schnitttiefe in Aluminium: 10 mm<\/li>\n<li>Schnitttiefe in Stahl: 3 mm<\/li>\n<li>Leerlaufdrehzahl: 5.600 1\/min<\/li>\n<li>Gewicht (brutto\/netto): 6,29\/6,21 kg<\/li>\n<h3>Rechtliche Hinweise<\/h3>\n<p>Keine Gew\u00e4hrleistung und R\u00fccknahme m\u00f6glich. <\/p>\n<p>Kreiss\u00e4ge PKS 55 A &#8211; volle Kontrolle und Pr\u00e4zision bei geraden Schnitten<br \/>\n55 mm Schnitttiefe in Holz und trotzdem besonders leicht und kompakt f\u00fcr angenehmes Arbeiten<br \/>\nNutzbar mit Kreiss\u00e4gebl\u00e4ttern mit Nenndurchmessern von 160 mm<br \/>\nSauberes Arbeiten &#8211; 80% der Sp\u00e4ne werden in mitgelieferter CleanSystem Box gesammelt<br \/>\nLieferumfang: PKS 55 A, Hartmetalls\u00e4geblatt Speedline Wood, Parallelanschlag, Karton (3165140477789)<br \/>\n<div class=\"main-cross-sell\" data-asin=\"B002EX2Y6E\">\n\n\t<div class=\"WooZone-cross-sell-loader\">\n\t\t<div>\n\t\t\t<div id=\"floatingBarsG\">\n\t\t\t\t<div class=\"blockG\" id=\"rotateG_01\"><\/div>\n\t\t\t\t<div class=\"blockG\" id=\"rotateG_02\"><\/div>\n\t\t\t\t<div class=\"blockG\" id=\"rotateG_03\"><\/div>\n\t\t\t\t<div class=\"blockG\" id=\"rotateG_04\"><\/div>\n\t\t\t\t<div class=\"blockG\" id=\"rotateG_05\"><\/div>\n\t\t\t\t<div class=\"blockG\" id=\"rotateG_06\"><\/div>\n\t\t\t\t<div class=\"blockG\" id=\"rotateG_07\"><\/div>\n\t\t\t\t<div class=\"blockG\" id=\"rotateG_08\"><\/div>\n\t\t\t<\/div>\n\t\t\t<div class=\"WooZone-cross-sell-loader-text\"><\/div>\n\t\t<\/div>\n\t<\/div>\n\n\t\t\n<\/div>\n<div style=\"clear:both;\"><\/div>\n","protected":false},"excerpt":{"rendered":"<p>Kreiss\u00e4ge PKS 55 A &#8211; volle Kontrolle und Pr\u00e4zision bei geraden Schnitten<br \/>\n55 mm Schnitttiefe in Holz und trotzdem besonders leicht und kompakt f\u00fcr angenehmes Arbeiten<br \/>\nNutzbar mit Kreiss\u00e4gebl\u00e4ttern mit Nenndurchmessern von 160 mm<\/p>\n","protected":false},"featured_media":14677,"comment_status":"open","ping_status":"closed","template":"","meta":[],"product_cat":[118,109],"product_tag":[],"class_list":{"0":"post-14676","1":"product","2":"type-product","3":"status-publish","4":"has-post-thumbnail","6":"product_cat-kreissaege","7":"product_cat-schleifen-und-trennen","8":"pa_brand-bosch-home-and-garden","11":"first","12":"instock","13":"shipping-taxable","14":"product-type-external"},"_links":{"self":[{"href":"https:\/\/werkzeuge-aller-art.com\/index.php?rest_route=\/wp\/v2\/product\/14676","targetHints":{"allow":["GET"]}}],"collection":[{"href":"https:\/\/werkzeuge-aller-art.com\/index.php?rest_route=\/wp\/v2\/product"}],"about":[{"href":"https:\/\/werkzeuge-aller-art.com\/index.php?rest_route=\/wp\/v2\/types\/product"}],"replies":[{"embeddable":true,"href":"https:\/\/werkzeuge-aller-art.com\/index.php?rest_route=%2Fwp%2Fv2%2Fcomments&post=14676"}],"wp:featuredmedia":[{"embeddable":true,"href":"https:\/\/werkzeuge-aller-art.com\/index.php?rest_route=\/wp\/v2\/media\/14677"}],"wp:attachment":[{"href":"https:\/\/werkzeuge-aller-art.com\/index.php?rest_route=%2Fwp%2Fv2%2Fmedia&parent=14676"}],"wp:term":[{"taxonomy":"product_cat","embeddable":true,"href":"https:\/\/werkzeuge-aller-art.com\/index.php?rest_route=%2Fwp%2Fv2%2Fproduct_cat&post=14676"},{"taxonomy":"product_tag","embeddable":true,"href":"https:\/\/werkzeuge-aller-art.com\/index.php?rest_route=%2Fwp%2Fv2%2Fproduct_tag&post=14676"}],"curies":[{"name":"wp","href":"https:\/\/api.w.org\/{rel}","templated":true}]}}