{"id":14668,"date":"2020-03-08T00:34:01","date_gmt":"2020-03-07T23:34:01","guid":{"rendered":"https:\/\/werkzeuge-aller-art.com\/?product=makita-hs7611-handkreissaege-1600-w-230-v-66-mm"},"modified":"2023-04-10T06:25:30","modified_gmt":"2023-04-10T04:25:30","slug":"makita-hs7611-handkreissaege-1600-w-230-v-66-mm","status":"publish","type":"product","link":"https:\/\/werkzeuge-aller-art.com\/?product=makita-hs7611-handkreissaege-1600-w-230-v-66-mm","title":{"rendered":"Makita HS7611 Handkreiss\u00e4ge 66 mm"},"content":{"rendered":"<div id='gallery-1' class='gallery galleryid-14668 gallery-columns-3 gallery-size-full'><dl class='gallery-item'>\r\n\t<dt class='gallery-icon landscape'>\r\n\t<a rel='gallery-nr'><img loading=\"lazy\" decoding=\"async\" width=\"500\" height=\"500\" src=\"https:\/\/images-na.ssl-images-amazon.com\/images\/I\/51eRpO2qLnL.jpg\" class=\"attachment-full size-full\" alt=\"\" srcset=\"https:\/\/images-na.ssl-images-amazon.com\/images\/I\/51eRpO2qLnL.jpg 500w, https:\/\/images-na.ssl-images-amazon.com\/images\/I\/51eRpO2qLnL._SS150_.jpg 150w, https:\/\/images-na.ssl-images-amazon.com\/images\/I\/51eRpO2qLnL._SS300_.jpg 300w, https:\/\/images-na.ssl-images-amazon.com\/images\/I\/51eRpO2qLnL._SS768_.jpg 768w, https:\/\/images-na.ssl-images-amazon.com\/images\/I\/51eRpO2qLnL._SS1024_.jpg 1024w, https:\/\/images-na.ssl-images-amazon.com\/images\/I\/51eRpO2qLnL._SS1536_.jpg 1536w, https:\/\/images-na.ssl-images-amazon.com\/images\/I\/51eRpO2qLnL._SS2048_.jpg 2048w, https:\/\/images-na.ssl-images-amazon.com\/images\/I\/51eRpO2qLnL._SS145_.jpg 145w, https:\/\/images-na.ssl-images-amazon.com\/images\/I\/51eRpO2qLnL._SS1400_.jpg 1400w, https:\/\/images-na.ssl-images-amazon.com\/images\/I\/51eRpO2qLnL._SS50_.jpg 50w, https:\/\/images-na.ssl-images-amazon.com\/images\/I\/51eRpO2qLnL._SS604_.jpg 604w, https:\/\/images-na.ssl-images-amazon.com\/images\/I\/51eRpO2qLnL._SS262_.jpg 262w, https:\/\/images-na.ssl-images-amazon.com\/images\/I\/51eRpO2qLnL._SS600_.jpg 600w, https:\/\/images-na.ssl-images-amazon.com\/images\/I\/51eRpO2qLnL._SS100_.jpg 100w\" sizes=\"auto, (max-width: 500px) 100vw, 500px\" \/><\/a>\r\n\t<\/dt>\r\n\t<dd class='wp-caption-text gallery-caption'>\r\n\t<div class='gallery-caption-inner'> <div class='wp-caption-text gallery-title'>\r\n\tMakita-HS7611-Handkreissge-1600-W-230-V-66-mm\r\n\t<\/div><div class='wp-caption-text gallery-zoom no-text'>\r\n\t\t<a href=https:\/\/werkzeuge-aller-art.com\/?attachment_id=14669 title='Click to view Full Image' class='icon mustang-gallery'><i class='fa fa-plus'><\/i><\/a>\r\n\t\t<\/div><div class='wp-caption-text gallery-redirect'>\r\n\t\t<a href=https:\/\/werkzeuge-aller-art.com\/?attachment_id=14669 title='Click to view read more' class='icon readmore'><i class='fa fa-link'><\/i><\/a>\r\n\t\t<\/div><\/div><\/dd><\/dl><dl class='gallery-item'>\r\n\t<dt class='gallery-icon landscape'>\r\n\t<a rel='gallery-nr'><img loading=\"lazy\" decoding=\"async\" width=\"500\" height=\"500\" src=\"https:\/\/images-na.ssl-images-amazon.com\/images\/I\/41Nfv%2BfYW-L.jpg\" class=\"attachment-full size-full\" alt=\"\" srcset=\"https:\/\/images-na.ssl-images-amazon.com\/images\/I\/41Nfv%2BfYW-L.jpg 500w, https:\/\/images-na.ssl-images-amazon.com\/images\/I\/41Nfv%2BfYW-L._SS150_.jpg 150w, https:\/\/images-na.ssl-images-amazon.com\/images\/I\/41Nfv%2BfYW-L._SS300_.jpg 300w, https:\/\/images-na.ssl-images-amazon.com\/images\/I\/41Nfv%2BfYW-L._SS768_.jpg 768w, https:\/\/images-na.ssl-images-amazon.com\/images\/I\/41Nfv%2BfYW-L._SS1024_.jpg 1024w, https:\/\/images-na.ssl-images-amazon.com\/images\/I\/41Nfv%2BfYW-L._SS1536_.jpg 1536w, https:\/\/images-na.ssl-images-amazon.com\/images\/I\/41Nfv%2BfYW-L._SS2048_.jpg 2048w, https:\/\/images-na.ssl-images-amazon.com\/images\/I\/41Nfv%2BfYW-L._SS145_.jpg 145w, https:\/\/images-na.ssl-images-amazon.com\/images\/I\/41Nfv%2BfYW-L._SS1400_.jpg 1400w, https:\/\/images-na.ssl-images-amazon.com\/images\/I\/41Nfv%2BfYW-L._SS50_.jpg 50w, https:\/\/images-na.ssl-images-amazon.com\/images\/I\/41Nfv%2BfYW-L._SS604_.jpg 604w, https:\/\/images-na.ssl-images-amazon.com\/images\/I\/41Nfv%2BfYW-L._SS262_.jpg 262w, https:\/\/images-na.ssl-images-amazon.com\/images\/I\/41Nfv%2BfYW-L._SS600_.jpg 600w, https:\/\/images-na.ssl-images-amazon.com\/images\/I\/41Nfv%2BfYW-L._SS100_.jpg 100w\" sizes=\"auto, (max-width: 500px) 100vw, 500px\" \/><\/a>\r\n\t<\/dt>\r\n\t<dd class='wp-caption-text gallery-caption'>\r\n\t<div class='gallery-caption-inner'> <div class='wp-caption-text gallery-title'>\r\n\tMakita-HS7611-Handkreissge-1600-W-230-V-66-mm\r\n\t<\/div><div class='wp-caption-text gallery-zoom no-text'>\r\n\t\t<a href=https:\/\/werkzeuge-aller-art.com\/?attachment_id=14670 title='Click to view Full Image' class='icon mustang-gallery'><i class='fa fa-plus'><\/i><\/a>\r\n\t\t<\/div><div class='wp-caption-text gallery-redirect'>\r\n\t\t<a href=https:\/\/werkzeuge-aller-art.com\/?attachment_id=14670 title='Click to view read more' class='icon readmore'><i class='fa fa-link'><\/i><\/a>\r\n\t\t<\/div><\/div><\/dd><\/dl><dl class='gallery-item'>\r\n\t<dt class='gallery-icon landscape'>\r\n\t<a rel='gallery-nr'><img loading=\"lazy\" decoding=\"async\" width=\"500\" height=\"500\" src=\"https:\/\/images-na.ssl-images-amazon.com\/images\/I\/31SBsXeyfIL.jpg\" class=\"attachment-full size-full\" alt=\"\" srcset=\"https:\/\/images-na.ssl-images-amazon.com\/images\/I\/31SBsXeyfIL.jpg 500w, https:\/\/images-na.ssl-images-amazon.com\/images\/I\/31SBsXeyfIL._SS150_.jpg 150w, https:\/\/images-na.ssl-images-amazon.com\/images\/I\/31SBsXeyfIL._SS300_.jpg 300w, https:\/\/images-na.ssl-images-amazon.com\/images\/I\/31SBsXeyfIL._SS768_.jpg 768w, https:\/\/images-na.ssl-images-amazon.com\/images\/I\/31SBsXeyfIL._SS1024_.jpg 1024w, https:\/\/images-na.ssl-images-amazon.com\/images\/I\/31SBsXeyfIL._SS1536_.jpg 1536w, https:\/\/images-na.ssl-images-amazon.com\/images\/I\/31SBsXeyfIL._SS2048_.jpg 2048w, https:\/\/images-na.ssl-images-amazon.com\/images\/I\/31SBsXeyfIL._SS145_.jpg 145w, https:\/\/images-na.ssl-images-amazon.com\/images\/I\/31SBsXeyfIL._SS1400_.jpg 1400w, https:\/\/images-na.ssl-images-amazon.com\/images\/I\/31SBsXeyfIL._SS50_.jpg 50w, https:\/\/images-na.ssl-images-amazon.com\/images\/I\/31SBsXeyfIL._SS604_.jpg 604w, https:\/\/images-na.ssl-images-amazon.com\/images\/I\/31SBsXeyfIL._SS262_.jpg 262w, https:\/\/images-na.ssl-images-amazon.com\/images\/I\/31SBsXeyfIL._SS600_.jpg 600w, https:\/\/images-na.ssl-images-amazon.com\/images\/I\/31SBsXeyfIL._SS100_.jpg 100w\" sizes=\"auto, (max-width: 500px) 100vw, 500px\" \/><\/a>\r\n\t<\/dt>\r\n\t<dd class='wp-caption-text gallery-caption'>\r\n\t<div class='gallery-caption-inner'> <div class='wp-caption-text gallery-title'>\r\n\tMakita-HS7611-Handkreissge-1600-W-230-V-66-mm\r\n\t<\/div><div class='wp-caption-text gallery-zoom no-text'>\r\n\t\t<a href=https:\/\/werkzeuge-aller-art.com\/?attachment_id=14671 title='Click to view Full Image' class='icon mustang-gallery'><i class='fa fa-plus'><\/i><\/a>\r\n\t\t<\/div><div class='wp-caption-text gallery-redirect'>\r\n\t\t<a href=https:\/\/werkzeuge-aller-art.com\/?attachment_id=14671 title='Click to view read more' class='icon readmore'><i class='fa fa-link'><\/i><\/a>\r\n\t\t<\/div><\/div><\/dd><\/dl>\r\n<\/div>\n<br \/>\n<!-- show up to 2 reviews by default --> <\/p>\n<p>HS7611 Handkreiss\u00e4ge 66 mm High-Power-Motor mit langer Lebensdauer; Grundplatte aus Aluminium-Druckguss; F\u00fcr staubarmes Arbeiten; Fremdabsaugung anschlie\u00dfbar; Flaches Motorgeh\u00e4use dient als Auflagefl\u00e4che beim S\u00e4geblattwechsel;<br \/> Durch ergonomisch ausgeformten Zusatzgriff leichtere Handhabung bei universeller Anwendung; Schnitttiefenverstellung nach dem Scherenprinzip;<\/p>\n<p> F\u00fchrungsschiene \u00fcber Adapter anschlie\u00dfbar (im Sonderzubeh\u00f6r); Technische Details: Leistungsaufnahme: 1600 Watt; Leerlaufdrehzahl: 5500 min-1; Schnittleistung 0\u00b0: bis 65 mm; Schnittleistung 45\u00b0: bis 45 mm; Bohrung: 30 mm; S\u00e4geblatt-\u00d8\/ Bohrung: 190\/ 30 mm; L\u00e4nge: 311 mm; Breite: 240 mm; H\u00f6he: 261 mm; Gewicht: 3, 9 kg; Lieferumfang: 1 SPECIALIZED S\u00e4geblatt 190x30x12Z; 1 Parallelanschlag; 1 Absaugstutzen; 6-KT Stiftschl\u00fcssel 5mm <\/p>\n<p>High-Power-Motor mit langer Lebensdauer<br \/>\nGrundplatte aus Aluminium-Druckguss<br \/>\nF\u00fcr staubarmes Arbeiten Fremdabsaugung anschlie\u00dfbar<br \/>\nFlaches Motorgeh\u00e4use dient als Auflagefl\u00e4che beim S\u00e4geblattwechsel<br \/>\nDurch ergonomisch ausgeformten Zusatzgriff leichtere Handhabung bei universeller Anwendung<br \/>\n<div class=\"main-cross-sell\" data-asin=\"B079JGVY8T\">\n\n\t<div class=\"WooZone-cross-sell-loader\">\n\t\t<div>\n\t\t\t<div id=\"floatingBarsG\">\n\t\t\t\t<div class=\"blockG\" id=\"rotateG_01\"><\/div>\n\t\t\t\t<div class=\"blockG\" id=\"rotateG_02\"><\/div>\n\t\t\t\t<div class=\"blockG\" id=\"rotateG_03\"><\/div>\n\t\t\t\t<div class=\"blockG\" id=\"rotateG_04\"><\/div>\n\t\t\t\t<div class=\"blockG\" id=\"rotateG_05\"><\/div>\n\t\t\t\t<div class=\"blockG\" id=\"rotateG_06\"><\/div>\n\t\t\t\t<div class=\"blockG\" id=\"rotateG_07\"><\/div>\n\t\t\t\t<div class=\"blockG\" id=\"rotateG_08\"><\/div>\n\t\t\t<\/div>\n\t\t\t<div class=\"WooZone-cross-sell-loader-text\"><\/div>\n\t\t<\/div>\n\t<\/div>\n\n\t\t\n<\/div>\n<div style=\"clear:both;\"><\/div>\n","protected":false},"excerpt":{"rendered":"<p>High-Power-Motor mit langer Lebensdauer<br \/>\nGrundplatte aus Aluminium-Druckguss<br \/>\nF\u00fcr staubarmes Arbeiten Fremdabsaugung anschlie\u00dfbar<\/p>\n","protected":false},"featured_media":14669,"comment_status":"open","ping_status":"closed","template":"","meta":[],"product_cat":[118,109],"product_tag":[],"class_list":{"0":"post-14668","1":"product","2":"type-product","3":"status-publish","4":"has-post-thumbnail","6":"product_cat-kreissaege","7":"product_cat-schleifen-und-trennen","8":"pa_brand-makita","11":"first","12":"instock","13":"shipping-taxable","14":"product-type-external"},"_links":{"self":[{"href":"https:\/\/werkzeuge-aller-art.com\/index.php?rest_route=\/wp\/v2\/product\/14668","targetHints":{"allow":["GET"]}}],"collection":[{"href":"https:\/\/werkzeuge-aller-art.com\/index.php?rest_route=\/wp\/v2\/product"}],"about":[{"href":"https:\/\/werkzeuge-aller-art.com\/index.php?rest_route=\/wp\/v2\/types\/product"}],"replies":[{"embeddable":true,"href":"https:\/\/werkzeuge-aller-art.com\/index.php?rest_route=%2Fwp%2Fv2%2Fcomments&post=14668"}],"wp:featuredmedia":[{"embeddable":true,"href":"https:\/\/werkzeuge-aller-art.com\/index.php?rest_route=\/wp\/v2\/media\/14669"}],"wp:attachment":[{"href":"https:\/\/werkzeuge-aller-art.com\/index.php?rest_route=%2Fwp%2Fv2%2Fmedia&parent=14668"}],"wp:term":[{"taxonomy":"product_cat","embeddable":true,"href":"https:\/\/werkzeuge-aller-art.com\/index.php?rest_route=%2Fwp%2Fv2%2Fproduct_cat&post=14668"},{"taxonomy":"product_tag","embeddable":true,"href":"https:\/\/werkzeuge-aller-art.com\/index.php?rest_route=%2Fwp%2Fv2%2Fproduct_tag&post=14668"}],"curies":[{"name":"wp","href":"https:\/\/api.w.org\/{rel}","templated":true}]}}