{"id":14612,"date":"2020-03-08T00:32:18","date_gmt":"2020-03-07T23:32:18","guid":{"rendered":"https:\/\/werkzeuge-aller-art.com\/?product=akku-handkreissaege-k-65-18m-bl-im-t-max"},"modified":"2023-04-10T06:25:29","modified_gmt":"2023-04-10T04:25:29","slug":"akku-handkreissaege-k-65-18m-bl-im-t-max","status":"publish","type":"product","link":"https:\/\/werkzeuge-aller-art.com\/?product=akku-handkreissaege-k-65-18m-bl-im-t-max","title":{"rendered":"Akku-Handkreiss\u00e4ge K 65 18M bl im T-MAX"},"content":{"rendered":"\n\t\t<div id='gallery-1' class='gallery galleryid-14612 gallery-columns-3 gallery-size-full'><dl class='gallery-item'>\r\n\t<dt class='gallery-icon landscape'>\r\n\t<a rel='gallery-nr'><img loading=\"lazy\" decoding=\"async\" width=\"500\" height=\"500\" src=\"https:\/\/images-na.ssl-images-amazon.com\/images\/I\/51koFzhAh2L.jpg\" class=\"attachment-full size-full\" alt=\"\" srcset=\"https:\/\/images-na.ssl-images-amazon.com\/images\/I\/51koFzhAh2L.jpg 500w, https:\/\/images-na.ssl-images-amazon.com\/images\/I\/51koFzhAh2L._SS150_.jpg 150w, https:\/\/images-na.ssl-images-amazon.com\/images\/I\/51koFzhAh2L._SS300_.jpg 300w, https:\/\/images-na.ssl-images-amazon.com\/images\/I\/51koFzhAh2L._SS768_.jpg 768w, https:\/\/images-na.ssl-images-amazon.com\/images\/I\/51koFzhAh2L._SS1024_.jpg 1024w, https:\/\/images-na.ssl-images-amazon.com\/images\/I\/51koFzhAh2L._SS1536_.jpg 1536w, https:\/\/images-na.ssl-images-amazon.com\/images\/I\/51koFzhAh2L._SS2048_.jpg 2048w, https:\/\/images-na.ssl-images-amazon.com\/images\/I\/51koFzhAh2L._SS145_.jpg 145w, https:\/\/images-na.ssl-images-amazon.com\/images\/I\/51koFzhAh2L._SS1400_.jpg 1400w, https:\/\/images-na.ssl-images-amazon.com\/images\/I\/51koFzhAh2L._SS50_.jpg 50w, https:\/\/images-na.ssl-images-amazon.com\/images\/I\/51koFzhAh2L._SS604_.jpg 604w, https:\/\/images-na.ssl-images-amazon.com\/images\/I\/51koFzhAh2L._SS262_.jpg 262w, https:\/\/images-na.ssl-images-amazon.com\/images\/I\/51koFzhAh2L._SS600_.jpg 600w, https:\/\/images-na.ssl-images-amazon.com\/images\/I\/51koFzhAh2L._SS100_.jpg 100w\" sizes=\"auto, (max-width: 500px) 100vw, 500px\" \/><\/a>\r\n\t<\/dt>\r\n\t<dd class='wp-caption-text gallery-caption'>\r\n\t<div class='gallery-caption-inner'> <div class='wp-caption-text gallery-title'>\r\n\tAkku-Handkreissge-K-65-18M-bl-im-T-MAX\r\n\t<\/div><div class='wp-caption-text gallery-zoom no-text'>\r\n\t\t<a href=https:\/\/werkzeuge-aller-art.com\/?attachment_id=14613 title='Click to view Full Image' class='icon mustang-gallery'><i class='fa fa-plus'><\/i><\/a>\r\n\t\t<\/div><div class='wp-caption-text gallery-redirect'>\r\n\t\t<a href=https:\/\/werkzeuge-aller-art.com\/?attachment_id=14613 title='Click to view read more' class='icon readmore'><i class='fa fa-link'><\/i><\/a>\r\n\t\t<\/div><\/div><\/dd><\/dl><dl class='gallery-item'>\r\n\t<dt class='gallery-icon landscape'>\r\n\t<a rel='gallery-nr'><img loading=\"lazy\" decoding=\"async\" width=\"500\" height=\"500\" src=\"https:\/\/images-na.ssl-images-amazon.com\/images\/I\/41OF59gQMGL.jpg\" class=\"attachment-full size-full\" alt=\"\" srcset=\"https:\/\/images-na.ssl-images-amazon.com\/images\/I\/41OF59gQMGL.jpg 500w, https:\/\/images-na.ssl-images-amazon.com\/images\/I\/41OF59gQMGL._SS150_.jpg 150w, https:\/\/images-na.ssl-images-amazon.com\/images\/I\/41OF59gQMGL._SS300_.jpg 300w, https:\/\/images-na.ssl-images-amazon.com\/images\/I\/41OF59gQMGL._SS768_.jpg 768w, https:\/\/images-na.ssl-images-amazon.com\/images\/I\/41OF59gQMGL._SS1024_.jpg 1024w, https:\/\/images-na.ssl-images-amazon.com\/images\/I\/41OF59gQMGL._SS1536_.jpg 1536w, https:\/\/images-na.ssl-images-amazon.com\/images\/I\/41OF59gQMGL._SS2048_.jpg 2048w, https:\/\/images-na.ssl-images-amazon.com\/images\/I\/41OF59gQMGL._SS145_.jpg 145w, https:\/\/images-na.ssl-images-amazon.com\/images\/I\/41OF59gQMGL._SS1400_.jpg 1400w, https:\/\/images-na.ssl-images-amazon.com\/images\/I\/41OF59gQMGL._SS50_.jpg 50w, https:\/\/images-na.ssl-images-amazon.com\/images\/I\/41OF59gQMGL._SS604_.jpg 604w, https:\/\/images-na.ssl-images-amazon.com\/images\/I\/41OF59gQMGL._SS262_.jpg 262w, https:\/\/images-na.ssl-images-amazon.com\/images\/I\/41OF59gQMGL._SS600_.jpg 600w, https:\/\/images-na.ssl-images-amazon.com\/images\/I\/41OF59gQMGL._SS100_.jpg 100w\" sizes=\"auto, (max-width: 500px) 100vw, 500px\" \/><\/a>\r\n\t<\/dt>\r\n\t<dd class='wp-caption-text gallery-caption'>\r\n\t<div class='gallery-caption-inner'> <div class='wp-caption-text gallery-title'>\r\n\tAkku-Handkreissge-K-65-18M-bl-im-T-MAX\r\n\t<\/div><div class='wp-caption-text gallery-zoom no-text'>\r\n\t\t<a href=https:\/\/werkzeuge-aller-art.com\/?attachment_id=14614 title='Click to view Full Image' class='icon mustang-gallery'><i class='fa fa-plus'><\/i><\/a>\r\n\t\t<\/div><div class='wp-caption-text gallery-redirect'>\r\n\t\t<a href=https:\/\/werkzeuge-aller-art.com\/?attachment_id=14614 title='Click to view read more' class='icon readmore'><i class='fa fa-link'><\/i><\/a>\r\n\t\t<\/div><\/div><\/dd><\/dl><dl class='gallery-item'>\r\n\t<dt class='gallery-icon landscape'>\r\n\t<a rel='gallery-nr'><img loading=\"lazy\" decoding=\"async\" width=\"500\" height=\"500\" src=\"https:\/\/images-na.ssl-images-amazon.com\/images\/I\/41ebY66AJML.jpg\" class=\"attachment-full size-full\" alt=\"\" srcset=\"https:\/\/images-na.ssl-images-amazon.com\/images\/I\/41ebY66AJML.jpg 500w, https:\/\/images-na.ssl-images-amazon.com\/images\/I\/41ebY66AJML._SS150_.jpg 150w, https:\/\/images-na.ssl-images-amazon.com\/images\/I\/41ebY66AJML._SS300_.jpg 300w, https:\/\/images-na.ssl-images-amazon.com\/images\/I\/41ebY66AJML._SS768_.jpg 768w, https:\/\/images-na.ssl-images-amazon.com\/images\/I\/41ebY66AJML._SS1024_.jpg 1024w, https:\/\/images-na.ssl-images-amazon.com\/images\/I\/41ebY66AJML._SS1536_.jpg 1536w, https:\/\/images-na.ssl-images-amazon.com\/images\/I\/41ebY66AJML._SS2048_.jpg 2048w, https:\/\/images-na.ssl-images-amazon.com\/images\/I\/41ebY66AJML._SS145_.jpg 145w, https:\/\/images-na.ssl-images-amazon.com\/images\/I\/41ebY66AJML._SS1400_.jpg 1400w, https:\/\/images-na.ssl-images-amazon.com\/images\/I\/41ebY66AJML._SS50_.jpg 50w, https:\/\/images-na.ssl-images-amazon.com\/images\/I\/41ebY66AJML._SS604_.jpg 604w, https:\/\/images-na.ssl-images-amazon.com\/images\/I\/41ebY66AJML._SS262_.jpg 262w, https:\/\/images-na.ssl-images-amazon.com\/images\/I\/41ebY66AJML._SS600_.jpg 600w, https:\/\/images-na.ssl-images-amazon.com\/images\/I\/41ebY66AJML._SS100_.jpg 100w\" sizes=\"auto, (max-width: 500px) 100vw, 500px\" \/><\/a>\r\n\t<\/dt>\r\n\t<dd class='wp-caption-text gallery-caption'>\r\n\t<div class='gallery-caption-inner'> <div class='wp-caption-text gallery-title'>\r\n\tAkku-Handkreissge-K-65-18M-bl-im-T-MAX\r\n\t<\/div><div class='wp-caption-text gallery-zoom no-text'>\r\n\t\t<a href=https:\/\/werkzeuge-aller-art.com\/?attachment_id=14615 title='Click to view Full Image' class='icon mustang-gallery'><i class='fa fa-plus'><\/i><\/a>\r\n\t\t<\/div><div class='wp-caption-text gallery-redirect'>\r\n\t\t<a href=https:\/\/werkzeuge-aller-art.com\/?attachment_id=14615 title='Click to view read more' class='icon readmore'><i class='fa fa-link'><\/i><\/a>\r\n\t\t<\/div><\/div><\/dd><\/dl>\r\n<\/div>\n\n<div class=\"disclaim\"> Gr\u00f6\u00dfe:<strong>mit 2 Akkus und Ladeger\ufffdt<\/strong> <\/div>\n<p> <!-- show up to 2 reviews by default --> <\/p>\n<p>Mit der kompakten und extrem leistungsf\ufffdhigen Handkreiss\ufffdge K65cc erzielen Sie Schnitte bis zu 67 Millimetern Schnitttiefe in absoluter Topqualit\ufffdt. Und das mit dem besten Leistungsgewicht \ufffdihrer Klasse. Sie bietet alle Gewichts- und Handhabungsvorteile \ufffdeiner 55er-Maschine mit der Schnitttiefe einer 65er-Maschine. &#8211; Es ist kein Abschrauben des Spaltkeils mehr n\ufffdtig &#8211; der FLIPPKEIL bietet Ihnen be &#8230; <\/p>\n<p>Mit der kompakten und extrem leistungsf\u00e4higen Handkreiss\u00e4ge K 65 cc erzielen Sie Schnitte bis zu 67 Millimetern Schnitttiefe in absoluter Topqualit\u00e4t. Und das mit dem besten Leistungsgewicht \u00adihrer Klasse. Sie bietet alle Gewichts- und Handhabungsvorteile \u00adeiner 55er-Maschine mit der Schnitttiefe einer 65er-Maschine.<br \/>\nGesundes Arbeitsumfeld &#8211; durch einen sauberen Arbeitsplatz und eine freie Sicht auf das Werkst\u00fcck dank optimaler Staubabsaugung mit den Absaugger\u00e4ten von MAFELL.<br \/>\nEs ist kein Abschrauben des Spaltkeils mehr n\u00f6tig &#8211; der FLIPPKEIL bietet Ihnen beim Eintauchen optimalen Benutzerkomfort und Anwendersicherheit.<br \/>\nPer Voreinzug l\u00e4sst sich die Pendelhaube bequem und einfach bedienen und sorgt bei Tauch- und Schr\u00e4gschnitten f\u00fcr Komfort und Sicherheit.<br \/>\nHelle LED-Lichter sorgen f\u00fcr eine gro\u00dffl\u00e4chige Ausleuchtung des Arbeitsbereichs.<br \/>\n<div class=\"main-cross-sell\" data-asin=\"B07MJKFN78\">\n\n\t<div class=\"WooZone-cross-sell-loader\">\n\t\t<div>\n\t\t\t<div id=\"floatingBarsG\">\n\t\t\t\t<div class=\"blockG\" id=\"rotateG_01\"><\/div>\n\t\t\t\t<div class=\"blockG\" id=\"rotateG_02\"><\/div>\n\t\t\t\t<div class=\"blockG\" id=\"rotateG_03\"><\/div>\n\t\t\t\t<div class=\"blockG\" id=\"rotateG_04\"><\/div>\n\t\t\t\t<div class=\"blockG\" id=\"rotateG_05\"><\/div>\n\t\t\t\t<div class=\"blockG\" id=\"rotateG_06\"><\/div>\n\t\t\t\t<div class=\"blockG\" id=\"rotateG_07\"><\/div>\n\t\t\t\t<div class=\"blockG\" id=\"rotateG_08\"><\/div>\n\t\t\t<\/div>\n\t\t\t<div class=\"WooZone-cross-sell-loader-text\"><\/div>\n\t\t<\/div>\n\t<\/div>\n\n\t\t\n<\/div>\n<div style=\"clear:both;\"><\/div>\n","protected":false},"excerpt":{"rendered":"<p>Mit der kompakten und extrem leistungsf\u00e4higen Handkreiss\u00e4ge K 65 cc erzielen Sie Schnitte bis zu 67 Millimetern Schnitttiefe in absoluter Topqualit\u00e4t. Und das mit dem besten Leistungsgewicht \u00adihrer Klasse. Sie bietet alle Gewichts- und Handhabungsvorteile \u00adeiner 55er-Maschine mit der Schnitttiefe einer 65er-Maschine.<br \/>\nGesundes Arbeitsumfeld &#8211; durch einen sauberen Arbeitsplatz und eine freie Sicht auf das Werkst\u00fcck dank optimaler Staubabsaugung mit den Absaugger\u00e4ten von MAFELL.<br \/>\nEs ist kein Abschrauben des Spaltkeils mehr n\u00f6tig &#8211; der FLIPPKEIL bietet Ihnen beim Eintauchen optimalen Benutzerkomfort und Anwendersicherheit.<\/p>\n","protected":false},"featured_media":14613,"comment_status":"open","ping_status":"closed","template":"","meta":[],"product_cat":[118,109],"product_tag":[],"class_list":{"0":"post-14612","1":"product","2":"type-product","3":"status-publish","4":"has-post-thumbnail","6":"product_cat-kreissaege","7":"product_cat-schleifen-und-trennen","8":"pa_brand-mafell","11":"first","12":"instock","13":"shipping-taxable","14":"product-type-external"},"_links":{"self":[{"href":"https:\/\/werkzeuge-aller-art.com\/index.php?rest_route=\/wp\/v2\/product\/14612","targetHints":{"allow":["GET"]}}],"collection":[{"href":"https:\/\/werkzeuge-aller-art.com\/index.php?rest_route=\/wp\/v2\/product"}],"about":[{"href":"https:\/\/werkzeuge-aller-art.com\/index.php?rest_route=\/wp\/v2\/types\/product"}],"replies":[{"embeddable":true,"href":"https:\/\/werkzeuge-aller-art.com\/index.php?rest_route=%2Fwp%2Fv2%2Fcomments&post=14612"}],"wp:featuredmedia":[{"embeddable":true,"href":"https:\/\/werkzeuge-aller-art.com\/index.php?rest_route=\/wp\/v2\/media\/14613"}],"wp:attachment":[{"href":"https:\/\/werkzeuge-aller-art.com\/index.php?rest_route=%2Fwp%2Fv2%2Fmedia&parent=14612"}],"wp:term":[{"taxonomy":"product_cat","embeddable":true,"href":"https:\/\/werkzeuge-aller-art.com\/index.php?rest_route=%2Fwp%2Fv2%2Fproduct_cat&post=14612"},{"taxonomy":"product_tag","embeddable":true,"href":"https:\/\/werkzeuge-aller-art.com\/index.php?rest_route=%2Fwp%2Fv2%2Fproduct_tag&post=14612"}],"curies":[{"name":"wp","href":"https:\/\/api.w.org\/{rel}","templated":true}]}}