{"id":14515,"date":"2020-03-08T00:16:05","date_gmt":"2020-03-07T23:16:05","guid":{"rendered":"https:\/\/werkzeuge-aller-art.com\/?product=ersa-loetkolben-0340kd-40w-230v"},"modified":"2023-04-10T06:25:29","modified_gmt":"2023-04-10T04:25:29","slug":"ersa-loetkolben-0340kd-40w-230v","status":"publish","type":"product","link":"https:\/\/werkzeuge-aller-art.com\/?product=ersa-loetkolben-0340kd-40w-230v","title":{"rendered":"ERSA L\u00f6tkolben 30 S 40W Version 230V 0340KD bew\u00e4hrter Universall\u00f6tkolben f\u00fcr g\u00e4nige L\u00f6t &amp; Entl\u00f6t-Aufgaben"},"content":{"rendered":"<div id='gallery-1' class='gallery galleryid-14515 gallery-columns-3 gallery-size-full'><dl class='gallery-item'>\r\n\t<dt class='gallery-icon landscape'>\r\n\t<a rel='gallery-nr'><img loading=\"lazy\" decoding=\"async\" width=\"500\" height=\"333\" src=\"https:\/\/images-na.ssl-images-amazon.com\/images\/I\/311TUO4145L.jpg\" class=\"attachment-full size-full\" alt=\"\" \/><\/a>\r\n\t<\/dt>\r\n\t<dd class='wp-caption-text gallery-caption'>\r\n\t<div class='gallery-caption-inner'> <div class='wp-caption-text gallery-title'>\r\n\tERSA-Ltkolben-0340KD-40W-230V\r\n\t<\/div><div class='wp-caption-text gallery-zoom no-text'>\r\n\t\t<a href=https:\/\/werkzeuge-aller-art.com\/?attachment_id=14516 title='Click to view Full Image' class='icon mustang-gallery'><i class='fa fa-plus'><\/i><\/a>\r\n\t\t<\/div><div class='wp-caption-text gallery-redirect'>\r\n\t\t<a href=https:\/\/werkzeuge-aller-art.com\/?attachment_id=14516 title='Click to view read more' class='icon readmore'><i class='fa fa-link'><\/i><\/a>\r\n\t\t<\/div><\/div><\/dd><\/dl><dl class='gallery-item'>\r\n\t<dt class='gallery-icon portrait'>\r\n\t<a rel='gallery-nr'><img loading=\"lazy\" decoding=\"async\" width=\"375\" height=\"500\" src=\"https:\/\/images-na.ssl-images-amazon.com\/images\/I\/31C7kXi0P7L.jpg\" class=\"attachment-full size-full\" alt=\"\" \/><\/a>\r\n\t<\/dt>\r\n\t<dd class='wp-caption-text gallery-caption'>\r\n\t<div class='gallery-caption-inner'> <div class='wp-caption-text gallery-title'>\r\n\tERSA-Ltkolben-0340KD-40W-230V\r\n\t<\/div><div class='wp-caption-text gallery-zoom no-text'>\r\n\t\t<a href=https:\/\/werkzeuge-aller-art.com\/?attachment_id=14517 title='Click to view Full Image' class='icon mustang-gallery'><i class='fa fa-plus'><\/i><\/a>\r\n\t\t<\/div><div class='wp-caption-text gallery-redirect'>\r\n\t\t<a href=https:\/\/werkzeuge-aller-art.com\/?attachment_id=14517 title='Click to view read more' class='icon readmore'><i class='fa fa-link'><\/i><\/a>\r\n\t\t<\/div><\/div><\/dd><\/dl>\r\n<\/div>\n<br \/>\n<!-- show up to 2 reviews by default -->                                                      <\/p>\n<p><b> ERSA Universall\u00f6tkolben&nbsp; 30 S (40 Watt) <\/b> <br \/>Der meistgekaufte, millionenfach bew\u00e4hrte Universall\u00f6tkolben ERSA 30 S mit 40 W f\u00fcr erh\u00f6hten W\u00e4rmebedarf ist weltweit f\u00fcr seine Robustheit und Langlebigkeit bekannt. <br \/>Er ist vielseitig einsetzbar f\u00fcr L\u00f6taufgaben in den Bereichen Handwerk, Service und Hobby. . Ausgestattet ist der L\u00f6tkolben mit einer 3,1 mm mei\u00dfelf\u00f6rmigen ERSADUR-Dauerl\u00f6tspitze (0032KD) und einer Gummiauflegescheibe (3N194).                              <\/p>\n<p>Ersa L\u00f6tkolben 30 S 40W 230 V<br \/>\nAnheizzeit auf 350\u00b0C ca 120s<br \/>\nmax. L\u00f6tspitzentemperatur 420\u00b0C<br \/>\nLieferumfang L\u00f6tkolben 30 S, Dauerl\u00f6tspitze mei\u00dfelf\u00f6rmig 3,1 mm und einer Gummiauflegescheibe<br \/>\n<div class=\"main-cross-sell\" data-asin=\"B000NI4PIM\">\n\n\t<div class=\"WooZone-cross-sell-loader\">\n\t\t<div>\n\t\t\t<div id=\"floatingBarsG\">\n\t\t\t\t<div class=\"blockG\" id=\"rotateG_01\"><\/div>\n\t\t\t\t<div class=\"blockG\" id=\"rotateG_02\"><\/div>\n\t\t\t\t<div class=\"blockG\" id=\"rotateG_03\"><\/div>\n\t\t\t\t<div class=\"blockG\" id=\"rotateG_04\"><\/div>\n\t\t\t\t<div class=\"blockG\" id=\"rotateG_05\"><\/div>\n\t\t\t\t<div class=\"blockG\" id=\"rotateG_06\"><\/div>\n\t\t\t\t<div class=\"blockG\" id=\"rotateG_07\"><\/div>\n\t\t\t\t<div class=\"blockG\" id=\"rotateG_08\"><\/div>\n\t\t\t<\/div>\n\t\t\t<div class=\"WooZone-cross-sell-loader-text\"><\/div>\n\t\t<\/div>\n\t<\/div>\n\n\t\t\n<\/div>\n<div style=\"clear:both;\"><\/div>\n","protected":false},"excerpt":{"rendered":"<p>Ersa L\u00f6tkolben 30 S 40W 230 V<br \/>\nAnheizzeit auf 350\u00b0C ca 120s<br \/>\nmax. L\u00f6tspitzentemperatur 420\u00b0C<\/p>\n","protected":false},"featured_media":14516,"comment_status":"open","ping_status":"closed","template":"","meta":[],"product_cat":[122,111],"product_tag":[],"class_list":{"0":"post-14515","1":"product","2":"type-product","3":"status-publish","4":"has-post-thumbnail","6":"product_cat-loetkolben","7":"product_cat-schweissen-und-loeten","8":"pa_brand-ersa","11":"first","12":"instock","13":"shipping-taxable","14":"product-type-external"},"_links":{"self":[{"href":"https:\/\/werkzeuge-aller-art.com\/index.php?rest_route=\/wp\/v2\/product\/14515","targetHints":{"allow":["GET"]}}],"collection":[{"href":"https:\/\/werkzeuge-aller-art.com\/index.php?rest_route=\/wp\/v2\/product"}],"about":[{"href":"https:\/\/werkzeuge-aller-art.com\/index.php?rest_route=\/wp\/v2\/types\/product"}],"replies":[{"embeddable":true,"href":"https:\/\/werkzeuge-aller-art.com\/index.php?rest_route=%2Fwp%2Fv2%2Fcomments&post=14515"}],"wp:featuredmedia":[{"embeddable":true,"href":"https:\/\/werkzeuge-aller-art.com\/index.php?rest_route=\/wp\/v2\/media\/14516"}],"wp:attachment":[{"href":"https:\/\/werkzeuge-aller-art.com\/index.php?rest_route=%2Fwp%2Fv2%2Fmedia&parent=14515"}],"wp:term":[{"taxonomy":"product_cat","embeddable":true,"href":"https:\/\/werkzeuge-aller-art.com\/index.php?rest_route=%2Fwp%2Fv2%2Fproduct_cat&post=14515"},{"taxonomy":"product_tag","embeddable":true,"href":"https:\/\/werkzeuge-aller-art.com\/index.php?rest_route=%2Fwp%2Fv2%2Fproduct_tag&post=14515"}],"curies":[{"name":"wp","href":"https:\/\/api.w.org\/{rel}","templated":true}]}}