{"id":14449,"date":"2020-03-08T00:12:37","date_gmt":"2020-03-07T23:12:37","guid":{"rendered":"https:\/\/werkzeuge-aller-art.com\/?product=ersa-loetkolben-multitip-c-25-25w-230v-0920bd"},"modified":"2023-04-10T06:25:28","modified_gmt":"2023-04-10T04:25:28","slug":"ersa-loetkolben-multitip-c-25-25w-230v-0920bd","status":"publish","type":"product","link":"https:\/\/werkzeuge-aller-art.com\/?product=ersa-loetkolben-multitip-c-25-25w-230v-0920bd","title":{"rendered":"Ersa L\u00f6tkolben Multitip C 25 25W 230V 0920BD"},"content":{"rendered":"<div id='gallery-1' class='gallery galleryid-14449 gallery-columns-3 gallery-size-full'><dl class='gallery-item'>\r\n\t<dt class='gallery-icon landscape'>\r\n\t<a rel='gallery-nr'><img loading=\"lazy\" decoding=\"async\" width=\"500\" height=\"333\" src=\"https:\/\/images-na.ssl-images-amazon.com\/images\/I\/21AUSNVEB9L.jpg\" class=\"attachment-full size-full\" alt=\"\" \/><\/a>\r\n\t<\/dt>\r\n\t<dd class='wp-caption-text gallery-caption'>\r\n\t<div class='gallery-caption-inner'> <div class='wp-caption-text gallery-title'>\r\n\tErsa-Ltkolben-Multitip-C-25-25W-230V-0920BD\r\n\t<\/div><div class='wp-caption-text gallery-zoom no-text'>\r\n\t\t<a href=https:\/\/werkzeuge-aller-art.com\/?attachment_id=14450 title='Click to view Full Image' class='icon mustang-gallery'><i class='fa fa-plus'><\/i><\/a>\r\n\t\t<\/div><div class='wp-caption-text gallery-redirect'>\r\n\t\t<a href=https:\/\/werkzeuge-aller-art.com\/?attachment_id=14450 title='Click to view read more' class='icon readmore'><i class='fa fa-link'><\/i><\/a>\r\n\t\t<\/div><\/div><\/dd><\/dl><dl class='gallery-item'>\r\n\t<dt class='gallery-icon portrait'>\r\n\t<a rel='gallery-nr'><img loading=\"lazy\" decoding=\"async\" width=\"375\" height=\"500\" src=\"https:\/\/images-na.ssl-images-amazon.com\/images\/I\/31KNjhcb3LL.jpg\" class=\"attachment-full size-full\" alt=\"\" \/><\/a>\r\n\t<\/dt>\r\n\t<dd class='wp-caption-text gallery-caption'>\r\n\t<div class='gallery-caption-inner'> <div class='wp-caption-text gallery-title'>\r\n\tErsa-Ltkolben-Multitip-C-25-25W-230V-0920BD\r\n\t<\/div><div class='wp-caption-text gallery-zoom no-text'>\r\n\t\t<a href=https:\/\/werkzeuge-aller-art.com\/?attachment_id=14451 title='Click to view Full Image' class='icon mustang-gallery'><i class='fa fa-plus'><\/i><\/a>\r\n\t\t<\/div><div class='wp-caption-text gallery-redirect'>\r\n\t\t<a href=https:\/\/werkzeuge-aller-art.com\/?attachment_id=14451 title='Click to view read more' class='icon readmore'><i class='fa fa-link'><\/i><\/a>\r\n\t\t<\/div><\/div><\/dd><\/dl>\r\n<\/div>\n<br \/>\nelektrischer L\u00f6tkolben mit einer Anheizleistung von 25 Watt<br \/>\nAnheizzeit 60 Sekunden mit einer maximalen Temperatur von 450 \u00b0C<br \/>\nzeichnet sich durch ihr breites Einsatzspektrum, geringes Gewicht und kompakte Bauweise aus<br \/>\nDie innenbeheizten L\u00f6tspitzen sorgen zusammen mit den langlebigen und industrieerprobten PTC-Heizelementen f\u00fcr hohen Wirkungsgrad und schnellen W\u00e4rmenachschub<br \/>\nLeiferumfang: ERSA L\u00f6tkolben 0920BD mit einer 1,1 mm bleistiftspitzen ERSADUR-Dauerl\u00f6tspitze (0172BD) und Ablagest\u00e4nder (0A18)<br \/>\n<div class=\"main-cross-sell\" data-asin=\"B0009QX1S8\">\n\n\t<div class=\"WooZone-cross-sell-loader\">\n\t\t<div>\n\t\t\t<div id=\"floatingBarsG\">\n\t\t\t\t<div class=\"blockG\" id=\"rotateG_01\"><\/div>\n\t\t\t\t<div class=\"blockG\" id=\"rotateG_02\"><\/div>\n\t\t\t\t<div class=\"blockG\" id=\"rotateG_03\"><\/div>\n\t\t\t\t<div class=\"blockG\" id=\"rotateG_04\"><\/div>\n\t\t\t\t<div class=\"blockG\" id=\"rotateG_05\"><\/div>\n\t\t\t\t<div class=\"blockG\" id=\"rotateG_06\"><\/div>\n\t\t\t\t<div class=\"blockG\" id=\"rotateG_07\"><\/div>\n\t\t\t\t<div class=\"blockG\" id=\"rotateG_08\"><\/div>\n\t\t\t<\/div>\n\t\t\t<div class=\"WooZone-cross-sell-loader-text\"><\/div>\n\t\t<\/div>\n\t<\/div>\n\n\t\t\n<\/div>\n<div style=\"clear:both;\"><\/div>\n","protected":false},"excerpt":{"rendered":"<p>elektrischer L\u00f6tkolben mit einer Anheizleistung von 25 Watt<br \/>\nAnheizzeit 60 Sekunden mit einer maximalen Temperatur von 450 \u00b0C<br \/>\nzeichnet sich durch ihr breites Einsatzspektrum, geringes Gewicht und kompakte Bauweise aus<\/p>\n","protected":false},"featured_media":14450,"comment_status":"open","ping_status":"closed","template":"","meta":[],"product_cat":[122,111],"product_tag":[],"class_list":{"0":"post-14449","1":"product","2":"type-product","3":"status-publish","4":"has-post-thumbnail","6":"product_cat-loetkolben","7":"product_cat-schweissen-und-loeten","8":"pa_brand-ersa","11":"first","12":"instock","13":"shipping-taxable","14":"product-type-external"},"_links":{"self":[{"href":"https:\/\/werkzeuge-aller-art.com\/index.php?rest_route=\/wp\/v2\/product\/14449","targetHints":{"allow":["GET"]}}],"collection":[{"href":"https:\/\/werkzeuge-aller-art.com\/index.php?rest_route=\/wp\/v2\/product"}],"about":[{"href":"https:\/\/werkzeuge-aller-art.com\/index.php?rest_route=\/wp\/v2\/types\/product"}],"replies":[{"embeddable":true,"href":"https:\/\/werkzeuge-aller-art.com\/index.php?rest_route=%2Fwp%2Fv2%2Fcomments&post=14449"}],"wp:featuredmedia":[{"embeddable":true,"href":"https:\/\/werkzeuge-aller-art.com\/index.php?rest_route=\/wp\/v2\/media\/14450"}],"wp:attachment":[{"href":"https:\/\/werkzeuge-aller-art.com\/index.php?rest_route=%2Fwp%2Fv2%2Fmedia&parent=14449"}],"wp:term":[{"taxonomy":"product_cat","embeddable":true,"href":"https:\/\/werkzeuge-aller-art.com\/index.php?rest_route=%2Fwp%2Fv2%2Fproduct_cat&post=14449"},{"taxonomy":"product_tag","embeddable":true,"href":"https:\/\/werkzeuge-aller-art.com\/index.php?rest_route=%2Fwp%2Fv2%2Fproduct_tag&post=14449"}],"curies":[{"name":"wp","href":"https:\/\/api.w.org\/{rel}","templated":true}]}}