{"id":14314,"date":"2020-03-08T00:05:35","date_gmt":"2020-03-07T23:05:35","guid":{"rendered":"https:\/\/werkzeuge-aller-art.com\/?product=coconut-entltpumpe-entltpumpe-tool-zum-entfernen-vacuum-ltkolben-desolver"},"modified":"2023-04-10T06:25:28","modified_gmt":"2023-04-10T04:25:28","slug":"coconut-entltpumpe-entltpumpe-tool-zum-entfernen-vacuum-ltkolben-desolver","status":"publish","type":"product","link":"https:\/\/werkzeuge-aller-art.com\/?product=coconut-entltpumpe-entltpumpe-tool-zum-entfernen-vacuum-ltkolben-desolver","title":{"rendered":"Floridivy Entl\u00f6tpumpe Entl\u00f6tpumpe Tool zum Entfernen Solder Entfernen Vakuum, Vakuum-L\u00f6tkolben Desolver"},"content":{"rendered":"<div id='gallery-1' class='gallery galleryid-14314 gallery-columns-3 gallery-size-full'><dl class='gallery-item'>\r\n\t<dt class='gallery-icon landscape'>\r\n\t<a rel='gallery-nr'><img loading=\"lazy\" decoding=\"async\" width=\"500\" height=\"500\" src=\"https:\/\/images-na.ssl-images-amazon.com\/images\/I\/31hGBHMyIAL.jpg\" class=\"attachment-full size-full\" alt=\"\" srcset=\"https:\/\/images-na.ssl-images-amazon.com\/images\/I\/31hGBHMyIAL.jpg 500w, https:\/\/images-na.ssl-images-amazon.com\/images\/I\/31hGBHMyIAL._SS150_.jpg 150w, https:\/\/images-na.ssl-images-amazon.com\/images\/I\/31hGBHMyIAL._SS300_.jpg 300w, https:\/\/images-na.ssl-images-amazon.com\/images\/I\/31hGBHMyIAL._SS768_.jpg 768w, https:\/\/images-na.ssl-images-amazon.com\/images\/I\/31hGBHMyIAL._SS1024_.jpg 1024w, https:\/\/images-na.ssl-images-amazon.com\/images\/I\/31hGBHMyIAL._SS1536_.jpg 1536w, https:\/\/images-na.ssl-images-amazon.com\/images\/I\/31hGBHMyIAL._SS2048_.jpg 2048w, https:\/\/images-na.ssl-images-amazon.com\/images\/I\/31hGBHMyIAL._SS145_.jpg 145w, https:\/\/images-na.ssl-images-amazon.com\/images\/I\/31hGBHMyIAL._SS1400_.jpg 1400w, https:\/\/images-na.ssl-images-amazon.com\/images\/I\/31hGBHMyIAL._SS50_.jpg 50w, https:\/\/images-na.ssl-images-amazon.com\/images\/I\/31hGBHMyIAL._SS604_.jpg 604w, https:\/\/images-na.ssl-images-amazon.com\/images\/I\/31hGBHMyIAL._SS262_.jpg 262w, https:\/\/images-na.ssl-images-amazon.com\/images\/I\/31hGBHMyIAL._SS600_.jpg 600w, https:\/\/images-na.ssl-images-amazon.com\/images\/I\/31hGBHMyIAL._SS100_.jpg 100w\" sizes=\"auto, (max-width: 500px) 100vw, 500px\" \/><\/a>\r\n\t<\/dt>\r\n\t<dd class='wp-caption-text gallery-caption'>\r\n\t<div class='gallery-caption-inner'> <div class='wp-caption-text gallery-title'>\r\n\tcoconut-Entltpumpe-Entltpumpe-Tool-zum-Entfernen-Vacuum-Ltkolben-Desolver\r\n\t<\/div><div class='wp-caption-text gallery-zoom no-text'>\r\n\t\t<a href=https:\/\/werkzeuge-aller-art.com\/?attachment_id=14315 title='Click to view Full Image' class='icon mustang-gallery'><i class='fa fa-plus'><\/i><\/a>\r\n\t\t<\/div><div class='wp-caption-text gallery-redirect'>\r\n\t\t<a href=https:\/\/werkzeuge-aller-art.com\/?attachment_id=14315 title='Click to view read more' class='icon readmore'><i class='fa fa-link'><\/i><\/a>\r\n\t\t<\/div><\/div><\/dd><\/dl><dl class='gallery-item'>\r\n\t<dt class='gallery-icon landscape'>\r\n\t<a rel='gallery-nr'><img loading=\"lazy\" decoding=\"async\" width=\"500\" height=\"500\" src=\"https:\/\/images-na.ssl-images-amazon.com\/images\/I\/51mrpKo6W%2BL.jpg\" class=\"attachment-full size-full\" alt=\"\" srcset=\"https:\/\/images-na.ssl-images-amazon.com\/images\/I\/51mrpKo6W%2BL.jpg 500w, https:\/\/images-na.ssl-images-amazon.com\/images\/I\/51mrpKo6W%2BL._SS150_.jpg 150w, https:\/\/images-na.ssl-images-amazon.com\/images\/I\/51mrpKo6W%2BL._SS300_.jpg 300w, https:\/\/images-na.ssl-images-amazon.com\/images\/I\/51mrpKo6W%2BL._SS768_.jpg 768w, https:\/\/images-na.ssl-images-amazon.com\/images\/I\/51mrpKo6W%2BL._SS1024_.jpg 1024w, https:\/\/images-na.ssl-images-amazon.com\/images\/I\/51mrpKo6W%2BL._SS1536_.jpg 1536w, https:\/\/images-na.ssl-images-amazon.com\/images\/I\/51mrpKo6W%2BL._SS2048_.jpg 2048w, https:\/\/images-na.ssl-images-amazon.com\/images\/I\/51mrpKo6W%2BL._SS145_.jpg 145w, https:\/\/images-na.ssl-images-amazon.com\/images\/I\/51mrpKo6W%2BL._SS1400_.jpg 1400w, https:\/\/images-na.ssl-images-amazon.com\/images\/I\/51mrpKo6W%2BL._SS50_.jpg 50w, https:\/\/images-na.ssl-images-amazon.com\/images\/I\/51mrpKo6W%2BL._SS604_.jpg 604w, https:\/\/images-na.ssl-images-amazon.com\/images\/I\/51mrpKo6W%2BL._SS262_.jpg 262w, https:\/\/images-na.ssl-images-amazon.com\/images\/I\/51mrpKo6W%2BL._SS600_.jpg 600w, https:\/\/images-na.ssl-images-amazon.com\/images\/I\/51mrpKo6W%2BL._SS100_.jpg 100w\" sizes=\"auto, (max-width: 500px) 100vw, 500px\" \/><\/a>\r\n\t<\/dt>\r\n\t<dd class='wp-caption-text gallery-caption'>\r\n\t<div class='gallery-caption-inner'> <div class='wp-caption-text gallery-title'>\r\n\tcoconut-Entltpumpe-Entltpumpe-Tool-zum-Entfernen-Vacuum-Ltkolben-Desolver\r\n\t<\/div><div class='wp-caption-text gallery-zoom no-text'>\r\n\t\t<a href=https:\/\/werkzeuge-aller-art.com\/?attachment_id=14316 title='Click to view Full Image' class='icon mustang-gallery'><i class='fa fa-plus'><\/i><\/a>\r\n\t\t<\/div><div class='wp-caption-text gallery-redirect'>\r\n\t\t<a href=https:\/\/werkzeuge-aller-art.com\/?attachment_id=14316 title='Click to view read more' class='icon readmore'><i class='fa fa-link'><\/i><\/a>\r\n\t\t<\/div><\/div><\/dd><\/dl><dl class='gallery-item'>\r\n\t<dt class='gallery-icon landscape'>\r\n\t<a rel='gallery-nr'><img loading=\"lazy\" decoding=\"async\" width=\"500\" height=\"500\" src=\"https:\/\/images-na.ssl-images-amazon.com\/images\/I\/41itjNCbU5L.jpg\" class=\"attachment-full size-full\" alt=\"\" srcset=\"https:\/\/images-na.ssl-images-amazon.com\/images\/I\/41itjNCbU5L.jpg 500w, https:\/\/images-na.ssl-images-amazon.com\/images\/I\/41itjNCbU5L._SS150_.jpg 150w, https:\/\/images-na.ssl-images-amazon.com\/images\/I\/41itjNCbU5L._SS300_.jpg 300w, https:\/\/images-na.ssl-images-amazon.com\/images\/I\/41itjNCbU5L._SS768_.jpg 768w, https:\/\/images-na.ssl-images-amazon.com\/images\/I\/41itjNCbU5L._SS1024_.jpg 1024w, https:\/\/images-na.ssl-images-amazon.com\/images\/I\/41itjNCbU5L._SS1536_.jpg 1536w, https:\/\/images-na.ssl-images-amazon.com\/images\/I\/41itjNCbU5L._SS2048_.jpg 2048w, https:\/\/images-na.ssl-images-amazon.com\/images\/I\/41itjNCbU5L._SS145_.jpg 145w, https:\/\/images-na.ssl-images-amazon.com\/images\/I\/41itjNCbU5L._SS1400_.jpg 1400w, https:\/\/images-na.ssl-images-amazon.com\/images\/I\/41itjNCbU5L._SS50_.jpg 50w, https:\/\/images-na.ssl-images-amazon.com\/images\/I\/41itjNCbU5L._SS604_.jpg 604w, https:\/\/images-na.ssl-images-amazon.com\/images\/I\/41itjNCbU5L._SS262_.jpg 262w, https:\/\/images-na.ssl-images-amazon.com\/images\/I\/41itjNCbU5L._SS600_.jpg 600w, https:\/\/images-na.ssl-images-amazon.com\/images\/I\/41itjNCbU5L._SS100_.jpg 100w\" sizes=\"auto, (max-width: 500px) 100vw, 500px\" \/><\/a>\r\n\t<\/dt>\r\n\t<dd class='wp-caption-text gallery-caption'>\r\n\t<div class='gallery-caption-inner'> <div class='wp-caption-text gallery-title'>\r\n\tcoconut-Entltpumpe-Entltpumpe-Tool-zum-Entfernen-Vacuum-Ltkolben-Desolver\r\n\t<\/div><div class='wp-caption-text gallery-zoom no-text'>\r\n\t\t<a href=https:\/\/werkzeuge-aller-art.com\/?attachment_id=14317 title='Click to view Full Image' class='icon mustang-gallery'><i class='fa fa-plus'><\/i><\/a>\r\n\t\t<\/div><div class='wp-caption-text gallery-redirect'>\r\n\t\t<a href=https:\/\/werkzeuge-aller-art.com\/?attachment_id=14317 title='Click to view read more' class='icon readmore'><i class='fa fa-link'><\/i><\/a>\r\n\t\t<\/div><\/div><\/dd><\/dl>\r\n<\/div>\n<br \/>\n<!-- show up to 2 reviews by default --> <\/p>\n<p>Beschreibungen:<br \/>Bereitstellung von sicheren, kosteng\u00a8\u00b9nstigen mittels Entl?ten Verbindungen, PC-Karten und Komponenten.<br \/>Gro?e Kapazit?t gefederte Kolben schnell entfernt Lotes in einer einzigen Aktion.<br \/>Werkzeug zerlegt leicht f\u00a8\u00b9r schnelle Reinigung, Spitze und ?O\u00a1\u00b0 Ring-Ersatz. Internal.<br \/>Kolbenstift automatisch sp\u00a8\u00b9lt Lotes von der Spitze mit jedem Gebrauch.<\/p>\n<p>Spezifikationen:<br \/>Feature: Umweltfreundlich<br \/>Gr??e: 180 * 20 * 20mm<br \/>Farbe: als Abbildungen zeigen<\/p>\n<p>Packungsinhalt:<br \/>1 x Solder Remover <\/p>\n<p>Neue Entl?tpumpe Entl?tpumpe Tool zum Entfernen Vacuum L?tkolben Desolver. Metallgeh?use, hohe sucting Leistung, geringes Gewicht.<br \/>\nZur\u00a8\u00b9ck Pull-Muster f\u00a8\u00b9r die innere Feder sofortige Absaugung ist stark.<br \/>\nSlimline Ausblick, luftdichte Struktur einem Kopf Betrieb erm?glichen.<br \/>\nAlle Metallkonstruktion ist f\u00a8\u00b9r den harten Einsatz einschlie?lich der Produktion Nacharbeiten und Reparatur ideal.<br \/>\nEinfache Einhandbedienung, Anti-Rutsch-Griff-Bar, bequeme Holding f\u00a8\u00b9hlen.<br \/>\n<div class=\"main-cross-sell\" data-asin=\"B07DHDR4XF\">\n\n\t<div class=\"WooZone-cross-sell-loader\">\n\t\t<div>\n\t\t\t<div id=\"floatingBarsG\">\n\t\t\t\t<div class=\"blockG\" id=\"rotateG_01\"><\/div>\n\t\t\t\t<div class=\"blockG\" id=\"rotateG_02\"><\/div>\n\t\t\t\t<div class=\"blockG\" id=\"rotateG_03\"><\/div>\n\t\t\t\t<div class=\"blockG\" id=\"rotateG_04\"><\/div>\n\t\t\t\t<div class=\"blockG\" id=\"rotateG_05\"><\/div>\n\t\t\t\t<div class=\"blockG\" id=\"rotateG_06\"><\/div>\n\t\t\t\t<div class=\"blockG\" id=\"rotateG_07\"><\/div>\n\t\t\t\t<div class=\"blockG\" id=\"rotateG_08\"><\/div>\n\t\t\t<\/div>\n\t\t\t<div class=\"WooZone-cross-sell-loader-text\"><\/div>\n\t\t<\/div>\n\t<\/div>\n\n\t\t\n<\/div>\n<div style=\"clear:both;\"><\/div>\n","protected":false},"excerpt":{"rendered":"<p>Neue Entl?tpumpe Entl?tpumpe Tool zum Entfernen Vacuum L?tkolben Desolver. Metallgeh?use, hohe sucting Leistung, geringes Gewicht.<br \/>\nZur\u00a8\u00b9ck Pull-Muster f\u00a8\u00b9r die innere Feder sofortige Absaugung ist stark.<br \/>\nSlimline Ausblick, luftdichte Struktur einem Kopf Betrieb erm?glichen.<\/p>\n","protected":false},"featured_media":14315,"comment_status":"open","ping_status":"closed","template":"","meta":[],"product_cat":[122,111],"product_tag":[],"class_list":{"0":"post-14314","1":"product","2":"type-product","3":"status-publish","4":"has-post-thumbnail","6":"product_cat-loetkolben","7":"product_cat-schweissen-und-loeten","8":"pa_brand-coconut","11":"first","12":"instock","13":"shipping-taxable","14":"product-type-external"},"_links":{"self":[{"href":"https:\/\/werkzeuge-aller-art.com\/index.php?rest_route=\/wp\/v2\/product\/14314","targetHints":{"allow":["GET"]}}],"collection":[{"href":"https:\/\/werkzeuge-aller-art.com\/index.php?rest_route=\/wp\/v2\/product"}],"about":[{"href":"https:\/\/werkzeuge-aller-art.com\/index.php?rest_route=\/wp\/v2\/types\/product"}],"replies":[{"embeddable":true,"href":"https:\/\/werkzeuge-aller-art.com\/index.php?rest_route=%2Fwp%2Fv2%2Fcomments&post=14314"}],"wp:featuredmedia":[{"embeddable":true,"href":"https:\/\/werkzeuge-aller-art.com\/index.php?rest_route=\/wp\/v2\/media\/14315"}],"wp:attachment":[{"href":"https:\/\/werkzeuge-aller-art.com\/index.php?rest_route=%2Fwp%2Fv2%2Fmedia&parent=14314"}],"wp:term":[{"taxonomy":"product_cat","embeddable":true,"href":"https:\/\/werkzeuge-aller-art.com\/index.php?rest_route=%2Fwp%2Fv2%2Fproduct_cat&post=14314"},{"taxonomy":"product_tag","embeddable":true,"href":"https:\/\/werkzeuge-aller-art.com\/index.php?rest_route=%2Fwp%2Fv2%2Fproduct_tag&post=14314"}],"curies":[{"name":"wp","href":"https:\/\/api.w.org\/{rel}","templated":true}]}}