{"id":14005,"date":"2020-03-07T23:43:32","date_gmt":"2020-03-07T22:43:32","guid":{"rendered":"https:\/\/werkzeuge-aller-art.com\/?product=berlan-mig-mag-schutzgas-schweissgeraet-bmig140"},"modified":"2023-04-10T06:25:27","modified_gmt":"2023-04-10T04:25:27","slug":"berlan-mig-mag-schutzgas-schweissgeraet-bmig140","status":"publish","type":"product","link":"https:\/\/werkzeuge-aller-art.com\/?product=berlan-mig-mag-schutzgas-schweissgeraet-bmig140","title":{"rendered":"Berlan MIG\/MAG Schutzgas Schwei\u00dfger\u00e4t, BMIG140"},"content":{"rendered":"<div id='gallery-1' class='gallery galleryid-14005 gallery-columns-3 gallery-size-full'><dl class='gallery-item'>\r\n\t<dt class='gallery-icon landscape'>\r\n\t<a rel='gallery-nr'><img loading=\"lazy\" decoding=\"async\" width=\"500\" height=\"500\" src=\"https:\/\/images-na.ssl-images-amazon.com\/images\/I\/41S21-lRCAL.jpg\" class=\"attachment-full size-full\" alt=\"\" srcset=\"https:\/\/images-na.ssl-images-amazon.com\/images\/I\/41S21-lRCAL.jpg 500w, https:\/\/images-na.ssl-images-amazon.com\/images\/I\/41S21-lRCAL._SS150_.jpg 150w, https:\/\/images-na.ssl-images-amazon.com\/images\/I\/41S21-lRCAL._SS300_.jpg 300w, https:\/\/images-na.ssl-images-amazon.com\/images\/I\/41S21-lRCAL._SS768_.jpg 768w, https:\/\/images-na.ssl-images-amazon.com\/images\/I\/41S21-lRCAL._SS1024_.jpg 1024w, https:\/\/images-na.ssl-images-amazon.com\/images\/I\/41S21-lRCAL._SS1536_.jpg 1536w, https:\/\/images-na.ssl-images-amazon.com\/images\/I\/41S21-lRCAL._SS2048_.jpg 2048w, https:\/\/images-na.ssl-images-amazon.com\/images\/I\/41S21-lRCAL._SS145_.jpg 145w, https:\/\/images-na.ssl-images-amazon.com\/images\/I\/41S21-lRCAL._SS1400_.jpg 1400w, https:\/\/images-na.ssl-images-amazon.com\/images\/I\/41S21-lRCAL._SS50_.jpg 50w, https:\/\/images-na.ssl-images-amazon.com\/images\/I\/41S21-lRCAL._SS604_.jpg 604w, https:\/\/images-na.ssl-images-amazon.com\/images\/I\/41S21-lRCAL._SS262_.jpg 262w, https:\/\/images-na.ssl-images-amazon.com\/images\/I\/41S21-lRCAL._SS600_.jpg 600w, https:\/\/images-na.ssl-images-amazon.com\/images\/I\/41S21-lRCAL._SS100_.jpg 100w\" sizes=\"auto, (max-width: 500px) 100vw, 500px\" \/><\/a>\r\n\t<\/dt>\r\n\t<dd class='wp-caption-text gallery-caption'>\r\n\t<div class='gallery-caption-inner'> <div class='wp-caption-text gallery-title'>\r\n\tBerlan-MIGMAG-Schutzgas-Schweigert-BMIG140\r\n\t<\/div><div class='wp-caption-text gallery-zoom no-text'>\r\n\t\t<a href=https:\/\/werkzeuge-aller-art.com\/?attachment_id=14006 title='Click to view Full Image' class='icon mustang-gallery'><i class='fa fa-plus'><\/i><\/a>\r\n\t\t<\/div><div class='wp-caption-text gallery-redirect'>\r\n\t\t<a href=https:\/\/werkzeuge-aller-art.com\/?attachment_id=14006 title='Click to view read more' class='icon readmore'><i class='fa fa-link'><\/i><\/a>\r\n\t\t<\/div><\/div><\/dd><\/dl><dl class='gallery-item'>\r\n\t<dt class='gallery-icon landscape'>\r\n\t<a rel='gallery-nr'><img loading=\"lazy\" decoding=\"async\" width=\"500\" height=\"500\" src=\"https:\/\/images-na.ssl-images-amazon.com\/images\/I\/51xyheNwDWL.jpg\" class=\"attachment-full size-full\" alt=\"\" srcset=\"https:\/\/images-na.ssl-images-amazon.com\/images\/I\/51xyheNwDWL.jpg 500w, https:\/\/images-na.ssl-images-amazon.com\/images\/I\/51xyheNwDWL._SS150_.jpg 150w, https:\/\/images-na.ssl-images-amazon.com\/images\/I\/51xyheNwDWL._SS300_.jpg 300w, https:\/\/images-na.ssl-images-amazon.com\/images\/I\/51xyheNwDWL._SS768_.jpg 768w, https:\/\/images-na.ssl-images-amazon.com\/images\/I\/51xyheNwDWL._SS1024_.jpg 1024w, https:\/\/images-na.ssl-images-amazon.com\/images\/I\/51xyheNwDWL._SS1536_.jpg 1536w, https:\/\/images-na.ssl-images-amazon.com\/images\/I\/51xyheNwDWL._SS2048_.jpg 2048w, https:\/\/images-na.ssl-images-amazon.com\/images\/I\/51xyheNwDWL._SS145_.jpg 145w, https:\/\/images-na.ssl-images-amazon.com\/images\/I\/51xyheNwDWL._SS1400_.jpg 1400w, https:\/\/images-na.ssl-images-amazon.com\/images\/I\/51xyheNwDWL._SS50_.jpg 50w, https:\/\/images-na.ssl-images-amazon.com\/images\/I\/51xyheNwDWL._SS604_.jpg 604w, https:\/\/images-na.ssl-images-amazon.com\/images\/I\/51xyheNwDWL._SS262_.jpg 262w, https:\/\/images-na.ssl-images-amazon.com\/images\/I\/51xyheNwDWL._SS600_.jpg 600w, https:\/\/images-na.ssl-images-amazon.com\/images\/I\/51xyheNwDWL._SS100_.jpg 100w\" sizes=\"auto, (max-width: 500px) 100vw, 500px\" \/><\/a>\r\n\t<\/dt>\r\n\t<dd class='wp-caption-text gallery-caption'>\r\n\t<div class='gallery-caption-inner'> <div class='wp-caption-text gallery-title'>\r\n\tBerlan-MIGMAG-Schutzgas-Schweigert-BMIG140\r\n\t<\/div><div class='wp-caption-text gallery-zoom no-text'>\r\n\t\t<a href=https:\/\/werkzeuge-aller-art.com\/?attachment_id=14007 title='Click to view Full Image' class='icon mustang-gallery'><i class='fa fa-plus'><\/i><\/a>\r\n\t\t<\/div><div class='wp-caption-text gallery-redirect'>\r\n\t\t<a href=https:\/\/werkzeuge-aller-art.com\/?attachment_id=14007 title='Click to view read more' class='icon readmore'><i class='fa fa-link'><\/i><\/a>\r\n\t\t<\/div><\/div><\/dd><\/dl>\r\n<\/div>\n<br \/>\n<!-- show up to 2 reviews by default -->                                                      <\/p>\n<p>Mit dem fahrbaren Schutzgasschwei\u00dfger\u00e4t BMIG140 ist pr\u00e4zises D\u00fcnnblechschwei\u00dfen, wie es in der industriellen Anwendung vorkommt mittels des MIG\/MAG-Verfahrens m\u00f6glich, bei welchem mit einem Mischgas aus Argon und Kohlendioxid (CO2) gearbeitet wird.<\/p>\n<p><b>\u00bb Robustes, pulverbeschichtetes Stahlblechgeh\u00e4use<\/b><br \/><b>\u00bb Schwei\u00dfstrom in 2 Stufen einstellbar<\/b><br \/><b>\u00bb Stufenlos einstellbarer Drahtvorschub<\/b><br \/><b>\u00bb Eingebauter Thermoschalter zum Schutz vor \u00dcberlastung<\/b><br \/><b>\u00bb Ventilator-Zwangsk\u00fchlung<\/b><br \/><b>\u00bb Inkl. Schlauchpaket<\/b><br \/><b>\u00bb Gas und Druckminderer nicht im Lieferumfang enthalten<\/b><\/p>\n<p><b>Technische Daten<\/b><br \/>&#8211; <b>Netzanschluss<\/b>: 230V ~ 50 Hz<br \/>&#8211; <b>Leerlaufspannung<\/b>: 34 V<br \/>&#8211; <b>Absicherung<\/b>: 16 A<br \/>&#8211; <b>Regelbereich<\/b>: 40 ~ 140 A<br \/>&#8211; <b>Schaltstufen<\/b>: 4 (1 \u2013 2 jeweils mit min. \/ max.)<br \/>&#8211; <b>Stahldraht<\/b>: \u00d8 0,6 ~ 0,8 mm<br \/>&#8211; <b>Aluminiumdraht<\/b>: \u00d8 0,8 ~ 1 mm<br \/>&#8211; <b>Inox-\/Edelstahldraht<\/b>: \u00d8 0,8 mm<br \/>&#8211; <b>Isolationsklasse<\/b>: H<br \/>&#8211; <b>Schutzart<\/b>: IP21<br \/>&#8211; <b>Abmessungen<\/b>: 600 x 430 x 460 mm<br \/>&#8211; <b>Gesamtgewicht<\/b>: ca. 35,4 kg<\/p>\n<p><b>Lieferumfang<\/b><br \/>1 St\u00fcck <b>MIG\/MAG Schwei\u00dfger\u00e4t<\/b><br \/>1 St\u00fcck <b>Schlauchpaket<\/b><br \/>1 St\u00fcck <b>Kabelpaket mit Netzstecker<\/b><br \/>1 Rolle <b>Schwei\u00dfdraht (\u00d8 0,8 mm)<\/b><br \/>2 St\u00fcck <b>Schwei\u00dfd\u00fcsen<\/b><br \/>2 St\u00fcck <b>Sicherungen<\/b><br \/>1 St\u00fcck <b>Gasd\u00fcse (konisch)<\/b><br \/>1 St\u00fcck <b>Schwei\u00dfschild<\/b>                              <\/p>\n<p>Schwei\u00dfstrom in 2 Stufen einstellbar<br \/>\nStufenlos einstellbarer Drahtvorschub<br \/>\nInkl. Schlauchpaket<br \/>\n<div class=\"main-cross-sell\" data-asin=\"B001XR94FG\">\n\n\t<div class=\"WooZone-cross-sell-loader\">\n\t\t<div>\n\t\t\t<div id=\"floatingBarsG\">\n\t\t\t\t<div class=\"blockG\" id=\"rotateG_01\"><\/div>\n\t\t\t\t<div class=\"blockG\" id=\"rotateG_02\"><\/div>\n\t\t\t\t<div class=\"blockG\" id=\"rotateG_03\"><\/div>\n\t\t\t\t<div class=\"blockG\" id=\"rotateG_04\"><\/div>\n\t\t\t\t<div class=\"blockG\" id=\"rotateG_05\"><\/div>\n\t\t\t\t<div class=\"blockG\" id=\"rotateG_06\"><\/div>\n\t\t\t\t<div class=\"blockG\" id=\"rotateG_07\"><\/div>\n\t\t\t\t<div class=\"blockG\" id=\"rotateG_08\"><\/div>\n\t\t\t<\/div>\n\t\t\t<div class=\"WooZone-cross-sell-loader-text\"><\/div>\n\t\t<\/div>\n\t<\/div>\n\n\t\t\n<\/div>\n<div style=\"clear:both;\"><\/div>\n","protected":false},"excerpt":{"rendered":"<p>Schwei\u00dfstrom in 2 Stufen einstellbar<br \/>\nStufenlos einstellbarer Drahtvorschub<br \/>\nInkl. Schlauchpaket<\/p>\n","protected":false},"featured_media":14006,"comment_status":"open","ping_status":"closed","template":"","meta":[],"product_cat":[111,123],"product_tag":[],"class_list":{"0":"post-14005","1":"product","2":"type-product","3":"status-publish","4":"has-post-thumbnail","6":"product_cat-schweissen-und-loeten","7":"product_cat-schweissgeraet","8":"pa_brand-berlan","11":"first","12":"instock","13":"shipping-taxable","14":"product-type-external"},"_links":{"self":[{"href":"https:\/\/werkzeuge-aller-art.com\/index.php?rest_route=\/wp\/v2\/product\/14005","targetHints":{"allow":["GET"]}}],"collection":[{"href":"https:\/\/werkzeuge-aller-art.com\/index.php?rest_route=\/wp\/v2\/product"}],"about":[{"href":"https:\/\/werkzeuge-aller-art.com\/index.php?rest_route=\/wp\/v2\/types\/product"}],"replies":[{"embeddable":true,"href":"https:\/\/werkzeuge-aller-art.com\/index.php?rest_route=%2Fwp%2Fv2%2Fcomments&post=14005"}],"wp:featuredmedia":[{"embeddable":true,"href":"https:\/\/werkzeuge-aller-art.com\/index.php?rest_route=\/wp\/v2\/media\/14006"}],"wp:attachment":[{"href":"https:\/\/werkzeuge-aller-art.com\/index.php?rest_route=%2Fwp%2Fv2%2Fmedia&parent=14005"}],"wp:term":[{"taxonomy":"product_cat","embeddable":true,"href":"https:\/\/werkzeuge-aller-art.com\/index.php?rest_route=%2Fwp%2Fv2%2Fproduct_cat&post=14005"},{"taxonomy":"product_tag","embeddable":true,"href":"https:\/\/werkzeuge-aller-art.com\/index.php?rest_route=%2Fwp%2Fv2%2Fproduct_tag&post=14005"}],"curies":[{"name":"wp","href":"https:\/\/api.w.org\/{rel}","templated":true}]}}