{"id":13892,"date":"2020-03-07T22:22:49","date_gmt":"2020-03-07T21:22:49","guid":{"rendered":"https:\/\/werkzeuge-aller-art.com\/?product=nilfisk-vp300-hepa-basic-eu-gewerbe-staubsauger"},"modified":"2023-04-07T05:54:08","modified_gmt":"2023-04-07T03:54:08","slug":"nilfisk-vp300-hepa-basic-eu-gewerbe-staubsauger","status":"publish","type":"product","link":"https:\/\/werkzeuge-aller-art.com\/?product=nilfisk-vp300-hepa-basic-eu-gewerbe-staubsauger","title":{"rendered":"Nilfisk Gewerbesauger VP300 HEPA Basic (Industriesauger mit HEPA Filter, Volumen Filterbeutel 10 l, Aufnahmeleistung 800\u2026"},"content":{"rendered":"<div id='gallery-1' class='gallery galleryid-13892 gallery-columns-3 gallery-size-full'><dl class='gallery-item'>\r\n\t<dt class='gallery-icon landscape'>\r\n\t<a rel='gallery-nr'><img loading=\"lazy\" decoding=\"async\" width=\"500\" height=\"500\" src=\"https:\/\/images-na.ssl-images-amazon.com\/images\/I\/315oFDdJW6L.jpg\" class=\"attachment-full size-full\" alt=\"\" srcset=\"https:\/\/images-na.ssl-images-amazon.com\/images\/I\/315oFDdJW6L.jpg 500w, https:\/\/images-na.ssl-images-amazon.com\/images\/I\/315oFDdJW6L._SS150_.jpg 150w, https:\/\/images-na.ssl-images-amazon.com\/images\/I\/315oFDdJW6L._SS300_.jpg 300w, https:\/\/images-na.ssl-images-amazon.com\/images\/I\/315oFDdJW6L._SS768_.jpg 768w, https:\/\/images-na.ssl-images-amazon.com\/images\/I\/315oFDdJW6L._SS1024_.jpg 1024w, https:\/\/images-na.ssl-images-amazon.com\/images\/I\/315oFDdJW6L._SS1536_.jpg 1536w, https:\/\/images-na.ssl-images-amazon.com\/images\/I\/315oFDdJW6L._SS2048_.jpg 2048w, https:\/\/images-na.ssl-images-amazon.com\/images\/I\/315oFDdJW6L._SS145_.jpg 145w, https:\/\/images-na.ssl-images-amazon.com\/images\/I\/315oFDdJW6L._SS1400_.jpg 1400w, https:\/\/images-na.ssl-images-amazon.com\/images\/I\/315oFDdJW6L._SS50_.jpg 50w, https:\/\/images-na.ssl-images-amazon.com\/images\/I\/315oFDdJW6L._SS604_.jpg 604w, https:\/\/images-na.ssl-images-amazon.com\/images\/I\/315oFDdJW6L._SS262_.jpg 262w, https:\/\/images-na.ssl-images-amazon.com\/images\/I\/315oFDdJW6L._SS600_.jpg 600w, https:\/\/images-na.ssl-images-amazon.com\/images\/I\/315oFDdJW6L._SS100_.jpg 100w\" sizes=\"auto, (max-width: 500px) 100vw, 500px\" \/><\/a>\r\n\t<\/dt>\r\n\t<dd class='wp-caption-text gallery-caption'>\r\n\t<div class='gallery-caption-inner'> <div class='wp-caption-text gallery-title'>\r\n\tNilfisk-VP300-HEPA-Basic-EU-Gewerbe-Staubsauger\r\n\t<\/div><div class='wp-caption-text gallery-zoom no-text'>\r\n\t\t<a href=https:\/\/werkzeuge-aller-art.com\/?attachment_id=13893 title='Click to view Full Image' class='icon mustang-gallery'><i class='fa fa-plus'><\/i><\/a>\r\n\t\t<\/div><div class='wp-caption-text gallery-redirect'>\r\n\t\t<a href=https:\/\/werkzeuge-aller-art.com\/?attachment_id=13893 title='Click to view read more' class='icon readmore'><i class='fa fa-link'><\/i><\/a>\r\n\t\t<\/div><\/div><\/dd><\/dl><dl class='gallery-item'>\r\n\t<dt class='gallery-icon landscape'>\r\n\t<a rel='gallery-nr'><img loading=\"lazy\" decoding=\"async\" width=\"500\" height=\"500\" src=\"https:\/\/images-na.ssl-images-amazon.com\/images\/I\/41PJjqubZGL.jpg\" class=\"attachment-full size-full\" alt=\"\" srcset=\"https:\/\/images-na.ssl-images-amazon.com\/images\/I\/41PJjqubZGL.jpg 500w, https:\/\/images-na.ssl-images-amazon.com\/images\/I\/41PJjqubZGL._SS150_.jpg 150w, https:\/\/images-na.ssl-images-amazon.com\/images\/I\/41PJjqubZGL._SS300_.jpg 300w, https:\/\/images-na.ssl-images-amazon.com\/images\/I\/41PJjqubZGL._SS768_.jpg 768w, https:\/\/images-na.ssl-images-amazon.com\/images\/I\/41PJjqubZGL._SS1024_.jpg 1024w, https:\/\/images-na.ssl-images-amazon.com\/images\/I\/41PJjqubZGL._SS1536_.jpg 1536w, https:\/\/images-na.ssl-images-amazon.com\/images\/I\/41PJjqubZGL._SS2048_.jpg 2048w, https:\/\/images-na.ssl-images-amazon.com\/images\/I\/41PJjqubZGL._SS145_.jpg 145w, https:\/\/images-na.ssl-images-amazon.com\/images\/I\/41PJjqubZGL._SS1400_.jpg 1400w, https:\/\/images-na.ssl-images-amazon.com\/images\/I\/41PJjqubZGL._SS50_.jpg 50w, https:\/\/images-na.ssl-images-amazon.com\/images\/I\/41PJjqubZGL._SS604_.jpg 604w, https:\/\/images-na.ssl-images-amazon.com\/images\/I\/41PJjqubZGL._SS262_.jpg 262w, https:\/\/images-na.ssl-images-amazon.com\/images\/I\/41PJjqubZGL._SS600_.jpg 600w, https:\/\/images-na.ssl-images-amazon.com\/images\/I\/41PJjqubZGL._SS100_.jpg 100w\" sizes=\"auto, (max-width: 500px) 100vw, 500px\" \/><\/a>\r\n\t<\/dt>\r\n\t<dd class='wp-caption-text gallery-caption'>\r\n\t<div class='gallery-caption-inner'> <div class='wp-caption-text gallery-title'>\r\n\tNilfisk-VP300-HEPA-Basic-EU-Gewerbe-Staubsauger\r\n\t<\/div><div class='wp-caption-text gallery-zoom no-text'>\r\n\t\t<a href=https:\/\/werkzeuge-aller-art.com\/?attachment_id=13894 title='Click to view Full Image' class='icon mustang-gallery'><i class='fa fa-plus'><\/i><\/a>\r\n\t\t<\/div><div class='wp-caption-text gallery-redirect'>\r\n\t\t<a href=https:\/\/werkzeuge-aller-art.com\/?attachment_id=13894 title='Click to view read more' class='icon readmore'><i class='fa fa-link'><\/i><\/a>\r\n\t\t<\/div><\/div><\/dd><\/dl><dl class='gallery-item'>\r\n\t<dt class='gallery-icon landscape'>\r\n\t<a rel='gallery-nr'><img loading=\"lazy\" decoding=\"async\" width=\"500\" height=\"500\" src=\"https:\/\/images-na.ssl-images-amazon.com\/images\/I\/41NLL4uhuqL.jpg\" class=\"attachment-full size-full\" alt=\"\" srcset=\"https:\/\/images-na.ssl-images-amazon.com\/images\/I\/41NLL4uhuqL.jpg 500w, https:\/\/images-na.ssl-images-amazon.com\/images\/I\/41NLL4uhuqL._SS150_.jpg 150w, https:\/\/images-na.ssl-images-amazon.com\/images\/I\/41NLL4uhuqL._SS300_.jpg 300w, https:\/\/images-na.ssl-images-amazon.com\/images\/I\/41NLL4uhuqL._SS768_.jpg 768w, https:\/\/images-na.ssl-images-amazon.com\/images\/I\/41NLL4uhuqL._SS1024_.jpg 1024w, https:\/\/images-na.ssl-images-amazon.com\/images\/I\/41NLL4uhuqL._SS1536_.jpg 1536w, https:\/\/images-na.ssl-images-amazon.com\/images\/I\/41NLL4uhuqL._SS2048_.jpg 2048w, https:\/\/images-na.ssl-images-amazon.com\/images\/I\/41NLL4uhuqL._SS145_.jpg 145w, https:\/\/images-na.ssl-images-amazon.com\/images\/I\/41NLL4uhuqL._SS1400_.jpg 1400w, https:\/\/images-na.ssl-images-amazon.com\/images\/I\/41NLL4uhuqL._SS50_.jpg 50w, https:\/\/images-na.ssl-images-amazon.com\/images\/I\/41NLL4uhuqL._SS604_.jpg 604w, https:\/\/images-na.ssl-images-amazon.com\/images\/I\/41NLL4uhuqL._SS262_.jpg 262w, https:\/\/images-na.ssl-images-amazon.com\/images\/I\/41NLL4uhuqL._SS600_.jpg 600w, https:\/\/images-na.ssl-images-amazon.com\/images\/I\/41NLL4uhuqL._SS100_.jpg 100w\" sizes=\"auto, (max-width: 500px) 100vw, 500px\" \/><\/a>\r\n\t<\/dt>\r\n\t<dd class='wp-caption-text gallery-caption'>\r\n\t<div class='gallery-caption-inner'> <div class='wp-caption-text gallery-title'>\r\n\tNilfisk-VP300-HEPA-Basic-EU-Gewerbe-Staubsauger\r\n\t<\/div><div class='wp-caption-text gallery-zoom no-text'>\r\n\t\t<a href=https:\/\/werkzeuge-aller-art.com\/?attachment_id=13895 title='Click to view Full Image' class='icon mustang-gallery'><i class='fa fa-plus'><\/i><\/a>\r\n\t\t<\/div><div class='wp-caption-text gallery-redirect'>\r\n\t\t<a href=https:\/\/werkzeuge-aller-art.com\/?attachment_id=13895 title='Click to view read more' class='icon readmore'><i class='fa fa-link'><\/i><\/a>\r\n\t\t<\/div><\/div><\/dd><\/dl>\r\n<\/div>\n<br \/>\n<!-- show up to 2 reviews by default --> <\/p>\n<p>Die einzigartige Eigenschaft des VP300 HEPA Staubsauger ist die hohe Filtration kombiniert mit hoher Reinigungsleistung. Der HEPA-Filter sorgt f\u00fcr eine bessere Luftqualit\u00e4t in der Umgebung, w\u00e4hrend der kraftvolle Motor eine hervorragende und effiziente Reinigungsleistung liefert. <\/p>\n<p>VP300 ECO Hepa in Energieklasse A++ geringe Ger\u00e4uschentwicklung von 58 dB (A) f\u00fcr ger\u00e4uschlosen Betrieb auch w\u00e4hrend des Tages. Leichtes Gewicht von nur 5 kg f\u00fcr einen einfachen Transport. Beh\u00e4lter mit 10 Liter Fassungsverm\u00f6gen Staubbeutel von 8 Litern. Einfache Transportf\u00e4higkeit in der Maschine, einschlie\u00dflich Schlauch und Stange, mit nur einer Hand.<br \/>\n<div class=\"main-cross-sell\" data-asin=\"B076PQYWWC\">\n\n\t<div class=\"WooZone-cross-sell-loader\">\n\t\t<div>\n\t\t\t<div id=\"floatingBarsG\">\n\t\t\t\t<div class=\"blockG\" id=\"rotateG_01\"><\/div>\n\t\t\t\t<div class=\"blockG\" id=\"rotateG_02\"><\/div>\n\t\t\t\t<div class=\"blockG\" id=\"rotateG_03\"><\/div>\n\t\t\t\t<div class=\"blockG\" id=\"rotateG_04\"><\/div>\n\t\t\t\t<div class=\"blockG\" id=\"rotateG_05\"><\/div>\n\t\t\t\t<div class=\"blockG\" id=\"rotateG_06\"><\/div>\n\t\t\t\t<div class=\"blockG\" id=\"rotateG_07\"><\/div>\n\t\t\t\t<div class=\"blockG\" id=\"rotateG_08\"><\/div>\n\t\t\t<\/div>\n\t\t\t<div class=\"WooZone-cross-sell-loader-text\"><\/div>\n\t\t<\/div>\n\t<\/div>\n\n\t\t\n<\/div>\n<div style=\"clear:both;\"><\/div>\n","protected":false},"excerpt":{"rendered":"<p>VP300 ECO Hepa in Energieklasse A++ geringe Ger\u00e4uschentwicklung von 58 dB (A) f\u00fcr ger\u00e4uschlosen Betrieb auch w\u00e4hrend des Tages. Leichtes Gewicht von nur 5 kg f\u00fcr einen einfachen Transport. Beh\u00e4lter mit 10 Liter Fassungsverm\u00f6gen Staubbeutel von 8 Litern. Einfache Transportf\u00e4higkeit in der Maschine, einschlie\u00dflich Schlauch und Stange, mit nur einer Hand.<\/p>\n","protected":false},"featured_media":13893,"comment_status":"open","ping_status":"closed","template":"","meta":[],"product_cat":[110,117],"product_tag":[],"class_list":{"0":"post-13892","1":"product","2":"type-product","3":"status-publish","4":"has-post-thumbnail","6":"product_cat-reinigen-und-sandstrahlen","7":"product_cat-staubsauger","8":"pa_brand-nilfisk","11":"first","12":"instock","13":"shipping-taxable","14":"product-type-external"},"_links":{"self":[{"href":"https:\/\/werkzeuge-aller-art.com\/index.php?rest_route=\/wp\/v2\/product\/13892","targetHints":{"allow":["GET"]}}],"collection":[{"href":"https:\/\/werkzeuge-aller-art.com\/index.php?rest_route=\/wp\/v2\/product"}],"about":[{"href":"https:\/\/werkzeuge-aller-art.com\/index.php?rest_route=\/wp\/v2\/types\/product"}],"replies":[{"embeddable":true,"href":"https:\/\/werkzeuge-aller-art.com\/index.php?rest_route=%2Fwp%2Fv2%2Fcomments&post=13892"}],"wp:featuredmedia":[{"embeddable":true,"href":"https:\/\/werkzeuge-aller-art.com\/index.php?rest_route=\/wp\/v2\/media\/13893"}],"wp:attachment":[{"href":"https:\/\/werkzeuge-aller-art.com\/index.php?rest_route=%2Fwp%2Fv2%2Fmedia&parent=13892"}],"wp:term":[{"taxonomy":"product_cat","embeddable":true,"href":"https:\/\/werkzeuge-aller-art.com\/index.php?rest_route=%2Fwp%2Fv2%2Fproduct_cat&post=13892"},{"taxonomy":"product_tag","embeddable":true,"href":"https:\/\/werkzeuge-aller-art.com\/index.php?rest_route=%2Fwp%2Fv2%2Fproduct_tag&post=13892"}],"curies":[{"name":"wp","href":"https:\/\/api.w.org\/{rel}","templated":true}]}}