{"id":13880,"date":"2020-03-07T22:22:44","date_gmt":"2020-03-07T21:22:44","guid":{"rendered":"https:\/\/werkzeuge-aller-art.com\/?product=nilfisk-attix-30-01-gewerbesauger-107413590-blau"},"modified":"2023-04-07T05:54:08","modified_gmt":"2023-04-07T03:54:08","slug":"nilfisk-attix-30-01-gewerbesauger-107413590-blau","status":"publish","type":"product","link":"https:\/\/werkzeuge-aller-art.com\/?product=nilfisk-attix-30-01-gewerbesauger-107413590-blau","title":{"rendered":"Nilfisk Nass-\/Trockensauger ATTIX 30-01 (Industriesauger, kompaktes Format, Beh\u00e4lter 30 l, Kabell\u00e4nge 7,5 m, Luftmenge\u2026"},"content":{"rendered":"<div id='gallery-1' class='gallery galleryid-13880 gallery-columns-3 gallery-size-full'><dl class='gallery-item'>\r\n\t<dt class='gallery-icon landscape'>\r\n\t<a rel='gallery-nr'><img loading=\"lazy\" decoding=\"async\" width=\"500\" height=\"500\" src=\"https:\/\/images-na.ssl-images-amazon.com\/images\/I\/41d-13B2mIL.jpg\" class=\"attachment-full size-full\" alt=\"\" srcset=\"https:\/\/images-na.ssl-images-amazon.com\/images\/I\/41d-13B2mIL.jpg 500w, https:\/\/images-na.ssl-images-amazon.com\/images\/I\/41d-13B2mIL._SS150_.jpg 150w, https:\/\/images-na.ssl-images-amazon.com\/images\/I\/41d-13B2mIL._SS300_.jpg 300w, https:\/\/images-na.ssl-images-amazon.com\/images\/I\/41d-13B2mIL._SS768_.jpg 768w, https:\/\/images-na.ssl-images-amazon.com\/images\/I\/41d-13B2mIL._SS1024_.jpg 1024w, https:\/\/images-na.ssl-images-amazon.com\/images\/I\/41d-13B2mIL._SS1536_.jpg 1536w, https:\/\/images-na.ssl-images-amazon.com\/images\/I\/41d-13B2mIL._SS2048_.jpg 2048w, https:\/\/images-na.ssl-images-amazon.com\/images\/I\/41d-13B2mIL._SS145_.jpg 145w, https:\/\/images-na.ssl-images-amazon.com\/images\/I\/41d-13B2mIL._SS1400_.jpg 1400w, https:\/\/images-na.ssl-images-amazon.com\/images\/I\/41d-13B2mIL._SS50_.jpg 50w, https:\/\/images-na.ssl-images-amazon.com\/images\/I\/41d-13B2mIL._SS604_.jpg 604w, https:\/\/images-na.ssl-images-amazon.com\/images\/I\/41d-13B2mIL._SS262_.jpg 262w, https:\/\/images-na.ssl-images-amazon.com\/images\/I\/41d-13B2mIL._SS600_.jpg 600w, https:\/\/images-na.ssl-images-amazon.com\/images\/I\/41d-13B2mIL._SS100_.jpg 100w\" sizes=\"auto, (max-width: 500px) 100vw, 500px\" \/><\/a>\r\n\t<\/dt>\r\n\t<dd class='wp-caption-text gallery-caption'>\r\n\t<div class='gallery-caption-inner'> <div class='wp-caption-text gallery-title'>\r\n\tNilfisk-ATTIX-30-01-Gewerbesauger-107413590-blau\r\n\t<\/div><div class='wp-caption-text gallery-zoom no-text'>\r\n\t\t<a href=https:\/\/werkzeuge-aller-art.com\/?attachment_id=13881 title='Click to view Full Image' class='icon mustang-gallery'><i class='fa fa-plus'><\/i><\/a>\r\n\t\t<\/div><div class='wp-caption-text gallery-redirect'>\r\n\t\t<a href=https:\/\/werkzeuge-aller-art.com\/?attachment_id=13881 title='Click to view read more' class='icon readmore'><i class='fa fa-link'><\/i><\/a>\r\n\t\t<\/div><\/div><\/dd><\/dl><dl class='gallery-item'>\r\n\t<dt class='gallery-icon landscape'>\r\n\t<a rel='gallery-nr'><img loading=\"lazy\" decoding=\"async\" width=\"500\" height=\"500\" src=\"https:\/\/images-na.ssl-images-amazon.com\/images\/I\/51NMdTtOM7L.jpg\" class=\"attachment-full size-full\" alt=\"\" srcset=\"https:\/\/images-na.ssl-images-amazon.com\/images\/I\/51NMdTtOM7L.jpg 500w, https:\/\/images-na.ssl-images-amazon.com\/images\/I\/51NMdTtOM7L._SS150_.jpg 150w, https:\/\/images-na.ssl-images-amazon.com\/images\/I\/51NMdTtOM7L._SS300_.jpg 300w, https:\/\/images-na.ssl-images-amazon.com\/images\/I\/51NMdTtOM7L._SS768_.jpg 768w, https:\/\/images-na.ssl-images-amazon.com\/images\/I\/51NMdTtOM7L._SS1024_.jpg 1024w, https:\/\/images-na.ssl-images-amazon.com\/images\/I\/51NMdTtOM7L._SS1536_.jpg 1536w, https:\/\/images-na.ssl-images-amazon.com\/images\/I\/51NMdTtOM7L._SS2048_.jpg 2048w, https:\/\/images-na.ssl-images-amazon.com\/images\/I\/51NMdTtOM7L._SS145_.jpg 145w, https:\/\/images-na.ssl-images-amazon.com\/images\/I\/51NMdTtOM7L._SS1400_.jpg 1400w, https:\/\/images-na.ssl-images-amazon.com\/images\/I\/51NMdTtOM7L._SS50_.jpg 50w, https:\/\/images-na.ssl-images-amazon.com\/images\/I\/51NMdTtOM7L._SS604_.jpg 604w, https:\/\/images-na.ssl-images-amazon.com\/images\/I\/51NMdTtOM7L._SS262_.jpg 262w, https:\/\/images-na.ssl-images-amazon.com\/images\/I\/51NMdTtOM7L._SS600_.jpg 600w, https:\/\/images-na.ssl-images-amazon.com\/images\/I\/51NMdTtOM7L._SS100_.jpg 100w\" sizes=\"auto, (max-width: 500px) 100vw, 500px\" \/><\/a>\r\n\t<\/dt>\r\n\t<dd class='wp-caption-text gallery-caption'>\r\n\t<div class='gallery-caption-inner'> <div class='wp-caption-text gallery-title'>\r\n\tNilfisk-ATTIX-30-01-Gewerbesauger-107413590-blau\r\n\t<\/div><div class='wp-caption-text gallery-zoom no-text'>\r\n\t\t<a href=https:\/\/werkzeuge-aller-art.com\/?attachment_id=13882 title='Click to view Full Image' class='icon mustang-gallery'><i class='fa fa-plus'><\/i><\/a>\r\n\t\t<\/div><div class='wp-caption-text gallery-redirect'>\r\n\t\t<a href=https:\/\/werkzeuge-aller-art.com\/?attachment_id=13882 title='Click to view read more' class='icon readmore'><i class='fa fa-link'><\/i><\/a>\r\n\t\t<\/div><\/div><\/dd><\/dl><dl class='gallery-item'>\r\n\t<dt class='gallery-icon landscape'>\r\n\t<a rel='gallery-nr'><img loading=\"lazy\" decoding=\"async\" width=\"500\" height=\"500\" src=\"https:\/\/images-na.ssl-images-amazon.com\/images\/I\/51PTBlti16L.jpg\" class=\"attachment-full size-full\" alt=\"\" srcset=\"https:\/\/images-na.ssl-images-amazon.com\/images\/I\/51PTBlti16L.jpg 500w, https:\/\/images-na.ssl-images-amazon.com\/images\/I\/51PTBlti16L._SS150_.jpg 150w, https:\/\/images-na.ssl-images-amazon.com\/images\/I\/51PTBlti16L._SS300_.jpg 300w, https:\/\/images-na.ssl-images-amazon.com\/images\/I\/51PTBlti16L._SS768_.jpg 768w, https:\/\/images-na.ssl-images-amazon.com\/images\/I\/51PTBlti16L._SS1024_.jpg 1024w, https:\/\/images-na.ssl-images-amazon.com\/images\/I\/51PTBlti16L._SS1536_.jpg 1536w, https:\/\/images-na.ssl-images-amazon.com\/images\/I\/51PTBlti16L._SS2048_.jpg 2048w, https:\/\/images-na.ssl-images-amazon.com\/images\/I\/51PTBlti16L._SS145_.jpg 145w, https:\/\/images-na.ssl-images-amazon.com\/images\/I\/51PTBlti16L._SS1400_.jpg 1400w, https:\/\/images-na.ssl-images-amazon.com\/images\/I\/51PTBlti16L._SS50_.jpg 50w, https:\/\/images-na.ssl-images-amazon.com\/images\/I\/51PTBlti16L._SS604_.jpg 604w, https:\/\/images-na.ssl-images-amazon.com\/images\/I\/51PTBlti16L._SS262_.jpg 262w, https:\/\/images-na.ssl-images-amazon.com\/images\/I\/51PTBlti16L._SS600_.jpg 600w, https:\/\/images-na.ssl-images-amazon.com\/images\/I\/51PTBlti16L._SS100_.jpg 100w\" sizes=\"auto, (max-width: 500px) 100vw, 500px\" \/><\/a>\r\n\t<\/dt>\r\n\t<dd class='wp-caption-text gallery-caption'>\r\n\t<div class='gallery-caption-inner'> <div class='wp-caption-text gallery-title'>\r\n\tNilfisk-ATTIX-30-01-Gewerbesauger-107413590-blau\r\n\t<\/div><div class='wp-caption-text gallery-zoom no-text'>\r\n\t\t<a href=https:\/\/werkzeuge-aller-art.com\/?attachment_id=13883 title='Click to view Full Image' class='icon mustang-gallery'><i class='fa fa-plus'><\/i><\/a>\r\n\t\t<\/div><div class='wp-caption-text gallery-redirect'>\r\n\t\t<a href=https:\/\/werkzeuge-aller-art.com\/?attachment_id=13883 title='Click to view read more' class='icon readmore'><i class='fa fa-link'><\/i><\/a>\r\n\t\t<\/div><\/div><\/dd><\/dl>\r\n<\/div>\n<br \/>\n<!-- show up to 2 reviews by default --> <\/p>\n<p>Der ATTIX 30-01 strotzt vor Leistung und ist dennoch so kompakt, dass Sie ihn \u00fcberall dorthin mitnehmen k\u00f6nnen, wo Sie die Spuren Ihrer Arbeit entfernen m\u00f6chten. Durch das ergonomische Design und das geringe Arbeitsger\u00e4usch ist dieser Nass-\/Trockensauger speziell f\u00fcr den mobilen Einsatz konzipiert worden. Der auswaschbare PET Vliesfilter sorgt f\u00fcr hohe Saugleistung und geringe Wartungskosten. <\/p>\n<p>30l Beh\u00e4ltervolumen Multifit- Zubeh\u00f6rsystem Zubeh\u00f6rhalter<br \/>\nKabelhalter PET Filterelement Saugkraftregulierung am Handrohr<br \/>\n<div class=\"main-cross-sell\" data-asin=\"B003BOT98Q\">\n\n\t<div class=\"WooZone-cross-sell-loader\">\n\t\t<div>\n\t\t\t<div id=\"floatingBarsG\">\n\t\t\t\t<div class=\"blockG\" id=\"rotateG_01\"><\/div>\n\t\t\t\t<div class=\"blockG\" id=\"rotateG_02\"><\/div>\n\t\t\t\t<div class=\"blockG\" id=\"rotateG_03\"><\/div>\n\t\t\t\t<div class=\"blockG\" id=\"rotateG_04\"><\/div>\n\t\t\t\t<div class=\"blockG\" id=\"rotateG_05\"><\/div>\n\t\t\t\t<div class=\"blockG\" id=\"rotateG_06\"><\/div>\n\t\t\t\t<div class=\"blockG\" id=\"rotateG_07\"><\/div>\n\t\t\t\t<div class=\"blockG\" id=\"rotateG_08\"><\/div>\n\t\t\t<\/div>\n\t\t\t<div class=\"WooZone-cross-sell-loader-text\"><\/div>\n\t\t<\/div>\n\t<\/div>\n\n\t\t\n<\/div>\n<div style=\"clear:both;\"><\/div>\n","protected":false},"excerpt":{"rendered":"<p>30l Beh\u00e4ltervolumen Multifit- Zubeh\u00f6rsystem Zubeh\u00f6rhalter<br \/>\nKabelhalter PET Filterelement Saugkraftregulierung am Handrohr<\/p>\n","protected":false},"featured_media":13881,"comment_status":"open","ping_status":"closed","template":"","meta":[],"product_cat":[110,117],"product_tag":[],"class_list":{"0":"post-13880","1":"product","2":"type-product","3":"status-publish","4":"has-post-thumbnail","6":"product_cat-reinigen-und-sandstrahlen","7":"product_cat-staubsauger","8":"pa_brand-nilfisk","11":"first","12":"instock","13":"shipping-taxable","14":"product-type-external"},"_links":{"self":[{"href":"https:\/\/werkzeuge-aller-art.com\/index.php?rest_route=\/wp\/v2\/product\/13880","targetHints":{"allow":["GET"]}}],"collection":[{"href":"https:\/\/werkzeuge-aller-art.com\/index.php?rest_route=\/wp\/v2\/product"}],"about":[{"href":"https:\/\/werkzeuge-aller-art.com\/index.php?rest_route=\/wp\/v2\/types\/product"}],"replies":[{"embeddable":true,"href":"https:\/\/werkzeuge-aller-art.com\/index.php?rest_route=%2Fwp%2Fv2%2Fcomments&post=13880"}],"wp:featuredmedia":[{"embeddable":true,"href":"https:\/\/werkzeuge-aller-art.com\/index.php?rest_route=\/wp\/v2\/media\/13881"}],"wp:attachment":[{"href":"https:\/\/werkzeuge-aller-art.com\/index.php?rest_route=%2Fwp%2Fv2%2Fmedia&parent=13880"}],"wp:term":[{"taxonomy":"product_cat","embeddable":true,"href":"https:\/\/werkzeuge-aller-art.com\/index.php?rest_route=%2Fwp%2Fv2%2Fproduct_cat&post=13880"},{"taxonomy":"product_tag","embeddable":true,"href":"https:\/\/werkzeuge-aller-art.com\/index.php?rest_route=%2Fwp%2Fv2%2Fproduct_tag&post=13880"}],"curies":[{"name":"wp","href":"https:\/\/api.w.org\/{rel}","templated":true}]}}