{"id":13870,"date":"2020-03-07T22:22:28","date_gmt":"2020-03-07T21:22:28","guid":{"rendered":"https:\/\/werkzeuge-aller-art.com\/?product=nilfisk-107406603-aero-21-21-pc-inox-230-v-blau"},"modified":"2023-04-07T05:54:08","modified_gmt":"2023-04-07T03:54:08","slug":"nilfisk-107406603-aero-21-21-pc-inox-230-v-blau","status":"publish","type":"product","link":"https:\/\/werkzeuge-aller-art.com\/?product=nilfisk-107406603-aero-21-21-pc-inox-230-v-blau","title":{"rendered":"Nilfisk Nass-\/Trockensauger AERO 21-11 PC INOX (Ger\u00e4testeckdose, Beh\u00e4lter Edelstahl, Industriesauger 1250 W, kompaktes\u2026"},"content":{"rendered":"<p><!-- show up to 2 reviews by default --> <\/p>\n<p>Der AERO 21-21 PC INOX Nass-\/Trockensauger ist ein robuster Sauger mit kompaktem Design und einer Vielzahl von einfach zu bedienenden Funktionen. Der AERO 21-21 PC INOX verf\u00fcgt \u00fcber einen Edelstahlbeh\u00e4lter und wird so auch hohen Anforderungen an Sauberkeit gerecht. Durch sein geringes Gewicht und seinen 20 Liter Schmutzbeh\u00e4lter ist er die ideale Wahl f\u00fcr semi-professionelle Anwendungen im Handwerk, in der Industrie oder beispielsweise auch in der Kfz-Branche. <\/p>\n<p>Ger\u00e4testeckdose mit Einschaltautomatik, zum Betreiben von elektrischen Werkzeugen Auswaschbares PET Vliesfilterelement mit einem Abscheidegrad von mind. 99,9 %<br \/>\nBeh\u00e4lter mit integriertem Handgriff f\u00fcr ein einfaches entleeren des Schmutzbeh\u00e4lters Motorkopf mit Ablagefl\u00e4che f\u00fcr Werkzeuge und Arbeitsmittel<br \/>\n<div class=\"main-cross-sell\" data-asin=\"B00HZRAFL0\">\n\n\t<div class=\"WooZone-cross-sell-loader\">\n\t\t<div>\n\t\t\t<div id=\"floatingBarsG\">\n\t\t\t\t<div class=\"blockG\" id=\"rotateG_01\"><\/div>\n\t\t\t\t<div class=\"blockG\" id=\"rotateG_02\"><\/div>\n\t\t\t\t<div class=\"blockG\" id=\"rotateG_03\"><\/div>\n\t\t\t\t<div class=\"blockG\" id=\"rotateG_04\"><\/div>\n\t\t\t\t<div class=\"blockG\" id=\"rotateG_05\"><\/div>\n\t\t\t\t<div class=\"blockG\" id=\"rotateG_06\"><\/div>\n\t\t\t\t<div class=\"blockG\" id=\"rotateG_07\"><\/div>\n\t\t\t\t<div class=\"blockG\" id=\"rotateG_08\"><\/div>\n\t\t\t<\/div>\n\t\t\t<div class=\"WooZone-cross-sell-loader-text\"><\/div>\n\t\t<\/div>\n\t<\/div>\n\n\t\t\n<\/div>\n<div style=\"clear:both;\"><\/div>\n","protected":false},"excerpt":{"rendered":"<p>Ger\u00e4testeckdose mit Einschaltautomatik, zum Betreiben von elektrischen Werkzeugen Auswaschbares PET Vliesfilterelement mit einem Abscheidegrad von mind. 99,9 %<br \/>\nBeh\u00e4lter mit integriertem Handgriff f\u00fcr ein einfaches entleeren des Schmutzbeh\u00e4lters Motorkopf mit Ablagefl\u00e4che f\u00fcr Werkzeuge und Arbeitsmittel<\/p>\n","protected":false},"featured_media":13871,"comment_status":"open","ping_status":"closed","template":"","meta":[],"product_cat":[110,117],"product_tag":[],"class_list":{"0":"post-13870","1":"product","2":"type-product","3":"status-publish","4":"has-post-thumbnail","6":"product_cat-reinigen-und-sandstrahlen","7":"product_cat-staubsauger","8":"pa_brand-nilfisk","11":"first","12":"instock","13":"shipping-taxable","14":"product-type-external"},"_links":{"self":[{"href":"https:\/\/werkzeuge-aller-art.com\/index.php?rest_route=\/wp\/v2\/product\/13870","targetHints":{"allow":["GET"]}}],"collection":[{"href":"https:\/\/werkzeuge-aller-art.com\/index.php?rest_route=\/wp\/v2\/product"}],"about":[{"href":"https:\/\/werkzeuge-aller-art.com\/index.php?rest_route=\/wp\/v2\/types\/product"}],"replies":[{"embeddable":true,"href":"https:\/\/werkzeuge-aller-art.com\/index.php?rest_route=%2Fwp%2Fv2%2Fcomments&post=13870"}],"wp:featuredmedia":[{"embeddable":true,"href":"https:\/\/werkzeuge-aller-art.com\/index.php?rest_route=\/wp\/v2\/media\/13871"}],"wp:attachment":[{"href":"https:\/\/werkzeuge-aller-art.com\/index.php?rest_route=%2Fwp%2Fv2%2Fmedia&parent=13870"}],"wp:term":[{"taxonomy":"product_cat","embeddable":true,"href":"https:\/\/werkzeuge-aller-art.com\/index.php?rest_route=%2Fwp%2Fv2%2Fproduct_cat&post=13870"},{"taxonomy":"product_tag","embeddable":true,"href":"https:\/\/werkzeuge-aller-art.com\/index.php?rest_route=%2Fwp%2Fv2%2Fproduct_tag&post=13870"}],"curies":[{"name":"wp","href":"https:\/\/api.w.org\/{rel}","templated":true}]}}