{"id":13796,"date":"2020-03-07T22:15:40","date_gmt":"2020-03-07T21:15:40","guid":{"rendered":"https:\/\/werkzeuge-aller-art.com\/?product=waschsauger-teppichreiniger-hydro-7500-testurteil-gut-getestet-06-2018"},"modified":"2023-04-07T05:54:08","modified_gmt":"2023-04-07T03:54:08","slug":"waschsauger-teppichreiniger-hydro-7500-testurteil-gut-getestet-06-2018","status":"publish","type":"product","link":"https:\/\/werkzeuge-aller-art.com\/?product=waschsauger-teppichreiniger-hydro-7500-testurteil-gut-getestet-06-2018","title":{"rendered":"ALBATROS Waschsauger Teppichreiniger Hydro 7500 &#8211; Testurteil: GUT getestet 06\/2018"},"content":{"rendered":"<div id='gallery-1' class='gallery galleryid-13796 gallery-columns-3 gallery-size-full'><dl class='gallery-item'>\r\n\t<dt class='gallery-icon landscape'>\r\n\t<a rel='gallery-nr'><img loading=\"lazy\" decoding=\"async\" width=\"500\" height=\"500\" src=\"https:\/\/images-na.ssl-images-amazon.com\/images\/I\/51BthMjDLML.jpg\" class=\"attachment-full size-full\" alt=\"\" srcset=\"https:\/\/images-na.ssl-images-amazon.com\/images\/I\/51BthMjDLML.jpg 500w, https:\/\/images-na.ssl-images-amazon.com\/images\/I\/51BthMjDLML._SS150_.jpg 150w, https:\/\/images-na.ssl-images-amazon.com\/images\/I\/51BthMjDLML._SS300_.jpg 300w, https:\/\/images-na.ssl-images-amazon.com\/images\/I\/51BthMjDLML._SS768_.jpg 768w, https:\/\/images-na.ssl-images-amazon.com\/images\/I\/51BthMjDLML._SS1024_.jpg 1024w, https:\/\/images-na.ssl-images-amazon.com\/images\/I\/51BthMjDLML._SS1536_.jpg 1536w, https:\/\/images-na.ssl-images-amazon.com\/images\/I\/51BthMjDLML._SS2048_.jpg 2048w, https:\/\/images-na.ssl-images-amazon.com\/images\/I\/51BthMjDLML._SS145_.jpg 145w, https:\/\/images-na.ssl-images-amazon.com\/images\/I\/51BthMjDLML._SS1400_.jpg 1400w, https:\/\/images-na.ssl-images-amazon.com\/images\/I\/51BthMjDLML._SS50_.jpg 50w, https:\/\/images-na.ssl-images-amazon.com\/images\/I\/51BthMjDLML._SS604_.jpg 604w, https:\/\/images-na.ssl-images-amazon.com\/images\/I\/51BthMjDLML._SS262_.jpg 262w, https:\/\/images-na.ssl-images-amazon.com\/images\/I\/51BthMjDLML._SS600_.jpg 600w, https:\/\/images-na.ssl-images-amazon.com\/images\/I\/51BthMjDLML._SS100_.jpg 100w\" sizes=\"auto, (max-width: 500px) 100vw, 500px\" \/><\/a>\r\n\t<\/dt>\r\n\t<dd class='wp-caption-text gallery-caption'>\r\n\t<div class='gallery-caption-inner'> <div class='wp-caption-text gallery-title'>\r\n\tWaschsauger-Teppichreiniger-Hydro-7500-Testurteil-GUT-getestet-062018\r\n\t<\/div><div class='wp-caption-text gallery-zoom no-text'>\r\n\t\t<a href=https:\/\/werkzeuge-aller-art.com\/?attachment_id=13797 title='Click to view Full Image' class='icon mustang-gallery'><i class='fa fa-plus'><\/i><\/a>\r\n\t\t<\/div><div class='wp-caption-text gallery-redirect'>\r\n\t\t<a href=https:\/\/werkzeuge-aller-art.com\/?attachment_id=13797 title='Click to view read more' class='icon readmore'><i class='fa fa-link'><\/i><\/a>\r\n\t\t<\/div><\/div><\/dd><\/dl><dl class='gallery-item'>\r\n\t<dt class='gallery-icon landscape'>\r\n\t<a rel='gallery-nr'><img loading=\"lazy\" decoding=\"async\" width=\"500\" height=\"500\" src=\"https:\/\/images-na.ssl-images-amazon.com\/images\/I\/41-pK1hCbML.jpg\" class=\"attachment-full size-full\" alt=\"\" srcset=\"https:\/\/images-na.ssl-images-amazon.com\/images\/I\/41-pK1hCbML.jpg 500w, https:\/\/images-na.ssl-images-amazon.com\/images\/I\/41-pK1hCbML._SS150_.jpg 150w, https:\/\/images-na.ssl-images-amazon.com\/images\/I\/41-pK1hCbML._SS300_.jpg 300w, https:\/\/images-na.ssl-images-amazon.com\/images\/I\/41-pK1hCbML._SS768_.jpg 768w, https:\/\/images-na.ssl-images-amazon.com\/images\/I\/41-pK1hCbML._SS1024_.jpg 1024w, https:\/\/images-na.ssl-images-amazon.com\/images\/I\/41-pK1hCbML._SS1536_.jpg 1536w, https:\/\/images-na.ssl-images-amazon.com\/images\/I\/41-pK1hCbML._SS2048_.jpg 2048w, https:\/\/images-na.ssl-images-amazon.com\/images\/I\/41-pK1hCbML._SS145_.jpg 145w, https:\/\/images-na.ssl-images-amazon.com\/images\/I\/41-pK1hCbML._SS1400_.jpg 1400w, https:\/\/images-na.ssl-images-amazon.com\/images\/I\/41-pK1hCbML._SS50_.jpg 50w, https:\/\/images-na.ssl-images-amazon.com\/images\/I\/41-pK1hCbML._SS604_.jpg 604w, https:\/\/images-na.ssl-images-amazon.com\/images\/I\/41-pK1hCbML._SS262_.jpg 262w, https:\/\/images-na.ssl-images-amazon.com\/images\/I\/41-pK1hCbML._SS600_.jpg 600w, https:\/\/images-na.ssl-images-amazon.com\/images\/I\/41-pK1hCbML._SS100_.jpg 100w\" sizes=\"auto, (max-width: 500px) 100vw, 500px\" \/><\/a>\r\n\t<\/dt>\r\n\t<dd class='wp-caption-text gallery-caption'>\r\n\t<div class='gallery-caption-inner'> <div class='wp-caption-text gallery-title'>\r\n\tWaschsauger-Teppichreiniger-Hydro-7500-Testurteil-GUT-getestet-062018\r\n\t<\/div><div class='wp-caption-text gallery-zoom no-text'>\r\n\t\t<a href=https:\/\/werkzeuge-aller-art.com\/?attachment_id=13798 title='Click to view Full Image' class='icon mustang-gallery'><i class='fa fa-plus'><\/i><\/a>\r\n\t\t<\/div><div class='wp-caption-text gallery-redirect'>\r\n\t\t<a href=https:\/\/werkzeuge-aller-art.com\/?attachment_id=13798 title='Click to view read more' class='icon readmore'><i class='fa fa-link'><\/i><\/a>\r\n\t\t<\/div><\/div><\/dd><\/dl><dl class='gallery-item'>\r\n\t<dt class='gallery-icon landscape'>\r\n\t<a rel='gallery-nr'><img loading=\"lazy\" decoding=\"async\" width=\"500\" height=\"500\" src=\"https:\/\/images-na.ssl-images-amazon.com\/images\/I\/51tqaND-5VL.jpg\" class=\"attachment-full size-full\" alt=\"\" srcset=\"https:\/\/images-na.ssl-images-amazon.com\/images\/I\/51tqaND-5VL.jpg 500w, https:\/\/images-na.ssl-images-amazon.com\/images\/I\/51tqaND-5VL._SS150_.jpg 150w, https:\/\/images-na.ssl-images-amazon.com\/images\/I\/51tqaND-5VL._SS300_.jpg 300w, https:\/\/images-na.ssl-images-amazon.com\/images\/I\/51tqaND-5VL._SS768_.jpg 768w, https:\/\/images-na.ssl-images-amazon.com\/images\/I\/51tqaND-5VL._SS1024_.jpg 1024w, https:\/\/images-na.ssl-images-amazon.com\/images\/I\/51tqaND-5VL._SS1536_.jpg 1536w, https:\/\/images-na.ssl-images-amazon.com\/images\/I\/51tqaND-5VL._SS2048_.jpg 2048w, https:\/\/images-na.ssl-images-amazon.com\/images\/I\/51tqaND-5VL._SS145_.jpg 145w, https:\/\/images-na.ssl-images-amazon.com\/images\/I\/51tqaND-5VL._SS1400_.jpg 1400w, https:\/\/images-na.ssl-images-amazon.com\/images\/I\/51tqaND-5VL._SS50_.jpg 50w, https:\/\/images-na.ssl-images-amazon.com\/images\/I\/51tqaND-5VL._SS604_.jpg 604w, https:\/\/images-na.ssl-images-amazon.com\/images\/I\/51tqaND-5VL._SS262_.jpg 262w, https:\/\/images-na.ssl-images-amazon.com\/images\/I\/51tqaND-5VL._SS600_.jpg 600w, https:\/\/images-na.ssl-images-amazon.com\/images\/I\/51tqaND-5VL._SS100_.jpg 100w\" sizes=\"auto, (max-width: 500px) 100vw, 500px\" \/><\/a>\r\n\t<\/dt>\r\n\t<dd class='wp-caption-text gallery-caption'>\r\n\t<div class='gallery-caption-inner'> <div class='wp-caption-text gallery-title'>\r\n\tWaschsauger-Teppichreiniger-Hydro-7500-Testurteil-GUT-getestet-062018\r\n\t<\/div><div class='wp-caption-text gallery-zoom no-text'>\r\n\t\t<a href=https:\/\/werkzeuge-aller-art.com\/?attachment_id=13799 title='Click to view Full Image' class='icon mustang-gallery'><i class='fa fa-plus'><\/i><\/a>\r\n\t\t<\/div><div class='wp-caption-text gallery-redirect'>\r\n\t\t<a href=https:\/\/werkzeuge-aller-art.com\/?attachment_id=13799 title='Click to view read more' class='icon readmore'><i class='fa fa-link'><\/i><\/a>\r\n\t\t<\/div><\/div><\/dd><\/dl>\r\n<\/div>\n<br \/>\nEin Ger\u00e4t &#8211; vier Funktionen: 1.) Staubsauger 2.) Nass- &amp; Trockensauger 3.) Waschsauger &amp; Teppichreiniger: shampoonieren und absaugen in einem Arbeitsgang 4.) Blasfunktion<br \/>\nZur einer richtigen Teppichpflege geh\u00f6ren, neben h\u00e4ufigem Staubsaugen, regelm\u00e4\u00dfige Waschg\u00e4nge. Mit dem HYDRO 7500 k\u00f6nnen Sie die Waschg\u00e4nge k\u00fcnftig spielend leicht selbst erledigen und sich die teuren Spezialisten und Leihger\u00e4te sparen.<br \/>\nDoch der HYDRO 7500 reinigt nicht nur effizient Teppiche und Teppichb\u00f6den, sondern auch Polsterm\u00f6bel, Fliesen, Autositze, PVC, Marmor, Kunststoff und vieles mehr!<br \/>\nF\u00fcr die Trockensaugung kommt eine echte Innovation zum Einsatz: ein wiederverwendbarer Staubbeutel! Der Staubbeutel des HYDRO 7500 hat eine abnehmbare Verschlussklammer, die es erlaubt den Staubbeutel einfach zu leeren. Das schont die Umwelt und Ihren Geldbeutel!<br \/>\nLeistung: max. 1200 Watt; Saugleistung: 16 kpa; Kesselvolumen: 20 Liter; Reinigungsmitteltank: 4 Liter; Netzkabell\u00e4nge: 5 Meter; GS gepr\u00fcft, Abmessungen (HxBxT): 53 x 36 x 36cm, Gewicht: 5,7kg (netto)<br \/>\n<div class=\"main-cross-sell\" data-asin=\"B01BDF9ED4\">\n\n\t<div class=\"WooZone-cross-sell-loader\">\n\t\t<div>\n\t\t\t<div id=\"floatingBarsG\">\n\t\t\t\t<div class=\"blockG\" id=\"rotateG_01\"><\/div>\n\t\t\t\t<div class=\"blockG\" id=\"rotateG_02\"><\/div>\n\t\t\t\t<div class=\"blockG\" id=\"rotateG_03\"><\/div>\n\t\t\t\t<div class=\"blockG\" id=\"rotateG_04\"><\/div>\n\t\t\t\t<div class=\"blockG\" id=\"rotateG_05\"><\/div>\n\t\t\t\t<div class=\"blockG\" id=\"rotateG_06\"><\/div>\n\t\t\t\t<div class=\"blockG\" id=\"rotateG_07\"><\/div>\n\t\t\t\t<div class=\"blockG\" id=\"rotateG_08\"><\/div>\n\t\t\t<\/div>\n\t\t\t<div class=\"WooZone-cross-sell-loader-text\"><\/div>\n\t\t<\/div>\n\t<\/div>\n\n\t\t\n<\/div>\n<div style=\"clear:both;\"><\/div>\n","protected":false},"excerpt":{"rendered":"<p>Ein Ger\u00e4t &#8211; vier Funktionen: 1.) Staubsauger 2.) Nass- &amp; Trockensauger 3.) Waschsauger &amp; Teppichreiniger: shampoonieren und absaugen in einem Arbeitsgang 4.) Blasfunktion<br \/>\nZur einer richtigen Teppichpflege geh\u00f6ren, neben h\u00e4ufigem Staubsaugen, regelm\u00e4\u00dfige Waschg\u00e4nge. Mit dem HYDRO 7500 k\u00f6nnen Sie die Waschg\u00e4nge k\u00fcnftig spielend leicht selbst erledigen und sich die teuren Spezialisten und Leihger\u00e4te sparen.<br \/>\nDoch der HYDRO 7500 reinigt nicht nur effizient Teppiche und Teppichb\u00f6den, sondern auch Polsterm\u00f6bel, Fliesen, Autositze, PVC, Marmor, Kunststoff und vieles mehr!<\/p>\n","protected":false},"featured_media":13797,"comment_status":"open","ping_status":"closed","template":"","meta":[],"product_cat":[110,117],"product_tag":[],"class_list":{"0":"post-13796","1":"product","2":"type-product","3":"status-publish","4":"has-post-thumbnail","6":"product_cat-reinigen-und-sandstrahlen","7":"product_cat-staubsauger","8":"pa_brand-albatros","11":"first","12":"instock","13":"shipping-taxable","14":"product-type-external"},"_links":{"self":[{"href":"https:\/\/werkzeuge-aller-art.com\/index.php?rest_route=\/wp\/v2\/product\/13796","targetHints":{"allow":["GET"]}}],"collection":[{"href":"https:\/\/werkzeuge-aller-art.com\/index.php?rest_route=\/wp\/v2\/product"}],"about":[{"href":"https:\/\/werkzeuge-aller-art.com\/index.php?rest_route=\/wp\/v2\/types\/product"}],"replies":[{"embeddable":true,"href":"https:\/\/werkzeuge-aller-art.com\/index.php?rest_route=%2Fwp%2Fv2%2Fcomments&post=13796"}],"wp:featuredmedia":[{"embeddable":true,"href":"https:\/\/werkzeuge-aller-art.com\/index.php?rest_route=\/wp\/v2\/media\/13797"}],"wp:attachment":[{"href":"https:\/\/werkzeuge-aller-art.com\/index.php?rest_route=%2Fwp%2Fv2%2Fmedia&parent=13796"}],"wp:term":[{"taxonomy":"product_cat","embeddable":true,"href":"https:\/\/werkzeuge-aller-art.com\/index.php?rest_route=%2Fwp%2Fv2%2Fproduct_cat&post=13796"},{"taxonomy":"product_tag","embeddable":true,"href":"https:\/\/werkzeuge-aller-art.com\/index.php?rest_route=%2Fwp%2Fv2%2Fproduct_tag&post=13796"}],"curies":[{"name":"wp","href":"https:\/\/api.w.org\/{rel}","templated":true}]}}