{"id":13782,"date":"2020-03-07T22:15:30","date_gmt":"2020-03-07T21:15:30","guid":{"rendered":"https:\/\/werkzeuge-aller-art.com\/?product=thomas-pet-and-family-aqua-staub-und-waschsauger"},"modified":"2023-04-07T05:54:08","modified_gmt":"2023-04-07T03:54:08","slug":"thomas-pet-and-family-aqua-staub-und-waschsauger","status":"publish","type":"product","link":"https:\/\/werkzeuge-aller-art.com\/?product=thomas-pet-and-family-aqua-staub-und-waschsauger","title":{"rendered":"Thomas Pet and Family Aqua+ Staub- und Waschsauger"},"content":{"rendered":"<div id='gallery-1' class='gallery galleryid-13782 gallery-columns-3 gallery-size-full'><dl class='gallery-item'>\r\n\t<dt class='gallery-icon landscape'>\r\n\t<a rel='gallery-nr'><img loading=\"lazy\" decoding=\"async\" width=\"500\" height=\"500\" src=\"https:\/\/images-na.ssl-images-amazon.com\/images\/I\/41Vkz2YAjfL.jpg\" class=\"attachment-full size-full\" alt=\"\" srcset=\"https:\/\/images-na.ssl-images-amazon.com\/images\/I\/41Vkz2YAjfL.jpg 500w, https:\/\/images-na.ssl-images-amazon.com\/images\/I\/41Vkz2YAjfL._SS150_.jpg 150w, https:\/\/images-na.ssl-images-amazon.com\/images\/I\/41Vkz2YAjfL._SS300_.jpg 300w, https:\/\/images-na.ssl-images-amazon.com\/images\/I\/41Vkz2YAjfL._SS768_.jpg 768w, https:\/\/images-na.ssl-images-amazon.com\/images\/I\/41Vkz2YAjfL._SS1024_.jpg 1024w, https:\/\/images-na.ssl-images-amazon.com\/images\/I\/41Vkz2YAjfL._SS1536_.jpg 1536w, https:\/\/images-na.ssl-images-amazon.com\/images\/I\/41Vkz2YAjfL._SS2048_.jpg 2048w, https:\/\/images-na.ssl-images-amazon.com\/images\/I\/41Vkz2YAjfL._SS145_.jpg 145w, https:\/\/images-na.ssl-images-amazon.com\/images\/I\/41Vkz2YAjfL._SS1400_.jpg 1400w, https:\/\/images-na.ssl-images-amazon.com\/images\/I\/41Vkz2YAjfL._SS50_.jpg 50w, https:\/\/images-na.ssl-images-amazon.com\/images\/I\/41Vkz2YAjfL._SS604_.jpg 604w, https:\/\/images-na.ssl-images-amazon.com\/images\/I\/41Vkz2YAjfL._SS262_.jpg 262w, https:\/\/images-na.ssl-images-amazon.com\/images\/I\/41Vkz2YAjfL._SS600_.jpg 600w, https:\/\/images-na.ssl-images-amazon.com\/images\/I\/41Vkz2YAjfL._SS100_.jpg 100w\" sizes=\"auto, (max-width: 500px) 100vw, 500px\" \/><\/a>\r\n\t<\/dt>\r\n\t<dd class='wp-caption-text gallery-caption'>\r\n\t<div class='gallery-caption-inner'> <div class='wp-caption-text gallery-title'>\r\n\tThomas-Pet-and-Family-Aqua-Staub-und-Waschsauger\r\n\t<\/div><div class='wp-caption-text gallery-zoom no-text'>\r\n\t\t<a href=https:\/\/werkzeuge-aller-art.com\/?attachment_id=13783 title='Click to view Full Image' class='icon mustang-gallery'><i class='fa fa-plus'><\/i><\/a>\r\n\t\t<\/div><div class='wp-caption-text gallery-redirect'>\r\n\t\t<a href=https:\/\/werkzeuge-aller-art.com\/?attachment_id=13783 title='Click to view read more' class='icon readmore'><i class='fa fa-link'><\/i><\/a>\r\n\t\t<\/div><\/div><\/dd><\/dl><dl class='gallery-item'>\r\n\t<dt class='gallery-icon landscape'>\r\n\t<a rel='gallery-nr'><img loading=\"lazy\" decoding=\"async\" width=\"500\" height=\"500\" src=\"https:\/\/images-na.ssl-images-amazon.com\/images\/I\/51u2oxXM9cL.jpg\" class=\"attachment-full size-full\" alt=\"\" srcset=\"https:\/\/images-na.ssl-images-amazon.com\/images\/I\/51u2oxXM9cL.jpg 500w, https:\/\/images-na.ssl-images-amazon.com\/images\/I\/51u2oxXM9cL._SS150_.jpg 150w, https:\/\/images-na.ssl-images-amazon.com\/images\/I\/51u2oxXM9cL._SS300_.jpg 300w, https:\/\/images-na.ssl-images-amazon.com\/images\/I\/51u2oxXM9cL._SS768_.jpg 768w, https:\/\/images-na.ssl-images-amazon.com\/images\/I\/51u2oxXM9cL._SS1024_.jpg 1024w, https:\/\/images-na.ssl-images-amazon.com\/images\/I\/51u2oxXM9cL._SS1536_.jpg 1536w, https:\/\/images-na.ssl-images-amazon.com\/images\/I\/51u2oxXM9cL._SS2048_.jpg 2048w, https:\/\/images-na.ssl-images-amazon.com\/images\/I\/51u2oxXM9cL._SS145_.jpg 145w, https:\/\/images-na.ssl-images-amazon.com\/images\/I\/51u2oxXM9cL._SS1400_.jpg 1400w, https:\/\/images-na.ssl-images-amazon.com\/images\/I\/51u2oxXM9cL._SS50_.jpg 50w, https:\/\/images-na.ssl-images-amazon.com\/images\/I\/51u2oxXM9cL._SS604_.jpg 604w, https:\/\/images-na.ssl-images-amazon.com\/images\/I\/51u2oxXM9cL._SS262_.jpg 262w, https:\/\/images-na.ssl-images-amazon.com\/images\/I\/51u2oxXM9cL._SS600_.jpg 600w, https:\/\/images-na.ssl-images-amazon.com\/images\/I\/51u2oxXM9cL._SS100_.jpg 100w\" sizes=\"auto, (max-width: 500px) 100vw, 500px\" \/><\/a>\r\n\t<\/dt>\r\n\t<dd class='wp-caption-text gallery-caption'>\r\n\t<div class='gallery-caption-inner'> <div class='wp-caption-text gallery-title'>\r\n\tThomas-Pet-and-Family-Aqua-Staub-und-Waschsauger\r\n\t<\/div><div class='wp-caption-text gallery-zoom no-text'>\r\n\t\t<a href=https:\/\/werkzeuge-aller-art.com\/?attachment_id=13784 title='Click to view Full Image' class='icon mustang-gallery'><i class='fa fa-plus'><\/i><\/a>\r\n\t\t<\/div><div class='wp-caption-text gallery-redirect'>\r\n\t\t<a href=https:\/\/werkzeuge-aller-art.com\/?attachment_id=13784 title='Click to view read more' class='icon readmore'><i class='fa fa-link'><\/i><\/a>\r\n\t\t<\/div><\/div><\/dd><\/dl><dl class='gallery-item'>\r\n\t<dt class='gallery-icon landscape'>\r\n\t<a rel='gallery-nr'><img loading=\"lazy\" decoding=\"async\" width=\"500\" height=\"500\" src=\"https:\/\/images-na.ssl-images-amazon.com\/images\/I\/41oulFhGxvL.jpg\" class=\"attachment-full size-full\" alt=\"\" srcset=\"https:\/\/images-na.ssl-images-amazon.com\/images\/I\/41oulFhGxvL.jpg 500w, https:\/\/images-na.ssl-images-amazon.com\/images\/I\/41oulFhGxvL._SS150_.jpg 150w, https:\/\/images-na.ssl-images-amazon.com\/images\/I\/41oulFhGxvL._SS300_.jpg 300w, https:\/\/images-na.ssl-images-amazon.com\/images\/I\/41oulFhGxvL._SS768_.jpg 768w, https:\/\/images-na.ssl-images-amazon.com\/images\/I\/41oulFhGxvL._SS1024_.jpg 1024w, https:\/\/images-na.ssl-images-amazon.com\/images\/I\/41oulFhGxvL._SS1536_.jpg 1536w, https:\/\/images-na.ssl-images-amazon.com\/images\/I\/41oulFhGxvL._SS2048_.jpg 2048w, https:\/\/images-na.ssl-images-amazon.com\/images\/I\/41oulFhGxvL._SS145_.jpg 145w, https:\/\/images-na.ssl-images-amazon.com\/images\/I\/41oulFhGxvL._SS1400_.jpg 1400w, https:\/\/images-na.ssl-images-amazon.com\/images\/I\/41oulFhGxvL._SS50_.jpg 50w, https:\/\/images-na.ssl-images-amazon.com\/images\/I\/41oulFhGxvL._SS604_.jpg 604w, https:\/\/images-na.ssl-images-amazon.com\/images\/I\/41oulFhGxvL._SS262_.jpg 262w, https:\/\/images-na.ssl-images-amazon.com\/images\/I\/41oulFhGxvL._SS600_.jpg 600w, https:\/\/images-na.ssl-images-amazon.com\/images\/I\/41oulFhGxvL._SS100_.jpg 100w\" sizes=\"auto, (max-width: 500px) 100vw, 500px\" \/><\/a>\r\n\t<\/dt>\r\n\t<dd class='wp-caption-text gallery-caption'>\r\n\t<div class='gallery-caption-inner'> <div class='wp-caption-text gallery-title'>\r\n\tThomas-Pet-and-Family-Aqua-Staub-und-Waschsauger\r\n\t<\/div><div class='wp-caption-text gallery-zoom no-text'>\r\n\t\t<a href=https:\/\/werkzeuge-aller-art.com\/?attachment_id=13785 title='Click to view Full Image' class='icon mustang-gallery'><i class='fa fa-plus'><\/i><\/a>\r\n\t\t<\/div><div class='wp-caption-text gallery-redirect'>\r\n\t\t<a href=https:\/\/werkzeuge-aller-art.com\/?attachment_id=13785 title='Click to view read more' class='icon readmore'><i class='fa fa-link'><\/i><\/a>\r\n\t\t<\/div><\/div><\/dd><\/dl>\r\n<\/div>\n<br \/>\n<!-- show up to 2 reviews by default --> <\/p>\n<p>Der Thomas Tierliebhaberstaubsauger Pet &amp; Family ist der optimale Staubsauger und Waschsauger f\u00fcr Haushalte mit Haustieren. Der leistungsstarke Staubsauger entfernt Tierhaare und Ger\u00fcche in einem Arbeitsgang. Zudem kann er dank seinem Spezial-Spr\u00fchdruck-System auch m\u00fchelos Fleckenentfernen die Ihr Hund oder Ihre Katze hinterlassen haben. Und das alles beutellos. Hergestellt in Deutschland. <\/p>\n<p>Perfekt gegen Tierhaare, Flecken und Ger\u00fcche<br \/>\nSaugen ohne Staubbeutel mit Wasserfilterung; Tierhaare, Staub und Ger\u00fcche werden zuverl\u00e4ssig im Wasser gebunden und mit dem Schmutzwasser entsorgt<br \/>\nSpezial-Spr\u00fchdruck-System zur Fleckenentfernung<br \/>\nMit Tierhaarspeziald\u00fcsen<br \/>\nUmfangreiches Zubeh\u00f6r zur Nass- und Trockenreinigung<br \/>\nSaugstarker Tierliebhaberstaubsauger<br \/>\n<div class=\"main-cross-sell\" data-asin=\"B009RHCF5A\">\n\n\t<div class=\"WooZone-cross-sell-loader\">\n\t\t<div>\n\t\t\t<div id=\"floatingBarsG\">\n\t\t\t\t<div class=\"blockG\" id=\"rotateG_01\"><\/div>\n\t\t\t\t<div class=\"blockG\" id=\"rotateG_02\"><\/div>\n\t\t\t\t<div class=\"blockG\" id=\"rotateG_03\"><\/div>\n\t\t\t\t<div class=\"blockG\" id=\"rotateG_04\"><\/div>\n\t\t\t\t<div class=\"blockG\" id=\"rotateG_05\"><\/div>\n\t\t\t\t<div class=\"blockG\" id=\"rotateG_06\"><\/div>\n\t\t\t\t<div class=\"blockG\" id=\"rotateG_07\"><\/div>\n\t\t\t\t<div class=\"blockG\" id=\"rotateG_08\"><\/div>\n\t\t\t<\/div>\n\t\t\t<div class=\"WooZone-cross-sell-loader-text\"><\/div>\n\t\t<\/div>\n\t<\/div>\n\n\t\t\n<\/div>\n<div style=\"clear:both;\"><\/div>\n","protected":false},"excerpt":{"rendered":"<p>Perfekt gegen Tierhaare, Flecken und Ger\u00fcche<br \/>\nSaugen ohne Staubbeutel mit Wasserfilterung; Tierhaare, Staub und Ger\u00fcche werden zuverl\u00e4ssig im Wasser gebunden und mit dem Schmutzwasser entsorgt<br \/>\nSpezial-Spr\u00fchdruck-System zur Fleckenentfernung<\/p>\n","protected":false},"featured_media":13783,"comment_status":"open","ping_status":"closed","template":"","meta":[],"product_cat":[110,117],"product_tag":[],"class_list":{"0":"post-13782","1":"product","2":"type-product","3":"status-publish","4":"has-post-thumbnail","6":"product_cat-reinigen-und-sandstrahlen","7":"product_cat-staubsauger","8":"pa_brand-thomas","11":"first","12":"instock","13":"shipping-taxable","14":"product-type-external"},"_links":{"self":[{"href":"https:\/\/werkzeuge-aller-art.com\/index.php?rest_route=\/wp\/v2\/product\/13782","targetHints":{"allow":["GET"]}}],"collection":[{"href":"https:\/\/werkzeuge-aller-art.com\/index.php?rest_route=\/wp\/v2\/product"}],"about":[{"href":"https:\/\/werkzeuge-aller-art.com\/index.php?rest_route=\/wp\/v2\/types\/product"}],"replies":[{"embeddable":true,"href":"https:\/\/werkzeuge-aller-art.com\/index.php?rest_route=%2Fwp%2Fv2%2Fcomments&post=13782"}],"wp:featuredmedia":[{"embeddable":true,"href":"https:\/\/werkzeuge-aller-art.com\/index.php?rest_route=\/wp\/v2\/media\/13783"}],"wp:attachment":[{"href":"https:\/\/werkzeuge-aller-art.com\/index.php?rest_route=%2Fwp%2Fv2%2Fmedia&parent=13782"}],"wp:term":[{"taxonomy":"product_cat","embeddable":true,"href":"https:\/\/werkzeuge-aller-art.com\/index.php?rest_route=%2Fwp%2Fv2%2Fproduct_cat&post=13782"},{"taxonomy":"product_tag","embeddable":true,"href":"https:\/\/werkzeuge-aller-art.com\/index.php?rest_route=%2Fwp%2Fv2%2Fproduct_tag&post=13782"}],"curies":[{"name":"wp","href":"https:\/\/api.w.org\/{rel}","templated":true}]}}