{"id":13692,"date":"2020-03-07T22:07:31","date_gmt":"2020-03-07T21:07:31","guid":{"rendered":"https:\/\/werkzeuge-aller-art.com\/?product=masko-industriestaubsauger-gelb-1800watt-%e2%9c%93-mit-steckdose-%e2%9c%93-blasfunktion-%e2%9c%93-mehrzwecksauger-trocken-saugen-nass-saugen-industrie-sauger-mit-ohne-beutel"},"modified":"2023-04-07T05:54:07","modified_gmt":"2023-04-07T03:54:07","slug":"masko-industriestaubsauger-gelb-1800watt-%e2%9c%93-mit-steckdose-%e2%9c%93-blasfunktion-%e2%9c%93-mehrzwecksauger-trocken-saugen-nass-saugen-industrie-sauger-mit-ohne-beutel","status":"publish","type":"product","link":"https:\/\/werkzeuge-aller-art.com\/?product=masko-industriestaubsauger-gelb-1800watt-%e2%9c%93-mit-steckdose-%e2%9c%93-blasfunktion-%e2%9c%93-mehrzwecksauger-trocken-saugen-nass-saugen-industrie-sauger-mit-ohne-beutel","title":{"rendered":"Masko\u00ae Industriestaubsauger 1800Watt Mit Steckdose Blasfunktion | Mehrzwecksauger Trocken-Saugen &amp; Nass-Saugen\u2026"},"content":{"rendered":"\n\t\t<div id='gallery-1' class='gallery galleryid-13692 gallery-columns-3 gallery-size-full'><dl class='gallery-item'>\r\n\t<dt class='gallery-icon landscape'>\r\n\t<a rel='gallery-nr'><img loading=\"lazy\" decoding=\"async\" width=\"500\" height=\"500\" src=\"https:\/\/images-na.ssl-images-amazon.com\/images\/I\/41Jy8meVdJL.jpg\" class=\"attachment-full size-full\" alt=\"\" srcset=\"https:\/\/images-na.ssl-images-amazon.com\/images\/I\/41Jy8meVdJL.jpg 500w, https:\/\/images-na.ssl-images-amazon.com\/images\/I\/41Jy8meVdJL._SS150_.jpg 150w, https:\/\/images-na.ssl-images-amazon.com\/images\/I\/41Jy8meVdJL._SS300_.jpg 300w, https:\/\/images-na.ssl-images-amazon.com\/images\/I\/41Jy8meVdJL._SS768_.jpg 768w, https:\/\/images-na.ssl-images-amazon.com\/images\/I\/41Jy8meVdJL._SS1024_.jpg 1024w, https:\/\/images-na.ssl-images-amazon.com\/images\/I\/41Jy8meVdJL._SS1536_.jpg 1536w, https:\/\/images-na.ssl-images-amazon.com\/images\/I\/41Jy8meVdJL._SS2048_.jpg 2048w, https:\/\/images-na.ssl-images-amazon.com\/images\/I\/41Jy8meVdJL._SS145_.jpg 145w, https:\/\/images-na.ssl-images-amazon.com\/images\/I\/41Jy8meVdJL._SS1400_.jpg 1400w, https:\/\/images-na.ssl-images-amazon.com\/images\/I\/41Jy8meVdJL._SS50_.jpg 50w, https:\/\/images-na.ssl-images-amazon.com\/images\/I\/41Jy8meVdJL._SS604_.jpg 604w, https:\/\/images-na.ssl-images-amazon.com\/images\/I\/41Jy8meVdJL._SS262_.jpg 262w, https:\/\/images-na.ssl-images-amazon.com\/images\/I\/41Jy8meVdJL._SS600_.jpg 600w, https:\/\/images-na.ssl-images-amazon.com\/images\/I\/41Jy8meVdJL._SS100_.jpg 100w\" sizes=\"auto, (max-width: 500px) 100vw, 500px\" \/><\/a>\r\n\t<\/dt>\r\n\t<dd class='wp-caption-text gallery-caption'>\r\n\t<div class='gallery-caption-inner'> <div class='wp-caption-text gallery-title'>\r\n\tMasko-Industriestaubsauger&#8211;Gelb-1800Watt&#8211;Mit-Steckdose&#8211;Blasfunktion&#8211;Mehrzwecksauger-Trocken-Saugen-Nass-Saugen-Industrie-Sauger-mit-ohne-Beutel-Wasser-Staubsauger-beutellos\r\n\t<\/div><div class='wp-caption-text gallery-zoom no-text'>\r\n\t\t<a href=https:\/\/werkzeuge-aller-art.com\/?attachment_id=13693 title='Click to view Full Image' class='icon mustang-gallery'><i class='fa fa-plus'><\/i><\/a>\r\n\t\t<\/div><div class='wp-caption-text gallery-redirect'>\r\n\t\t<a href=https:\/\/werkzeuge-aller-art.com\/?attachment_id=13693 title='Click to view read more' class='icon readmore'><i class='fa fa-link'><\/i><\/a>\r\n\t\t<\/div><\/div><\/dd><\/dl><dl class='gallery-item'>\r\n\t<dt class='gallery-icon landscape'>\r\n\t<a rel='gallery-nr'><img loading=\"lazy\" decoding=\"async\" width=\"500\" height=\"500\" src=\"https:\/\/images-na.ssl-images-amazon.com\/images\/I\/51dS3OTX27L.jpg\" class=\"attachment-full size-full\" alt=\"\" srcset=\"https:\/\/images-na.ssl-images-amazon.com\/images\/I\/51dS3OTX27L.jpg 500w, https:\/\/images-na.ssl-images-amazon.com\/images\/I\/51dS3OTX27L._SS150_.jpg 150w, https:\/\/images-na.ssl-images-amazon.com\/images\/I\/51dS3OTX27L._SS300_.jpg 300w, https:\/\/images-na.ssl-images-amazon.com\/images\/I\/51dS3OTX27L._SS768_.jpg 768w, https:\/\/images-na.ssl-images-amazon.com\/images\/I\/51dS3OTX27L._SS1024_.jpg 1024w, https:\/\/images-na.ssl-images-amazon.com\/images\/I\/51dS3OTX27L._SS1536_.jpg 1536w, https:\/\/images-na.ssl-images-amazon.com\/images\/I\/51dS3OTX27L._SS2048_.jpg 2048w, https:\/\/images-na.ssl-images-amazon.com\/images\/I\/51dS3OTX27L._SS145_.jpg 145w, https:\/\/images-na.ssl-images-amazon.com\/images\/I\/51dS3OTX27L._SS1400_.jpg 1400w, https:\/\/images-na.ssl-images-amazon.com\/images\/I\/51dS3OTX27L._SS50_.jpg 50w, https:\/\/images-na.ssl-images-amazon.com\/images\/I\/51dS3OTX27L._SS604_.jpg 604w, https:\/\/images-na.ssl-images-amazon.com\/images\/I\/51dS3OTX27L._SS262_.jpg 262w, https:\/\/images-na.ssl-images-amazon.com\/images\/I\/51dS3OTX27L._SS600_.jpg 600w, https:\/\/images-na.ssl-images-amazon.com\/images\/I\/51dS3OTX27L._SS100_.jpg 100w\" sizes=\"auto, (max-width: 500px) 100vw, 500px\" \/><\/a>\r\n\t<\/dt>\r\n\t<dd class='wp-caption-text gallery-caption'>\r\n\t<div class='gallery-caption-inner'> <div class='wp-caption-text gallery-title'>\r\n\tMasko-Industriestaubsauger&#8211;Gelb-1800Watt&#8211;Mit-Steckdose&#8211;Blasfunktion&#8211;Mehrzwecksauger-Trocken-Saugen-Nass-Saugen-Industrie-Sauger-mit-ohne-Beutel-Wasser-Staubsauger-beutellos\r\n\t<\/div><div class='wp-caption-text gallery-zoom no-text'>\r\n\t\t<a href=https:\/\/werkzeuge-aller-art.com\/?attachment_id=13694 title='Click to view Full Image' class='icon mustang-gallery'><i class='fa fa-plus'><\/i><\/a>\r\n\t\t<\/div><div class='wp-caption-text gallery-redirect'>\r\n\t\t<a href=https:\/\/werkzeuge-aller-art.com\/?attachment_id=13694 title='Click to view read more' class='icon readmore'><i class='fa fa-link'><\/i><\/a>\r\n\t\t<\/div><\/div><\/dd><\/dl><dl class='gallery-item'>\r\n\t<dt class='gallery-icon landscape'>\r\n\t<a rel='gallery-nr'><img loading=\"lazy\" decoding=\"async\" width=\"500\" height=\"500\" src=\"https:\/\/images-na.ssl-images-amazon.com\/images\/I\/41BTdvRQRML.jpg\" class=\"attachment-full size-full\" alt=\"\" srcset=\"https:\/\/images-na.ssl-images-amazon.com\/images\/I\/41BTdvRQRML.jpg 500w, https:\/\/images-na.ssl-images-amazon.com\/images\/I\/41BTdvRQRML._SS150_.jpg 150w, https:\/\/images-na.ssl-images-amazon.com\/images\/I\/41BTdvRQRML._SS300_.jpg 300w, https:\/\/images-na.ssl-images-amazon.com\/images\/I\/41BTdvRQRML._SS768_.jpg 768w, https:\/\/images-na.ssl-images-amazon.com\/images\/I\/41BTdvRQRML._SS1024_.jpg 1024w, https:\/\/images-na.ssl-images-amazon.com\/images\/I\/41BTdvRQRML._SS1536_.jpg 1536w, https:\/\/images-na.ssl-images-amazon.com\/images\/I\/41BTdvRQRML._SS2048_.jpg 2048w, https:\/\/images-na.ssl-images-amazon.com\/images\/I\/41BTdvRQRML._SS145_.jpg 145w, https:\/\/images-na.ssl-images-amazon.com\/images\/I\/41BTdvRQRML._SS1400_.jpg 1400w, https:\/\/images-na.ssl-images-amazon.com\/images\/I\/41BTdvRQRML._SS50_.jpg 50w, https:\/\/images-na.ssl-images-amazon.com\/images\/I\/41BTdvRQRML._SS604_.jpg 604w, https:\/\/images-na.ssl-images-amazon.com\/images\/I\/41BTdvRQRML._SS262_.jpg 262w, https:\/\/images-na.ssl-images-amazon.com\/images\/I\/41BTdvRQRML._SS600_.jpg 600w, https:\/\/images-na.ssl-images-amazon.com\/images\/I\/41BTdvRQRML._SS100_.jpg 100w\" sizes=\"auto, (max-width: 500px) 100vw, 500px\" \/><\/a>\r\n\t<\/dt>\r\n\t<dd class='wp-caption-text gallery-caption'>\r\n\t<div class='gallery-caption-inner'> <div class='wp-caption-text gallery-title'>\r\n\tMasko-Industriestaubsauger&#8211;Gelb-1800Watt&#8211;Mit-Steckdose&#8211;Blasfunktion&#8211;Mehrzwecksauger-Trocken-Saugen-Nass-Saugen-Industrie-Sauger-mit-ohne-Beutel-Wasser-Staubsauger-beutellos\r\n\t<\/div><div class='wp-caption-text gallery-zoom no-text'>\r\n\t\t<a href=https:\/\/werkzeuge-aller-art.com\/?attachment_id=13695 title='Click to view Full Image' class='icon mustang-gallery'><i class='fa fa-plus'><\/i><\/a>\r\n\t\t<\/div><div class='wp-caption-text gallery-redirect'>\r\n\t\t<a href=https:\/\/werkzeuge-aller-art.com\/?attachment_id=13695 title='Click to view read more' class='icon readmore'><i class='fa fa-link'><\/i><\/a>\r\n\t\t<\/div><\/div><\/dd><\/dl>\r\n<\/div>\n\n<div class=\"disclaim\"> Farbe:<strong>Gelb<\/strong> <\/div>\n<p> <!-- show up to 2 reviews by default --> <\/p>\n<p><strong>Masko\u00ae Industriestaubsauger , 1800Watt<\/strong><\/p>\n<p>Mit dem <strong>Masko\u00ae Industriestaubsauger<\/strong> entscheiden Sie sich f\u00fcr ein au\u00dfergew\u00f6hnlich flexibles Ger\u00e4t mit<strong> extremer Saugkraft<\/strong>, der als <strong>Trockensauger und als Wassersauger<\/strong> eingesetzt werden kann. Der hohe Bewegungsradius von insgesamt <strong>8 Metern<\/strong> und die praktische <strong>Steckdose am Geh\u00e4use<\/strong>, machen den Sauger zum idealen Industriesauger f\u00fcr Baustellen und gewerblich genutzte R\u00e4ume. Ein weiteres Highlight ist die <strong>Blasfunktion<\/strong>, die durch einfaches Umstecken des Schlauchs aktiviert wird, sowie der <strong>Autostopp<\/strong> beim Erreichen des max. Fassungsverm\u00f6gens.<\/p>\n<p><strong>PRODUKT-HIGHLIGHTS:<\/strong><\/p>\n<ul>\n<li>Verwendbar als Trockensauger mit Beutel und Filter sowie als beutelloser Wassersauger<\/li>\n<li>8m Bewegungsradius durch 3m Schlauchl\u00e4nge, 4m Kabell\u00e4nge und 1m Teleskop-Saugrohrl\u00e4nge<\/li>\n<li>30 Liter Beh\u00e4lter mit praktischem Wasserablass<\/li>\n<li>Blasfunktion durch Umstecken des Schlauchs auf den Luftauslass<\/li>\n<li>Wassergesch\u00fctzter Ein- und Ausschalter<\/li>\n<li>Autostopp bei vollem Tank<\/li>\n<li>Schnellverschl\u00fcsse zum Arretieren der Abdeckung<\/li>\n<li>Zus\u00e4tzliche Steckdose auf der Abdeckung<\/li>\n<\/ul>\n<p><strong>PRODUKT-DETAILS:<\/strong><\/p>\n<ul>\n<li>Material = Polypropylen, verchromter Stahl<\/li>\n<li>Ma\u00dfe = H\u00f6he 65 cm, Breite 38 cm, \u00d8 Beh\u00e4lter: 32 cm<\/li>\n<li>Schutzklasse IP X4<\/li>\n<li>Leichtlaufrollen = \u00d8 12cm<\/li>\n<li>1800 Watt Maximalleistung (230V-240V\/50Hz) und \u00d8 1600W<\/li>\n<li>Saugkraft = &gt; 18 kPa, Wassers\u00e4ule = &gt; 1800mm<\/li>\n<li>Saugvolumen = 58 l\/s (mehr als \u00fcblich)<\/li>\n<\/ul>\n<p><strong>Nutzen Sie jetzt die Flexibilit\u00e4t und Power des<\/strong> <strong>Masko\u00ae Industriestaubsaugers f\u00fcr Ihr Gewerbe!<\/strong><\/p>\n<\/p>\n<p>STARKE SAUGLEISTUNG: 1800 Watt Maximalleistung (230V-240V\/50Hz) und \u00d8 1600W | Saugkraft = &gt; 18 kPa, Wassers\u00e4ule = &gt; 1800mm | Saugvolumen = 58 l\/s (mehr als \u00fcblich)<br \/>\nGRO\u00dfE BEWEGUNGSFREIHEIT: 8m Bewegungsradius durch 3m Schlauchl\u00e4nge, 4m Kabell\u00e4nge und 1m Teleskop-Saugrohrl\u00e4nge | Zus\u00e4tzliche Steckdose auf der Abdeckung | Bodend\u00fcse f\u00fcr glatte B\u00f6den &#8211; Fliesen, Holz, Beton, Teppich<br \/>\nEXTREM VIELSEITIG: Verwendbar als Trockensauger mit Beutel und Filter sowie als beutelloser Wassersauger mit praktischem Wasserablass und 30 Liter Beh\u00e4lter | 3 Wechselfilter = Kartuschenfilter, Feinstaubfilter, Nassfilter<br \/>\nSUPER PRAKTISCH: Blasfunktion Laubbl\u00e4ser durch Umstecken des Schlauchs auf den Luftauslass | Wassergesch\u00fctzter Ein- und Ausschalter | Autostopp bei vollem Tank | Schnellverschl\u00fcsse zum Arretieren der Abdeckung | Gro\u00dfer Griff zum Tragen<br \/>\nPRODUKT-DETAILS: Material = Polypropylen, verchromter Stahl | Ma\u00dfe = H\u00f6he 65 cm, Breite 38 cm, \u00d8 Beh\u00e4lter: 32 cm | Schutzklasse IP X4 | Leichtlaufrollen = \u00d8 12cm | Lieferumfang: &#8211; 1x Sauger mit Sockel &#8211; 1x Saugschlauch &#8211; 1x Teleskoprohr &#8211; 1x Bodend\u00fcse &#8211; 1x Polster\/ &#8211; Fugend\u00fcse &#8211; 1x Kartuschenfilter &#8211; 1x Nassfilter &#8211; 1x Feinstaubfilter\/Filtersack &#8211; 1x Bedienungsanleitung<br \/>\n<div class=\"main-cross-sell\" data-asin=\"B07F8SGRT6\">\n\n\t<div class=\"WooZone-cross-sell-loader\">\n\t\t<div>\n\t\t\t<div id=\"floatingBarsG\">\n\t\t\t\t<div class=\"blockG\" id=\"rotateG_01\"><\/div>\n\t\t\t\t<div class=\"blockG\" id=\"rotateG_02\"><\/div>\n\t\t\t\t<div class=\"blockG\" id=\"rotateG_03\"><\/div>\n\t\t\t\t<div class=\"blockG\" id=\"rotateG_04\"><\/div>\n\t\t\t\t<div class=\"blockG\" id=\"rotateG_05\"><\/div>\n\t\t\t\t<div class=\"blockG\" id=\"rotateG_06\"><\/div>\n\t\t\t\t<div class=\"blockG\" id=\"rotateG_07\"><\/div>\n\t\t\t\t<div class=\"blockG\" id=\"rotateG_08\"><\/div>\n\t\t\t<\/div>\n\t\t\t<div class=\"WooZone-cross-sell-loader-text\"><\/div>\n\t\t<\/div>\n\t<\/div>\n\n\t\t\n<\/div>\n<div style=\"clear:both;\"><\/div>\n","protected":false},"excerpt":{"rendered":"<p>STARKE SAUGLEISTUNG: 1800 Watt Maximalleistung (230V-240V\/50Hz) und \u00d8 1600W | Saugkraft = &gt; 18 kPa, Wassers\u00e4ule = &gt; 1800mm | Saugvolumen = 58 l\/s (mehr als \u00fcblich)<br \/>\nGRO\u00dfE BEWEGUNGSFREIHEIT: 8m Bewegungsradius durch 3m Schlauchl\u00e4nge, 4m Kabell\u00e4nge und 1m Teleskop-Saugrohrl\u00e4nge | Zus\u00e4tzliche Steckdose auf der Abdeckung | Bodend\u00fcse f\u00fcr glatte B\u00f6den &#8211; Fliesen, Holz, Beton, Teppich<br \/>\nEXTREM VIELSEITIG: Verwendbar als Trockensauger mit Beutel und Filter sowie als beutelloser Wassersauger mit praktischem Wasserablass und 30 Liter Beh\u00e4lter | 3 Wechselfilter = Kartuschenfilter, Feinstaubfilter, Nassfilter<\/p>\n","protected":false},"featured_media":13693,"comment_status":"open","ping_status":"closed","template":"","meta":[],"product_cat":[110,117],"product_tag":[],"class_list":{"0":"post-13692","1":"product","2":"type-product","3":"status-publish","4":"has-post-thumbnail","6":"product_cat-reinigen-und-sandstrahlen","7":"product_cat-staubsauger","8":"pa_brand-masko","11":"first","12":"instock","13":"shipping-taxable","14":"product-type-external"},"_links":{"self":[{"href":"https:\/\/werkzeuge-aller-art.com\/index.php?rest_route=\/wp\/v2\/product\/13692","targetHints":{"allow":["GET"]}}],"collection":[{"href":"https:\/\/werkzeuge-aller-art.com\/index.php?rest_route=\/wp\/v2\/product"}],"about":[{"href":"https:\/\/werkzeuge-aller-art.com\/index.php?rest_route=\/wp\/v2\/types\/product"}],"replies":[{"embeddable":true,"href":"https:\/\/werkzeuge-aller-art.com\/index.php?rest_route=%2Fwp%2Fv2%2Fcomments&post=13692"}],"wp:featuredmedia":[{"embeddable":true,"href":"https:\/\/werkzeuge-aller-art.com\/index.php?rest_route=\/wp\/v2\/media\/13693"}],"wp:attachment":[{"href":"https:\/\/werkzeuge-aller-art.com\/index.php?rest_route=%2Fwp%2Fv2%2Fmedia&parent=13692"}],"wp:term":[{"taxonomy":"product_cat","embeddable":true,"href":"https:\/\/werkzeuge-aller-art.com\/index.php?rest_route=%2Fwp%2Fv2%2Fproduct_cat&post=13692"},{"taxonomy":"product_tag","embeddable":true,"href":"https:\/\/werkzeuge-aller-art.com\/index.php?rest_route=%2Fwp%2Fv2%2Fproduct_tag&post=13692"}],"curies":[{"name":"wp","href":"https:\/\/api.w.org\/{rel}","templated":true}]}}