{"id":13688,"date":"2020-03-07T22:07:30","date_gmt":"2020-03-07T21:07:30","guid":{"rendered":"https:\/\/werkzeuge-aller-art.com\/?product=einhell-nass-trockensauger-tc-vc-1812-s-1250-w-180-mbar-12-l-edelstahlbehaelter-umfangreiches-zubehoer-einhell-schmutzfangsack-12-liter-fuer-nass-trockensauger-5er-set"},"modified":"2023-04-07T05:54:07","modified_gmt":"2023-04-07T03:54:07","slug":"einhell-nass-trockensauger-tc-vc-1812-s-1250-w-180-mbar-12-l-edelstahlbehaelter-umfangreiches-zubehoer-einhell-schmutzfangsack-12-liter-fuer-nass-trockensauger-5er-set","status":"publish","type":"product","link":"https:\/\/werkzeuge-aller-art.com\/?product=einhell-nass-trockensauger-tc-vc-1812-s-1250-w-180-mbar-12-l-edelstahlbehaelter-umfangreiches-zubehoer-einhell-schmutzfangsack-12-liter-fuer-nass-trockensauger-5er-set","title":{"rendered":"Einhell TC-VC 1812 S Nass-Trockensauger (1.250 W Leistung, 36mm Schlauchsystem, 12 l Edelstahlbeh\u00e4lter\u2026"},"content":{"rendered":"\n\t\t<div id='gallery-1' class='gallery galleryid-13688 gallery-columns-3 gallery-size-full'><dl class='gallery-item'>\r\n\t<dt class='gallery-icon landscape'>\r\n\t<a rel='gallery-nr'><img loading=\"lazy\" decoding=\"async\" width=\"500\" height=\"500\" src=\"https:\/\/images-na.ssl-images-amazon.com\/images\/I\/41vesjQlsML.jpg\" class=\"attachment-full size-full\" alt=\"\" srcset=\"https:\/\/images-na.ssl-images-amazon.com\/images\/I\/41vesjQlsML.jpg 500w, https:\/\/images-na.ssl-images-amazon.com\/images\/I\/41vesjQlsML._SS150_.jpg 150w, https:\/\/images-na.ssl-images-amazon.com\/images\/I\/41vesjQlsML._SS300_.jpg 300w, https:\/\/images-na.ssl-images-amazon.com\/images\/I\/41vesjQlsML._SS768_.jpg 768w, https:\/\/images-na.ssl-images-amazon.com\/images\/I\/41vesjQlsML._SS1024_.jpg 1024w, https:\/\/images-na.ssl-images-amazon.com\/images\/I\/41vesjQlsML._SS1536_.jpg 1536w, https:\/\/images-na.ssl-images-amazon.com\/images\/I\/41vesjQlsML._SS2048_.jpg 2048w, https:\/\/images-na.ssl-images-amazon.com\/images\/I\/41vesjQlsML._SS145_.jpg 145w, https:\/\/images-na.ssl-images-amazon.com\/images\/I\/41vesjQlsML._SS1400_.jpg 1400w, https:\/\/images-na.ssl-images-amazon.com\/images\/I\/41vesjQlsML._SS50_.jpg 50w, https:\/\/images-na.ssl-images-amazon.com\/images\/I\/41vesjQlsML._SS604_.jpg 604w, https:\/\/images-na.ssl-images-amazon.com\/images\/I\/41vesjQlsML._SS262_.jpg 262w, https:\/\/images-na.ssl-images-amazon.com\/images\/I\/41vesjQlsML._SS600_.jpg 600w, https:\/\/images-na.ssl-images-amazon.com\/images\/I\/41vesjQlsML._SS100_.jpg 100w\" sizes=\"auto, (max-width: 500px) 100vw, 500px\" \/><\/a>\r\n\t<\/dt>\r\n\t<dd class='wp-caption-text gallery-caption'>\r\n\t<div class='gallery-caption-inner'> <div class='wp-caption-text gallery-title'>\r\n\tEinhell-Nass-Trockensauger-TC-VC-1812-S-1250-W-180-mbar-12-l-Edelstahlbehlter-umfangreiches-Zubehr-Einhell-Schmutzfangsack-12-Liter-fr-Nass-Trockensauger-5er-Set\r\n\t<\/div><div class='wp-caption-text gallery-zoom no-text'>\r\n\t\t<a href=https:\/\/werkzeuge-aller-art.com\/?attachment_id=13689 title='Click to view Full Image' class='icon mustang-gallery'><i class='fa fa-plus'><\/i><\/a>\r\n\t\t<\/div><div class='wp-caption-text gallery-redirect'>\r\n\t\t<a href=https:\/\/werkzeuge-aller-art.com\/?attachment_id=13689 title='Click to view read more' class='icon readmore'><i class='fa fa-link'><\/i><\/a>\r\n\t\t<\/div><\/div><\/dd><\/dl><dl class='gallery-item'>\r\n\t<dt class='gallery-icon landscape'>\r\n\t<a rel='gallery-nr'><img loading=\"lazy\" decoding=\"async\" width=\"500\" height=\"500\" src=\"https:\/\/images-na.ssl-images-amazon.com\/images\/I\/41H5-Ox0xjL.jpg\" class=\"attachment-full size-full\" alt=\"\" srcset=\"https:\/\/images-na.ssl-images-amazon.com\/images\/I\/41H5-Ox0xjL.jpg 500w, https:\/\/images-na.ssl-images-amazon.com\/images\/I\/41H5-Ox0xjL._SS150_.jpg 150w, https:\/\/images-na.ssl-images-amazon.com\/images\/I\/41H5-Ox0xjL._SS300_.jpg 300w, https:\/\/images-na.ssl-images-amazon.com\/images\/I\/41H5-Ox0xjL._SS768_.jpg 768w, https:\/\/images-na.ssl-images-amazon.com\/images\/I\/41H5-Ox0xjL._SS1024_.jpg 1024w, https:\/\/images-na.ssl-images-amazon.com\/images\/I\/41H5-Ox0xjL._SS1536_.jpg 1536w, https:\/\/images-na.ssl-images-amazon.com\/images\/I\/41H5-Ox0xjL._SS2048_.jpg 2048w, https:\/\/images-na.ssl-images-amazon.com\/images\/I\/41H5-Ox0xjL._SS145_.jpg 145w, https:\/\/images-na.ssl-images-amazon.com\/images\/I\/41H5-Ox0xjL._SS1400_.jpg 1400w, https:\/\/images-na.ssl-images-amazon.com\/images\/I\/41H5-Ox0xjL._SS50_.jpg 50w, https:\/\/images-na.ssl-images-amazon.com\/images\/I\/41H5-Ox0xjL._SS604_.jpg 604w, https:\/\/images-na.ssl-images-amazon.com\/images\/I\/41H5-Ox0xjL._SS262_.jpg 262w, https:\/\/images-na.ssl-images-amazon.com\/images\/I\/41H5-Ox0xjL._SS600_.jpg 600w, https:\/\/images-na.ssl-images-amazon.com\/images\/I\/41H5-Ox0xjL._SS100_.jpg 100w\" sizes=\"auto, (max-width: 500px) 100vw, 500px\" \/><\/a>\r\n\t<\/dt>\r\n\t<dd class='wp-caption-text gallery-caption'>\r\n\t<div class='gallery-caption-inner'> <div class='wp-caption-text gallery-title'>\r\n\tEinhell-Nass-Trockensauger-TC-VC-1812-S-1250-W-180-mbar-12-l-Edelstahlbehlter-umfangreiches-Zubehr-Einhell-Schmutzfangsack-12-Liter-fr-Nass-Trockensauger-5er-Set\r\n\t<\/div><div class='wp-caption-text gallery-zoom no-text'>\r\n\t\t<a href=https:\/\/werkzeuge-aller-art.com\/?attachment_id=13690 title='Click to view Full Image' class='icon mustang-gallery'><i class='fa fa-plus'><\/i><\/a>\r\n\t\t<\/div><div class='wp-caption-text gallery-redirect'>\r\n\t\t<a href=https:\/\/werkzeuge-aller-art.com\/?attachment_id=13690 title='Click to view read more' class='icon readmore'><i class='fa fa-link'><\/i><\/a>\r\n\t\t<\/div><\/div><\/dd><\/dl><dl class='gallery-item'>\r\n\t<dt class='gallery-icon landscape'>\r\n\t<a rel='gallery-nr'><img loading=\"lazy\" decoding=\"async\" width=\"500\" height=\"500\" src=\"https:\/\/images-na.ssl-images-amazon.com\/images\/I\/51ZkMLZSpvL.jpg\" class=\"attachment-full size-full\" alt=\"\" srcset=\"https:\/\/images-na.ssl-images-amazon.com\/images\/I\/51ZkMLZSpvL.jpg 500w, https:\/\/images-na.ssl-images-amazon.com\/images\/I\/51ZkMLZSpvL._SS150_.jpg 150w, https:\/\/images-na.ssl-images-amazon.com\/images\/I\/51ZkMLZSpvL._SS300_.jpg 300w, https:\/\/images-na.ssl-images-amazon.com\/images\/I\/51ZkMLZSpvL._SS768_.jpg 768w, https:\/\/images-na.ssl-images-amazon.com\/images\/I\/51ZkMLZSpvL._SS1024_.jpg 1024w, https:\/\/images-na.ssl-images-amazon.com\/images\/I\/51ZkMLZSpvL._SS1536_.jpg 1536w, https:\/\/images-na.ssl-images-amazon.com\/images\/I\/51ZkMLZSpvL._SS2048_.jpg 2048w, https:\/\/images-na.ssl-images-amazon.com\/images\/I\/51ZkMLZSpvL._SS145_.jpg 145w, https:\/\/images-na.ssl-images-amazon.com\/images\/I\/51ZkMLZSpvL._SS1400_.jpg 1400w, https:\/\/images-na.ssl-images-amazon.com\/images\/I\/51ZkMLZSpvL._SS50_.jpg 50w, https:\/\/images-na.ssl-images-amazon.com\/images\/I\/51ZkMLZSpvL._SS604_.jpg 604w, https:\/\/images-na.ssl-images-amazon.com\/images\/I\/51ZkMLZSpvL._SS262_.jpg 262w, https:\/\/images-na.ssl-images-amazon.com\/images\/I\/51ZkMLZSpvL._SS600_.jpg 600w, https:\/\/images-na.ssl-images-amazon.com\/images\/I\/51ZkMLZSpvL._SS100_.jpg 100w\" sizes=\"auto, (max-width: 500px) 100vw, 500px\" \/><\/a>\r\n\t<\/dt>\r\n\t<dd class='wp-caption-text gallery-caption'>\r\n\t<div class='gallery-caption-inner'> <div class='wp-caption-text gallery-title'>\r\n\tEinhell-Nass-Trockensauger-TC-VC-1812-S-1250-W-180-mbar-12-l-Edelstahlbehlter-umfangreiches-Zubehr-Einhell-Schmutzfangsack-12-Liter-fr-Nass-Trockensauger-5er-Set\r\n\t<\/div><div class='wp-caption-text gallery-zoom no-text'>\r\n\t\t<a href=https:\/\/werkzeuge-aller-art.com\/?attachment_id=13691 title='Click to view Full Image' class='icon mustang-gallery'><i class='fa fa-plus'><\/i><\/a>\r\n\t\t<\/div><div class='wp-caption-text gallery-redirect'>\r\n\t\t<a href=https:\/\/werkzeuge-aller-art.com\/?attachment_id=13691 title='Click to view read more' class='icon readmore'><i class='fa fa-link'><\/i><\/a>\r\n\t\t<\/div><\/div><\/dd><\/dl>\r\n<\/div>\n\n<div class=\"disclaim\"> Stil:<strong>Nass-Trockensauger<\/strong> <\/div>\n<p> <!-- show up to 2 reviews by default --> <\/p>\n<h3>Produktbeschreibung<\/h3>\n<p>Der Nass-Trockensauger TC-VC 1812 S ist ein flexibler und zugkr\u00e4ftiger Allessauger f\u00fcr die einfache Nass- oder Trocken-Reinigung, der in keinem Haushalt fehlen sollte. Der leicht zu reinigende 12 Liter Edelstahlbeh\u00e4lter nimmt groben, feinen, nassen oder trockenen Schmutz bis hin zu Fl\u00fcssigkeiten r\u00fcckstandsfrei auf. Dank des starken 1.250 Watt Motors wird nicht nur eine gute Saugleistung erreicht, mit der praktischen Blas-Funktion steht zudem jederzeit gen\u00fcgend Druck f\u00fcr das zus\u00e4tzliche Ausblasen schwer zug\u00e4nglicher Stellen zur Verf\u00fcgung. Der robuste Schmutzfangsack h\u00e4lt selbst feinen Staub zuverl\u00e4ssig im System und macht das Staubsaugen zu einer sauberen Sache. Beim Nassaugen sch\u00fctzt ein zus\u00e4tzlicher Schaumstofffilter den Motor vor Verunreinigung. Der TC-VC 1812 S ist mit einem 36 mm-Schlauchsystem mit kleinem Anschluss ausgestattet, bestehend aus einem Saugschlauch, 3 Verl\u00e4ngerungsrohren und einem Adapterst\u00fcck. Die mitgelieferte gro\u00dfe Saugd\u00fcse mit Kombieinsatz ist f\u00fcr Teppich- und Glattboden gleicherma\u00dfen zu verwenden, mit der Fugend\u00fcse k\u00f6nnen zudem auch schmale Ecken und Winkel gr\u00fcndlich gereinigt werden. Mit der praktischen Zubeh\u00f6rhalterung lassen sich alle Teile schnell und ordentlich direkt am Ger\u00e4t aufbewahren, das aufgewickelte Elektrokabel kann nach der Arbeit an der Kabelhalterung sicher fixiert werden. F\u00fcr die gr\u00f6\u00dftm\u00f6gliche Mobilit\u00e4t sorgen der stabile Tragegriff und die vier leichtg\u00e4ngigen Lenkrollen. <\/p>\n<h3>Rechtliche Hinweise<\/h3>\n<p>14 Tage Widerrufsrecht <\/p>\n<p>Umfangreiches Zubeh\u00f6r &#8211; Schaumstofffilter zum Nasssaugen, Schmutzfangsack und Faltenfilter zum Staubsaugen, Kombid\u00fcse f\u00fcr Teppich- und Glattb\u00f6den, Fugend\u00fcse f\u00fcr schwer zug\u00e4ngliche Engstellen<br \/>\nRobuster, Rostfreier 12 Liter Edelstahlbeh\u00e4lter &#8211; Der 12 Liter fassende kompakte Edelstahlbeh\u00e4lter bietet genug Raum f\u00fcr kleinere Mengen an Staub, Schmutz oder Fl\u00fcssigkeiten<br \/>\nIntegrierter Blasanschluss &#8211; Manche Engstellen sind auch mit der Fugend\u00fcse unerreichbar. Hier hilft die integrierte Ausblasfunktion. Einfach den Schlauch umstecken und loslegen<br \/>\nPraktische Kabelhalterung- Das 2,5 Meter lange Netzkabel kann an der praktischen Halterung aufgewickelt und ordentlich verstaut werden<br \/>\nRollen und Tragegriff &#8211; Der Sauger ist mit vier Rollen ausgestattet, die in Kombination mit dem im Motorkopf integrierten Tragegriff einen bequemen Transport erm\u00f6glichen<br \/>\nZubeh\u00f6r immer Aufger\u00e4umt und Griffbereit &#8211; Die im Lieferumfang enthaltenen D\u00fcsen lassen sich ganz einfach am Sauger in den daf\u00fcr vorgesehenen Halterungen verstauen und sind immer schnell griffbereit<br \/>\nTechnische Spezifikationen \u2013 Aufnahmeleistung: 1250 W, max. Saugleistung: 180 mbar, Durchmesser Saugschlauch: 36 mm, Lautst\u00e4rke\/Schalldruckpegel: 78 dB (A), Beh\u00e4ltervolumen: 12 Liter<br \/>\n<div class=\"main-cross-sell\" data-asin=\"B014HFNONS\">\n\n\t<div class=\"WooZone-cross-sell-loader\">\n\t\t<div>\n\t\t\t<div id=\"floatingBarsG\">\n\t\t\t\t<div class=\"blockG\" id=\"rotateG_01\"><\/div>\n\t\t\t\t<div class=\"blockG\" id=\"rotateG_02\"><\/div>\n\t\t\t\t<div class=\"blockG\" id=\"rotateG_03\"><\/div>\n\t\t\t\t<div class=\"blockG\" id=\"rotateG_04\"><\/div>\n\t\t\t\t<div class=\"blockG\" id=\"rotateG_05\"><\/div>\n\t\t\t\t<div class=\"blockG\" id=\"rotateG_06\"><\/div>\n\t\t\t\t<div class=\"blockG\" id=\"rotateG_07\"><\/div>\n\t\t\t\t<div class=\"blockG\" id=\"rotateG_08\"><\/div>\n\t\t\t<\/div>\n\t\t\t<div class=\"WooZone-cross-sell-loader-text\"><\/div>\n\t\t<\/div>\n\t<\/div>\n\n\t\t\n<\/div>\n<div style=\"clear:both;\"><\/div>\n","protected":false},"excerpt":{"rendered":"<p>Umfangreiches Zubeh\u00f6r &#8211; Schaumstofffilter zum Nasssaugen, Schmutzfangsack und Faltenfilter zum Staubsaugen, Kombid\u00fcse f\u00fcr Teppich- und Glattb\u00f6den, Fugend\u00fcse f\u00fcr schwer zug\u00e4ngliche Engstellen<br \/>\nRobuster, Rostfreier 12 Liter Edelstahlbeh\u00e4lter &#8211; Der 12 Liter fassende kompakte Edelstahlbeh\u00e4lter bietet genug Raum f\u00fcr kleinere Mengen an Staub, Schmutz oder Fl\u00fcssigkeiten<br \/>\nIntegrierter Blasanschluss &#8211; Manche Engstellen sind auch mit der Fugend\u00fcse unerreichbar. Hier hilft die integrierte Ausblasfunktion. Einfach den Schlauch umstecken und loslegen<\/p>\n","protected":false},"featured_media":13689,"comment_status":"open","ping_status":"closed","template":"","meta":[],"product_cat":[110,117],"product_tag":[],"class_list":{"0":"post-13688","1":"product","2":"type-product","3":"status-publish","4":"has-post-thumbnail","6":"product_cat-reinigen-und-sandstrahlen","7":"product_cat-staubsauger","8":"pa_brand-einhell","11":"first","12":"instock","13":"shipping-taxable","14":"product-type-external"},"_links":{"self":[{"href":"https:\/\/werkzeuge-aller-art.com\/index.php?rest_route=\/wp\/v2\/product\/13688","targetHints":{"allow":["GET"]}}],"collection":[{"href":"https:\/\/werkzeuge-aller-art.com\/index.php?rest_route=\/wp\/v2\/product"}],"about":[{"href":"https:\/\/werkzeuge-aller-art.com\/index.php?rest_route=\/wp\/v2\/types\/product"}],"replies":[{"embeddable":true,"href":"https:\/\/werkzeuge-aller-art.com\/index.php?rest_route=%2Fwp%2Fv2%2Fcomments&post=13688"}],"wp:featuredmedia":[{"embeddable":true,"href":"https:\/\/werkzeuge-aller-art.com\/index.php?rest_route=\/wp\/v2\/media\/13689"}],"wp:attachment":[{"href":"https:\/\/werkzeuge-aller-art.com\/index.php?rest_route=%2Fwp%2Fv2%2Fmedia&parent=13688"}],"wp:term":[{"taxonomy":"product_cat","embeddable":true,"href":"https:\/\/werkzeuge-aller-art.com\/index.php?rest_route=%2Fwp%2Fv2%2Fproduct_cat&post=13688"},{"taxonomy":"product_tag","embeddable":true,"href":"https:\/\/werkzeuge-aller-art.com\/index.php?rest_route=%2Fwp%2Fv2%2Fproduct_tag&post=13688"}],"curies":[{"name":"wp","href":"https:\/\/api.w.org\/{rel}","templated":true}]}}