{"id":13672,"date":"2020-03-07T22:07:09","date_gmt":"2020-03-07T21:07:09","guid":{"rendered":"https:\/\/werkzeuge-aller-art.com\/?product=fein-92027060000-staubsaugerdustex-25-l-set"},"modified":"2023-04-07T05:54:07","modified_gmt":"2023-04-07T03:54:07","slug":"fein-92027060000-staubsaugerdustex-25-l-set","status":"publish","type":"product","link":"https:\/\/werkzeuge-aller-art.com\/?product=fein-92027060000-staubsaugerdustex-25-l-set","title":{"rendered":"Fein 92027060000 Staubsauger|Dustex 25 L Set"},"content":{"rendered":"\n\t\t<div id='gallery-1' class='gallery galleryid-13672 gallery-columns-3 gallery-size-full'><dl class='gallery-item'>\r\n\t<dt class='gallery-icon landscape'>\r\n\t<a rel='gallery-nr'><img loading=\"lazy\" decoding=\"async\" width=\"500\" height=\"500\" src=\"https:\/\/images-na.ssl-images-amazon.com\/images\/I\/418Ur0GEjPL.jpg\" class=\"attachment-full size-full\" alt=\"\" srcset=\"https:\/\/images-na.ssl-images-amazon.com\/images\/I\/418Ur0GEjPL.jpg 500w, https:\/\/images-na.ssl-images-amazon.com\/images\/I\/418Ur0GEjPL._SS150_.jpg 150w, https:\/\/images-na.ssl-images-amazon.com\/images\/I\/418Ur0GEjPL._SS300_.jpg 300w, https:\/\/images-na.ssl-images-amazon.com\/images\/I\/418Ur0GEjPL._SS768_.jpg 768w, https:\/\/images-na.ssl-images-amazon.com\/images\/I\/418Ur0GEjPL._SS1024_.jpg 1024w, https:\/\/images-na.ssl-images-amazon.com\/images\/I\/418Ur0GEjPL._SS1536_.jpg 1536w, https:\/\/images-na.ssl-images-amazon.com\/images\/I\/418Ur0GEjPL._SS2048_.jpg 2048w, https:\/\/images-na.ssl-images-amazon.com\/images\/I\/418Ur0GEjPL._SS145_.jpg 145w, https:\/\/images-na.ssl-images-amazon.com\/images\/I\/418Ur0GEjPL._SS1400_.jpg 1400w, https:\/\/images-na.ssl-images-amazon.com\/images\/I\/418Ur0GEjPL._SS50_.jpg 50w, https:\/\/images-na.ssl-images-amazon.com\/images\/I\/418Ur0GEjPL._SS604_.jpg 604w, https:\/\/images-na.ssl-images-amazon.com\/images\/I\/418Ur0GEjPL._SS262_.jpg 262w, https:\/\/images-na.ssl-images-amazon.com\/images\/I\/418Ur0GEjPL._SS600_.jpg 600w, https:\/\/images-na.ssl-images-amazon.com\/images\/I\/418Ur0GEjPL._SS100_.jpg 100w\" sizes=\"auto, (max-width: 500px) 100vw, 500px\" \/><\/a>\r\n\t<\/dt>\r\n\t<dd class='wp-caption-text gallery-caption'>\r\n\t<div class='gallery-caption-inner'> <div class='wp-caption-text gallery-title'>\r\n\tFein-92027060000-StaubsaugerDustex-25-L-Set\r\n\t<\/div><div class='wp-caption-text gallery-zoom no-text'>\r\n\t\t<a href=https:\/\/werkzeuge-aller-art.com\/?attachment_id=13673 title='Click to view Full Image' class='icon mustang-gallery'><i class='fa fa-plus'><\/i><\/a>\r\n\t\t<\/div><div class='wp-caption-text gallery-redirect'>\r\n\t\t<a href=https:\/\/werkzeuge-aller-art.com\/?attachment_id=13673 title='Click to view read more' class='icon readmore'><i class='fa fa-link'><\/i><\/a>\r\n\t\t<\/div><\/div><\/dd><\/dl><dl class='gallery-item'>\r\n\t<dt class='gallery-icon landscape'>\r\n\t<a rel='gallery-nr'><img loading=\"lazy\" decoding=\"async\" width=\"500\" height=\"500\" src=\"https:\/\/images-na.ssl-images-amazon.com\/images\/I\/51hfaecO9kL.jpg\" class=\"attachment-full size-full\" alt=\"\" srcset=\"https:\/\/images-na.ssl-images-amazon.com\/images\/I\/51hfaecO9kL.jpg 500w, https:\/\/images-na.ssl-images-amazon.com\/images\/I\/51hfaecO9kL._SS150_.jpg 150w, https:\/\/images-na.ssl-images-amazon.com\/images\/I\/51hfaecO9kL._SS300_.jpg 300w, https:\/\/images-na.ssl-images-amazon.com\/images\/I\/51hfaecO9kL._SS768_.jpg 768w, https:\/\/images-na.ssl-images-amazon.com\/images\/I\/51hfaecO9kL._SS1024_.jpg 1024w, https:\/\/images-na.ssl-images-amazon.com\/images\/I\/51hfaecO9kL._SS1536_.jpg 1536w, https:\/\/images-na.ssl-images-amazon.com\/images\/I\/51hfaecO9kL._SS2048_.jpg 2048w, https:\/\/images-na.ssl-images-amazon.com\/images\/I\/51hfaecO9kL._SS145_.jpg 145w, https:\/\/images-na.ssl-images-amazon.com\/images\/I\/51hfaecO9kL._SS1400_.jpg 1400w, https:\/\/images-na.ssl-images-amazon.com\/images\/I\/51hfaecO9kL._SS50_.jpg 50w, https:\/\/images-na.ssl-images-amazon.com\/images\/I\/51hfaecO9kL._SS604_.jpg 604w, https:\/\/images-na.ssl-images-amazon.com\/images\/I\/51hfaecO9kL._SS262_.jpg 262w, https:\/\/images-na.ssl-images-amazon.com\/images\/I\/51hfaecO9kL._SS600_.jpg 600w, https:\/\/images-na.ssl-images-amazon.com\/images\/I\/51hfaecO9kL._SS100_.jpg 100w\" sizes=\"auto, (max-width: 500px) 100vw, 500px\" \/><\/a>\r\n\t<\/dt>\r\n\t<dd class='wp-caption-text gallery-caption'>\r\n\t<div class='gallery-caption-inner'> <div class='wp-caption-text gallery-title'>\r\n\tFein-92027060000-StaubsaugerDustex-25-L-Set\r\n\t<\/div><div class='wp-caption-text gallery-zoom no-text'>\r\n\t\t<a href=https:\/\/werkzeuge-aller-art.com\/?attachment_id=13674 title='Click to view Full Image' class='icon mustang-gallery'><i class='fa fa-plus'><\/i><\/a>\r\n\t\t<\/div><div class='wp-caption-text gallery-redirect'>\r\n\t\t<a href=https:\/\/werkzeuge-aller-art.com\/?attachment_id=13674 title='Click to view read more' class='icon readmore'><i class='fa fa-link'><\/i><\/a>\r\n\t\t<\/div><\/div><\/dd><\/dl><dl class='gallery-item'>\r\n\t<dt class='gallery-icon landscape'>\r\n\t<a rel='gallery-nr'><img loading=\"lazy\" decoding=\"async\" width=\"500\" height=\"500\" src=\"https:\/\/images-na.ssl-images-amazon.com\/images\/I\/51X1k4ITrEL.jpg\" class=\"attachment-full size-full\" alt=\"\" srcset=\"https:\/\/images-na.ssl-images-amazon.com\/images\/I\/51X1k4ITrEL.jpg 500w, https:\/\/images-na.ssl-images-amazon.com\/images\/I\/51X1k4ITrEL._SS150_.jpg 150w, https:\/\/images-na.ssl-images-amazon.com\/images\/I\/51X1k4ITrEL._SS300_.jpg 300w, https:\/\/images-na.ssl-images-amazon.com\/images\/I\/51X1k4ITrEL._SS768_.jpg 768w, https:\/\/images-na.ssl-images-amazon.com\/images\/I\/51X1k4ITrEL._SS1024_.jpg 1024w, https:\/\/images-na.ssl-images-amazon.com\/images\/I\/51X1k4ITrEL._SS1536_.jpg 1536w, https:\/\/images-na.ssl-images-amazon.com\/images\/I\/51X1k4ITrEL._SS2048_.jpg 2048w, https:\/\/images-na.ssl-images-amazon.com\/images\/I\/51X1k4ITrEL._SS145_.jpg 145w, https:\/\/images-na.ssl-images-amazon.com\/images\/I\/51X1k4ITrEL._SS1400_.jpg 1400w, https:\/\/images-na.ssl-images-amazon.com\/images\/I\/51X1k4ITrEL._SS50_.jpg 50w, https:\/\/images-na.ssl-images-amazon.com\/images\/I\/51X1k4ITrEL._SS604_.jpg 604w, https:\/\/images-na.ssl-images-amazon.com\/images\/I\/51X1k4ITrEL._SS262_.jpg 262w, https:\/\/images-na.ssl-images-amazon.com\/images\/I\/51X1k4ITrEL._SS600_.jpg 600w, https:\/\/images-na.ssl-images-amazon.com\/images\/I\/51X1k4ITrEL._SS100_.jpg 100w\" sizes=\"auto, (max-width: 500px) 100vw, 500px\" \/><\/a>\r\n\t<\/dt>\r\n\t<dd class='wp-caption-text gallery-caption'>\r\n\t<div class='gallery-caption-inner'> <div class='wp-caption-text gallery-title'>\r\n\tFein-92027060000-StaubsaugerDustex-25-L-Set\r\n\t<\/div><div class='wp-caption-text gallery-zoom no-text'>\r\n\t\t<a href=https:\/\/werkzeuge-aller-art.com\/?attachment_id=13675 title='Click to view Full Image' class='icon mustang-gallery'><i class='fa fa-plus'><\/i><\/a>\r\n\t\t<\/div><div class='wp-caption-text gallery-redirect'>\r\n\t\t<a href=https:\/\/werkzeuge-aller-art.com\/?attachment_id=13675 title='Click to view read more' class='icon readmore'><i class='fa fa-link'><\/i><\/a>\r\n\t\t<\/div><\/div><\/dd><\/dl>\r\n<\/div>\n\n<div class=\"disclaim\"> Stil:<strong>Dustex 25 L SET<\/strong> <\/div>\n<p> <!-- show up to 2 reviews by default --> <\/p>\n<h1>Nass- \/ Trockensauger Dustex 25 L Set<\/h1>\n<p>Kompakter, leistungsstarker Nass- und Trockensauger f\u00fcr den Anschluss von Elektrowerkzeugen beim Werkstatt- und Montageeinsatz mit umfangreichem Zubeh\u00f6r-Set.<\/p>\n<ul>\n<li>Leistungsstarke Turbine f\u00fcr 70 l\/s Volumenstrom und 253 mbar Unterdruck.<\/li>\n<li>Geringe Lautst\u00e4rke von 67 dB (A).<\/li>\n<li>Gro\u00dfe Reichweite durch 6 m langes Anschlusskabel und 4 m langen Saugschlauch.<\/li>\n<li>Gro\u00dfe, um 360\u00b0 drehbare Rollen f\u00fcr optimale Wendigkeit auch bei beengten Platzverh\u00e4ltnissen.<\/li>\n<li>Werkzeugmuffe mit Saugkraftregulierung zur einfachen Einstellung der Saugleistung.<\/li>\n<li>Autostart-Steckdose mit Einschaltverz\u00f6gerung zur Vermeidung von Stromspitzen.<\/li>\n<li>Praktische Ablagefl\u00e4che mit Rand.<\/li>\n<li>Zulassung f\u00fcr Staubklasse L.<\/li>\n<\/ul>\n<h3>Technische Details<\/h3>\n<ul>\n<li>Max. Aufnahmeleistung: 1 380 W<\/li>\n<li>Luftmenge: 4 320 l\/min<\/li>\n<li>Max. Unterdruck: 253 mbar<\/li>\n<li>Beh\u00e4ltervolumen: 22 l<\/li>\n<li>Gewicht nach EPTA: 8,0 kg<\/li>\n<li>Kabel mit Stecker: 6 m<\/li>\n<\/ul>\n<h3>Lieferumfang<\/h3>\n<ul>\n<li>1x Saugschlauch 4 m, \u00d8 35 mm<\/li>\n<li>1x Werkzeugmuffe mit Saugkraftregulierung<\/li>\n<li>1x Vliesfiltersack<\/li>\n<li>1x Flachfaltenfilter Zellulose<\/li>\n<li>2x Saugrohre (Metall-Ausf\u00fchrung)<\/li>\n<li>1x Kombid\u00fcse mit Wechseleins\u00e4tzen<\/li>\n<li>1x Fugend\u00fcse<\/li>\n<li>1x Saugpinsel<\/li>\n<li>1x Kr\u00fcmmer<\/li>\n<\/ul>\n<h3>Die Geschichte von FEIN ist die Geschichte der Elektrowerkzeuge.<\/h3>\n<p>Im Jahr 1867 gr\u00fcndete Wilhelm Emil Fein ein Unternehmen zur Herstellung physikalischer und elektrischer Apparate, in dem sein Sohn Emil Fein knapp 30 Jahre sp\u00e4ter, im Jahr 1895, die erste elektrische Handbohrmaschine erfand. Mit dieser Erfindung legte er den Grundstein f\u00fcr die hochzuverl\u00e4ssigen Elektrowerkzeuge, die FEIN bis heute am Standort Deutschland herstellt und f\u00fcr die das schw\u00e4bische Traditionsunternehmen bei Industrie und Handwerk in aller Welt gesch\u00e4tzt wird.<\/p>\n<p>FEIN geh\u00f6rt seit nunmehr 150 Jahren zu den weltweit f\u00fchrenden Elektrowerkzeugmanufakturen. Und das sicherlich auch deshalb, weil FEIN dem eigenen Anspruch, nur unverw\u00fcstliche Elektrowerkzeuge zu entwickeln, bis heute mit jeder neuen Produktinnovation Rechnung tr\u00e4gt.<\/p>\n<\/p>\n<p>POWER: Mit seinen 1380 Watt und einer Luftleistung von 4320 Litern in der Minute ist dieser kleine, kompakte Sauger ein wahres Kraftwerk und gen\u00fcgt den Anspr\u00fcchen privat oder in der Industrie<br \/>\nLEISTUNG: Die, im Dustex 25L, Verbaute Turbine kommt auf einen Volumenstrom von 70 Litern in der Sekunde und einen maximalen Unterdruck von 253 mbar<br \/>\n2 IN 1: Mit dem Dustex k\u00f6nnen sie in zwei Varianten saugen (Nass-Sauger, Trocken-Sauger), sie sind also immer flexibel und haben mit einem Ger\u00e4t zwei Einsatzgebiete erschlagen<br \/>\nAUSSTATTUNG: Der Dustex kommt mit einem 4 Meter Saugschlauch, einer Muffe, einem Filtersack, einem Filter und 2 Saugrohren sowie einer gro\u00dfen Anzahl an D\u00fcsen (Kombid\u00fcse, Fugend\u00fcse, Saugpinsel,\u2026)<br \/>\nKOMFORT: Der Mehrzwecksauger \u00fcberzeugt mit einer gro\u00dfen Reichweite, dank 6 Meter langem Stromkabel, sowie vier gro\u00dfen um 360\u00b0 Grad drehbaren Rollen und einer Steckdose f\u00fcr Werkzeug<br \/>\n<div class=\"main-cross-sell\" data-asin=\"B00KBE73TQ\">\n\n\t<div class=\"WooZone-cross-sell-loader\">\n\t\t<div>\n\t\t\t<div id=\"floatingBarsG\">\n\t\t\t\t<div class=\"blockG\" id=\"rotateG_01\"><\/div>\n\t\t\t\t<div class=\"blockG\" id=\"rotateG_02\"><\/div>\n\t\t\t\t<div class=\"blockG\" id=\"rotateG_03\"><\/div>\n\t\t\t\t<div class=\"blockG\" id=\"rotateG_04\"><\/div>\n\t\t\t\t<div class=\"blockG\" id=\"rotateG_05\"><\/div>\n\t\t\t\t<div class=\"blockG\" id=\"rotateG_06\"><\/div>\n\t\t\t\t<div class=\"blockG\" id=\"rotateG_07\"><\/div>\n\t\t\t\t<div class=\"blockG\" id=\"rotateG_08\"><\/div>\n\t\t\t<\/div>\n\t\t\t<div class=\"WooZone-cross-sell-loader-text\"><\/div>\n\t\t<\/div>\n\t<\/div>\n\n\t\t\n<\/div>\n<div style=\"clear:both;\"><\/div>\n","protected":false},"excerpt":{"rendered":"<p>POWER: Mit seinen 1380 Watt und einer Luftleistung von 4320 Litern in der Minute ist dieser kleine, kompakte Sauger ein wahres Kraftwerk und gen\u00fcgt den Anspr\u00fcchen privat oder in der Industrie<br \/>\nLEISTUNG: Die, im Dustex 25L, Verbaute Turbine kommt auf einen Volumenstrom von 70 Litern in der Sekunde und einen maximalen Unterdruck von 253 mbar<br \/>\n2 IN 1: Mit dem Dustex k\u00f6nnen sie in zwei Varianten saugen (Nass-Sauger, Trocken-Sauger), sie sind also immer flexibel und haben mit einem Ger\u00e4t zwei Einsatzgebiete erschlagen<\/p>\n","protected":false},"featured_media":13673,"comment_status":"open","ping_status":"closed","template":"","meta":[],"product_cat":[110,117],"product_tag":[],"class_list":{"0":"post-13672","1":"product","2":"type-product","3":"status-publish","4":"has-post-thumbnail","6":"product_cat-reinigen-und-sandstrahlen","7":"product_cat-staubsauger","8":"pa_brand-fein","11":"first","12":"instock","13":"shipping-taxable","14":"product-type-external"},"_links":{"self":[{"href":"https:\/\/werkzeuge-aller-art.com\/index.php?rest_route=\/wp\/v2\/product\/13672","targetHints":{"allow":["GET"]}}],"collection":[{"href":"https:\/\/werkzeuge-aller-art.com\/index.php?rest_route=\/wp\/v2\/product"}],"about":[{"href":"https:\/\/werkzeuge-aller-art.com\/index.php?rest_route=\/wp\/v2\/types\/product"}],"replies":[{"embeddable":true,"href":"https:\/\/werkzeuge-aller-art.com\/index.php?rest_route=%2Fwp%2Fv2%2Fcomments&post=13672"}],"wp:featuredmedia":[{"embeddable":true,"href":"https:\/\/werkzeuge-aller-art.com\/index.php?rest_route=\/wp\/v2\/media\/13673"}],"wp:attachment":[{"href":"https:\/\/werkzeuge-aller-art.com\/index.php?rest_route=%2Fwp%2Fv2%2Fmedia&parent=13672"}],"wp:term":[{"taxonomy":"product_cat","embeddable":true,"href":"https:\/\/werkzeuge-aller-art.com\/index.php?rest_route=%2Fwp%2Fv2%2Fproduct_cat&post=13672"},{"taxonomy":"product_tag","embeddable":true,"href":"https:\/\/werkzeuge-aller-art.com\/index.php?rest_route=%2Fwp%2Fv2%2Fproduct_tag&post=13672"}],"curies":[{"name":"wp","href":"https:\/\/api.w.org\/{rel}","templated":true}]}}