{"id":13494,"date":"2020-03-07T21:41:01","date_gmt":"2020-03-07T20:41:01","guid":{"rendered":"https:\/\/werkzeuge-aller-art.com\/?product=hochdruckreiniger-180-bar-2400-w"},"modified":"2023-04-07T05:54:06","modified_gmt":"2023-04-07T03:54:06","slug":"hochdruckreiniger-180-bar-2400-w","status":"publish","type":"product","link":"https:\/\/werkzeuge-aller-art.com\/?product=hochdruckreiniger-180-bar-2400-w","title":{"rendered":"Scheppach Hochdruckreiniger HCE2400 mit 8-TLG. Zubeh\u00f6r | 5m Schlauch | 180bar | 230V 2400W | max. F\u00f6rdermenge: 408 l\/h\u2026"},"content":{"rendered":"<div id='gallery-1' class='gallery galleryid-13494 gallery-columns-3 gallery-size-full'><dl class='gallery-item'>\r\n\t<dt class='gallery-icon landscape'>\r\n\t<a rel='gallery-nr'><img loading=\"lazy\" decoding=\"async\" width=\"500\" height=\"500\" src=\"https:\/\/images-na.ssl-images-amazon.com\/images\/I\/41jadSMRm2L.jpg\" class=\"attachment-full size-full\" alt=\"\" srcset=\"https:\/\/images-na.ssl-images-amazon.com\/images\/I\/41jadSMRm2L.jpg 500w, https:\/\/images-na.ssl-images-amazon.com\/images\/I\/41jadSMRm2L._SS150_.jpg 150w, https:\/\/images-na.ssl-images-amazon.com\/images\/I\/41jadSMRm2L._SS300_.jpg 300w, https:\/\/images-na.ssl-images-amazon.com\/images\/I\/41jadSMRm2L._SS768_.jpg 768w, https:\/\/images-na.ssl-images-amazon.com\/images\/I\/41jadSMRm2L._SS1024_.jpg 1024w, https:\/\/images-na.ssl-images-amazon.com\/images\/I\/41jadSMRm2L._SS1536_.jpg 1536w, https:\/\/images-na.ssl-images-amazon.com\/images\/I\/41jadSMRm2L._SS2048_.jpg 2048w, https:\/\/images-na.ssl-images-amazon.com\/images\/I\/41jadSMRm2L._SS145_.jpg 145w, https:\/\/images-na.ssl-images-amazon.com\/images\/I\/41jadSMRm2L._SS1400_.jpg 1400w, https:\/\/images-na.ssl-images-amazon.com\/images\/I\/41jadSMRm2L._SS50_.jpg 50w, https:\/\/images-na.ssl-images-amazon.com\/images\/I\/41jadSMRm2L._SS604_.jpg 604w, https:\/\/images-na.ssl-images-amazon.com\/images\/I\/41jadSMRm2L._SS262_.jpg 262w, https:\/\/images-na.ssl-images-amazon.com\/images\/I\/41jadSMRm2L._SS600_.jpg 600w, https:\/\/images-na.ssl-images-amazon.com\/images\/I\/41jadSMRm2L._SS100_.jpg 100w\" sizes=\"auto, (max-width: 500px) 100vw, 500px\" \/><\/a>\r\n\t<\/dt>\r\n\t<dd class='wp-caption-text gallery-caption'>\r\n\t<div class='gallery-caption-inner'> <div class='wp-caption-text gallery-title'>\r\n\tHochdruckreiniger-180-bar-2400-W\r\n\t<\/div><div class='wp-caption-text gallery-zoom no-text'>\r\n\t\t<a href=https:\/\/werkzeuge-aller-art.com\/?attachment_id=13495 title='Click to view Full Image' class='icon mustang-gallery'><i class='fa fa-plus'><\/i><\/a>\r\n\t\t<\/div><div class='wp-caption-text gallery-redirect'>\r\n\t\t<a href=https:\/\/werkzeuge-aller-art.com\/?attachment_id=13495 title='Click to view read more' class='icon readmore'><i class='fa fa-link'><\/i><\/a>\r\n\t\t<\/div><\/div><\/dd><\/dl><dl class='gallery-item'>\r\n\t<dt class='gallery-icon landscape'>\r\n\t<a rel='gallery-nr'><img loading=\"lazy\" decoding=\"async\" width=\"500\" height=\"500\" src=\"https:\/\/images-na.ssl-images-amazon.com\/images\/I\/51R33BywrFL.jpg\" class=\"attachment-full size-full\" alt=\"\" srcset=\"https:\/\/images-na.ssl-images-amazon.com\/images\/I\/51R33BywrFL.jpg 500w, https:\/\/images-na.ssl-images-amazon.com\/images\/I\/51R33BywrFL._SS150_.jpg 150w, https:\/\/images-na.ssl-images-amazon.com\/images\/I\/51R33BywrFL._SS300_.jpg 300w, https:\/\/images-na.ssl-images-amazon.com\/images\/I\/51R33BywrFL._SS768_.jpg 768w, https:\/\/images-na.ssl-images-amazon.com\/images\/I\/51R33BywrFL._SS1024_.jpg 1024w, https:\/\/images-na.ssl-images-amazon.com\/images\/I\/51R33BywrFL._SS1536_.jpg 1536w, https:\/\/images-na.ssl-images-amazon.com\/images\/I\/51R33BywrFL._SS2048_.jpg 2048w, https:\/\/images-na.ssl-images-amazon.com\/images\/I\/51R33BywrFL._SS145_.jpg 145w, https:\/\/images-na.ssl-images-amazon.com\/images\/I\/51R33BywrFL._SS1400_.jpg 1400w, https:\/\/images-na.ssl-images-amazon.com\/images\/I\/51R33BywrFL._SS50_.jpg 50w, https:\/\/images-na.ssl-images-amazon.com\/images\/I\/51R33BywrFL._SS604_.jpg 604w, https:\/\/images-na.ssl-images-amazon.com\/images\/I\/51R33BywrFL._SS262_.jpg 262w, https:\/\/images-na.ssl-images-amazon.com\/images\/I\/51R33BywrFL._SS600_.jpg 600w, https:\/\/images-na.ssl-images-amazon.com\/images\/I\/51R33BywrFL._SS100_.jpg 100w\" sizes=\"auto, (max-width: 500px) 100vw, 500px\" \/><\/a>\r\n\t<\/dt>\r\n\t<dd class='wp-caption-text gallery-caption'>\r\n\t<div class='gallery-caption-inner'> <div class='wp-caption-text gallery-title'>\r\n\tHochdruckreiniger-180-bar-2400-W\r\n\t<\/div><div class='wp-caption-text gallery-zoom no-text'>\r\n\t\t<a href=https:\/\/werkzeuge-aller-art.com\/?attachment_id=13496 title='Click to view Full Image' class='icon mustang-gallery'><i class='fa fa-plus'><\/i><\/a>\r\n\t\t<\/div><div class='wp-caption-text gallery-redirect'>\r\n\t\t<a href=https:\/\/werkzeuge-aller-art.com\/?attachment_id=13496 title='Click to view read more' class='icon readmore'><i class='fa fa-link'><\/i><\/a>\r\n\t\t<\/div><\/div><\/dd><\/dl><dl class='gallery-item'>\r\n\t<dt class='gallery-icon landscape'>\r\n\t<a rel='gallery-nr'><img loading=\"lazy\" decoding=\"async\" width=\"500\" height=\"500\" src=\"https:\/\/images-na.ssl-images-amazon.com\/images\/I\/51IlrEPv6BL.jpg\" class=\"attachment-full size-full\" alt=\"\" srcset=\"https:\/\/images-na.ssl-images-amazon.com\/images\/I\/51IlrEPv6BL.jpg 500w, https:\/\/images-na.ssl-images-amazon.com\/images\/I\/51IlrEPv6BL._SS150_.jpg 150w, https:\/\/images-na.ssl-images-amazon.com\/images\/I\/51IlrEPv6BL._SS300_.jpg 300w, https:\/\/images-na.ssl-images-amazon.com\/images\/I\/51IlrEPv6BL._SS768_.jpg 768w, https:\/\/images-na.ssl-images-amazon.com\/images\/I\/51IlrEPv6BL._SS1024_.jpg 1024w, https:\/\/images-na.ssl-images-amazon.com\/images\/I\/51IlrEPv6BL._SS1536_.jpg 1536w, https:\/\/images-na.ssl-images-amazon.com\/images\/I\/51IlrEPv6BL._SS2048_.jpg 2048w, https:\/\/images-na.ssl-images-amazon.com\/images\/I\/51IlrEPv6BL._SS145_.jpg 145w, https:\/\/images-na.ssl-images-amazon.com\/images\/I\/51IlrEPv6BL._SS1400_.jpg 1400w, https:\/\/images-na.ssl-images-amazon.com\/images\/I\/51IlrEPv6BL._SS50_.jpg 50w, https:\/\/images-na.ssl-images-amazon.com\/images\/I\/51IlrEPv6BL._SS604_.jpg 604w, https:\/\/images-na.ssl-images-amazon.com\/images\/I\/51IlrEPv6BL._SS262_.jpg 262w, https:\/\/images-na.ssl-images-amazon.com\/images\/I\/51IlrEPv6BL._SS600_.jpg 600w, https:\/\/images-na.ssl-images-amazon.com\/images\/I\/51IlrEPv6BL._SS100_.jpg 100w\" sizes=\"auto, (max-width: 500px) 100vw, 500px\" \/><\/a>\r\n\t<\/dt>\r\n\t<dd class='wp-caption-text gallery-caption'>\r\n\t<div class='gallery-caption-inner'> <div class='wp-caption-text gallery-title'>\r\n\tHochdruckreiniger-180-bar-2400-W\r\n\t<\/div><div class='wp-caption-text gallery-zoom no-text'>\r\n\t\t<a href=https:\/\/werkzeuge-aller-art.com\/?attachment_id=13497 title='Click to view Full Image' class='icon mustang-gallery'><i class='fa fa-plus'><\/i><\/a>\r\n\t\t<\/div><div class='wp-caption-text gallery-redirect'>\r\n\t\t<a href=https:\/\/werkzeuge-aller-art.com\/?attachment_id=13497 title='Click to view read more' class='icon readmore'><i class='fa fa-link'><\/i><\/a>\r\n\t\t<\/div><\/div><\/dd><\/dl>\r\n<\/div>\n<br \/>\n<!-- show up to 2 reviews by default --> <\/p>\n<p><strong>Scheppach HCE2400 Hochdruckreiniger inkl. 8-Teiliges Zubeh\u00f6r<\/strong><\/p>\n<p>Der Scheppach HCE2400 Hochdruckreiniger ist mit seinen 180 Bar ein wahres Kraftpaket, dem in keiner Situation rund um Haus und Hof die Power ausgeht. Mit seiner Vielzahl an Aufs\u00e4tzen ist er jeder Herausforderung gewachsen und erleichtert Ihnen die Arbeit.<\/p>\n<ul>\n<li>Starker 2400 W Motor mit max. 180 bar Druck<\/li>\n<li>Quick Connect System, zum schnellen tauschen der Aufs\u00e4tze<\/li>\n<li>11 Kg Gewicht f\u00fcr einen sicheren Stand aber dennoch einfachen Transport<\/li>\n<li>Gro\u00dfe Laufr\u00e4der f\u00fcr einen einfachen Transport<\/li>\n<li>Weiter Arbeitsradius durch den 5 m Hochdruckschlauch<\/li>\n<li>Integrierte Halterung f\u00fcr D\u00fcsenaufs\u00e4tze und Hochdruckschlauch<\/li>\n<li>Ideal f\u00fcr den mobilen Einsatz<\/li>\n<li>Langlebig durch hochwertige, zuverl\u00e4ssige Aluminiumpumpe<\/li>\n<li>Serienm\u00e4\u00dfig mit Fl\u00e4chenreiniger, Reinigungslanze mit Verl\u00e4ngerung, D\u00fcsenaufsatz, Standard- und Hochdruckd\u00fcse, Reinigungsb\u00fcrste und rotierender Waschb\u00fcrste, Adapter und Reinigungsmittelbeh\u00e4lter<\/li>\n<li>Maximaldruck: 180 bar<\/li>\n<li>Bemessungsdruck: 120 bar<\/li>\n<li>Durchflussmenge: 450 L\/h<\/li>\n<li>Wassertemperatur: max. 50 \u00b0C<\/li>\n<li>Reinigungsmitteltank: 560 ml<\/li>\n<li>Motor: 220 \u2013 240 V<\/li>\n<li>Motorleistung: 2400 W <\/li>\n<\/ul>\n<p><strong>Ma\u00dfe<\/strong><\/p>\n<ul>\n<li>L\/B\/H ca. 365 x 276 x 820 mm <\/li>\n<\/ul>\n<p><strong>Lieferumgang<\/strong><\/p>\n<ul>\n<li>1 x Hochdruckreiniger HCE2400<\/li>\n<li>Pistolengriff<\/li>\n<li>Fl\u00e4chenreiniger<\/li>\n<li>Reinigungslanze mit Verl\u00e4ngerung<\/li>\n<li>D\u00fcsenaufsatz<\/li>\n<li>Standard-\/Hochdruckd\u00fcse<\/li>\n<li>Reinigungsb\u00fcrste\/rotierende Waschb\u00fcrste<\/li>\n<li>Adapter<\/li>\n<li>Reinigungsmittelbeh\u00e4lter<\/li>\n<\/ul>\n<\/p>\n<p>VIELSEITIG: Der Hochdruckreiniger ist der ideale Helfer f\u00fcr Zuhause, auf dem Bauernhof oder auch auf der Baustelle zum entfernen von hartn\u00e4ckigen Verschmutzungen auf Wegen, Terrassen, Fahrzeugen, Booten und Terrassenm\u00f6beln. Die Anwendungsm\u00f6glichkeiten sind dank der verschiedenen Aufs\u00e4tzen sehr vielseitig.<br \/>\nPOWER: Der Fl\u00e4chenreiniger hat einen starken 2400 Watt Motor bei einem maximal Druck von 180 bar. Durch die maximale F\u00f6rdermenge von 450 L\/h ist das Ger\u00e4t f\u00fcr verschiedenste Reinigungsarbeiten geeignet. Die Fl\u00e4chenleistung liegt bei 50 m\u00b2<br \/>\nKOMFORTABEL: Der 5m Hochdruckschlauch bietet Ihnen die Flexibilit\u00e4t eines weiten und komfortablen Bewegungsradius.<br \/>\nAUSSTATTUNG: Serienm\u00e4\u00dfig ist der Hochdruckreiniger mit einem Fl\u00e4chenreiniger, einer Reinigungslanze mit Verl\u00e4ngerung, einem D\u00fcsenaufsatz, einer Standard- und Hochdruckd\u00fcse, einer Reinigungsb\u00fcrste und rotierender waschb\u00fcrste, sowie einem Adapter und einem Reinigungsbeh\u00e4lter ausgestattet.<br \/>\nLIEFERUMFANG: 1 x Scheppach Hochdruckreiniger HCE2400, inkl. umfangreiches Zubeh\u00f6rset, Gewicht 11 Kg<br \/>\n<div class=\"main-cross-sell\" data-asin=\"B07GCXSWQ1\">\n\n\t<div class=\"WooZone-cross-sell-loader\">\n\t\t<div>\n\t\t\t<div id=\"floatingBarsG\">\n\t\t\t\t<div class=\"blockG\" id=\"rotateG_01\"><\/div>\n\t\t\t\t<div class=\"blockG\" id=\"rotateG_02\"><\/div>\n\t\t\t\t<div class=\"blockG\" id=\"rotateG_03\"><\/div>\n\t\t\t\t<div class=\"blockG\" id=\"rotateG_04\"><\/div>\n\t\t\t\t<div class=\"blockG\" id=\"rotateG_05\"><\/div>\n\t\t\t\t<div class=\"blockG\" id=\"rotateG_06\"><\/div>\n\t\t\t\t<div class=\"blockG\" id=\"rotateG_07\"><\/div>\n\t\t\t\t<div class=\"blockG\" id=\"rotateG_08\"><\/div>\n\t\t\t<\/div>\n\t\t\t<div class=\"WooZone-cross-sell-loader-text\"><\/div>\n\t\t<\/div>\n\t<\/div>\n\n\t\t\n<\/div>\n<div style=\"clear:both;\"><\/div>\n","protected":false},"excerpt":{"rendered":"<p>VIELSEITIG: Der Hochdruckreiniger ist der ideale Helfer f\u00fcr Zuhause, auf dem Bauernhof oder auch auf der Baustelle zum entfernen von hartn\u00e4ckigen Verschmutzungen auf Wegen, Terrassen, Fahrzeugen, Booten und Terrassenm\u00f6beln. Die Anwendungsm\u00f6glichkeiten sind dank der verschiedenen Aufs\u00e4tzen sehr vielseitig.<br \/>\nPOWER: Der Fl\u00e4chenreiniger hat einen starken 2400 Watt Motor bei einem maximal Druck von 180 bar. Durch die maximale F\u00f6rdermenge von 450 L\/h ist das Ger\u00e4t f\u00fcr verschiedenste Reinigungsarbeiten geeignet. Die Fl\u00e4chenleistung liegt bei 50 m\u00b2<br \/>\nKOMFORTABEL: Der 5m Hochdruckschlauch bietet Ihnen die Flexibilit\u00e4t eines weiten und komfortablen Bewegungsradius.<\/p>\n","protected":false},"featured_media":13495,"comment_status":"open","ping_status":"closed","template":"","meta":[],"product_cat":[115,110],"product_tag":[],"class_list":{"0":"post-13494","1":"product","2":"type-product","3":"status-publish","4":"has-post-thumbnail","6":"product_cat-hochdruckreiniger","7":"product_cat-reinigen-und-sandstrahlen","8":"pa_brand-scheppach","11":"first","12":"instock","13":"shipping-taxable","14":"product-type-external"},"_links":{"self":[{"href":"https:\/\/werkzeuge-aller-art.com\/index.php?rest_route=\/wp\/v2\/product\/13494","targetHints":{"allow":["GET"]}}],"collection":[{"href":"https:\/\/werkzeuge-aller-art.com\/index.php?rest_route=\/wp\/v2\/product"}],"about":[{"href":"https:\/\/werkzeuge-aller-art.com\/index.php?rest_route=\/wp\/v2\/types\/product"}],"replies":[{"embeddable":true,"href":"https:\/\/werkzeuge-aller-art.com\/index.php?rest_route=%2Fwp%2Fv2%2Fcomments&post=13494"}],"wp:featuredmedia":[{"embeddable":true,"href":"https:\/\/werkzeuge-aller-art.com\/index.php?rest_route=\/wp\/v2\/media\/13495"}],"wp:attachment":[{"href":"https:\/\/werkzeuge-aller-art.com\/index.php?rest_route=%2Fwp%2Fv2%2Fmedia&parent=13494"}],"wp:term":[{"taxonomy":"product_cat","embeddable":true,"href":"https:\/\/werkzeuge-aller-art.com\/index.php?rest_route=%2Fwp%2Fv2%2Fproduct_cat&post=13494"},{"taxonomy":"product_tag","embeddable":true,"href":"https:\/\/werkzeuge-aller-art.com\/index.php?rest_route=%2Fwp%2Fv2%2Fproduct_tag&post=13494"}],"curies":[{"name":"wp","href":"https:\/\/api.w.org\/{rel}","templated":true}]}}