{"id":13474,"date":"2020-03-07T21:40:47","date_gmt":"2020-03-07T20:40:47","guid":{"rendered":"https:\/\/werkzeuge-aller-art.com\/?product=250-bar-benzin-hochdruckreiniger-mit-96-kw-13-ps-motor"},"modified":"2023-04-07T05:54:06","modified_gmt":"2023-04-07T03:54:06","slug":"250-bar-benzin-hochdruckreiniger-mit-96-kw-13-ps-motor","status":"publish","type":"product","link":"https:\/\/werkzeuge-aller-art.com\/?product=250-bar-benzin-hochdruckreiniger-mit-96-kw-13-ps-motor","title":{"rendered":"250 bar Benzin Hochdruckreiniger mit 9,6 KW (13 PS) Motor"},"content":{"rendered":"<div id='gallery-1' class='gallery galleryid-13474 gallery-columns-3 gallery-size-full'><dl class='gallery-item'>\r\n\t<dt class='gallery-icon landscape'>\r\n\t<a rel='gallery-nr'><img loading=\"lazy\" decoding=\"async\" width=\"500\" height=\"500\" src=\"https:\/\/images-na.ssl-images-amazon.com\/images\/I\/51CdfueUc3L.jpg\" class=\"attachment-full size-full\" alt=\"\" srcset=\"https:\/\/images-na.ssl-images-amazon.com\/images\/I\/51CdfueUc3L.jpg 500w, https:\/\/images-na.ssl-images-amazon.com\/images\/I\/51CdfueUc3L._SS150_.jpg 150w, https:\/\/images-na.ssl-images-amazon.com\/images\/I\/51CdfueUc3L._SS300_.jpg 300w, https:\/\/images-na.ssl-images-amazon.com\/images\/I\/51CdfueUc3L._SS768_.jpg 768w, https:\/\/images-na.ssl-images-amazon.com\/images\/I\/51CdfueUc3L._SS1024_.jpg 1024w, https:\/\/images-na.ssl-images-amazon.com\/images\/I\/51CdfueUc3L._SS1536_.jpg 1536w, https:\/\/images-na.ssl-images-amazon.com\/images\/I\/51CdfueUc3L._SS2048_.jpg 2048w, https:\/\/images-na.ssl-images-amazon.com\/images\/I\/51CdfueUc3L._SS145_.jpg 145w, https:\/\/images-na.ssl-images-amazon.com\/images\/I\/51CdfueUc3L._SS1400_.jpg 1400w, https:\/\/images-na.ssl-images-amazon.com\/images\/I\/51CdfueUc3L._SS50_.jpg 50w, https:\/\/images-na.ssl-images-amazon.com\/images\/I\/51CdfueUc3L._SS604_.jpg 604w, https:\/\/images-na.ssl-images-amazon.com\/images\/I\/51CdfueUc3L._SS262_.jpg 262w, https:\/\/images-na.ssl-images-amazon.com\/images\/I\/51CdfueUc3L._SS600_.jpg 600w, https:\/\/images-na.ssl-images-amazon.com\/images\/I\/51CdfueUc3L._SS100_.jpg 100w\" sizes=\"auto, (max-width: 500px) 100vw, 500px\" \/><\/a>\r\n\t<\/dt>\r\n\t<dd class='wp-caption-text gallery-caption'>\r\n\t<div class='gallery-caption-inner'> <div class='wp-caption-text gallery-title'>\r\n\t250-bar-Benzin-Hochdruckreiniger-mit-96-KW-13-PS-Motor\r\n\t<\/div><div class='wp-caption-text gallery-zoom no-text'>\r\n\t\t<a href=https:\/\/werkzeuge-aller-art.com\/?attachment_id=13475 title='Click to view Full Image' class='icon mustang-gallery'><i class='fa fa-plus'><\/i><\/a>\r\n\t\t<\/div><div class='wp-caption-text gallery-redirect'>\r\n\t\t<a href=https:\/\/werkzeuge-aller-art.com\/?attachment_id=13475 title='Click to view read more' class='icon readmore'><i class='fa fa-link'><\/i><\/a>\r\n\t\t<\/div><\/div><\/dd><\/dl><dl class='gallery-item'>\r\n\t<dt class='gallery-icon landscape'>\r\n\t<a rel='gallery-nr'><img loading=\"lazy\" decoding=\"async\" width=\"500\" height=\"500\" src=\"https:\/\/images-na.ssl-images-amazon.com\/images\/I\/51IChUBLUBL.jpg\" class=\"attachment-full size-full\" alt=\"\" srcset=\"https:\/\/images-na.ssl-images-amazon.com\/images\/I\/51IChUBLUBL.jpg 500w, https:\/\/images-na.ssl-images-amazon.com\/images\/I\/51IChUBLUBL._SS150_.jpg 150w, https:\/\/images-na.ssl-images-amazon.com\/images\/I\/51IChUBLUBL._SS300_.jpg 300w, https:\/\/images-na.ssl-images-amazon.com\/images\/I\/51IChUBLUBL._SS768_.jpg 768w, https:\/\/images-na.ssl-images-amazon.com\/images\/I\/51IChUBLUBL._SS1024_.jpg 1024w, https:\/\/images-na.ssl-images-amazon.com\/images\/I\/51IChUBLUBL._SS1536_.jpg 1536w, https:\/\/images-na.ssl-images-amazon.com\/images\/I\/51IChUBLUBL._SS2048_.jpg 2048w, https:\/\/images-na.ssl-images-amazon.com\/images\/I\/51IChUBLUBL._SS145_.jpg 145w, https:\/\/images-na.ssl-images-amazon.com\/images\/I\/51IChUBLUBL._SS1400_.jpg 1400w, https:\/\/images-na.ssl-images-amazon.com\/images\/I\/51IChUBLUBL._SS50_.jpg 50w, https:\/\/images-na.ssl-images-amazon.com\/images\/I\/51IChUBLUBL._SS604_.jpg 604w, https:\/\/images-na.ssl-images-amazon.com\/images\/I\/51IChUBLUBL._SS262_.jpg 262w, https:\/\/images-na.ssl-images-amazon.com\/images\/I\/51IChUBLUBL._SS600_.jpg 600w, https:\/\/images-na.ssl-images-amazon.com\/images\/I\/51IChUBLUBL._SS100_.jpg 100w\" sizes=\"auto, (max-width: 500px) 100vw, 500px\" \/><\/a>\r\n\t<\/dt>\r\n\t<dd class='wp-caption-text gallery-caption'>\r\n\t<div class='gallery-caption-inner'> <div class='wp-caption-text gallery-title'>\r\n\t250-bar-Benzin-Hochdruckreiniger-mit-96-KW-13-PS-Motor\r\n\t<\/div><div class='wp-caption-text gallery-zoom no-text'>\r\n\t\t<a href=https:\/\/werkzeuge-aller-art.com\/?attachment_id=13476 title='Click to view Full Image' class='icon mustang-gallery'><i class='fa fa-plus'><\/i><\/a>\r\n\t\t<\/div><div class='wp-caption-text gallery-redirect'>\r\n\t\t<a href=https:\/\/werkzeuge-aller-art.com\/?attachment_id=13476 title='Click to view read more' class='icon readmore'><i class='fa fa-link'><\/i><\/a>\r\n\t\t<\/div><\/div><\/dd><\/dl><dl class='gallery-item'>\r\n\t<dt class='gallery-icon landscape'>\r\n\t<a rel='gallery-nr'><img loading=\"lazy\" decoding=\"async\" width=\"500\" height=\"500\" src=\"https:\/\/images-na.ssl-images-amazon.com\/images\/I\/51t3zjR5geL.jpg\" class=\"attachment-full size-full\" alt=\"\" srcset=\"https:\/\/images-na.ssl-images-amazon.com\/images\/I\/51t3zjR5geL.jpg 500w, https:\/\/images-na.ssl-images-amazon.com\/images\/I\/51t3zjR5geL._SS150_.jpg 150w, https:\/\/images-na.ssl-images-amazon.com\/images\/I\/51t3zjR5geL._SS300_.jpg 300w, https:\/\/images-na.ssl-images-amazon.com\/images\/I\/51t3zjR5geL._SS768_.jpg 768w, https:\/\/images-na.ssl-images-amazon.com\/images\/I\/51t3zjR5geL._SS1024_.jpg 1024w, https:\/\/images-na.ssl-images-amazon.com\/images\/I\/51t3zjR5geL._SS1536_.jpg 1536w, https:\/\/images-na.ssl-images-amazon.com\/images\/I\/51t3zjR5geL._SS2048_.jpg 2048w, https:\/\/images-na.ssl-images-amazon.com\/images\/I\/51t3zjR5geL._SS145_.jpg 145w, https:\/\/images-na.ssl-images-amazon.com\/images\/I\/51t3zjR5geL._SS1400_.jpg 1400w, https:\/\/images-na.ssl-images-amazon.com\/images\/I\/51t3zjR5geL._SS50_.jpg 50w, https:\/\/images-na.ssl-images-amazon.com\/images\/I\/51t3zjR5geL._SS604_.jpg 604w, https:\/\/images-na.ssl-images-amazon.com\/images\/I\/51t3zjR5geL._SS262_.jpg 262w, https:\/\/images-na.ssl-images-amazon.com\/images\/I\/51t3zjR5geL._SS600_.jpg 600w, https:\/\/images-na.ssl-images-amazon.com\/images\/I\/51t3zjR5geL._SS100_.jpg 100w\" sizes=\"auto, (max-width: 500px) 100vw, 500px\" \/><\/a>\r\n\t<\/dt>\r\n\t<dd class='wp-caption-text gallery-caption'>\r\n\t<div class='gallery-caption-inner'> <div class='wp-caption-text gallery-title'>\r\n\t250-bar-Benzin-Hochdruckreiniger-mit-96-KW-13-PS-Motor\r\n\t<\/div><div class='wp-caption-text gallery-zoom no-text'>\r\n\t\t<a href=https:\/\/werkzeuge-aller-art.com\/?attachment_id=13477 title='Click to view Full Image' class='icon mustang-gallery'><i class='fa fa-plus'><\/i><\/a>\r\n\t\t<\/div><div class='wp-caption-text gallery-redirect'>\r\n\t\t<a href=https:\/\/werkzeuge-aller-art.com\/?attachment_id=13477 title='Click to view read more' class='icon readmore'><i class='fa fa-link'><\/i><\/a>\r\n\t\t<\/div><\/div><\/dd><\/dl>\r\n<\/div>\n<br \/>\n9,6 kW (13 PS) starker Benzinmotor der neuesten Generation f\u00fcr hohe Reinigungskraft<br \/>\ngeeignet f\u00fcr Fassaden- und Terrassenreinigung, Fahrzeugw\u00e4sche, Bootswerften, Werkst\u00e4tten und Forstbetriebe<br \/>\nAusgezeichnet: Bestes Produkt des Jahres 2019 und Best Of 2019 mit der Note 1,4 in der Oberklasse &#8211; Heimwerker Praxis Ausgabe 01\/2019 und 03\/2019<br \/>\nTop bewertet: Volle 5 H\u00e4mmer beim gro\u00dfen Test der Fachzeitschrift selbst ist der Mann &#8211; Ausgabe 10\/2018<br \/>\nmax. Arbeitsdruck 250 bar &amp; Wasserdurchflussmenge bis zu 1.240 Liter \/ Stunde, innovatives Schnellverschlusssystem zum schnellen Wechseln der D\u00fcsen<br \/>\n<div class=\"main-cross-sell\" data-asin=\"B001BRY47Q\">\n\n\t<div class=\"WooZone-cross-sell-loader\">\n\t\t<div>\n\t\t\t<div id=\"floatingBarsG\">\n\t\t\t\t<div class=\"blockG\" id=\"rotateG_01\"><\/div>\n\t\t\t\t<div class=\"blockG\" id=\"rotateG_02\"><\/div>\n\t\t\t\t<div class=\"blockG\" id=\"rotateG_03\"><\/div>\n\t\t\t\t<div class=\"blockG\" id=\"rotateG_04\"><\/div>\n\t\t\t\t<div class=\"blockG\" id=\"rotateG_05\"><\/div>\n\t\t\t\t<div class=\"blockG\" id=\"rotateG_06\"><\/div>\n\t\t\t\t<div class=\"blockG\" id=\"rotateG_07\"><\/div>\n\t\t\t\t<div class=\"blockG\" id=\"rotateG_08\"><\/div>\n\t\t\t<\/div>\n\t\t\t<div class=\"WooZone-cross-sell-loader-text\"><\/div>\n\t\t<\/div>\n\t<\/div>\n\n\t\t\n<\/div>\n<div style=\"clear:both;\"><\/div>\n","protected":false},"excerpt":{"rendered":"<p>9,6 kW (13 PS) starker Benzinmotor der neuesten Generation f\u00fcr hohe Reinigungskraft<br \/>\ngeeignet f\u00fcr Fassaden- und Terrassenreinigung, Fahrzeugw\u00e4sche, Bootswerften, Werkst\u00e4tten und Forstbetriebe<br \/>\nAusgezeichnet: Bestes Produkt des Jahres 2019 und Best Of 2019 mit der Note 1,4 in der Oberklasse &#8211; Heimwerker Praxis Ausgabe 01\/2019 und 03\/2019<\/p>\n","protected":false},"featured_media":13475,"comment_status":"open","ping_status":"closed","template":"","meta":[],"product_cat":[115,110],"product_tag":[],"class_list":{"0":"post-13474","1":"product","2":"type-product","3":"status-publish","4":"has-post-thumbnail","6":"product_cat-hochdruckreiniger","7":"product_cat-reinigen-und-sandstrahlen","8":"pa_brand-denqbar","11":"first","12":"instock","13":"shipping-taxable","14":"product-type-external"},"_links":{"self":[{"href":"https:\/\/werkzeuge-aller-art.com\/index.php?rest_route=\/wp\/v2\/product\/13474","targetHints":{"allow":["GET"]}}],"collection":[{"href":"https:\/\/werkzeuge-aller-art.com\/index.php?rest_route=\/wp\/v2\/product"}],"about":[{"href":"https:\/\/werkzeuge-aller-art.com\/index.php?rest_route=\/wp\/v2\/types\/product"}],"replies":[{"embeddable":true,"href":"https:\/\/werkzeuge-aller-art.com\/index.php?rest_route=%2Fwp%2Fv2%2Fcomments&post=13474"}],"wp:featuredmedia":[{"embeddable":true,"href":"https:\/\/werkzeuge-aller-art.com\/index.php?rest_route=\/wp\/v2\/media\/13475"}],"wp:attachment":[{"href":"https:\/\/werkzeuge-aller-art.com\/index.php?rest_route=%2Fwp%2Fv2%2Fmedia&parent=13474"}],"wp:term":[{"taxonomy":"product_cat","embeddable":true,"href":"https:\/\/werkzeuge-aller-art.com\/index.php?rest_route=%2Fwp%2Fv2%2Fproduct_cat&post=13474"},{"taxonomy":"product_tag","embeddable":true,"href":"https:\/\/werkzeuge-aller-art.com\/index.php?rest_route=%2Fwp%2Fv2%2Fproduct_tag&post=13474"}],"curies":[{"name":"wp","href":"https:\/\/api.w.org\/{rel}","templated":true}]}}