{"id":13458,"date":"2020-03-07T21:38:51","date_gmt":"2020-03-07T20:38:51","guid":{"rendered":"https:\/\/werkzeuge-aller-art.com\/?product=kaercher-stein-und-fassadenreiniger-3-in-1-1-l"},"modified":"2023-04-07T05:54:06","modified_gmt":"2023-04-07T03:54:06","slug":"kaercher-stein-und-fassadenreiniger-3-in-1-1-l","status":"publish","type":"product","link":"https:\/\/werkzeuge-aller-art.com\/?product=kaercher-stein-und-fassadenreiniger-3-in-1-1-l","title":{"rendered":"K\u00e4rcher Stein- und Fassadenreiniger 3-in-1 (1 l)"},"content":{"rendered":"<div id='gallery-1' class='gallery galleryid-13458 gallery-columns-3 gallery-size-full'><dl class='gallery-item'>\r\n\t<dt class='gallery-icon landscape'>\r\n\t<a rel='gallery-nr'><img loading=\"lazy\" decoding=\"async\" width=\"500\" height=\"500\" src=\"https:\/\/images-na.ssl-images-amazon.com\/images\/I\/31Ji99nOk%2BL.jpg\" class=\"attachment-full size-full\" alt=\"\" srcset=\"https:\/\/images-na.ssl-images-amazon.com\/images\/I\/31Ji99nOk%2BL.jpg 500w, https:\/\/images-na.ssl-images-amazon.com\/images\/I\/31Ji99nOk%2BL._SS150_.jpg 150w, https:\/\/images-na.ssl-images-amazon.com\/images\/I\/31Ji99nOk%2BL._SS300_.jpg 300w, https:\/\/images-na.ssl-images-amazon.com\/images\/I\/31Ji99nOk%2BL._SS768_.jpg 768w, https:\/\/images-na.ssl-images-amazon.com\/images\/I\/31Ji99nOk%2BL._SS1024_.jpg 1024w, https:\/\/images-na.ssl-images-amazon.com\/images\/I\/31Ji99nOk%2BL._SS1536_.jpg 1536w, https:\/\/images-na.ssl-images-amazon.com\/images\/I\/31Ji99nOk%2BL._SS2048_.jpg 2048w, https:\/\/images-na.ssl-images-amazon.com\/images\/I\/31Ji99nOk%2BL._SS145_.jpg 145w, https:\/\/images-na.ssl-images-amazon.com\/images\/I\/31Ji99nOk%2BL._SS1400_.jpg 1400w, https:\/\/images-na.ssl-images-amazon.com\/images\/I\/31Ji99nOk%2BL._SS50_.jpg 50w, https:\/\/images-na.ssl-images-amazon.com\/images\/I\/31Ji99nOk%2BL._SS604_.jpg 604w, https:\/\/images-na.ssl-images-amazon.com\/images\/I\/31Ji99nOk%2BL._SS262_.jpg 262w, https:\/\/images-na.ssl-images-amazon.com\/images\/I\/31Ji99nOk%2BL._SS600_.jpg 600w, https:\/\/images-na.ssl-images-amazon.com\/images\/I\/31Ji99nOk%2BL._SS100_.jpg 100w\" sizes=\"auto, (max-width: 500px) 100vw, 500px\" \/><\/a>\r\n\t<\/dt>\r\n\t<dd class='wp-caption-text gallery-caption'>\r\n\t<div class='gallery-caption-inner'> <div class='wp-caption-text gallery-title'>\r\n\tKrcher-Stein-und-Fassadenreiniger-3-in-1-1-l\r\n\t<\/div><div class='wp-caption-text gallery-zoom no-text'>\r\n\t\t<a href=https:\/\/werkzeuge-aller-art.com\/?attachment_id=13459 title='Click to view Full Image' class='icon mustang-gallery'><i class='fa fa-plus'><\/i><\/a>\r\n\t\t<\/div><div class='wp-caption-text gallery-redirect'>\r\n\t\t<a href=https:\/\/werkzeuge-aller-art.com\/?attachment_id=13459 title='Click to view read more' class='icon readmore'><i class='fa fa-link'><\/i><\/a>\r\n\t\t<\/div><\/div><\/dd><\/dl><dl class='gallery-item'>\r\n\t<dt class='gallery-icon landscape'>\r\n\t<a rel='gallery-nr'><img loading=\"lazy\" decoding=\"async\" width=\"500\" height=\"500\" src=\"https:\/\/images-na.ssl-images-amazon.com\/images\/I\/41OeNrCra9L.jpg\" class=\"attachment-full size-full\" alt=\"\" srcset=\"https:\/\/images-na.ssl-images-amazon.com\/images\/I\/41OeNrCra9L.jpg 500w, https:\/\/images-na.ssl-images-amazon.com\/images\/I\/41OeNrCra9L._SS150_.jpg 150w, https:\/\/images-na.ssl-images-amazon.com\/images\/I\/41OeNrCra9L._SS300_.jpg 300w, https:\/\/images-na.ssl-images-amazon.com\/images\/I\/41OeNrCra9L._SS768_.jpg 768w, https:\/\/images-na.ssl-images-amazon.com\/images\/I\/41OeNrCra9L._SS1024_.jpg 1024w, https:\/\/images-na.ssl-images-amazon.com\/images\/I\/41OeNrCra9L._SS1536_.jpg 1536w, https:\/\/images-na.ssl-images-amazon.com\/images\/I\/41OeNrCra9L._SS2048_.jpg 2048w, https:\/\/images-na.ssl-images-amazon.com\/images\/I\/41OeNrCra9L._SS145_.jpg 145w, https:\/\/images-na.ssl-images-amazon.com\/images\/I\/41OeNrCra9L._SS1400_.jpg 1400w, https:\/\/images-na.ssl-images-amazon.com\/images\/I\/41OeNrCra9L._SS50_.jpg 50w, https:\/\/images-na.ssl-images-amazon.com\/images\/I\/41OeNrCra9L._SS604_.jpg 604w, https:\/\/images-na.ssl-images-amazon.com\/images\/I\/41OeNrCra9L._SS262_.jpg 262w, https:\/\/images-na.ssl-images-amazon.com\/images\/I\/41OeNrCra9L._SS600_.jpg 600w, https:\/\/images-na.ssl-images-amazon.com\/images\/I\/41OeNrCra9L._SS100_.jpg 100w\" sizes=\"auto, (max-width: 500px) 100vw, 500px\" \/><\/a>\r\n\t<\/dt>\r\n\t<dd class='wp-caption-text gallery-caption'>\r\n\t<div class='gallery-caption-inner'> <div class='wp-caption-text gallery-title'>\r\n\tKrcher-Stein-und-Fassadenreiniger-3-in-1-1-l\r\n\t<\/div><div class='wp-caption-text gallery-zoom no-text'>\r\n\t\t<a href=https:\/\/werkzeuge-aller-art.com\/?attachment_id=13460 title='Click to view Full Image' class='icon mustang-gallery'><i class='fa fa-plus'><\/i><\/a>\r\n\t\t<\/div><div class='wp-caption-text gallery-redirect'>\r\n\t\t<a href=https:\/\/werkzeuge-aller-art.com\/?attachment_id=13460 title='Click to view read more' class='icon readmore'><i class='fa fa-link'><\/i><\/a>\r\n\t\t<\/div><\/div><\/dd><\/dl><dl class='gallery-item'>\r\n\t<dt class='gallery-icon landscape'>\r\n\t<a rel='gallery-nr'><img loading=\"lazy\" decoding=\"async\" width=\"500\" height=\"500\" src=\"https:\/\/images-na.ssl-images-amazon.com\/images\/I\/31QNct%2BJcrL.jpg\" class=\"attachment-full size-full\" alt=\"\" srcset=\"https:\/\/images-na.ssl-images-amazon.com\/images\/I\/31QNct%2BJcrL.jpg 500w, https:\/\/images-na.ssl-images-amazon.com\/images\/I\/31QNct%2BJcrL._SS150_.jpg 150w, https:\/\/images-na.ssl-images-amazon.com\/images\/I\/31QNct%2BJcrL._SS300_.jpg 300w, https:\/\/images-na.ssl-images-amazon.com\/images\/I\/31QNct%2BJcrL._SS768_.jpg 768w, https:\/\/images-na.ssl-images-amazon.com\/images\/I\/31QNct%2BJcrL._SS1024_.jpg 1024w, https:\/\/images-na.ssl-images-amazon.com\/images\/I\/31QNct%2BJcrL._SS1536_.jpg 1536w, https:\/\/images-na.ssl-images-amazon.com\/images\/I\/31QNct%2BJcrL._SS2048_.jpg 2048w, https:\/\/images-na.ssl-images-amazon.com\/images\/I\/31QNct%2BJcrL._SS145_.jpg 145w, https:\/\/images-na.ssl-images-amazon.com\/images\/I\/31QNct%2BJcrL._SS1400_.jpg 1400w, https:\/\/images-na.ssl-images-amazon.com\/images\/I\/31QNct%2BJcrL._SS50_.jpg 50w, https:\/\/images-na.ssl-images-amazon.com\/images\/I\/31QNct%2BJcrL._SS604_.jpg 604w, https:\/\/images-na.ssl-images-amazon.com\/images\/I\/31QNct%2BJcrL._SS262_.jpg 262w, https:\/\/images-na.ssl-images-amazon.com\/images\/I\/31QNct%2BJcrL._SS600_.jpg 600w, https:\/\/images-na.ssl-images-amazon.com\/images\/I\/31QNct%2BJcrL._SS100_.jpg 100w\" sizes=\"auto, (max-width: 500px) 100vw, 500px\" \/><\/a>\r\n\t<\/dt>\r\n\t<dd class='wp-caption-text gallery-caption'>\r\n\t<div class='gallery-caption-inner'> <div class='wp-caption-text gallery-title'>\r\n\tKrcher-Stein-und-Fassadenreiniger-3-in-1-1-l\r\n\t<\/div><div class='wp-caption-text gallery-zoom no-text'>\r\n\t\t<a href=https:\/\/werkzeuge-aller-art.com\/?attachment_id=13461 title='Click to view Full Image' class='icon mustang-gallery'><i class='fa fa-plus'><\/i><\/a>\r\n\t\t<\/div><div class='wp-caption-text gallery-redirect'>\r\n\t\t<a href=https:\/\/werkzeuge-aller-art.com\/?attachment_id=13461 title='Click to view read more' class='icon readmore'><i class='fa fa-link'><\/i><\/a>\r\n\t\t<\/div><\/div><\/dd><\/dl>\r\n<\/div>\n<br \/>\n<!-- show up to 2 reviews by default --> <\/p>\n<p><b>Stein- u. Fassadenreiniger 3-in-1, 1L <\/b><\/p>\n<p>Kraftvoller Steinreiniger mit der einzigartigen 3-in-1- Formel, der neben h\u00f6chster Reinigungsleistung dank Aktiv-Schmutzl\u00f6ser, zus\u00e4tzlich eine effiziente Algen-Stopp-Formel und einen Wind- &amp; Wetterschutz bietet. Fu\u0308r h\u00f6chste Reinigungseffizienz, Pflege und Schutz in einem Schritt. Einsetzbar auf Steinterrassen, Mauern und Fassaden rund um Haus und Garten.<\/p>\n<\/p>\n<p>Hochwirksame Entfernung von Emissions- und Stra\u00dfenschmutz sowie Algen- und Pilzbewuchs auf Stein- und Fassadenfl\u00e4chen<br \/>\nWind- und Wetterschutz zur idealen Pflege von Steinoberfl\u00e4chen (auch auf Aluminium-Oberfl\u00e4chen anwendbar)<br \/>\nSchnelle und effiziente Reinigung in Verbindung mit einem K\u00e4rcher Hochdruckreiniger<br \/>\nDas Plug n Clean &#8211; System ist der einfachste und schnellste Weg Reinigungsmittel \u00fcber den Hochdruckreiniger auszubringen<br \/>\nTenside nach OECD biologisch abbaubar<br \/>\n<div class=\"main-cross-sell\" data-asin=\"B00B17M7SO\">\n\n\t<div class=\"WooZone-cross-sell-loader\">\n\t\t<div>\n\t\t\t<div id=\"floatingBarsG\">\n\t\t\t\t<div class=\"blockG\" id=\"rotateG_01\"><\/div>\n\t\t\t\t<div class=\"blockG\" id=\"rotateG_02\"><\/div>\n\t\t\t\t<div class=\"blockG\" id=\"rotateG_03\"><\/div>\n\t\t\t\t<div class=\"blockG\" id=\"rotateG_04\"><\/div>\n\t\t\t\t<div class=\"blockG\" id=\"rotateG_05\"><\/div>\n\t\t\t\t<div class=\"blockG\" id=\"rotateG_06\"><\/div>\n\t\t\t\t<div class=\"blockG\" id=\"rotateG_07\"><\/div>\n\t\t\t\t<div class=\"blockG\" id=\"rotateG_08\"><\/div>\n\t\t\t<\/div>\n\t\t\t<div class=\"WooZone-cross-sell-loader-text\"><\/div>\n\t\t<\/div>\n\t<\/div>\n\n\t\t\n<\/div>\n<div style=\"clear:both;\"><\/div>\n","protected":false},"excerpt":{"rendered":"<p>Hochwirksame Entfernung von Emissions- und Stra\u00dfenschmutz sowie Algen- und Pilzbewuchs auf Stein- und Fassadenfl\u00e4chen<br \/>\nWind- und Wetterschutz zur idealen Pflege von Steinoberfl\u00e4chen (auch auf Aluminium-Oberfl\u00e4chen anwendbar)<br \/>\nSchnelle und effiziente Reinigung in Verbindung mit einem K\u00e4rcher Hochdruckreiniger<\/p>\n","protected":false},"featured_media":13459,"comment_status":"open","ping_status":"closed","template":"","meta":[],"product_cat":[15],"product_tag":[],"class_list":{"0":"post-13458","1":"product","2":"type-product","3":"status-publish","4":"has-post-thumbnail","6":"product_cat-unkategorisiert","7":"pa_brand-kaercher","10":"first","11":"instock","12":"shipping-taxable","13":"product-type-external"},"_links":{"self":[{"href":"https:\/\/werkzeuge-aller-art.com\/index.php?rest_route=\/wp\/v2\/product\/13458","targetHints":{"allow":["GET"]}}],"collection":[{"href":"https:\/\/werkzeuge-aller-art.com\/index.php?rest_route=\/wp\/v2\/product"}],"about":[{"href":"https:\/\/werkzeuge-aller-art.com\/index.php?rest_route=\/wp\/v2\/types\/product"}],"replies":[{"embeddable":true,"href":"https:\/\/werkzeuge-aller-art.com\/index.php?rest_route=%2Fwp%2Fv2%2Fcomments&post=13458"}],"wp:featuredmedia":[{"embeddable":true,"href":"https:\/\/werkzeuge-aller-art.com\/index.php?rest_route=\/wp\/v2\/media\/13459"}],"wp:attachment":[{"href":"https:\/\/werkzeuge-aller-art.com\/index.php?rest_route=%2Fwp%2Fv2%2Fmedia&parent=13458"}],"wp:term":[{"taxonomy":"product_cat","embeddable":true,"href":"https:\/\/werkzeuge-aller-art.com\/index.php?rest_route=%2Fwp%2Fv2%2Fproduct_cat&post=13458"},{"taxonomy":"product_tag","embeddable":true,"href":"https:\/\/werkzeuge-aller-art.com\/index.php?rest_route=%2Fwp%2Fv2%2Fproduct_tag&post=13458"}],"curies":[{"name":"wp","href":"https:\/\/api.w.org\/{rel}","templated":true}]}}