{"id":13412,"date":"2020-03-07T21:37:48","date_gmt":"2020-03-07T20:37:48","guid":{"rendered":"https:\/\/werkzeuge-aller-art.com\/?product=stier-hochdruckreiniger-sdr-160-2200-w-165-bar-378-l-h"},"modified":"2023-04-10T06:16:23","modified_gmt":"2023-04-10T04:16:23","slug":"stier-hochdruckreiniger-sdr-160-2200-w-165-bar-378-l-h","status":"publish","type":"product","link":"https:\/\/werkzeuge-aller-art.com\/?product=stier-hochdruckreiniger-sdr-160-2200-w-165-bar-378-l-h","title":{"rendered":"STIER Hochdruckreiniger SDR-160, 2200 W, max. Druck 165 bar, max. F\u00f6rdermenge 492 l\/h, Mit Schlauchtrommel, 10 Meter\u2026"},"content":{"rendered":"<div id='gallery-1' class='gallery galleryid-13412 gallery-columns-3 gallery-size-full'><dl class='gallery-item'>\r\n\t<dt class='gallery-icon landscape'>\r\n\t<a rel='gallery-nr'><img loading=\"lazy\" decoding=\"async\" width=\"500\" height=\"500\" src=\"https:\/\/images-na.ssl-images-amazon.com\/images\/I\/41t9%2BKMQjXL.jpg\" class=\"attachment-full size-full\" alt=\"\" srcset=\"https:\/\/images-na.ssl-images-amazon.com\/images\/I\/41t9%2BKMQjXL.jpg 500w, https:\/\/images-na.ssl-images-amazon.com\/images\/I\/41t9%2BKMQjXL._SS150_.jpg 150w, https:\/\/images-na.ssl-images-amazon.com\/images\/I\/41t9%2BKMQjXL._SS300_.jpg 300w, https:\/\/images-na.ssl-images-amazon.com\/images\/I\/41t9%2BKMQjXL._SS768_.jpg 768w, https:\/\/images-na.ssl-images-amazon.com\/images\/I\/41t9%2BKMQjXL._SS1024_.jpg 1024w, https:\/\/images-na.ssl-images-amazon.com\/images\/I\/41t9%2BKMQjXL._SS1536_.jpg 1536w, https:\/\/images-na.ssl-images-amazon.com\/images\/I\/41t9%2BKMQjXL._SS2048_.jpg 2048w, https:\/\/images-na.ssl-images-amazon.com\/images\/I\/41t9%2BKMQjXL._SS145_.jpg 145w, https:\/\/images-na.ssl-images-amazon.com\/images\/I\/41t9%2BKMQjXL._SS1400_.jpg 1400w, https:\/\/images-na.ssl-images-amazon.com\/images\/I\/41t9%2BKMQjXL._SS50_.jpg 50w, https:\/\/images-na.ssl-images-amazon.com\/images\/I\/41t9%2BKMQjXL._SS604_.jpg 604w, https:\/\/images-na.ssl-images-amazon.com\/images\/I\/41t9%2BKMQjXL._SS262_.jpg 262w, https:\/\/images-na.ssl-images-amazon.com\/images\/I\/41t9%2BKMQjXL._SS600_.jpg 600w, https:\/\/images-na.ssl-images-amazon.com\/images\/I\/41t9%2BKMQjXL._SS100_.jpg 100w\" sizes=\"auto, (max-width: 500px) 100vw, 500px\" \/><\/a>\r\n\t<\/dt>\r\n\t<dd class='wp-caption-text gallery-caption'>\r\n\t<div class='gallery-caption-inner'> <div class='wp-caption-text gallery-title'>\r\n\tSTIER-Hochdruckreiniger-SDR-160-2200-W-165-bar-378-lh\r\n\t<\/div><div class='wp-caption-text gallery-zoom no-text'>\r\n\t\t<a href=https:\/\/werkzeuge-aller-art.com\/?attachment_id=13413 title='Click to view Full Image' class='icon mustang-gallery'><i class='fa fa-plus'><\/i><\/a>\r\n\t\t<\/div><div class='wp-caption-text gallery-redirect'>\r\n\t\t<a href=https:\/\/werkzeuge-aller-art.com\/?attachment_id=13413 title='Click to view read more' class='icon readmore'><i class='fa fa-link'><\/i><\/a>\r\n\t\t<\/div><\/div><\/dd><\/dl><dl class='gallery-item'>\r\n\t<dt class='gallery-icon landscape'>\r\n\t<a rel='gallery-nr'><img loading=\"lazy\" decoding=\"async\" width=\"500\" height=\"500\" src=\"https:\/\/images-na.ssl-images-amazon.com\/images\/I\/41WbI1yV5RL.jpg\" class=\"attachment-full size-full\" alt=\"\" srcset=\"https:\/\/images-na.ssl-images-amazon.com\/images\/I\/41WbI1yV5RL.jpg 500w, https:\/\/images-na.ssl-images-amazon.com\/images\/I\/41WbI1yV5RL._SS150_.jpg 150w, https:\/\/images-na.ssl-images-amazon.com\/images\/I\/41WbI1yV5RL._SS300_.jpg 300w, https:\/\/images-na.ssl-images-amazon.com\/images\/I\/41WbI1yV5RL._SS768_.jpg 768w, https:\/\/images-na.ssl-images-amazon.com\/images\/I\/41WbI1yV5RL._SS1024_.jpg 1024w, https:\/\/images-na.ssl-images-amazon.com\/images\/I\/41WbI1yV5RL._SS1536_.jpg 1536w, https:\/\/images-na.ssl-images-amazon.com\/images\/I\/41WbI1yV5RL._SS2048_.jpg 2048w, https:\/\/images-na.ssl-images-amazon.com\/images\/I\/41WbI1yV5RL._SS145_.jpg 145w, https:\/\/images-na.ssl-images-amazon.com\/images\/I\/41WbI1yV5RL._SS1400_.jpg 1400w, https:\/\/images-na.ssl-images-amazon.com\/images\/I\/41WbI1yV5RL._SS50_.jpg 50w, https:\/\/images-na.ssl-images-amazon.com\/images\/I\/41WbI1yV5RL._SS604_.jpg 604w, https:\/\/images-na.ssl-images-amazon.com\/images\/I\/41WbI1yV5RL._SS262_.jpg 262w, https:\/\/images-na.ssl-images-amazon.com\/images\/I\/41WbI1yV5RL._SS600_.jpg 600w, https:\/\/images-na.ssl-images-amazon.com\/images\/I\/41WbI1yV5RL._SS100_.jpg 100w\" sizes=\"auto, (max-width: 500px) 100vw, 500px\" \/><\/a>\r\n\t<\/dt>\r\n\t<dd class='wp-caption-text gallery-caption'>\r\n\t<div class='gallery-caption-inner'> <div class='wp-caption-text gallery-title'>\r\n\tSTIER-Hochdruckreiniger-SDR-160-2200-W-165-bar-378-lh\r\n\t<\/div><div class='wp-caption-text gallery-zoom no-text'>\r\n\t\t<a href=https:\/\/werkzeuge-aller-art.com\/?attachment_id=13414 title='Click to view Full Image' class='icon mustang-gallery'><i class='fa fa-plus'><\/i><\/a>\r\n\t\t<\/div><div class='wp-caption-text gallery-redirect'>\r\n\t\t<a href=https:\/\/werkzeuge-aller-art.com\/?attachment_id=13414 title='Click to view read more' class='icon readmore'><i class='fa fa-link'><\/i><\/a>\r\n\t\t<\/div><\/div><\/dd><\/dl><dl class='gallery-item'>\r\n\t<dt class='gallery-icon landscape'>\r\n\t<a rel='gallery-nr'><img loading=\"lazy\" decoding=\"async\" width=\"500\" height=\"500\" src=\"https:\/\/images-na.ssl-images-amazon.com\/images\/I\/41rodTII38L.jpg\" class=\"attachment-full size-full\" alt=\"\" srcset=\"https:\/\/images-na.ssl-images-amazon.com\/images\/I\/41rodTII38L.jpg 500w, https:\/\/images-na.ssl-images-amazon.com\/images\/I\/41rodTII38L._SS150_.jpg 150w, https:\/\/images-na.ssl-images-amazon.com\/images\/I\/41rodTII38L._SS300_.jpg 300w, https:\/\/images-na.ssl-images-amazon.com\/images\/I\/41rodTII38L._SS768_.jpg 768w, https:\/\/images-na.ssl-images-amazon.com\/images\/I\/41rodTII38L._SS1024_.jpg 1024w, https:\/\/images-na.ssl-images-amazon.com\/images\/I\/41rodTII38L._SS1536_.jpg 1536w, https:\/\/images-na.ssl-images-amazon.com\/images\/I\/41rodTII38L._SS2048_.jpg 2048w, https:\/\/images-na.ssl-images-amazon.com\/images\/I\/41rodTII38L._SS145_.jpg 145w, https:\/\/images-na.ssl-images-amazon.com\/images\/I\/41rodTII38L._SS1400_.jpg 1400w, https:\/\/images-na.ssl-images-amazon.com\/images\/I\/41rodTII38L._SS50_.jpg 50w, https:\/\/images-na.ssl-images-amazon.com\/images\/I\/41rodTII38L._SS604_.jpg 604w, https:\/\/images-na.ssl-images-amazon.com\/images\/I\/41rodTII38L._SS262_.jpg 262w, https:\/\/images-na.ssl-images-amazon.com\/images\/I\/41rodTII38L._SS600_.jpg 600w, https:\/\/images-na.ssl-images-amazon.com\/images\/I\/41rodTII38L._SS100_.jpg 100w\" sizes=\"auto, (max-width: 500px) 100vw, 500px\" \/><\/a>\r\n\t<\/dt>\r\n\t<dd class='wp-caption-text gallery-caption'>\r\n\t<div class='gallery-caption-inner'> <div class='wp-caption-text gallery-title'>\r\n\tSTIER-Hochdruckreiniger-SDR-160-2200-W-165-bar-378-lh\r\n\t<\/div><div class='wp-caption-text gallery-zoom no-text'>\r\n\t\t<a href=https:\/\/werkzeuge-aller-art.com\/?attachment_id=13415 title='Click to view Full Image' class='icon mustang-gallery'><i class='fa fa-plus'><\/i><\/a>\r\n\t\t<\/div><div class='wp-caption-text gallery-redirect'>\r\n\t\t<a href=https:\/\/werkzeuge-aller-art.com\/?attachment_id=13415 title='Click to view read more' class='icon readmore'><i class='fa fa-link'><\/i><\/a>\r\n\t\t<\/div><\/div><\/dd><\/dl>\r\n<\/div>\n<br \/>\nIdeal f\u00fcr alle Reinigungsarbeiten rund ums Haus<br \/>\nRobustes und zweckm\u00e4\u00dfiges Design &#8211; Zubeh\u00f6raufbewahrung direkt am Ger\u00e4t<br \/>\nGel\u00e4ndeg\u00e4ngiges Fahrwerk<br \/>\n5 Meter Schlauch und 5 Meter Anschlusskabel erlauben flexibles Arbeiten<br \/>\nSTIER Produkte werden von Profis aus Handwerk und Industrie entwickelt und verbinden in h\u00f6chstem Ma\u00dfe Leistungsst\u00e4rke und Ergonomie. Kraftvoll. Widerstandsf\u00e4hig. Langlebig. Tausende Kunden vertrauen dem besten Preis-Leistungs-Verh\u00e4ltnis. Erlebe auch du die STIER Produktpalette in unserer Markenwelt hier auf Amazon.<br \/>\n<div class=\"main-cross-sell\" data-asin=\"B07XB6GS5W\">\n\n\t<div class=\"WooZone-cross-sell-loader\">\n\t\t<div>\n\t\t\t<div id=\"floatingBarsG\">\n\t\t\t\t<div class=\"blockG\" id=\"rotateG_01\"><\/div>\n\t\t\t\t<div class=\"blockG\" id=\"rotateG_02\"><\/div>\n\t\t\t\t<div class=\"blockG\" id=\"rotateG_03\"><\/div>\n\t\t\t\t<div class=\"blockG\" id=\"rotateG_04\"><\/div>\n\t\t\t\t<div class=\"blockG\" id=\"rotateG_05\"><\/div>\n\t\t\t\t<div class=\"blockG\" id=\"rotateG_06\"><\/div>\n\t\t\t\t<div class=\"blockG\" id=\"rotateG_07\"><\/div>\n\t\t\t\t<div class=\"blockG\" id=\"rotateG_08\"><\/div>\n\t\t\t<\/div>\n\t\t\t<div class=\"WooZone-cross-sell-loader-text\"><\/div>\n\t\t<\/div>\n\t<\/div>\n\n\t\t\n<\/div>\n<div style=\"clear:both;\"><\/div>\n","protected":false},"excerpt":{"rendered":"<p>Ideal f\u00fcr alle Reinigungsarbeiten rund ums Haus<br \/>\nRobustes und zweckm\u00e4\u00dfiges Design &#8211; Zubeh\u00f6raufbewahrung direkt am Ger\u00e4t<br \/>\nGel\u00e4ndeg\u00e4ngiges Fahrwerk<\/p>\n","protected":false},"featured_media":13413,"comment_status":"open","ping_status":"closed","template":"","meta":[],"product_cat":[115,110],"product_tag":[],"class_list":{"0":"post-13412","1":"product","2":"type-product","3":"status-publish","4":"has-post-thumbnail","6":"product_cat-hochdruckreiniger","7":"product_cat-reinigen-und-sandstrahlen","8":"pa_brand-stier","11":"first","12":"instock","13":"shipping-taxable","14":"product-type-external"},"_links":{"self":[{"href":"https:\/\/werkzeuge-aller-art.com\/index.php?rest_route=\/wp\/v2\/product\/13412","targetHints":{"allow":["GET"]}}],"collection":[{"href":"https:\/\/werkzeuge-aller-art.com\/index.php?rest_route=\/wp\/v2\/product"}],"about":[{"href":"https:\/\/werkzeuge-aller-art.com\/index.php?rest_route=\/wp\/v2\/types\/product"}],"replies":[{"embeddable":true,"href":"https:\/\/werkzeuge-aller-art.com\/index.php?rest_route=%2Fwp%2Fv2%2Fcomments&post=13412"}],"wp:featuredmedia":[{"embeddable":true,"href":"https:\/\/werkzeuge-aller-art.com\/index.php?rest_route=\/wp\/v2\/media\/13413"}],"wp:attachment":[{"href":"https:\/\/werkzeuge-aller-art.com\/index.php?rest_route=%2Fwp%2Fv2%2Fmedia&parent=13412"}],"wp:term":[{"taxonomy":"product_cat","embeddable":true,"href":"https:\/\/werkzeuge-aller-art.com\/index.php?rest_route=%2Fwp%2Fv2%2Fproduct_cat&post=13412"},{"taxonomy":"product_tag","embeddable":true,"href":"https:\/\/werkzeuge-aller-art.com\/index.php?rest_route=%2Fwp%2Fv2%2Fproduct_tag&post=13412"}],"curies":[{"name":"wp","href":"https:\/\/api.w.org\/{rel}","templated":true}]}}