{"id":13404,"date":"2020-03-07T21:36:19","date_gmt":"2020-03-07T20:36:19","guid":{"rendered":"https:\/\/werkzeuge-aller-art.com\/?product=blackdecker-bxpw1400e-hochdruckreiniger"},"modified":"2023-04-10T06:16:23","modified_gmt":"2023-04-10T04:16:23","slug":"blackdecker-bxpw1400e-hochdruckreiniger","status":"publish","type":"product","link":"https:\/\/werkzeuge-aller-art.com\/?product=blackdecker-bxpw1400e-hochdruckreiniger","title":{"rendered":"BLACK+DECKER Hochdruckreiniger BXPW1400E (1400 W, 110 bar, 390 l\/h)"},"content":{"rendered":"\n\t\t<div id='gallery-1' class='gallery galleryid-13404 gallery-columns-3 gallery-size-full'><dl class='gallery-item'>\r\n\t<dt class='gallery-icon landscape'>\r\n\t<a rel='gallery-nr'><img loading=\"lazy\" decoding=\"async\" width=\"500\" height=\"500\" src=\"https:\/\/images-na.ssl-images-amazon.com\/images\/I\/41fpzYn7u8L.jpg\" class=\"attachment-full size-full\" alt=\"\" srcset=\"https:\/\/images-na.ssl-images-amazon.com\/images\/I\/41fpzYn7u8L.jpg 500w, https:\/\/images-na.ssl-images-amazon.com\/images\/I\/41fpzYn7u8L._SS150_.jpg 150w, https:\/\/images-na.ssl-images-amazon.com\/images\/I\/41fpzYn7u8L._SS300_.jpg 300w, https:\/\/images-na.ssl-images-amazon.com\/images\/I\/41fpzYn7u8L._SS768_.jpg 768w, https:\/\/images-na.ssl-images-amazon.com\/images\/I\/41fpzYn7u8L._SS1024_.jpg 1024w, https:\/\/images-na.ssl-images-amazon.com\/images\/I\/41fpzYn7u8L._SS1536_.jpg 1536w, https:\/\/images-na.ssl-images-amazon.com\/images\/I\/41fpzYn7u8L._SS2048_.jpg 2048w, https:\/\/images-na.ssl-images-amazon.com\/images\/I\/41fpzYn7u8L._SS145_.jpg 145w, https:\/\/images-na.ssl-images-amazon.com\/images\/I\/41fpzYn7u8L._SS1400_.jpg 1400w, https:\/\/images-na.ssl-images-amazon.com\/images\/I\/41fpzYn7u8L._SS50_.jpg 50w, https:\/\/images-na.ssl-images-amazon.com\/images\/I\/41fpzYn7u8L._SS604_.jpg 604w, https:\/\/images-na.ssl-images-amazon.com\/images\/I\/41fpzYn7u8L._SS262_.jpg 262w, https:\/\/images-na.ssl-images-amazon.com\/images\/I\/41fpzYn7u8L._SS600_.jpg 600w, https:\/\/images-na.ssl-images-amazon.com\/images\/I\/41fpzYn7u8L._SS100_.jpg 100w\" sizes=\"auto, (max-width: 500px) 100vw, 500px\" \/><\/a>\r\n\t<\/dt>\r\n\t<dd class='wp-caption-text gallery-caption'>\r\n\t<div class='gallery-caption-inner'> <div class='wp-caption-text gallery-title'>\r\n\tBlackDecker-BXPW1400E-Hochdruckreiniger\r\n\t<\/div><div class='wp-caption-text gallery-zoom no-text'>\r\n\t\t<a href=https:\/\/werkzeuge-aller-art.com\/?attachment_id=13405 title='Click to view Full Image' class='icon mustang-gallery'><i class='fa fa-plus'><\/i><\/a>\r\n\t\t<\/div><div class='wp-caption-text gallery-redirect'>\r\n\t\t<a href=https:\/\/werkzeuge-aller-art.com\/?attachment_id=13405 title='Click to view read more' class='icon readmore'><i class='fa fa-link'><\/i><\/a>\r\n\t\t<\/div><\/div><\/dd><\/dl><dl class='gallery-item'>\r\n\t<dt class='gallery-icon landscape'>\r\n\t<a rel='gallery-nr'><img loading=\"lazy\" decoding=\"async\" width=\"500\" height=\"500\" src=\"https:\/\/images-na.ssl-images-amazon.com\/images\/I\/410n4AOUfPL.jpg\" class=\"attachment-full size-full\" alt=\"\" srcset=\"https:\/\/images-na.ssl-images-amazon.com\/images\/I\/410n4AOUfPL.jpg 500w, https:\/\/images-na.ssl-images-amazon.com\/images\/I\/410n4AOUfPL._SS150_.jpg 150w, https:\/\/images-na.ssl-images-amazon.com\/images\/I\/410n4AOUfPL._SS300_.jpg 300w, https:\/\/images-na.ssl-images-amazon.com\/images\/I\/410n4AOUfPL._SS768_.jpg 768w, https:\/\/images-na.ssl-images-amazon.com\/images\/I\/410n4AOUfPL._SS1024_.jpg 1024w, https:\/\/images-na.ssl-images-amazon.com\/images\/I\/410n4AOUfPL._SS1536_.jpg 1536w, https:\/\/images-na.ssl-images-amazon.com\/images\/I\/410n4AOUfPL._SS2048_.jpg 2048w, https:\/\/images-na.ssl-images-amazon.com\/images\/I\/410n4AOUfPL._SS145_.jpg 145w, https:\/\/images-na.ssl-images-amazon.com\/images\/I\/410n4AOUfPL._SS1400_.jpg 1400w, https:\/\/images-na.ssl-images-amazon.com\/images\/I\/410n4AOUfPL._SS50_.jpg 50w, https:\/\/images-na.ssl-images-amazon.com\/images\/I\/410n4AOUfPL._SS604_.jpg 604w, https:\/\/images-na.ssl-images-amazon.com\/images\/I\/410n4AOUfPL._SS262_.jpg 262w, https:\/\/images-na.ssl-images-amazon.com\/images\/I\/410n4AOUfPL._SS600_.jpg 600w, https:\/\/images-na.ssl-images-amazon.com\/images\/I\/410n4AOUfPL._SS100_.jpg 100w\" sizes=\"auto, (max-width: 500px) 100vw, 500px\" \/><\/a>\r\n\t<\/dt>\r\n\t<dd class='wp-caption-text gallery-caption'>\r\n\t<div class='gallery-caption-inner'> <div class='wp-caption-text gallery-title'>\r\n\tBlackDecker-BXPW1400E-Hochdruckreiniger\r\n\t<\/div><div class='wp-caption-text gallery-zoom no-text'>\r\n\t\t<a href=https:\/\/werkzeuge-aller-art.com\/?attachment_id=13406 title='Click to view Full Image' class='icon mustang-gallery'><i class='fa fa-plus'><\/i><\/a>\r\n\t\t<\/div><div class='wp-caption-text gallery-redirect'>\r\n\t\t<a href=https:\/\/werkzeuge-aller-art.com\/?attachment_id=13406 title='Click to view read more' class='icon readmore'><i class='fa fa-link'><\/i><\/a>\r\n\t\t<\/div><\/div><\/dd><\/dl><dl class='gallery-item'>\r\n\t<dt class='gallery-icon landscape'>\r\n\t<a rel='gallery-nr'><img loading=\"lazy\" decoding=\"async\" width=\"500\" height=\"500\" src=\"https:\/\/images-na.ssl-images-amazon.com\/images\/I\/41PIAlCKQBL.jpg\" class=\"attachment-full size-full\" alt=\"\" srcset=\"https:\/\/images-na.ssl-images-amazon.com\/images\/I\/41PIAlCKQBL.jpg 500w, https:\/\/images-na.ssl-images-amazon.com\/images\/I\/41PIAlCKQBL._SS150_.jpg 150w, https:\/\/images-na.ssl-images-amazon.com\/images\/I\/41PIAlCKQBL._SS300_.jpg 300w, https:\/\/images-na.ssl-images-amazon.com\/images\/I\/41PIAlCKQBL._SS768_.jpg 768w, https:\/\/images-na.ssl-images-amazon.com\/images\/I\/41PIAlCKQBL._SS1024_.jpg 1024w, https:\/\/images-na.ssl-images-amazon.com\/images\/I\/41PIAlCKQBL._SS1536_.jpg 1536w, https:\/\/images-na.ssl-images-amazon.com\/images\/I\/41PIAlCKQBL._SS2048_.jpg 2048w, https:\/\/images-na.ssl-images-amazon.com\/images\/I\/41PIAlCKQBL._SS145_.jpg 145w, https:\/\/images-na.ssl-images-amazon.com\/images\/I\/41PIAlCKQBL._SS1400_.jpg 1400w, https:\/\/images-na.ssl-images-amazon.com\/images\/I\/41PIAlCKQBL._SS50_.jpg 50w, https:\/\/images-na.ssl-images-amazon.com\/images\/I\/41PIAlCKQBL._SS604_.jpg 604w, https:\/\/images-na.ssl-images-amazon.com\/images\/I\/41PIAlCKQBL._SS262_.jpg 262w, https:\/\/images-na.ssl-images-amazon.com\/images\/I\/41PIAlCKQBL._SS600_.jpg 600w, https:\/\/images-na.ssl-images-amazon.com\/images\/I\/41PIAlCKQBL._SS100_.jpg 100w\" sizes=\"auto, (max-width: 500px) 100vw, 500px\" \/><\/a>\r\n\t<\/dt>\r\n\t<dd class='wp-caption-text gallery-caption'>\r\n\t<div class='gallery-caption-inner'> <div class='wp-caption-text gallery-title'>\r\n\tBlackDecker-BXPW1400E-Hochdruckreiniger\r\n\t<\/div><div class='wp-caption-text gallery-zoom no-text'>\r\n\t\t<a href=https:\/\/werkzeuge-aller-art.com\/?attachment_id=13407 title='Click to view Full Image' class='icon mustang-gallery'><i class='fa fa-plus'><\/i><\/a>\r\n\t\t<\/div><div class='wp-caption-text gallery-redirect'>\r\n\t\t<a href=https:\/\/werkzeuge-aller-art.com\/?attachment_id=13407 title='Click to view read more' class='icon readmore'><i class='fa fa-link'><\/i><\/a>\r\n\t\t<\/div><\/div><\/dd><\/dl>\r\n<\/div>\n\n<div class=\"disclaim\"> Stil:<strong>6 accessories<\/strong> <\/div>\n<p> <!-- show up to 2 reviews by default --> <\/p>\n<p>Der Hochdruckreiniger BXPW1400E eignet sich ideal zur gelegentlichen Reinigung von m\u00e4\u00dfig verschmutzten Au\u00dfenfl\u00e4chen des eigenen Heims, von Gattern, Werkzeugen und Gartenm\u00f6beln sowie des Autos, Motorrads oder Fahrrads. Die Bedienung ist ganz einfach: Man muss ihn nur an das Wassernetz und das Stromnetz anschlie\u00dfen und den Schalter auf EIN drehen. Die Zubeh\u00f6rausstattung des BXPW1400E besteht aus 6 Teilen: eine Pistole, eine Lanze und ein Hochdruckschlauch von 5 m L\u00e4nge; eine Rotationsd\u00fcse zum schnellen und wirksamen Entfernen von hartn\u00e4ckigem Schmutz; eine verstellbare D\u00fcse, mit der man die St\u00e4rke des Wasserstrahls nach Bedarf regulieren kann; ein Schaumreinigungssatz von 0,4 Litern, der an der Lanze angebracht werden kann. Der BXPW1400E ist der kompakteste Hochdruckreiniger der Serie BX BLACK+DECKER. Er ist leicht und ben\u00f6tigt nur wenig Platz, auch weil Zubeh\u00f6r und Kabel am Ger\u00e4t verstaut werden k\u00f6nnen. Mit seinem integrierten oberen Griff und den zwei R\u00e4dern mit 12 cm Durchmesser und Gummilauffl\u00e4che ist er besonders handlich und m\u00fchelos zu transportieren. Die Garantiezeit betr\u00e4gt 2 Jahre ab dem Kaufdatum. <\/p>\n<p>Max. Druck (bar) 110; Leistungsaufnahme (kW) 1,4; Max. F\u00f6rdermenge (l\/h) 390; Max. Wasserzulauftemperatur (\u00b0C) 50<br \/>\nIdealer Hochdruckreiniger zur gelegentlichen Reinigung von m\u00e4\u00dfig verschmutzten Au\u00dfenfl\u00e4chen, von Gattern, Werkzeugen und Gartenm\u00f6beln sowie des Autos, Motorrads oder Fahrrads<br \/>\nAusstattung mit 6 Zubeh\u00f6rteilen, die nach Gebrauch auf der R\u00fcckseite des Ger\u00e4ts verstaut werden k\u00f6nnen<br \/>\nSchnellkupplung auf dem Wasserzulauf mit inspektionierbarem Filter, der Verunreinigungen zur\u00fcckh\u00e4lt und den einwandfreien Betrieb des Hochdruckreinigers garantiert<br \/>\nIn das Oberteil des Ger\u00e4ts integrierter Griff f\u00fcr den komfortablen Transport<br \/>\n<div class=\"main-cross-sell\" data-asin=\"B077TYKYV1\">\n\n\t<div class=\"WooZone-cross-sell-loader\">\n\t\t<div>\n\t\t\t<div id=\"floatingBarsG\">\n\t\t\t\t<div class=\"blockG\" id=\"rotateG_01\"><\/div>\n\t\t\t\t<div class=\"blockG\" id=\"rotateG_02\"><\/div>\n\t\t\t\t<div class=\"blockG\" id=\"rotateG_03\"><\/div>\n\t\t\t\t<div class=\"blockG\" id=\"rotateG_04\"><\/div>\n\t\t\t\t<div class=\"blockG\" id=\"rotateG_05\"><\/div>\n\t\t\t\t<div class=\"blockG\" id=\"rotateG_06\"><\/div>\n\t\t\t\t<div class=\"blockG\" id=\"rotateG_07\"><\/div>\n\t\t\t\t<div class=\"blockG\" id=\"rotateG_08\"><\/div>\n\t\t\t<\/div>\n\t\t\t<div class=\"WooZone-cross-sell-loader-text\"><\/div>\n\t\t<\/div>\n\t<\/div>\n\n\t\t\n<\/div>\n<div style=\"clear:both;\"><\/div>\n","protected":false},"excerpt":{"rendered":"<p>Max. Druck (bar) 110; Leistungsaufnahme (kW) 1,4; Max. F\u00f6rdermenge (l\/h) 390; Max. Wasserzulauftemperatur (\u00b0C) 50<br \/>\nIdealer Hochdruckreiniger zur gelegentlichen Reinigung von m\u00e4\u00dfig verschmutzten Au\u00dfenfl\u00e4chen, von Gattern, Werkzeugen und Gartenm\u00f6beln sowie des Autos, Motorrads oder Fahrrads<br \/>\nAusstattung mit 6 Zubeh\u00f6rteilen, die nach Gebrauch auf der R\u00fcckseite des Ger\u00e4ts verstaut werden k\u00f6nnen<\/p>\n","protected":false},"featured_media":13405,"comment_status":"open","ping_status":"closed","template":"","meta":[],"product_cat":[115,110],"product_tag":[],"class_list":{"0":"post-13404","1":"product","2":"type-product","3":"status-publish","4":"has-post-thumbnail","6":"product_cat-hochdruckreiniger","7":"product_cat-reinigen-und-sandstrahlen","8":"pa_brand-blackplusdecker","11":"first","12":"instock","13":"shipping-taxable","14":"product-type-external"},"_links":{"self":[{"href":"https:\/\/werkzeuge-aller-art.com\/index.php?rest_route=\/wp\/v2\/product\/13404","targetHints":{"allow":["GET"]}}],"collection":[{"href":"https:\/\/werkzeuge-aller-art.com\/index.php?rest_route=\/wp\/v2\/product"}],"about":[{"href":"https:\/\/werkzeuge-aller-art.com\/index.php?rest_route=\/wp\/v2\/types\/product"}],"replies":[{"embeddable":true,"href":"https:\/\/werkzeuge-aller-art.com\/index.php?rest_route=%2Fwp%2Fv2%2Fcomments&post=13404"}],"wp:featuredmedia":[{"embeddable":true,"href":"https:\/\/werkzeuge-aller-art.com\/index.php?rest_route=\/wp\/v2\/media\/13405"}],"wp:attachment":[{"href":"https:\/\/werkzeuge-aller-art.com\/index.php?rest_route=%2Fwp%2Fv2%2Fmedia&parent=13404"}],"wp:term":[{"taxonomy":"product_cat","embeddable":true,"href":"https:\/\/werkzeuge-aller-art.com\/index.php?rest_route=%2Fwp%2Fv2%2Fproduct_cat&post=13404"},{"taxonomy":"product_tag","embeddable":true,"href":"https:\/\/werkzeuge-aller-art.com\/index.php?rest_route=%2Fwp%2Fv2%2Fproduct_tag&post=13404"}],"curies":[{"name":"wp","href":"https:\/\/api.w.org\/{rel}","templated":true}]}}