{"id":13400,"date":"2020-03-07T21:36:18","date_gmt":"2020-03-07T20:36:18","guid":{"rendered":"https:\/\/werkzeuge-aller-art.com\/?product=kaercher-hochdruckreiniger-k-5-premium-full-control-plus-druck-20-145-bar-foerdermenge-500-l-h-schlauchtrommel-3-in-1-strahlrohr-plus-power-pistole"},"modified":"2023-04-10T06:16:23","modified_gmt":"2023-04-10T04:16:23","slug":"kaercher-hochdruckreiniger-k-5-premium-full-control-plus-druck-20-145-bar-foerdermenge-500-l-h-schlauchtrommel-3-in-1-strahlrohr-plus-power-pistole","status":"publish","type":"product","link":"https:\/\/werkzeuge-aller-art.com\/?product=kaercher-hochdruckreiniger-k-5-premium-full-control-plus-druck-20-145-bar-foerdermenge-500-l-h-schlauchtrommel-3-in-1-strahlrohr-plus-power-pistole","title":{"rendered":"K\u00e4rcher Hochdruckreiniger K 5 Premium Full Control Plus (Druck: 20-145 bar, F\u00f6rdermenge: 500 l\/h, Schlauchtrommel, 3-in\u2026"},"content":{"rendered":"\n\t\t<div id='gallery-1' class='gallery galleryid-13400 gallery-columns-3 gallery-size-full'><dl class='gallery-item'>\r\n\t<dt class='gallery-icon landscape'>\r\n\t<a rel='gallery-nr'><img loading=\"lazy\" decoding=\"async\" width=\"500\" height=\"500\" src=\"https:\/\/images-na.ssl-images-amazon.com\/images\/I\/41YFQoM4KhL.jpg\" class=\"attachment-full size-full\" alt=\"\" srcset=\"https:\/\/images-na.ssl-images-amazon.com\/images\/I\/41YFQoM4KhL.jpg 500w, https:\/\/images-na.ssl-images-amazon.com\/images\/I\/41YFQoM4KhL._SS150_.jpg 150w, https:\/\/images-na.ssl-images-amazon.com\/images\/I\/41YFQoM4KhL._SS300_.jpg 300w, https:\/\/images-na.ssl-images-amazon.com\/images\/I\/41YFQoM4KhL._SS768_.jpg 768w, https:\/\/images-na.ssl-images-amazon.com\/images\/I\/41YFQoM4KhL._SS1024_.jpg 1024w, https:\/\/images-na.ssl-images-amazon.com\/images\/I\/41YFQoM4KhL._SS1536_.jpg 1536w, https:\/\/images-na.ssl-images-amazon.com\/images\/I\/41YFQoM4KhL._SS2048_.jpg 2048w, https:\/\/images-na.ssl-images-amazon.com\/images\/I\/41YFQoM4KhL._SS145_.jpg 145w, https:\/\/images-na.ssl-images-amazon.com\/images\/I\/41YFQoM4KhL._SS1400_.jpg 1400w, https:\/\/images-na.ssl-images-amazon.com\/images\/I\/41YFQoM4KhL._SS50_.jpg 50w, https:\/\/images-na.ssl-images-amazon.com\/images\/I\/41YFQoM4KhL._SS604_.jpg 604w, https:\/\/images-na.ssl-images-amazon.com\/images\/I\/41YFQoM4KhL._SS262_.jpg 262w, https:\/\/images-na.ssl-images-amazon.com\/images\/I\/41YFQoM4KhL._SS600_.jpg 600w, https:\/\/images-na.ssl-images-amazon.com\/images\/I\/41YFQoM4KhL._SS100_.jpg 100w\" sizes=\"auto, (max-width: 500px) 100vw, 500px\" \/><\/a>\r\n\t<\/dt>\r\n\t<dd class='wp-caption-text gallery-caption'>\r\n\t<div class='gallery-caption-inner'> <div class='wp-caption-text gallery-title'>\r\n\tKrcher-Hochdruckreiniger-K-5-Premium-Full-Control-Plus-Druck-20-145-bar-Frdermenge-500-lh-Schlauchtrommel-3-in-1-Strahlrohr-Plus-Power-Pistole\r\n\t<\/div><div class='wp-caption-text gallery-zoom no-text'>\r\n\t\t<a href=https:\/\/werkzeuge-aller-art.com\/?attachment_id=13401 title='Click to view Full Image' class='icon mustang-gallery'><i class='fa fa-plus'><\/i><\/a>\r\n\t\t<\/div><div class='wp-caption-text gallery-redirect'>\r\n\t\t<a href=https:\/\/werkzeuge-aller-art.com\/?attachment_id=13401 title='Click to view read more' class='icon readmore'><i class='fa fa-link'><\/i><\/a>\r\n\t\t<\/div><\/div><\/dd><\/dl><dl class='gallery-item'>\r\n\t<dt class='gallery-icon landscape'>\r\n\t<a rel='gallery-nr'><img loading=\"lazy\" decoding=\"async\" width=\"500\" height=\"500\" src=\"https:\/\/images-na.ssl-images-amazon.com\/images\/I\/41fWSwMQb9L.jpg\" class=\"attachment-full size-full\" alt=\"\" srcset=\"https:\/\/images-na.ssl-images-amazon.com\/images\/I\/41fWSwMQb9L.jpg 500w, https:\/\/images-na.ssl-images-amazon.com\/images\/I\/41fWSwMQb9L._SS150_.jpg 150w, https:\/\/images-na.ssl-images-amazon.com\/images\/I\/41fWSwMQb9L._SS300_.jpg 300w, https:\/\/images-na.ssl-images-amazon.com\/images\/I\/41fWSwMQb9L._SS768_.jpg 768w, https:\/\/images-na.ssl-images-amazon.com\/images\/I\/41fWSwMQb9L._SS1024_.jpg 1024w, https:\/\/images-na.ssl-images-amazon.com\/images\/I\/41fWSwMQb9L._SS1536_.jpg 1536w, https:\/\/images-na.ssl-images-amazon.com\/images\/I\/41fWSwMQb9L._SS2048_.jpg 2048w, https:\/\/images-na.ssl-images-amazon.com\/images\/I\/41fWSwMQb9L._SS145_.jpg 145w, https:\/\/images-na.ssl-images-amazon.com\/images\/I\/41fWSwMQb9L._SS1400_.jpg 1400w, https:\/\/images-na.ssl-images-amazon.com\/images\/I\/41fWSwMQb9L._SS50_.jpg 50w, https:\/\/images-na.ssl-images-amazon.com\/images\/I\/41fWSwMQb9L._SS604_.jpg 604w, https:\/\/images-na.ssl-images-amazon.com\/images\/I\/41fWSwMQb9L._SS262_.jpg 262w, https:\/\/images-na.ssl-images-amazon.com\/images\/I\/41fWSwMQb9L._SS600_.jpg 600w, https:\/\/images-na.ssl-images-amazon.com\/images\/I\/41fWSwMQb9L._SS100_.jpg 100w\" sizes=\"auto, (max-width: 500px) 100vw, 500px\" \/><\/a>\r\n\t<\/dt>\r\n\t<dd class='wp-caption-text gallery-caption'>\r\n\t<div class='gallery-caption-inner'> <div class='wp-caption-text gallery-title'>\r\n\tKrcher-Hochdruckreiniger-K-5-Premium-Full-Control-Plus-Druck-20-145-bar-Frdermenge-500-lh-Schlauchtrommel-3-in-1-Strahlrohr-Plus-Power-Pistole\r\n\t<\/div><div class='wp-caption-text gallery-zoom no-text'>\r\n\t\t<a href=https:\/\/werkzeuge-aller-art.com\/?attachment_id=13402 title='Click to view Full Image' class='icon mustang-gallery'><i class='fa fa-plus'><\/i><\/a>\r\n\t\t<\/div><div class='wp-caption-text gallery-redirect'>\r\n\t\t<a href=https:\/\/werkzeuge-aller-art.com\/?attachment_id=13402 title='Click to view read more' class='icon readmore'><i class='fa fa-link'><\/i><\/a>\r\n\t\t<\/div><\/div><\/dd><\/dl><dl class='gallery-item'>\r\n\t<dt class='gallery-icon landscape'>\r\n\t<a rel='gallery-nr'><img loading=\"lazy\" decoding=\"async\" width=\"500\" height=\"500\" src=\"https:\/\/images-na.ssl-images-amazon.com\/images\/I\/41iUjCDonRL.jpg\" class=\"attachment-full size-full\" alt=\"\" srcset=\"https:\/\/images-na.ssl-images-amazon.com\/images\/I\/41iUjCDonRL.jpg 500w, https:\/\/images-na.ssl-images-amazon.com\/images\/I\/41iUjCDonRL._SS150_.jpg 150w, https:\/\/images-na.ssl-images-amazon.com\/images\/I\/41iUjCDonRL._SS300_.jpg 300w, https:\/\/images-na.ssl-images-amazon.com\/images\/I\/41iUjCDonRL._SS768_.jpg 768w, https:\/\/images-na.ssl-images-amazon.com\/images\/I\/41iUjCDonRL._SS1024_.jpg 1024w, https:\/\/images-na.ssl-images-amazon.com\/images\/I\/41iUjCDonRL._SS1536_.jpg 1536w, https:\/\/images-na.ssl-images-amazon.com\/images\/I\/41iUjCDonRL._SS2048_.jpg 2048w, https:\/\/images-na.ssl-images-amazon.com\/images\/I\/41iUjCDonRL._SS145_.jpg 145w, https:\/\/images-na.ssl-images-amazon.com\/images\/I\/41iUjCDonRL._SS1400_.jpg 1400w, https:\/\/images-na.ssl-images-amazon.com\/images\/I\/41iUjCDonRL._SS50_.jpg 50w, https:\/\/images-na.ssl-images-amazon.com\/images\/I\/41iUjCDonRL._SS604_.jpg 604w, https:\/\/images-na.ssl-images-amazon.com\/images\/I\/41iUjCDonRL._SS262_.jpg 262w, https:\/\/images-na.ssl-images-amazon.com\/images\/I\/41iUjCDonRL._SS600_.jpg 600w, https:\/\/images-na.ssl-images-amazon.com\/images\/I\/41iUjCDonRL._SS100_.jpg 100w\" sizes=\"auto, (max-width: 500px) 100vw, 500px\" \/><\/a>\r\n\t<\/dt>\r\n\t<dd class='wp-caption-text gallery-caption'>\r\n\t<div class='gallery-caption-inner'> <div class='wp-caption-text gallery-title'>\r\n\tKrcher-Hochdruckreiniger-K-5-Premium-Full-Control-Plus-Druck-20-145-bar-Frdermenge-500-lh-Schlauchtrommel-3-in-1-Strahlrohr-Plus-Power-Pistole\r\n\t<\/div><div class='wp-caption-text gallery-zoom no-text'>\r\n\t\t<a href=https:\/\/werkzeuge-aller-art.com\/?attachment_id=13403 title='Click to view Full Image' class='icon mustang-gallery'><i class='fa fa-plus'><\/i><\/a>\r\n\t\t<\/div><div class='wp-caption-text gallery-redirect'>\r\n\t\t<a href=https:\/\/werkzeuge-aller-art.com\/?attachment_id=13403 title='Click to view read more' class='icon readmore'><i class='fa fa-link'><\/i><\/a>\r\n\t\t<\/div><\/div><\/dd><\/dl>\r\n<\/div>\n\n<div class=\"disclaim\"> Stil:<strong>mit Schlauchtrommel<\/strong> <\/div>\n<p> <!-- show up to 2 reviews by default --> <\/p>\n<p>Mit dem K 5 Premium Full Control Plus inklusive Schlauchtrommel finden Sie m\u00fchelos den passenden Druck f\u00fcr jede Oberfl\u00e4che. Die Strahlart wird ganz einfach durch Drehen am 3-in-1-Multi Jet-Strahlrohr eingestellt. Die Druckstufe l\u00e4sst sich an der Pistole per LCD-Anzeige \u00fcberpr\u00fcfen und per +\/\u2013 -Tasten regulieren \u2013 f\u00fcr maximale Kontrolle. So ist kein Strahlrohraustausch n\u00f6tig \u2013 auch nicht beim Wechsel von Hochdruck in den Reinigungsmittelmodus. Bei kurzen Unterbrechungen k\u00f6nnen Sie Pistole und Strahlrohr \u00fcbrigens ganz einfach zwischenparken. Dank ausziehbarem Teleskopgriff l\u00e4sst sich das Ger\u00e4t komfortabel ziehen und kompakt verstauen. Und durch das praktische Plug \u2019n\u2019 Clean-System wechseln Sie Reinigungsmittel mit einem Handgriff und erkennen den F\u00fcllstand auf einen Blick. Weiter \u00fcberzeugt der Hochdruckreiniger mit einem tieferen Gewichtsschwerpunkt, praktischer Schlauchf\u00fchrung und einem Standfu\u00df, der f\u00fcr mehr Stabilit\u00e4t sorgt und auch als zweiter Tragegriff verwendet werden kann. Der Hochdruckreiniger eignet sich ideal f\u00fcr h\u00e4ufige Eins\u00e4tze gegen hartn\u00e4ckigen Schmutz und f\u00fcr eine Fl\u00e4chenleistung von 60 m\u00b2\/h. Ausstattung: Hochdruckpistole, Multi Jet 3-in-1, Hochdruckschlauch-Aufwicklung, HD-Schlauch 8 m, Reinigungsmitteleinsatz \u00fcber, Teleskopgriff, Wassergek\u00fchlter Motor, Integrierter Wasserfilter, Adapter Gartenschlauchanschluss A3\/4&#8243;. Technische Daten: Druck 20- max.145\/2- max.14.5 bar\/MPa, F\u00f6rdermenge max. 500 l\/h, Max. Zulauftemperatur max. 40, Anschlussleistung 2.1, Gewicht ohne Zubeh\u00f6r 13.1 kg, Abmessungen (L \u00d7 B \u00d7 H) 411x305x584 mm, Frequenz 50 Hz, Spannung 230 V. <\/p>\n<p>Die Full Control Plus Power Pistole mit LCD-Display und Tasten zur Druck- und Reinigungsmittelregulierung gew\u00e4hrleistet eine maximale Kontrolle<br \/>\nDurch den tieferen Gewichtsschwerpunkt und einem stabilen Standfu\u00df gewinnt der Hochdruckreiniger an Stabilit\u00e4t<br \/>\nMit der integrierten Schlauchtrommel ist der Hochdruckschlauch immer sauber aufger\u00e4umt<br \/>\nAnwendungsgebiete: Ideal f\u00fcr regelm\u00e4\u00dfige Eins\u00e4tze bei mittelstarkem Schmutz an Fahrzeugen, Gartenger\u00e4te, Z\u00e4une und Gartenwege, Steinmauern und Au\u00dfentreppen, Terrassenfl\u00e4chen und Hausfassaden<br \/>\nLieferumfang: Hochdruckreiniger, 3-in-1 Strahlrohr, Dreckfr\u00e4ser, HD-Schlauch 8 m, Full Control Plus Power Pistole, Netzanschlussleitung mit Netzstecker<br \/>\n<div class=\"main-cross-sell\" data-asin=\"B01N6JJNYU\">\n\n\t<div class=\"WooZone-cross-sell-loader\">\n\t\t<div>\n\t\t\t<div id=\"floatingBarsG\">\n\t\t\t\t<div class=\"blockG\" id=\"rotateG_01\"><\/div>\n\t\t\t\t<div class=\"blockG\" id=\"rotateG_02\"><\/div>\n\t\t\t\t<div class=\"blockG\" id=\"rotateG_03\"><\/div>\n\t\t\t\t<div class=\"blockG\" id=\"rotateG_04\"><\/div>\n\t\t\t\t<div class=\"blockG\" id=\"rotateG_05\"><\/div>\n\t\t\t\t<div class=\"blockG\" id=\"rotateG_06\"><\/div>\n\t\t\t\t<div class=\"blockG\" id=\"rotateG_07\"><\/div>\n\t\t\t\t<div class=\"blockG\" id=\"rotateG_08\"><\/div>\n\t\t\t<\/div>\n\t\t\t<div class=\"WooZone-cross-sell-loader-text\"><\/div>\n\t\t<\/div>\n\t<\/div>\n\n\t\t\n<\/div>\n<div style=\"clear:both;\"><\/div>\n","protected":false},"excerpt":{"rendered":"<p>Die Full Control Plus Power Pistole mit LCD-Display und Tasten zur Druck- und Reinigungsmittelregulierung gew\u00e4hrleistet eine maximale Kontrolle<br \/>\nDurch den tieferen Gewichtsschwerpunkt und einem stabilen Standfu\u00df gewinnt der Hochdruckreiniger an Stabilit\u00e4t<br \/>\nMit der integrierten Schlauchtrommel ist der Hochdruckschlauch immer sauber aufger\u00e4umt<\/p>\n","protected":false},"featured_media":13401,"comment_status":"open","ping_status":"closed","template":"","meta":[],"product_cat":[115,110],"product_tag":[],"class_list":{"0":"post-13400","1":"product","2":"type-product","3":"status-publish","4":"has-post-thumbnail","6":"product_cat-hochdruckreiniger","7":"product_cat-reinigen-und-sandstrahlen","8":"pa_brand-kaercher","11":"first","12":"instock","13":"shipping-taxable","14":"product-type-external"},"_links":{"self":[{"href":"https:\/\/werkzeuge-aller-art.com\/index.php?rest_route=\/wp\/v2\/product\/13400","targetHints":{"allow":["GET"]}}],"collection":[{"href":"https:\/\/werkzeuge-aller-art.com\/index.php?rest_route=\/wp\/v2\/product"}],"about":[{"href":"https:\/\/werkzeuge-aller-art.com\/index.php?rest_route=\/wp\/v2\/types\/product"}],"replies":[{"embeddable":true,"href":"https:\/\/werkzeuge-aller-art.com\/index.php?rest_route=%2Fwp%2Fv2%2Fcomments&post=13400"}],"wp:featuredmedia":[{"embeddable":true,"href":"https:\/\/werkzeuge-aller-art.com\/index.php?rest_route=\/wp\/v2\/media\/13401"}],"wp:attachment":[{"href":"https:\/\/werkzeuge-aller-art.com\/index.php?rest_route=%2Fwp%2Fv2%2Fmedia&parent=13400"}],"wp:term":[{"taxonomy":"product_cat","embeddable":true,"href":"https:\/\/werkzeuge-aller-art.com\/index.php?rest_route=%2Fwp%2Fv2%2Fproduct_cat&post=13400"},{"taxonomy":"product_tag","embeddable":true,"href":"https:\/\/werkzeuge-aller-art.com\/index.php?rest_route=%2Fwp%2Fv2%2Fproduct_tag&post=13400"}],"curies":[{"name":"wp","href":"https:\/\/api.w.org\/{rel}","templated":true}]}}