{"id":13392,"date":"2020-03-07T21:36:11","date_gmt":"2020-03-07T20:36:11","guid":{"rendered":"https:\/\/werkzeuge-aller-art.com\/?product=worx-20v-mobiler-akku-hochdruckreiniger-hydroshot-wg625e-1-2-akkus-powershare-1-std-schnell-ladegeraet-5-in-1-spruehduese-6m-schlauch-lange-lanze-faltbarer-wassereimer-schaumduese-18v"},"modified":"2023-04-10T06:16:23","modified_gmt":"2023-04-10T04:16:23","slug":"worx-20v-mobiler-akku-hochdruckreiniger-hydroshot-wg625e-1-2-akkus-powershare-1-std-schnell-ladegeraet-5-in-1-spruehduese-6m-schlauch-lange-lanze-faltbarer-wassereimer-schaumduese-18v","status":"publish","type":"product","link":"https:\/\/werkzeuge-aller-art.com\/?product=worx-20v-mobiler-akku-hochdruckreiniger-hydroshot-wg625e-1-2-akkus-powershare-1-std-schnell-ladegeraet-5-in-1-spruehduese-6m-schlauch-lange-lanze-faltbarer-wassereimer-schaumduese-18v","title":{"rendered":"WORX 18V(20V MAX) Mobile Akku-Hochdruckreiniger Hydroshot WG625E.1, 2&#215;2.0Ah Akkus, PowerShare, Bew\u00e4sserung, Reinigung\u2026"},"content":{"rendered":"<div id='gallery-1' class='gallery galleryid-13392 gallery-columns-3 gallery-size-full'><dl class='gallery-item'>\r\n\t<dt class='gallery-icon landscape'>\r\n\t<a rel='gallery-nr'><img loading=\"lazy\" decoding=\"async\" width=\"500\" height=\"500\" src=\"https:\/\/images-na.ssl-images-amazon.com\/images\/I\/41tE3fTdX8L.jpg\" class=\"attachment-full size-full\" alt=\"\" srcset=\"https:\/\/images-na.ssl-images-amazon.com\/images\/I\/41tE3fTdX8L.jpg 500w, https:\/\/images-na.ssl-images-amazon.com\/images\/I\/41tE3fTdX8L._SS150_.jpg 150w, https:\/\/images-na.ssl-images-amazon.com\/images\/I\/41tE3fTdX8L._SS300_.jpg 300w, https:\/\/images-na.ssl-images-amazon.com\/images\/I\/41tE3fTdX8L._SS768_.jpg 768w, https:\/\/images-na.ssl-images-amazon.com\/images\/I\/41tE3fTdX8L._SS1024_.jpg 1024w, https:\/\/images-na.ssl-images-amazon.com\/images\/I\/41tE3fTdX8L._SS1536_.jpg 1536w, https:\/\/images-na.ssl-images-amazon.com\/images\/I\/41tE3fTdX8L._SS2048_.jpg 2048w, https:\/\/images-na.ssl-images-amazon.com\/images\/I\/41tE3fTdX8L._SS145_.jpg 145w, https:\/\/images-na.ssl-images-amazon.com\/images\/I\/41tE3fTdX8L._SS1400_.jpg 1400w, https:\/\/images-na.ssl-images-amazon.com\/images\/I\/41tE3fTdX8L._SS50_.jpg 50w, https:\/\/images-na.ssl-images-amazon.com\/images\/I\/41tE3fTdX8L._SS604_.jpg 604w, https:\/\/images-na.ssl-images-amazon.com\/images\/I\/41tE3fTdX8L._SS262_.jpg 262w, https:\/\/images-na.ssl-images-amazon.com\/images\/I\/41tE3fTdX8L._SS600_.jpg 600w, https:\/\/images-na.ssl-images-amazon.com\/images\/I\/41tE3fTdX8L._SS100_.jpg 100w\" sizes=\"auto, (max-width: 500px) 100vw, 500px\" \/><\/a>\r\n\t<\/dt>\r\n\t<dd class='wp-caption-text gallery-caption'>\r\n\t<div class='gallery-caption-inner'> <div class='wp-caption-text gallery-title'>\r\n\tWORX-20V-Mobiler-Akku-Hochdruckreiniger-Hydroshot-WG625E1-2-Akkus-Powershare-1-Std-Schnell-ladegert-5-in-1-Sprhdse-6m-Schlauch-lange-Lanze-faltbarer-Wassereimer-Schaumdse-18V\r\n\t<\/div><div class='wp-caption-text gallery-zoom no-text'>\r\n\t\t<a href=https:\/\/werkzeuge-aller-art.com\/?attachment_id=13393 title='Click to view Full Image' class='icon mustang-gallery'><i class='fa fa-plus'><\/i><\/a>\r\n\t\t<\/div><div class='wp-caption-text gallery-redirect'>\r\n\t\t<a href=https:\/\/werkzeuge-aller-art.com\/?attachment_id=13393 title='Click to view read more' class='icon readmore'><i class='fa fa-link'><\/i><\/a>\r\n\t\t<\/div><\/div><\/dd><\/dl><dl class='gallery-item'>\r\n\t<dt class='gallery-icon landscape'>\r\n\t<a rel='gallery-nr'><img loading=\"lazy\" decoding=\"async\" width=\"500\" height=\"500\" src=\"https:\/\/images-na.ssl-images-amazon.com\/images\/I\/51HsDbuRGaL.jpg\" class=\"attachment-full size-full\" alt=\"\" srcset=\"https:\/\/images-na.ssl-images-amazon.com\/images\/I\/51HsDbuRGaL.jpg 500w, https:\/\/images-na.ssl-images-amazon.com\/images\/I\/51HsDbuRGaL._SS150_.jpg 150w, https:\/\/images-na.ssl-images-amazon.com\/images\/I\/51HsDbuRGaL._SS300_.jpg 300w, https:\/\/images-na.ssl-images-amazon.com\/images\/I\/51HsDbuRGaL._SS768_.jpg 768w, https:\/\/images-na.ssl-images-amazon.com\/images\/I\/51HsDbuRGaL._SS1024_.jpg 1024w, https:\/\/images-na.ssl-images-amazon.com\/images\/I\/51HsDbuRGaL._SS1536_.jpg 1536w, https:\/\/images-na.ssl-images-amazon.com\/images\/I\/51HsDbuRGaL._SS2048_.jpg 2048w, https:\/\/images-na.ssl-images-amazon.com\/images\/I\/51HsDbuRGaL._SS145_.jpg 145w, https:\/\/images-na.ssl-images-amazon.com\/images\/I\/51HsDbuRGaL._SS1400_.jpg 1400w, https:\/\/images-na.ssl-images-amazon.com\/images\/I\/51HsDbuRGaL._SS50_.jpg 50w, https:\/\/images-na.ssl-images-amazon.com\/images\/I\/51HsDbuRGaL._SS604_.jpg 604w, https:\/\/images-na.ssl-images-amazon.com\/images\/I\/51HsDbuRGaL._SS262_.jpg 262w, https:\/\/images-na.ssl-images-amazon.com\/images\/I\/51HsDbuRGaL._SS600_.jpg 600w, https:\/\/images-na.ssl-images-amazon.com\/images\/I\/51HsDbuRGaL._SS100_.jpg 100w\" sizes=\"auto, (max-width: 500px) 100vw, 500px\" \/><\/a>\r\n\t<\/dt>\r\n\t<dd class='wp-caption-text gallery-caption'>\r\n\t<div class='gallery-caption-inner'> <div class='wp-caption-text gallery-title'>\r\n\tWORX-20V-Mobiler-Akku-Hochdruckreiniger-Hydroshot-WG625E1-2-Akkus-Powershare-1-Std-Schnell-ladegert-5-in-1-Sprhdse-6m-Schlauch-lange-Lanze-faltbarer-Wassereimer-Schaumdse-18V\r\n\t<\/div><div class='wp-caption-text gallery-zoom no-text'>\r\n\t\t<a href=https:\/\/werkzeuge-aller-art.com\/?attachment_id=13394 title='Click to view Full Image' class='icon mustang-gallery'><i class='fa fa-plus'><\/i><\/a>\r\n\t\t<\/div><div class='wp-caption-text gallery-redirect'>\r\n\t\t<a href=https:\/\/werkzeuge-aller-art.com\/?attachment_id=13394 title='Click to view read more' class='icon readmore'><i class='fa fa-link'><\/i><\/a>\r\n\t\t<\/div><\/div><\/dd><\/dl><dl class='gallery-item'>\r\n\t<dt class='gallery-icon landscape'>\r\n\t<a rel='gallery-nr'><img loading=\"lazy\" decoding=\"async\" width=\"500\" height=\"500\" src=\"https:\/\/images-na.ssl-images-amazon.com\/images\/I\/51FD1IQUCsL.jpg\" class=\"attachment-full size-full\" alt=\"\" srcset=\"https:\/\/images-na.ssl-images-amazon.com\/images\/I\/51FD1IQUCsL.jpg 500w, https:\/\/images-na.ssl-images-amazon.com\/images\/I\/51FD1IQUCsL._SS150_.jpg 150w, https:\/\/images-na.ssl-images-amazon.com\/images\/I\/51FD1IQUCsL._SS300_.jpg 300w, https:\/\/images-na.ssl-images-amazon.com\/images\/I\/51FD1IQUCsL._SS768_.jpg 768w, https:\/\/images-na.ssl-images-amazon.com\/images\/I\/51FD1IQUCsL._SS1024_.jpg 1024w, https:\/\/images-na.ssl-images-amazon.com\/images\/I\/51FD1IQUCsL._SS1536_.jpg 1536w, https:\/\/images-na.ssl-images-amazon.com\/images\/I\/51FD1IQUCsL._SS2048_.jpg 2048w, https:\/\/images-na.ssl-images-amazon.com\/images\/I\/51FD1IQUCsL._SS145_.jpg 145w, https:\/\/images-na.ssl-images-amazon.com\/images\/I\/51FD1IQUCsL._SS1400_.jpg 1400w, https:\/\/images-na.ssl-images-amazon.com\/images\/I\/51FD1IQUCsL._SS50_.jpg 50w, https:\/\/images-na.ssl-images-amazon.com\/images\/I\/51FD1IQUCsL._SS604_.jpg 604w, https:\/\/images-na.ssl-images-amazon.com\/images\/I\/51FD1IQUCsL._SS262_.jpg 262w, https:\/\/images-na.ssl-images-amazon.com\/images\/I\/51FD1IQUCsL._SS600_.jpg 600w, https:\/\/images-na.ssl-images-amazon.com\/images\/I\/51FD1IQUCsL._SS100_.jpg 100w\" sizes=\"auto, (max-width: 500px) 100vw, 500px\" \/><\/a>\r\n\t<\/dt>\r\n\t<dd class='wp-caption-text gallery-caption'>\r\n\t<div class='gallery-caption-inner'> <div class='wp-caption-text gallery-title'>\r\n\tWORX-20V-Mobiler-Akku-Hochdruckreiniger-Hydroshot-WG625E1-2-Akkus-Powershare-1-Std-Schnell-ladegert-5-in-1-Sprhdse-6m-Schlauch-lange-Lanze-faltbarer-Wassereimer-Schaumdse-18V\r\n\t<\/div><div class='wp-caption-text gallery-zoom no-text'>\r\n\t\t<a href=https:\/\/werkzeuge-aller-art.com\/?attachment_id=13395 title='Click to view Full Image' class='icon mustang-gallery'><i class='fa fa-plus'><\/i><\/a>\r\n\t\t<\/div><div class='wp-caption-text gallery-redirect'>\r\n\t\t<a href=https:\/\/werkzeuge-aller-art.com\/?attachment_id=13395 title='Click to view read more' class='icon readmore'><i class='fa fa-link'><\/i><\/a>\r\n\t\t<\/div><\/div><\/dd><\/dl>\r\n<\/div>\n<br \/>\nDer Akku Hochdruckreiniger \u00fcberzeugt mit 2 Funktionen: Reinigung &amp; Bew\u00e4sserung. Der Hochdruckreiniger ist geeignet f\u00fcr Bereiche ohne festen Wasser- und Stromanschluss: Camping, Boot, Outdoor usw.<br \/>\nMobiler Hochdruckreiniger mit Akkubetrieb: 1,65kg leicht &amp; transportabel \/ Selbstansaugend, zieht Wasser aus der Quelle \/ Durch den Schnellverbinder auch f\u00fcr den Anschlu\u00df am Wasserhahn geeignet<br \/>\nDer Hochdruckreiniger mit Schnellverbinder f\u00fcr den Wasserhahn kommt inkl. praktischem Zubeh\u00f6r &amp; ist sofort als Allzweckwaffe gegen Schmutz &amp; f\u00fcr die komfortable Bew\u00e4sserung einsetzbar<br \/>\nPraktisch: Der WORX Hochdruckreiniger ist mit allen WORX 20V Akkus kompatibel \/ Lithium-Ionen Akku f\u00fcr eine hohe Kapazit\u00e4t &amp; geringe Selbstentladung<br \/>\nLieferumfang: 1x WORX Hydroshot WG625E.1 mit Multi-Spr\u00fchd\u00fcse, 2 x Powershare Akku, 1x 1 Std. Schnell-ladeger\u00e4t,1x 6m Wasserschlauch, 1x Waschb\u00fcrste, 1x faltbarer Wassereimer, 1x Schaumd\u00fcse<br \/>\n<div class=\"main-cross-sell\" data-asin=\"B07KT3B2QR\">\n\n\t<div class=\"WooZone-cross-sell-loader\">\n\t\t<div>\n\t\t\t<div id=\"floatingBarsG\">\n\t\t\t\t<div class=\"blockG\" id=\"rotateG_01\"><\/div>\n\t\t\t\t<div class=\"blockG\" id=\"rotateG_02\"><\/div>\n\t\t\t\t<div class=\"blockG\" id=\"rotateG_03\"><\/div>\n\t\t\t\t<div class=\"blockG\" id=\"rotateG_04\"><\/div>\n\t\t\t\t<div class=\"blockG\" id=\"rotateG_05\"><\/div>\n\t\t\t\t<div class=\"blockG\" id=\"rotateG_06\"><\/div>\n\t\t\t\t<div class=\"blockG\" id=\"rotateG_07\"><\/div>\n\t\t\t\t<div class=\"blockG\" id=\"rotateG_08\"><\/div>\n\t\t\t<\/div>\n\t\t\t<div class=\"WooZone-cross-sell-loader-text\"><\/div>\n\t\t<\/div>\n\t<\/div>\n\n\t\t\n<\/div>\n<div style=\"clear:both;\"><\/div>\n","protected":false},"excerpt":{"rendered":"<p>Der Akku Hochdruckreiniger \u00fcberzeugt mit 2 Funktionen: Reinigung &amp; Bew\u00e4sserung. Der Hochdruckreiniger ist geeignet f\u00fcr Bereiche ohne festen Wasser- und Stromanschluss: Camping, Boot, Outdoor usw.<br \/>\nMobiler Hochdruckreiniger mit Akkubetrieb: 1,65kg leicht &amp; transportabel \/ Selbstansaugend, zieht Wasser aus der Quelle \/ Durch den Schnellverbinder auch f\u00fcr den Anschlu\u00df am Wasserhahn geeignet<br \/>\nDer Hochdruckreiniger mit Schnellverbinder f\u00fcr den Wasserhahn kommt inkl. praktischem Zubeh\u00f6r &amp; ist sofort als Allzweckwaffe gegen Schmutz &amp; f\u00fcr die komfortable Bew\u00e4sserung einsetzbar<\/p>\n","protected":false},"featured_media":13393,"comment_status":"open","ping_status":"closed","template":"","meta":[],"product_cat":[115,110],"product_tag":[],"class_list":{"0":"post-13392","1":"product","2":"type-product","3":"status-publish","4":"has-post-thumbnail","6":"product_cat-hochdruckreiniger","7":"product_cat-reinigen-und-sandstrahlen","8":"pa_brand-worx","11":"first","12":"instock","13":"shipping-taxable","14":"product-type-external"},"_links":{"self":[{"href":"https:\/\/werkzeuge-aller-art.com\/index.php?rest_route=\/wp\/v2\/product\/13392","targetHints":{"allow":["GET"]}}],"collection":[{"href":"https:\/\/werkzeuge-aller-art.com\/index.php?rest_route=\/wp\/v2\/product"}],"about":[{"href":"https:\/\/werkzeuge-aller-art.com\/index.php?rest_route=\/wp\/v2\/types\/product"}],"replies":[{"embeddable":true,"href":"https:\/\/werkzeuge-aller-art.com\/index.php?rest_route=%2Fwp%2Fv2%2Fcomments&post=13392"}],"wp:featuredmedia":[{"embeddable":true,"href":"https:\/\/werkzeuge-aller-art.com\/index.php?rest_route=\/wp\/v2\/media\/13393"}],"wp:attachment":[{"href":"https:\/\/werkzeuge-aller-art.com\/index.php?rest_route=%2Fwp%2Fv2%2Fmedia&parent=13392"}],"wp:term":[{"taxonomy":"product_cat","embeddable":true,"href":"https:\/\/werkzeuge-aller-art.com\/index.php?rest_route=%2Fwp%2Fv2%2Fproduct_cat&post=13392"},{"taxonomy":"product_tag","embeddable":true,"href":"https:\/\/werkzeuge-aller-art.com\/index.php?rest_route=%2Fwp%2Fv2%2Fproduct_tag&post=13392"}],"curies":[{"name":"wp","href":"https:\/\/api.w.org\/{rel}","templated":true}]}}