{"id":13386,"date":"2020-03-07T21:36:01","date_gmt":"2020-03-07T20:36:01","guid":{"rendered":"https:\/\/werkzeuge-aller-art.com\/?product=worx-20v-wg629e-11-akku-hochdruckreiniger-hydroshot-set-mit-schnellladegeraet"},"modified":"2023-04-10T06:16:23","modified_gmt":"2023-04-10T04:16:23","slug":"worx-20v-wg629e-11-akku-hochdruckreiniger-hydroshot-set-mit-schnellladegeraet","status":"publish","type":"product","link":"https:\/\/werkzeuge-aller-art.com\/?product=worx-20v-wg629e-11-akku-hochdruckreiniger-hydroshot-set-mit-schnellladegeraet","title":{"rendered":"WORX WG629E.11 Akku Hochdruckreiniger Hydroshot 20V mit Schnellladeger\u00e4t"},"content":{"rendered":"\n\t\t<div id='gallery-1' class='gallery galleryid-13386 gallery-columns-3 gallery-size-full'><dl class='gallery-item'>\r\n\t<dt class='gallery-icon landscape'>\r\n\t<a rel='gallery-nr'><img loading=\"lazy\" decoding=\"async\" width=\"500\" height=\"500\" src=\"https:\/\/images-na.ssl-images-amazon.com\/images\/I\/41mG8x3t%2BbL.jpg\" class=\"attachment-full size-full\" alt=\"\" srcset=\"https:\/\/images-na.ssl-images-amazon.com\/images\/I\/41mG8x3t%2BbL.jpg 500w, https:\/\/images-na.ssl-images-amazon.com\/images\/I\/41mG8x3t%2BbL._SS150_.jpg 150w, https:\/\/images-na.ssl-images-amazon.com\/images\/I\/41mG8x3t%2BbL._SS300_.jpg 300w, https:\/\/images-na.ssl-images-amazon.com\/images\/I\/41mG8x3t%2BbL._SS768_.jpg 768w, https:\/\/images-na.ssl-images-amazon.com\/images\/I\/41mG8x3t%2BbL._SS1024_.jpg 1024w, https:\/\/images-na.ssl-images-amazon.com\/images\/I\/41mG8x3t%2BbL._SS1536_.jpg 1536w, https:\/\/images-na.ssl-images-amazon.com\/images\/I\/41mG8x3t%2BbL._SS2048_.jpg 2048w, https:\/\/images-na.ssl-images-amazon.com\/images\/I\/41mG8x3t%2BbL._SS145_.jpg 145w, https:\/\/images-na.ssl-images-amazon.com\/images\/I\/41mG8x3t%2BbL._SS1400_.jpg 1400w, https:\/\/images-na.ssl-images-amazon.com\/images\/I\/41mG8x3t%2BbL._SS50_.jpg 50w, https:\/\/images-na.ssl-images-amazon.com\/images\/I\/41mG8x3t%2BbL._SS604_.jpg 604w, https:\/\/images-na.ssl-images-amazon.com\/images\/I\/41mG8x3t%2BbL._SS262_.jpg 262w, https:\/\/images-na.ssl-images-amazon.com\/images\/I\/41mG8x3t%2BbL._SS600_.jpg 600w, https:\/\/images-na.ssl-images-amazon.com\/images\/I\/41mG8x3t%2BbL._SS100_.jpg 100w\" sizes=\"auto, (max-width: 500px) 100vw, 500px\" \/><\/a>\r\n\t<\/dt>\r\n\t<dd class='wp-caption-text gallery-caption'>\r\n\t<div class='gallery-caption-inner'> <div class='wp-caption-text gallery-title'>\r\n\tWorx-20V-WG629E11-Akku-Hochdruckreiniger-Hydroshot-Set-mit-Schnellladegert\r\n\t<\/div><div class='wp-caption-text gallery-zoom no-text'>\r\n\t\t<a href=https:\/\/werkzeuge-aller-art.com\/?attachment_id=13389 title='Click to view Full Image' class='icon mustang-gallery'><i class='fa fa-plus'><\/i><\/a>\r\n\t\t<\/div><div class='wp-caption-text gallery-redirect'>\r\n\t\t<a href=https:\/\/werkzeuge-aller-art.com\/?attachment_id=13389 title='Click to view read more' class='icon readmore'><i class='fa fa-link'><\/i><\/a>\r\n\t\t<\/div><\/div><\/dd><\/dl><dl class='gallery-item'>\r\n\t<dt class='gallery-icon landscape'>\r\n\t<a rel='gallery-nr'><img loading=\"lazy\" decoding=\"async\" width=\"500\" height=\"500\" src=\"https:\/\/images-na.ssl-images-amazon.com\/images\/I\/41wYRD%2BnmUL.jpg\" class=\"attachment-full size-full\" alt=\"\" srcset=\"https:\/\/images-na.ssl-images-amazon.com\/images\/I\/41wYRD%2BnmUL.jpg 500w, https:\/\/images-na.ssl-images-amazon.com\/images\/I\/41wYRD%2BnmUL._SS150_.jpg 150w, https:\/\/images-na.ssl-images-amazon.com\/images\/I\/41wYRD%2BnmUL._SS300_.jpg 300w, https:\/\/images-na.ssl-images-amazon.com\/images\/I\/41wYRD%2BnmUL._SS768_.jpg 768w, https:\/\/images-na.ssl-images-amazon.com\/images\/I\/41wYRD%2BnmUL._SS1024_.jpg 1024w, https:\/\/images-na.ssl-images-amazon.com\/images\/I\/41wYRD%2BnmUL._SS1536_.jpg 1536w, https:\/\/images-na.ssl-images-amazon.com\/images\/I\/41wYRD%2BnmUL._SS2048_.jpg 2048w, https:\/\/images-na.ssl-images-amazon.com\/images\/I\/41wYRD%2BnmUL._SS145_.jpg 145w, https:\/\/images-na.ssl-images-amazon.com\/images\/I\/41wYRD%2BnmUL._SS1400_.jpg 1400w, https:\/\/images-na.ssl-images-amazon.com\/images\/I\/41wYRD%2BnmUL._SS50_.jpg 50w, https:\/\/images-na.ssl-images-amazon.com\/images\/I\/41wYRD%2BnmUL._SS604_.jpg 604w, https:\/\/images-na.ssl-images-amazon.com\/images\/I\/41wYRD%2BnmUL._SS262_.jpg 262w, https:\/\/images-na.ssl-images-amazon.com\/images\/I\/41wYRD%2BnmUL._SS600_.jpg 600w, https:\/\/images-na.ssl-images-amazon.com\/images\/I\/41wYRD%2BnmUL._SS100_.jpg 100w\" sizes=\"auto, (max-width: 500px) 100vw, 500px\" \/><\/a>\r\n\t<\/dt>\r\n\t<dd class='wp-caption-text gallery-caption'>\r\n\t<div class='gallery-caption-inner'> <div class='wp-caption-text gallery-title'>\r\n\tWorx-20V-WG629E11-Akku-Hochdruckreiniger-Hydroshot-Set-mit-Schnellladegert\r\n\t<\/div><div class='wp-caption-text gallery-zoom no-text'>\r\n\t\t<a href=https:\/\/werkzeuge-aller-art.com\/?attachment_id=13390 title='Click to view Full Image' class='icon mustang-gallery'><i class='fa fa-plus'><\/i><\/a>\r\n\t\t<\/div><div class='wp-caption-text gallery-redirect'>\r\n\t\t<a href=https:\/\/werkzeuge-aller-art.com\/?attachment_id=13390 title='Click to view read more' class='icon readmore'><i class='fa fa-link'><\/i><\/a>\r\n\t\t<\/div><\/div><\/dd><\/dl><dl class='gallery-item'>\r\n\t<dt class='gallery-icon landscape'>\r\n\t<a rel='gallery-nr'><img loading=\"lazy\" decoding=\"async\" width=\"500\" height=\"500\" src=\"https:\/\/images-na.ssl-images-amazon.com\/images\/I\/31sU6A6CoSL.jpg\" class=\"attachment-full size-full\" alt=\"\" srcset=\"https:\/\/images-na.ssl-images-amazon.com\/images\/I\/31sU6A6CoSL.jpg 500w, https:\/\/images-na.ssl-images-amazon.com\/images\/I\/31sU6A6CoSL._SS150_.jpg 150w, https:\/\/images-na.ssl-images-amazon.com\/images\/I\/31sU6A6CoSL._SS300_.jpg 300w, https:\/\/images-na.ssl-images-amazon.com\/images\/I\/31sU6A6CoSL._SS768_.jpg 768w, https:\/\/images-na.ssl-images-amazon.com\/images\/I\/31sU6A6CoSL._SS1024_.jpg 1024w, https:\/\/images-na.ssl-images-amazon.com\/images\/I\/31sU6A6CoSL._SS1536_.jpg 1536w, https:\/\/images-na.ssl-images-amazon.com\/images\/I\/31sU6A6CoSL._SS2048_.jpg 2048w, https:\/\/images-na.ssl-images-amazon.com\/images\/I\/31sU6A6CoSL._SS145_.jpg 145w, https:\/\/images-na.ssl-images-amazon.com\/images\/I\/31sU6A6CoSL._SS1400_.jpg 1400w, https:\/\/images-na.ssl-images-amazon.com\/images\/I\/31sU6A6CoSL._SS50_.jpg 50w, https:\/\/images-na.ssl-images-amazon.com\/images\/I\/31sU6A6CoSL._SS604_.jpg 604w, https:\/\/images-na.ssl-images-amazon.com\/images\/I\/31sU6A6CoSL._SS262_.jpg 262w, https:\/\/images-na.ssl-images-amazon.com\/images\/I\/31sU6A6CoSL._SS600_.jpg 600w, https:\/\/images-na.ssl-images-amazon.com\/images\/I\/31sU6A6CoSL._SS100_.jpg 100w\" sizes=\"auto, (max-width: 500px) 100vw, 500px\" \/><\/a>\r\n\t<\/dt>\r\n\t<dd class='wp-caption-text gallery-caption'>\r\n\t<div class='gallery-caption-inner'> <div class='wp-caption-text gallery-title'>\r\n\tWorx-20V-WG629E11-Akku-Hochdruckreiniger-Hydroshot-Set-mit-Schnellladegert\r\n\t<\/div><div class='wp-caption-text gallery-zoom no-text'>\r\n\t\t<a href=https:\/\/werkzeuge-aller-art.com\/?attachment_id=13391 title='Click to view Full Image' class='icon mustang-gallery'><i class='fa fa-plus'><\/i><\/a>\r\n\t\t<\/div><div class='wp-caption-text gallery-redirect'>\r\n\t\t<a href=https:\/\/werkzeuge-aller-art.com\/?attachment_id=13391 title='Click to view read more' class='icon readmore'><i class='fa fa-link'><\/i><\/a>\r\n\t\t<\/div><\/div><\/dd><\/dl>\r\n<\/div>\n\n<div class=\"disclaim\"> Stil:<strong>Zubeh\u00f6r Set + 1 Akku + Schnellladeger\u00e4t<\/strong> <\/div>\n<p> <!-- show up to 2 reviews by default --> <\/p>\n<h3>WORX Hochdruckreiniger WG629E.11, 20V<\/h3>\n<p>Der WORX Hochdruckreiniger \u00fcberzeugt durch mehrere Faktoren. Er ist sowohl f\u00fcr die Reinigung als auch f\u00fcr die Bew\u00e4sserung verwendbar<br \/>&amp; dank umfangreichem Zubeh\u00f6r sofort startklar. Zus\u00e4tzlich ist der Hochdruckreiniger durch Akkubetrieb ohne Stromanschluss verwendbar<br \/>und funktioniert auch ohne festen Wasseranschluss &amp; ist dadurch flexibel einsetzbar. Durch die Selbstansaugung zieht das Ger\u00e4t Wasser aus<br \/>jeder Quelle &#8211; ob Wasser aus dem See, Eimer oder Pool. Durch den Schnellverbinder kann der mobile Hochdruckreiniger nat\u00fcrlich auch mit<br \/>einem herk\u00f6mmlichen Wasserhahn verbunden werden.<\/p>\n<p><strong>Produktinformationen<\/strong><\/p>\n<ul>\n<li>Leistungsstarker Hochdruckreiniger mit Schnellverbinder<\/li>\n<li>Selbstsaugend<\/li>\n<li>Mobil, kompakt &amp; leicht f\u00fcr eine einfache Verwendung<\/li>\n<li>Bew\u00e4sserungs- &amp; Reinigungsfunktion<\/li>\n<li>Akku mit allen WORX 20V Powershare Ger\u00e4ten kompatibel<\/li>\n<li>Inkl. Schnellladeger\u00e4t, Akku und umfangreichem Zubeh\u00f6r-Set<\/li>\n<\/ul>\n<p><strong>Technische Details<\/strong><\/p>\n<ul>\n<li>Gewicht: 1, 65kg<\/li>\n<li>Gr\u00f6\u00dfe: 92.0 x 8.5 x 24.5 cm<\/li>\n<li>Modellnummer: WG629E.11<\/li>\n<li>Akkutyp: Lithium Ionen<\/li>\n<li>Akkuspannung: 20V<\/li>\n<li>Akkukapazit\u00e4t: 2000mAh<\/li>\n<li>Durchflussrate: 120 L\/h<\/li>\n<li>Druck: Stufe 1: 22 bar\/ Stufe 2: 6, 5 bar<\/li>\n<li>Ladezeit: 60 min.<\/li>\n<\/ul>\n<p><strong>WORX &#8211; Eine Marke der POSITEC Gruppe<\/strong><\/p>\n<p>POSITEC steht f\u00fcr \u201ePositive Technology\u201c \u2013 und der Name ist Programm: Innovative L\u00f6sungen, die urspr\u00fcngliche Vorstellungen infrage stellen<br \/>&amp; die sowohl Profis, als auch Heimwerkern sowie begeisterten G\u00e4rtnern einen echten Mehrwert bei der Verwirklichung Ihrer Projekte bringen &#8211;<br \/>und das international! Ob bei ihren Gartenger\u00e4ten, Elektrowerkzeugen oder M\u00e4h- &amp; Rasenrobotern &#8211; POSITEC stellt bei allen Produkten Nach-<br \/>haltigkeit, Innovation und Kundenfokus in den Mittelpunkt &amp; hilft dabei, Projekte sowie Arbeiten schneller und smarter zu erledigen.<\/p>\n<\/p>\n<p>Der Akku Hochdruckreiniger \u00fcberzeugt mit 2 Funktionen: Reinigung &amp; Bew\u00e4sserung. Der Hochdruckreiniger ist geeignet f\u00fcr Bereiche ohne festen Wasser- und Stromanschluss: Camping, Boot, Outdoor usw.<br \/>\nMobiler Hochdruckreiniger mit Akkubetrieb: 1, 65kg leicht &amp; transportabel\/ Selbstansaugend, zieht Wasser aus der Quelle\/ Durch den Schnellverbinder auch f\u00fcr den Anschlu\u00df am Wasserhahn geeignet<br \/>\nDer Hochdruckreiniger mit Schnellverbinder f\u00fcr den Wasserhahn kommt inkl. praktischem Zubeh\u00f6r &amp; ist sofort als Allzweckwaffe gegen Schmutz &amp; f\u00fcr die komfortable Bew\u00e4sserung einsetzbar<br \/>\nDer Akku Hochdruckreiniger ist mit einem 20V 2000mAh WORX Powershare Akku ausgestattet. Der Akku ist mit allen anderen WORX Akku Ger\u00e4ten kompatibel<br \/>\nLieferumfang: 1x WORX Hydroshot WG629E mit Multi-Spr\u00fchd\u00fcse, 1x kurze Lanze, 1x Verl\u00e4ngerung f\u00fcr Lanze, Falteimer, Schaumd\u00fcse, Waschb\u00fcrste, 6m Schlauch, 1x Tragetasche, 1x Schnellladeger\u00e4t, 1x 2000mAh Powershare-Akku<br \/>\n<div class=\"main-cross-sell\" data-asin=\"B07SBK4ZB3\">\n\n\t<div class=\"WooZone-cross-sell-loader\">\n\t\t<div>\n\t\t\t<div id=\"floatingBarsG\">\n\t\t\t\t<div class=\"blockG\" id=\"rotateG_01\"><\/div>\n\t\t\t\t<div class=\"blockG\" id=\"rotateG_02\"><\/div>\n\t\t\t\t<div class=\"blockG\" id=\"rotateG_03\"><\/div>\n\t\t\t\t<div class=\"blockG\" id=\"rotateG_04\"><\/div>\n\t\t\t\t<div class=\"blockG\" id=\"rotateG_05\"><\/div>\n\t\t\t\t<div class=\"blockG\" id=\"rotateG_06\"><\/div>\n\t\t\t\t<div class=\"blockG\" id=\"rotateG_07\"><\/div>\n\t\t\t\t<div class=\"blockG\" id=\"rotateG_08\"><\/div>\n\t\t\t<\/div>\n\t\t\t<div class=\"WooZone-cross-sell-loader-text\"><\/div>\n\t\t<\/div>\n\t<\/div>\n\n\t\t\n<\/div>\n<div style=\"clear:both;\"><\/div>\n","protected":false},"excerpt":{"rendered":"<p>Der Akku Hochdruckreiniger \u00fcberzeugt mit 2 Funktionen: Reinigung &amp; Bew\u00e4sserung. Der Hochdruckreiniger ist geeignet f\u00fcr Bereiche ohne festen Wasser- und Stromanschluss: Camping, Boot, Outdoor usw.<br \/>\nMobiler Hochdruckreiniger mit Akkubetrieb: 1, 65kg leicht &amp; transportabel\/ Selbstansaugend, zieht Wasser aus der Quelle\/ Durch den Schnellverbinder auch f\u00fcr den Anschlu\u00df am Wasserhahn geeignet<br \/>\nDer Hochdruckreiniger mit Schnellverbinder f\u00fcr den Wasserhahn kommt inkl. praktischem Zubeh\u00f6r &amp; ist sofort als Allzweckwaffe gegen Schmutz &amp; f\u00fcr die komfortable Bew\u00e4sserung einsetzbar<\/p>\n","protected":false},"featured_media":13389,"comment_status":"open","ping_status":"closed","template":"","meta":[],"product_cat":[115,110],"product_tag":[],"class_list":{"0":"post-13386","1":"product","2":"type-product","3":"status-publish","4":"has-post-thumbnail","6":"product_cat-hochdruckreiniger","7":"product_cat-reinigen-und-sandstrahlen","8":"pa_brand-worx","11":"first","12":"instock","13":"shipping-taxable","14":"product-type-external"},"_links":{"self":[{"href":"https:\/\/werkzeuge-aller-art.com\/index.php?rest_route=\/wp\/v2\/product\/13386","targetHints":{"allow":["GET"]}}],"collection":[{"href":"https:\/\/werkzeuge-aller-art.com\/index.php?rest_route=\/wp\/v2\/product"}],"about":[{"href":"https:\/\/werkzeuge-aller-art.com\/index.php?rest_route=\/wp\/v2\/types\/product"}],"replies":[{"embeddable":true,"href":"https:\/\/werkzeuge-aller-art.com\/index.php?rest_route=%2Fwp%2Fv2%2Fcomments&post=13386"}],"wp:featuredmedia":[{"embeddable":true,"href":"https:\/\/werkzeuge-aller-art.com\/index.php?rest_route=\/wp\/v2\/media\/13389"}],"wp:attachment":[{"href":"https:\/\/werkzeuge-aller-art.com\/index.php?rest_route=%2Fwp%2Fv2%2Fmedia&parent=13386"}],"wp:term":[{"taxonomy":"product_cat","embeddable":true,"href":"https:\/\/werkzeuge-aller-art.com\/index.php?rest_route=%2Fwp%2Fv2%2Fproduct_cat&post=13386"},{"taxonomy":"product_tag","embeddable":true,"href":"https:\/\/werkzeuge-aller-art.com\/index.php?rest_route=%2Fwp%2Fv2%2Fproduct_tag&post=13386"}],"curies":[{"name":"wp","href":"https:\/\/api.w.org\/{rel}","templated":true}]}}