{"id":13374,"date":"2020-03-07T21:35:35","date_gmt":"2020-03-07T20:35:35","guid":{"rendered":"https:\/\/werkzeuge-aller-art.com\/?product=nilfisk-128471168-c-pg-135-1-8-pad-x-trahochdruckreiniger-1800-w-230-volts-blau"},"modified":"2023-04-10T06:16:23","modified_gmt":"2023-04-10T04:16:23","slug":"nilfisk-128471168-c-pg-135-1-8-pad-x-trahochdruckreiniger-1800-w-230-volts-blau","status":"publish","type":"product","link":"https:\/\/werkzeuge-aller-art.com\/?product=nilfisk-128471168-c-pg-135-1-8-pad-x-trahochdruckreiniger-1800-w-230-volts-blau","title":{"rendered":"Nilfisk C 135 bar C-PG 135.1-8 XTRA PAD Hochdruckreiniger f\u00fcr Haushalt, Au\u00dfenbereich, Autow\u00e4sche und Gartenarbeiten\u2026"},"content":{"rendered":"<p><!-- show up to 2 reviews by default --> <\/p>\n<p>Dieser leistungsstarke Nilfisk Hochdruckreiniger bew\u00e4ltigt m\u00fchelos gr\u00f6\u00dfere und h\u00e4ufigere Reinigungsaufgaben. Er bietet volle Flexibilit\u00e4t und reinigt ebenso schonend weiche oder empfindliche Oberfl\u00e4chen wie er hartn\u00e4ckiger Schmutz einfach wegbl\u00e4st. Der Teleskopgriff, die stabilen R\u00e4der und der lange Schlauch sorgen f\u00fcr die gew\u00fcnschte Benutzer keit, wenn Sie l\u00e4ngere Zeit arbeiten. Um die Leistung zu erh\u00f6hen, verf\u00fcgt dieser Nilfisk \u00fcber einen Click &amp; Clean Anschluss f\u00fcr eine Reihe von optionalem Zubeh\u00f6r. <\/p>\n<p>Nilfisk C-PG 135.1-8 Hochdruckreiniger<br \/>\n135 bar H\u00f6chstdruck<br \/>\nRobuste Konstruktion mit Aluminiumpumpe<br \/>\nReinigt m\u00e4\u00dfig bis stark verschmutzte Oberfl\u00e4chen bis 30 m2\/Stunde<br \/>\nAutomatisches Start\/Stopp-System<br \/>\n<div class=\"main-cross-sell\" data-asin=\"B0799T18BR\">\n\n\t<div class=\"WooZone-cross-sell-loader\">\n\t\t<div>\n\t\t\t<div id=\"floatingBarsG\">\n\t\t\t\t<div class=\"blockG\" id=\"rotateG_01\"><\/div>\n\t\t\t\t<div class=\"blockG\" id=\"rotateG_02\"><\/div>\n\t\t\t\t<div class=\"blockG\" id=\"rotateG_03\"><\/div>\n\t\t\t\t<div class=\"blockG\" id=\"rotateG_04\"><\/div>\n\t\t\t\t<div class=\"blockG\" id=\"rotateG_05\"><\/div>\n\t\t\t\t<div class=\"blockG\" id=\"rotateG_06\"><\/div>\n\t\t\t\t<div class=\"blockG\" id=\"rotateG_07\"><\/div>\n\t\t\t\t<div class=\"blockG\" id=\"rotateG_08\"><\/div>\n\t\t\t<\/div>\n\t\t\t<div class=\"WooZone-cross-sell-loader-text\"><\/div>\n\t\t<\/div>\n\t<\/div>\n\n\t\t\n<\/div>\n<div style=\"clear:both;\"><\/div>\n","protected":false},"excerpt":{"rendered":"<p>Nilfisk C-PG 135.1-8 Hochdruckreiniger<br \/>\n135 bar H\u00f6chstdruck<br \/>\nRobuste Konstruktion mit Aluminiumpumpe<\/p>\n","protected":false},"featured_media":13375,"comment_status":"open","ping_status":"closed","template":"","meta":[],"product_cat":[115,110],"product_tag":[],"class_list":{"0":"post-13374","1":"product","2":"type-product","3":"status-publish","4":"has-post-thumbnail","6":"product_cat-hochdruckreiniger","7":"product_cat-reinigen-und-sandstrahlen","8":"pa_brand-nilfisk","11":"first","12":"instock","13":"shipping-taxable","14":"product-type-external"},"_links":{"self":[{"href":"https:\/\/werkzeuge-aller-art.com\/index.php?rest_route=\/wp\/v2\/product\/13374","targetHints":{"allow":["GET"]}}],"collection":[{"href":"https:\/\/werkzeuge-aller-art.com\/index.php?rest_route=\/wp\/v2\/product"}],"about":[{"href":"https:\/\/werkzeuge-aller-art.com\/index.php?rest_route=\/wp\/v2\/types\/product"}],"replies":[{"embeddable":true,"href":"https:\/\/werkzeuge-aller-art.com\/index.php?rest_route=%2Fwp%2Fv2%2Fcomments&post=13374"}],"wp:featuredmedia":[{"embeddable":true,"href":"https:\/\/werkzeuge-aller-art.com\/index.php?rest_route=\/wp\/v2\/media\/13375"}],"wp:attachment":[{"href":"https:\/\/werkzeuge-aller-art.com\/index.php?rest_route=%2Fwp%2Fv2%2Fmedia&parent=13374"}],"wp:term":[{"taxonomy":"product_cat","embeddable":true,"href":"https:\/\/werkzeuge-aller-art.com\/index.php?rest_route=%2Fwp%2Fv2%2Fproduct_cat&post=13374"},{"taxonomy":"product_tag","embeddable":true,"href":"https:\/\/werkzeuge-aller-art.com\/index.php?rest_route=%2Fwp%2Fv2%2Fproduct_tag&post=13374"}],"curies":[{"name":"wp","href":"https:\/\/api.w.org\/{rel}","templated":true}]}}