{"id":13362,"date":"2020-03-07T21:35:27","date_gmt":"2020-03-07T20:35:27","guid":{"rendered":"https:\/\/werkzeuge-aller-art.com\/?product=rohrreinigungsschlauch-fuer-hochdruckreiniger-30m-200bar-rohrreinigungsset-geeignet-fuer-kaercher-parkside-lavor-bosch-professional-starre-duese-rotierende-duese-knofer"},"modified":"2023-04-10T06:16:23","modified_gmt":"2023-04-10T04:16:23","slug":"rohrreinigungsschlauch-fuer-hochdruckreiniger-30m-200bar-rohrreinigungsset-geeignet-fuer-kaercher-parkside-lavor-bosch-professional-starre-duese-rotierende-duese-knofer","status":"publish","type":"product","link":"https:\/\/werkzeuge-aller-art.com\/?product=rohrreinigungsschlauch-fuer-hochdruckreiniger-30m-200bar-rohrreinigungsset-geeignet-fuer-kaercher-parkside-lavor-bosch-professional-starre-duese-rotierende-duese-knofer","title":{"rendered":"Rohrreinigungsschlauch f\u00fcr Hochdruckreiniger 30m, 200bar- Rohrreinigungsset geeignet f\u00fcr K\u00e4rcher, Parkside, Lavor, Bosch\u2026"},"content":{"rendered":"<div id='gallery-1' class='gallery galleryid-13362 gallery-columns-3 gallery-size-full'><dl class='gallery-item'>\r\n\t<dt class='gallery-icon landscape'>\r\n\t<a rel='gallery-nr'><img loading=\"lazy\" decoding=\"async\" width=\"500\" height=\"500\" src=\"https:\/\/images-na.ssl-images-amazon.com\/images\/I\/41BBfRunsxL.jpg\" class=\"attachment-full size-full\" alt=\"\" srcset=\"https:\/\/images-na.ssl-images-amazon.com\/images\/I\/41BBfRunsxL.jpg 500w, https:\/\/images-na.ssl-images-amazon.com\/images\/I\/41BBfRunsxL._SS150_.jpg 150w, https:\/\/images-na.ssl-images-amazon.com\/images\/I\/41BBfRunsxL._SS300_.jpg 300w, https:\/\/images-na.ssl-images-amazon.com\/images\/I\/41BBfRunsxL._SS768_.jpg 768w, https:\/\/images-na.ssl-images-amazon.com\/images\/I\/41BBfRunsxL._SS1024_.jpg 1024w, https:\/\/images-na.ssl-images-amazon.com\/images\/I\/41BBfRunsxL._SS1536_.jpg 1536w, https:\/\/images-na.ssl-images-amazon.com\/images\/I\/41BBfRunsxL._SS2048_.jpg 2048w, https:\/\/images-na.ssl-images-amazon.com\/images\/I\/41BBfRunsxL._SS145_.jpg 145w, https:\/\/images-na.ssl-images-amazon.com\/images\/I\/41BBfRunsxL._SS1400_.jpg 1400w, https:\/\/images-na.ssl-images-amazon.com\/images\/I\/41BBfRunsxL._SS50_.jpg 50w, https:\/\/images-na.ssl-images-amazon.com\/images\/I\/41BBfRunsxL._SS604_.jpg 604w, https:\/\/images-na.ssl-images-amazon.com\/images\/I\/41BBfRunsxL._SS262_.jpg 262w, https:\/\/images-na.ssl-images-amazon.com\/images\/I\/41BBfRunsxL._SS600_.jpg 600w, https:\/\/images-na.ssl-images-amazon.com\/images\/I\/41BBfRunsxL._SS100_.jpg 100w\" sizes=\"auto, (max-width: 500px) 100vw, 500px\" \/><\/a>\r\n\t<\/dt>\r\n\t<dd class='wp-caption-text gallery-caption'>\r\n\t<div class='gallery-caption-inner'> <div class='wp-caption-text gallery-title'>\r\n\tRohrreinigungsschlauch-fr-Hochdruckreiniger-30m-200bar-Rohrreinigungsset-geeignet-fr-Krcher-Parkside-Lavor-Bosch-Professional&#8211;Starre-Dse-Rotierende-Dse-KNOFER\r\n\t<\/div><div class='wp-caption-text gallery-zoom no-text'>\r\n\t\t<a href=https:\/\/werkzeuge-aller-art.com\/?attachment_id=13363 title='Click to view Full Image' class='icon mustang-gallery'><i class='fa fa-plus'><\/i><\/a>\r\n\t\t<\/div><div class='wp-caption-text gallery-redirect'>\r\n\t\t<a href=https:\/\/werkzeuge-aller-art.com\/?attachment_id=13363 title='Click to view read more' class='icon readmore'><i class='fa fa-link'><\/i><\/a>\r\n\t\t<\/div><\/div><\/dd><\/dl><dl class='gallery-item'>\r\n\t<dt class='gallery-icon landscape'>\r\n\t<a rel='gallery-nr'><img loading=\"lazy\" decoding=\"async\" width=\"500\" height=\"500\" src=\"https:\/\/images-na.ssl-images-amazon.com\/images\/I\/41rXOnV-gVL.jpg\" class=\"attachment-full size-full\" alt=\"\" srcset=\"https:\/\/images-na.ssl-images-amazon.com\/images\/I\/41rXOnV-gVL.jpg 500w, https:\/\/images-na.ssl-images-amazon.com\/images\/I\/41rXOnV-gVL._SS150_.jpg 150w, https:\/\/images-na.ssl-images-amazon.com\/images\/I\/41rXOnV-gVL._SS300_.jpg 300w, https:\/\/images-na.ssl-images-amazon.com\/images\/I\/41rXOnV-gVL._SS768_.jpg 768w, https:\/\/images-na.ssl-images-amazon.com\/images\/I\/41rXOnV-gVL._SS1024_.jpg 1024w, https:\/\/images-na.ssl-images-amazon.com\/images\/I\/41rXOnV-gVL._SS1536_.jpg 1536w, https:\/\/images-na.ssl-images-amazon.com\/images\/I\/41rXOnV-gVL._SS2048_.jpg 2048w, https:\/\/images-na.ssl-images-amazon.com\/images\/I\/41rXOnV-gVL._SS145_.jpg 145w, https:\/\/images-na.ssl-images-amazon.com\/images\/I\/41rXOnV-gVL._SS1400_.jpg 1400w, https:\/\/images-na.ssl-images-amazon.com\/images\/I\/41rXOnV-gVL._SS50_.jpg 50w, https:\/\/images-na.ssl-images-amazon.com\/images\/I\/41rXOnV-gVL._SS604_.jpg 604w, https:\/\/images-na.ssl-images-amazon.com\/images\/I\/41rXOnV-gVL._SS262_.jpg 262w, https:\/\/images-na.ssl-images-amazon.com\/images\/I\/41rXOnV-gVL._SS600_.jpg 600w, https:\/\/images-na.ssl-images-amazon.com\/images\/I\/41rXOnV-gVL._SS100_.jpg 100w\" sizes=\"auto, (max-width: 500px) 100vw, 500px\" \/><\/a>\r\n\t<\/dt>\r\n\t<dd class='wp-caption-text gallery-caption'>\r\n\t<div class='gallery-caption-inner'> <div class='wp-caption-text gallery-title'>\r\n\tRohrreinigungsschlauch-fr-Hochdruckreiniger-30m-200bar-Rohrreinigungsset-geeignet-fr-Krcher-Parkside-Lavor-Bosch-Professional&#8211;Starre-Dse-Rotierende-Dse-KNOFER\r\n\t<\/div><div class='wp-caption-text gallery-zoom no-text'>\r\n\t\t<a href=https:\/\/werkzeuge-aller-art.com\/?attachment_id=13364 title='Click to view Full Image' class='icon mustang-gallery'><i class='fa fa-plus'><\/i><\/a>\r\n\t\t<\/div><div class='wp-caption-text gallery-redirect'>\r\n\t\t<a href=https:\/\/werkzeuge-aller-art.com\/?attachment_id=13364 title='Click to view read more' class='icon readmore'><i class='fa fa-link'><\/i><\/a>\r\n\t\t<\/div><\/div><\/dd><\/dl><dl class='gallery-item'>\r\n\t<dt class='gallery-icon landscape'>\r\n\t<a rel='gallery-nr'><img loading=\"lazy\" decoding=\"async\" width=\"500\" height=\"500\" src=\"https:\/\/images-na.ssl-images-amazon.com\/images\/I\/41Gy7XFXf%2BL.jpg\" class=\"attachment-full size-full\" alt=\"\" srcset=\"https:\/\/images-na.ssl-images-amazon.com\/images\/I\/41Gy7XFXf%2BL.jpg 500w, https:\/\/images-na.ssl-images-amazon.com\/images\/I\/41Gy7XFXf%2BL._SS150_.jpg 150w, https:\/\/images-na.ssl-images-amazon.com\/images\/I\/41Gy7XFXf%2BL._SS300_.jpg 300w, https:\/\/images-na.ssl-images-amazon.com\/images\/I\/41Gy7XFXf%2BL._SS768_.jpg 768w, https:\/\/images-na.ssl-images-amazon.com\/images\/I\/41Gy7XFXf%2BL._SS1024_.jpg 1024w, https:\/\/images-na.ssl-images-amazon.com\/images\/I\/41Gy7XFXf%2BL._SS1536_.jpg 1536w, https:\/\/images-na.ssl-images-amazon.com\/images\/I\/41Gy7XFXf%2BL._SS2048_.jpg 2048w, https:\/\/images-na.ssl-images-amazon.com\/images\/I\/41Gy7XFXf%2BL._SS145_.jpg 145w, https:\/\/images-na.ssl-images-amazon.com\/images\/I\/41Gy7XFXf%2BL._SS1400_.jpg 1400w, https:\/\/images-na.ssl-images-amazon.com\/images\/I\/41Gy7XFXf%2BL._SS50_.jpg 50w, https:\/\/images-na.ssl-images-amazon.com\/images\/I\/41Gy7XFXf%2BL._SS604_.jpg 604w, https:\/\/images-na.ssl-images-amazon.com\/images\/I\/41Gy7XFXf%2BL._SS262_.jpg 262w, https:\/\/images-na.ssl-images-amazon.com\/images\/I\/41Gy7XFXf%2BL._SS600_.jpg 600w, https:\/\/images-na.ssl-images-amazon.com\/images\/I\/41Gy7XFXf%2BL._SS100_.jpg 100w\" sizes=\"auto, (max-width: 500px) 100vw, 500px\" \/><\/a>\r\n\t<\/dt>\r\n\t<dd class='wp-caption-text gallery-caption'>\r\n\t<div class='gallery-caption-inner'> <div class='wp-caption-text gallery-title'>\r\n\tRohrreinigungsschlauch-fr-Hochdruckreiniger-30m-200bar-Rohrreinigungsset-geeignet-fr-Krcher-Parkside-Lavor-Bosch-Professional&#8211;Starre-Dse-Rotierende-Dse-KNOFER\r\n\t<\/div><div class='wp-caption-text gallery-zoom no-text'>\r\n\t\t<a href=https:\/\/werkzeuge-aller-art.com\/?attachment_id=13365 title='Click to view Full Image' class='icon mustang-gallery'><i class='fa fa-plus'><\/i><\/a>\r\n\t\t<\/div><div class='wp-caption-text gallery-redirect'>\r\n\t\t<a href=https:\/\/werkzeuge-aller-art.com\/?attachment_id=13365 title='Click to view read more' class='icon readmore'><i class='fa fa-link'><\/i><\/a>\r\n\t\t<\/div><\/div><\/dd><\/dl>\r\n<\/div>\n<br \/>\n<!-- show up to 2 reviews by default --> <\/p>\n<p>\u2764\ufe0f <b>Passt dieser Abflussreiniger an meinen Hochdruckreiniger?<\/b> <\/p>\n<p>Unser Hochdruckschlauch ist mit 3 Adaptern ausgestattet, welche mit folgenden Hochdruckreinigern kompatibel sind : <br \/>&#8211; K\u00e4rcher K2\/K3\/K4\/K5\/K6\/K7\/HD\/HDS <br \/>&#8211; Lavor, Parkside <br \/>&#8211; Bosch PROFESSIONAL <\/p>\n<p><i><b>Falls Sie eine andere Marke besitzen, pr\u00fcfen Sie vorher bitte, ob Ihr Ger\u00e4t mit dem mitgelieferten M22F x 1,5 mm-Adapter kompatibel ist oder besorgen Sie den passenden Adapter (Gr\u00f6\u00dfe G1\/4 <\/b><\/i><b>\u201cF)<\/b> <\/p>\n<p>???? <b>Welche Leistung wird ben\u00f6tigt, um dieses Produkt zu verwenden?<\/b> <\/p>\n<p>Wir empfehlen, einen Hochdruckreiniger mit einem Druck von mindestens 120 bar zu verwenden. Ideal sind 160 bar. <\/p>\n<p>???? Reinigt Ihre Rohre dauerhaft <br \/>???? 30 m Schlauch, um Rohre jeder L\u00e4nge zu s\u00e4ubern <br \/>???? 2 D\u00fcsen, um Ihre Rohre zu s\u00e4ubern, als w\u00e4ren sie brandneu <\/p>\n<p>ENTSTOPFT VOLLST\u00c4NDIG: Die kombinierte Arbeit von 2 D\u00fcsen bewirkt eine effiziente und DAUERHAFTE Rohrreinigung Ihres Abflusses. Die fixierte D\u00fcse zerst\u00f6rt Hindernisse mit dem vorderen Jet-Strahl und sp\u00fclt Schmutz mit 3 Strahlen am hinteren Ende weg, w\u00e4hrend die D\u00fcse schmierigen Abwasserschlamm von den Rohrw\u00e4nden mit 3 rotierenden Jet-Strahlen entfernt<br \/>\nVIELSEITIG ANWENDBAR: 3 Adapter kompatibel mit K\u00e4rcher K2 \/ K3 \/ K4 \/ K5 \/ K6 \/ K7 \/ HD \/ HDS, Lavor, Parkside, Bosch PROFESSIONAL<br \/>\nROBUST: Qualitativ hochwertiges Zubeh\u00f6r und 30 m Anti-Verdrehungs-Schlauch mit roten Markierungen, sodass Sie herausfinden k\u00f6nnen, wie weit sich die D\u00fcsen im Rohr befinden<br \/>\nEINFACH ZU VERWENDEN: Stecken Sie den Rohrreinigungsschlauch in den Abfluss und schalten Sie das Wasser an, er wird sich selbst in den Schlauch dr\u00fccken und ihn ganz ohne Chemikalien reinigen<br \/>\nNUR EINMAL KAUFEN: Nutzen Sie die Vorteile dieses 24\/7 Rohrreinigers und sparen Sie sich die Kosten eines Klempners im Notfall<br \/>\n<div class=\"main-cross-sell\" data-asin=\"B07ZG756W6\">\n\n\t<div class=\"WooZone-cross-sell-loader\">\n\t\t<div>\n\t\t\t<div id=\"floatingBarsG\">\n\t\t\t\t<div class=\"blockG\" id=\"rotateG_01\"><\/div>\n\t\t\t\t<div class=\"blockG\" id=\"rotateG_02\"><\/div>\n\t\t\t\t<div class=\"blockG\" id=\"rotateG_03\"><\/div>\n\t\t\t\t<div class=\"blockG\" id=\"rotateG_04\"><\/div>\n\t\t\t\t<div class=\"blockG\" id=\"rotateG_05\"><\/div>\n\t\t\t\t<div class=\"blockG\" id=\"rotateG_06\"><\/div>\n\t\t\t\t<div class=\"blockG\" id=\"rotateG_07\"><\/div>\n\t\t\t\t<div class=\"blockG\" id=\"rotateG_08\"><\/div>\n\t\t\t<\/div>\n\t\t\t<div class=\"WooZone-cross-sell-loader-text\"><\/div>\n\t\t<\/div>\n\t<\/div>\n\n\t\t\n<\/div>\n<div style=\"clear:both;\"><\/div>\n","protected":false},"excerpt":{"rendered":"<p>ENTSTOPFT VOLLST\u00c4NDIG: Die kombinierte Arbeit von 2 D\u00fcsen bewirkt eine effiziente und DAUERHAFTE Rohrreinigung Ihres Abflusses. Die fixierte D\u00fcse zerst\u00f6rt Hindernisse mit dem vorderen Jet-Strahl und sp\u00fclt Schmutz mit 3 Strahlen am hinteren Ende weg, w\u00e4hrend die D\u00fcse schmierigen Abwasserschlamm von den Rohrw\u00e4nden mit 3 rotierenden Jet-Strahlen entfernt<br \/>\nVIELSEITIG ANWENDBAR: 3 Adapter kompatibel mit K\u00e4rcher K2 \/ K3 \/ K4 \/ K5 \/ K6 \/ K7 \/ HD \/ HDS, Lavor, Parkside, Bosch PROFESSIONAL<br \/>\nROBUST: Qualitativ hochwertiges Zubeh\u00f6r und 30 m Anti-Verdrehungs-Schlauch mit roten Markierungen, sodass Sie herausfinden k\u00f6nnen, wie weit sich die D\u00fcsen im Rohr befinden<\/p>\n","protected":false},"featured_media":13363,"comment_status":"open","ping_status":"closed","template":"","meta":[],"product_cat":[115,110],"product_tag":[],"class_list":{"0":"post-13362","1":"product","2":"type-product","3":"status-publish","4":"has-post-thumbnail","6":"product_cat-hochdruckreiniger","7":"product_cat-reinigen-und-sandstrahlen","8":"pa_brand-knofer","11":"first","12":"instock","13":"shipping-taxable","14":"product-type-external"},"_links":{"self":[{"href":"https:\/\/werkzeuge-aller-art.com\/index.php?rest_route=\/wp\/v2\/product\/13362","targetHints":{"allow":["GET"]}}],"collection":[{"href":"https:\/\/werkzeuge-aller-art.com\/index.php?rest_route=\/wp\/v2\/product"}],"about":[{"href":"https:\/\/werkzeuge-aller-art.com\/index.php?rest_route=\/wp\/v2\/types\/product"}],"replies":[{"embeddable":true,"href":"https:\/\/werkzeuge-aller-art.com\/index.php?rest_route=%2Fwp%2Fv2%2Fcomments&post=13362"}],"wp:featuredmedia":[{"embeddable":true,"href":"https:\/\/werkzeuge-aller-art.com\/index.php?rest_route=\/wp\/v2\/media\/13363"}],"wp:attachment":[{"href":"https:\/\/werkzeuge-aller-art.com\/index.php?rest_route=%2Fwp%2Fv2%2Fmedia&parent=13362"}],"wp:term":[{"taxonomy":"product_cat","embeddable":true,"href":"https:\/\/werkzeuge-aller-art.com\/index.php?rest_route=%2Fwp%2Fv2%2Fproduct_cat&post=13362"},{"taxonomy":"product_tag","embeddable":true,"href":"https:\/\/werkzeuge-aller-art.com\/index.php?rest_route=%2Fwp%2Fv2%2Fproduct_tag&post=13362"}],"curies":[{"name":"wp","href":"https:\/\/api.w.org\/{rel}","templated":true}]}}