{"id":13354,"date":"2020-03-07T21:35:22","date_gmt":"2020-03-07T20:35:22","guid":{"rendered":"https:\/\/werkzeuge-aller-art.com\/?product=nilfisk-128471191-e-145-4-9-pad-x-tra-hochdruckreiniger-2100-w-230-volts-blau"},"modified":"2023-04-10T06:16:23","modified_gmt":"2023-04-10T04:16:23","slug":"nilfisk-128471191-e-145-4-9-pad-x-tra-hochdruckreiniger-2100-w-230-volts-blau","status":"publish","type":"product","link":"https:\/\/werkzeuge-aller-art.com\/?product=nilfisk-128471191-e-145-4-9-pad-x-tra-hochdruckreiniger-2100-w-230-volts-blau","title":{"rendered":"Nilfisk E 145 bar 145.4-9 X-TRA PAD Hochdruckreiniger f\u00fcr Haushalt, Au\u00dfenbereich, Autow\u00e4sche und Gartenarbeiten\u2026"},"content":{"rendered":"<div id='gallery-1' class='gallery galleryid-13354 gallery-columns-3 gallery-size-full'><dl class='gallery-item'>\r\n\t<dt class='gallery-icon landscape'>\r\n\t<a rel='gallery-nr'><img loading=\"lazy\" decoding=\"async\" width=\"500\" height=\"500\" src=\"https:\/\/images-na.ssl-images-amazon.com\/images\/I\/51xFsPzUg4L.jpg\" class=\"attachment-full size-full\" alt=\"\" srcset=\"https:\/\/images-na.ssl-images-amazon.com\/images\/I\/51xFsPzUg4L.jpg 500w, https:\/\/images-na.ssl-images-amazon.com\/images\/I\/51xFsPzUg4L._SS150_.jpg 150w, https:\/\/images-na.ssl-images-amazon.com\/images\/I\/51xFsPzUg4L._SS300_.jpg 300w, https:\/\/images-na.ssl-images-amazon.com\/images\/I\/51xFsPzUg4L._SS768_.jpg 768w, https:\/\/images-na.ssl-images-amazon.com\/images\/I\/51xFsPzUg4L._SS1024_.jpg 1024w, https:\/\/images-na.ssl-images-amazon.com\/images\/I\/51xFsPzUg4L._SS1536_.jpg 1536w, https:\/\/images-na.ssl-images-amazon.com\/images\/I\/51xFsPzUg4L._SS2048_.jpg 2048w, https:\/\/images-na.ssl-images-amazon.com\/images\/I\/51xFsPzUg4L._SS145_.jpg 145w, https:\/\/images-na.ssl-images-amazon.com\/images\/I\/51xFsPzUg4L._SS1400_.jpg 1400w, https:\/\/images-na.ssl-images-amazon.com\/images\/I\/51xFsPzUg4L._SS50_.jpg 50w, https:\/\/images-na.ssl-images-amazon.com\/images\/I\/51xFsPzUg4L._SS604_.jpg 604w, https:\/\/images-na.ssl-images-amazon.com\/images\/I\/51xFsPzUg4L._SS262_.jpg 262w, https:\/\/images-na.ssl-images-amazon.com\/images\/I\/51xFsPzUg4L._SS600_.jpg 600w, https:\/\/images-na.ssl-images-amazon.com\/images\/I\/51xFsPzUg4L._SS100_.jpg 100w\" sizes=\"auto, (max-width: 500px) 100vw, 500px\" \/><\/a>\r\n\t<\/dt>\r\n\t<dd class='wp-caption-text gallery-caption'>\r\n\t<div class='gallery-caption-inner'> <div class='wp-caption-text gallery-title'>\r\n\tNilfisk-128471191-E-1454-9-PAD-X-tra-Hochdruckreiniger-2100-W-230-volts-blau\r\n\t<\/div><div class='wp-caption-text gallery-zoom no-text'>\r\n\t\t<a href=https:\/\/werkzeuge-aller-art.com\/?attachment_id=13355 title='Click to view Full Image' class='icon mustang-gallery'><i class='fa fa-plus'><\/i><\/a>\r\n\t\t<\/div><div class='wp-caption-text gallery-redirect'>\r\n\t\t<a href=https:\/\/werkzeuge-aller-art.com\/?attachment_id=13355 title='Click to view read more' class='icon readmore'><i class='fa fa-link'><\/i><\/a>\r\n\t\t<\/div><\/div><\/dd><\/dl><dl class='gallery-item'>\r\n\t<dt class='gallery-icon landscape'>\r\n\t<a rel='gallery-nr'><img loading=\"lazy\" decoding=\"async\" width=\"500\" height=\"500\" src=\"https:\/\/images-na.ssl-images-amazon.com\/images\/I\/41UjW1wwMoL.jpg\" class=\"attachment-full size-full\" alt=\"\" srcset=\"https:\/\/images-na.ssl-images-amazon.com\/images\/I\/41UjW1wwMoL.jpg 500w, https:\/\/images-na.ssl-images-amazon.com\/images\/I\/41UjW1wwMoL._SS150_.jpg 150w, https:\/\/images-na.ssl-images-amazon.com\/images\/I\/41UjW1wwMoL._SS300_.jpg 300w, https:\/\/images-na.ssl-images-amazon.com\/images\/I\/41UjW1wwMoL._SS768_.jpg 768w, https:\/\/images-na.ssl-images-amazon.com\/images\/I\/41UjW1wwMoL._SS1024_.jpg 1024w, https:\/\/images-na.ssl-images-amazon.com\/images\/I\/41UjW1wwMoL._SS1536_.jpg 1536w, https:\/\/images-na.ssl-images-amazon.com\/images\/I\/41UjW1wwMoL._SS2048_.jpg 2048w, https:\/\/images-na.ssl-images-amazon.com\/images\/I\/41UjW1wwMoL._SS145_.jpg 145w, https:\/\/images-na.ssl-images-amazon.com\/images\/I\/41UjW1wwMoL._SS1400_.jpg 1400w, https:\/\/images-na.ssl-images-amazon.com\/images\/I\/41UjW1wwMoL._SS50_.jpg 50w, https:\/\/images-na.ssl-images-amazon.com\/images\/I\/41UjW1wwMoL._SS604_.jpg 604w, https:\/\/images-na.ssl-images-amazon.com\/images\/I\/41UjW1wwMoL._SS262_.jpg 262w, https:\/\/images-na.ssl-images-amazon.com\/images\/I\/41UjW1wwMoL._SS600_.jpg 600w, https:\/\/images-na.ssl-images-amazon.com\/images\/I\/41UjW1wwMoL._SS100_.jpg 100w\" sizes=\"auto, (max-width: 500px) 100vw, 500px\" \/><\/a>\r\n\t<\/dt>\r\n\t<dd class='wp-caption-text gallery-caption'>\r\n\t<div class='gallery-caption-inner'> <div class='wp-caption-text gallery-title'>\r\n\tNilfisk-128471191-E-1454-9-PAD-X-tra-Hochdruckreiniger-2100-W-230-volts-blau\r\n\t<\/div><div class='wp-caption-text gallery-zoom no-text'>\r\n\t\t<a href=https:\/\/werkzeuge-aller-art.com\/?attachment_id=13356 title='Click to view Full Image' class='icon mustang-gallery'><i class='fa fa-plus'><\/i><\/a>\r\n\t\t<\/div><div class='wp-caption-text gallery-redirect'>\r\n\t\t<a href=https:\/\/werkzeuge-aller-art.com\/?attachment_id=13356 title='Click to view read more' class='icon readmore'><i class='fa fa-link'><\/i><\/a>\r\n\t\t<\/div><\/div><\/dd><\/dl><dl class='gallery-item'>\r\n\t<dt class='gallery-icon landscape'>\r\n\t<a rel='gallery-nr'><img loading=\"lazy\" decoding=\"async\" width=\"500\" height=\"500\" src=\"https:\/\/images-na.ssl-images-amazon.com\/images\/I\/31TZzSDTKcL.jpg\" class=\"attachment-full size-full\" alt=\"\" srcset=\"https:\/\/images-na.ssl-images-amazon.com\/images\/I\/31TZzSDTKcL.jpg 500w, https:\/\/images-na.ssl-images-amazon.com\/images\/I\/31TZzSDTKcL._SS150_.jpg 150w, https:\/\/images-na.ssl-images-amazon.com\/images\/I\/31TZzSDTKcL._SS300_.jpg 300w, https:\/\/images-na.ssl-images-amazon.com\/images\/I\/31TZzSDTKcL._SS768_.jpg 768w, https:\/\/images-na.ssl-images-amazon.com\/images\/I\/31TZzSDTKcL._SS1024_.jpg 1024w, https:\/\/images-na.ssl-images-amazon.com\/images\/I\/31TZzSDTKcL._SS1536_.jpg 1536w, https:\/\/images-na.ssl-images-amazon.com\/images\/I\/31TZzSDTKcL._SS2048_.jpg 2048w, https:\/\/images-na.ssl-images-amazon.com\/images\/I\/31TZzSDTKcL._SS145_.jpg 145w, https:\/\/images-na.ssl-images-amazon.com\/images\/I\/31TZzSDTKcL._SS1400_.jpg 1400w, https:\/\/images-na.ssl-images-amazon.com\/images\/I\/31TZzSDTKcL._SS50_.jpg 50w, https:\/\/images-na.ssl-images-amazon.com\/images\/I\/31TZzSDTKcL._SS604_.jpg 604w, https:\/\/images-na.ssl-images-amazon.com\/images\/I\/31TZzSDTKcL._SS262_.jpg 262w, https:\/\/images-na.ssl-images-amazon.com\/images\/I\/31TZzSDTKcL._SS600_.jpg 600w, https:\/\/images-na.ssl-images-amazon.com\/images\/I\/31TZzSDTKcL._SS100_.jpg 100w\" sizes=\"auto, (max-width: 500px) 100vw, 500px\" \/><\/a>\r\n\t<\/dt>\r\n\t<dd class='wp-caption-text gallery-caption'>\r\n\t<div class='gallery-caption-inner'> <div class='wp-caption-text gallery-title'>\r\n\tNilfisk-128471191-E-1454-9-PAD-X-tra-Hochdruckreiniger-2100-W-230-volts-blau\r\n\t<\/div><div class='wp-caption-text gallery-zoom no-text'>\r\n\t\t<a href=https:\/\/werkzeuge-aller-art.com\/?attachment_id=13357 title='Click to view Full Image' class='icon mustang-gallery'><i class='fa fa-plus'><\/i><\/a>\r\n\t\t<\/div><div class='wp-caption-text gallery-redirect'>\r\n\t\t<a href=https:\/\/werkzeuge-aller-art.com\/?attachment_id=13357 title='Click to view read more' class='icon readmore'><i class='fa fa-link'><\/i><\/a>\r\n\t\t<\/div><\/div><\/dd><\/dl>\r\n<\/div>\n<br \/>\n<!-- show up to 2 reviews by default --> <\/p>\n<p>Nilfisk E145. 4-9 ist ein Hochdruckreiniger, der sich f\u00fcr h\u00e4ufige oder gr\u00f6\u00dfere Reinigungsarbeiten eignet. Er bietet hervorragende Leistung und Zuverl\u00e4ssigkeit mit einem besonders langlebigen Induktionsmotor. Sie erzielen hervorragende Ergebnisse bei allen Reinigungsaufgaben rund um das Haus. Bei diesem Modell ist eX-tra Zubeh\u00f6r im Lieferumfang enthalten: Dieses Modell umfasst au\u00dferdem als Zubeh\u00f6r eine verstellbare rotierende B\u00fcrste, mit der man leichter sonst schwer zug\u00e4ngliche Bereiche reinigt, den Patio-Reiniger zur schnellen und effizienten Reinigung von Au\u00dfenfl\u00e4chen sowie den Abfluss- und Rohrreiniger Drain &amp; Tube, der Ihre verstopften Rohre, Abfl\u00fcsse und Regenrinnen einfach und schnell reinigt. Dieser Hochdruckreiniger reinigt mit der leistungsstarken Metallpumpe und dem b\u00fcrstenlosen 2100-Watt-Motor bis zu 50 Quadratmeter pro Stunde und erzeugt einen maximalen Druck von 145 bar und einen Arbeitsdruck von 135 bar. Dieser leistungsstarke Nilfisk Hochdruckreiniger bew\u00e4ltigt dank hoher Leistung und voller Flexibilit\u00e4t m\u00fchelos gr\u00f6\u00dfere und h\u00e4ufigere Reinigungsaufgaben im Au\u00dfenbereich. Er reinigt schonend weiche oder empfindliche Oberfl\u00e4chen, aber bl\u00e4st hartn\u00e4ckigen Schmutz einfach weg. Der Teleskopgriff, die stabilen R\u00e4der und der lange Schlauch sorgen f\u00fcr die gew\u00fcnschte Benutzer keit, wenn Sie l\u00e4ngere Zeit arbeiten. Die besonders leistungsf\u00e4hige Wahl f\u00fcrschwierigere Aufgaben. Um die Leistung zu erh\u00f6hen, verf\u00fcgt dieser Nilfisk Hochdruckreiniger \u00fcber einen Click &amp; Clean Anschluss f\u00fcr die breite Palette an optionalem Zubeh\u00f6r von Nilfisk. <\/p>\n<p>Nilfisk E145 Hochdruckreiniger<br \/>\nLeistungsstarker und robuster Hochdruckreiniger mit 2100 Watt Induktionsmotor<br \/>\nBew\u00e4ltigt m\u00fchelos gr\u00f6\u00dfere und h\u00e4ufigere Reinigungsaufgaben. Fl\u00e4chenleistung: 50 m\u00b2\/h<br \/>\nHochwertige Metallpumpe mit 145 bar Maximaldruck und 135 bar Arbeitsdruck<br \/>\nGro\u00dfer Aktionsradius dank 9m langem Hochdruckschlauch und 5m langem Netzkabel<br \/>\n<div class=\"main-cross-sell\" data-asin=\"B0799SK8H2\">\n\n\t<div class=\"WooZone-cross-sell-loader\">\n\t\t<div>\n\t\t\t<div id=\"floatingBarsG\">\n\t\t\t\t<div class=\"blockG\" id=\"rotateG_01\"><\/div>\n\t\t\t\t<div class=\"blockG\" id=\"rotateG_02\"><\/div>\n\t\t\t\t<div class=\"blockG\" id=\"rotateG_03\"><\/div>\n\t\t\t\t<div class=\"blockG\" id=\"rotateG_04\"><\/div>\n\t\t\t\t<div class=\"blockG\" id=\"rotateG_05\"><\/div>\n\t\t\t\t<div class=\"blockG\" id=\"rotateG_06\"><\/div>\n\t\t\t\t<div class=\"blockG\" id=\"rotateG_07\"><\/div>\n\t\t\t\t<div class=\"blockG\" id=\"rotateG_08\"><\/div>\n\t\t\t<\/div>\n\t\t\t<div class=\"WooZone-cross-sell-loader-text\"><\/div>\n\t\t<\/div>\n\t<\/div>\n\n\t\t\n<\/div>\n<div style=\"clear:both;\"><\/div>\n","protected":false},"excerpt":{"rendered":"<p>Nilfisk E145 Hochdruckreiniger<br \/>\nLeistungsstarker und robuster Hochdruckreiniger mit 2100 Watt Induktionsmotor<br \/>\nBew\u00e4ltigt m\u00fchelos gr\u00f6\u00dfere und h\u00e4ufigere Reinigungsaufgaben. Fl\u00e4chenleistung: 50 m\u00b2\/h<\/p>\n","protected":false},"featured_media":13355,"comment_status":"open","ping_status":"closed","template":"","meta":[],"product_cat":[115,110],"product_tag":[],"class_list":{"0":"post-13354","1":"product","2":"type-product","3":"status-publish","4":"has-post-thumbnail","6":"product_cat-hochdruckreiniger","7":"product_cat-reinigen-und-sandstrahlen","8":"pa_brand-nilfisk","11":"first","12":"instock","13":"shipping-taxable","14":"product-type-external"},"_links":{"self":[{"href":"https:\/\/werkzeuge-aller-art.com\/index.php?rest_route=\/wp\/v2\/product\/13354","targetHints":{"allow":["GET"]}}],"collection":[{"href":"https:\/\/werkzeuge-aller-art.com\/index.php?rest_route=\/wp\/v2\/product"}],"about":[{"href":"https:\/\/werkzeuge-aller-art.com\/index.php?rest_route=\/wp\/v2\/types\/product"}],"replies":[{"embeddable":true,"href":"https:\/\/werkzeuge-aller-art.com\/index.php?rest_route=%2Fwp%2Fv2%2Fcomments&post=13354"}],"wp:featuredmedia":[{"embeddable":true,"href":"https:\/\/werkzeuge-aller-art.com\/index.php?rest_route=\/wp\/v2\/media\/13355"}],"wp:attachment":[{"href":"https:\/\/werkzeuge-aller-art.com\/index.php?rest_route=%2Fwp%2Fv2%2Fmedia&parent=13354"}],"wp:term":[{"taxonomy":"product_cat","embeddable":true,"href":"https:\/\/werkzeuge-aller-art.com\/index.php?rest_route=%2Fwp%2Fv2%2Fproduct_cat&post=13354"},{"taxonomy":"product_tag","embeddable":true,"href":"https:\/\/werkzeuge-aller-art.com\/index.php?rest_route=%2Fwp%2Fv2%2Fproduct_tag&post=13354"}],"curies":[{"name":"wp","href":"https:\/\/api.w.org\/{rel}","templated":true}]}}