{"id":13350,"date":"2020-03-07T21:33:16","date_gmt":"2020-03-07T20:33:16","guid":{"rendered":"https:\/\/werkzeuge-aller-art.com\/?product=kaercher-hochdruckreiniger-k-3-full-control-druck-20-120-bar-ohne-sonderzubehoer-foerdermenge-380-l-h-2x-strahlrohr-power-pistole"},"modified":"2023-04-10T06:16:23","modified_gmt":"2023-04-10T04:16:23","slug":"kaercher-hochdruckreiniger-k-3-full-control-druck-20-120-bar-ohne-sonderzubehoer-foerdermenge-380-l-h-2x-strahlrohr-power-pistole","status":"publish","type":"product","link":"https:\/\/werkzeuge-aller-art.com\/?product=kaercher-hochdruckreiniger-k-3-full-control-druck-20-120-bar-ohne-sonderzubehoer-foerdermenge-380-l-h-2x-strahlrohr-power-pistole","title":{"rendered":"K\u00e4rcher Hochdruckreiniger K 3 Full Control (Druck: 20-120 bar, ohne Sonderzubeh\u00f6r, F\u00f6rdermenge: 380 l\/h, 2x Strahlrohr\u2026"},"content":{"rendered":"\n\t\t<div id='gallery-1' class='gallery galleryid-13350 gallery-columns-3 gallery-size-full'><dl class='gallery-item'>\r\n\t<dt class='gallery-icon landscape'>\r\n\t<a rel='gallery-nr'><img loading=\"lazy\" decoding=\"async\" width=\"500\" height=\"500\" src=\"https:\/\/images-na.ssl-images-amazon.com\/images\/I\/41PS-x%2B4E0L.jpg\" class=\"attachment-full size-full\" alt=\"\" srcset=\"https:\/\/images-na.ssl-images-amazon.com\/images\/I\/41PS-x%2B4E0L.jpg 500w, https:\/\/images-na.ssl-images-amazon.com\/images\/I\/41PS-x%2B4E0L._SS150_.jpg 150w, https:\/\/images-na.ssl-images-amazon.com\/images\/I\/41PS-x%2B4E0L._SS300_.jpg 300w, https:\/\/images-na.ssl-images-amazon.com\/images\/I\/41PS-x%2B4E0L._SS768_.jpg 768w, https:\/\/images-na.ssl-images-amazon.com\/images\/I\/41PS-x%2B4E0L._SS1024_.jpg 1024w, https:\/\/images-na.ssl-images-amazon.com\/images\/I\/41PS-x%2B4E0L._SS1536_.jpg 1536w, https:\/\/images-na.ssl-images-amazon.com\/images\/I\/41PS-x%2B4E0L._SS2048_.jpg 2048w, https:\/\/images-na.ssl-images-amazon.com\/images\/I\/41PS-x%2B4E0L._SS145_.jpg 145w, https:\/\/images-na.ssl-images-amazon.com\/images\/I\/41PS-x%2B4E0L._SS1400_.jpg 1400w, https:\/\/images-na.ssl-images-amazon.com\/images\/I\/41PS-x%2B4E0L._SS50_.jpg 50w, https:\/\/images-na.ssl-images-amazon.com\/images\/I\/41PS-x%2B4E0L._SS604_.jpg 604w, https:\/\/images-na.ssl-images-amazon.com\/images\/I\/41PS-x%2B4E0L._SS262_.jpg 262w, https:\/\/images-na.ssl-images-amazon.com\/images\/I\/41PS-x%2B4E0L._SS600_.jpg 600w, https:\/\/images-na.ssl-images-amazon.com\/images\/I\/41PS-x%2B4E0L._SS100_.jpg 100w\" sizes=\"auto, (max-width: 500px) 100vw, 500px\" \/><\/a>\r\n\t<\/dt>\r\n\t<dd class='wp-caption-text gallery-caption'>\r\n\t<div class='gallery-caption-inner'> <div class='wp-caption-text gallery-title'>\r\n\tKrcher-Hochdruckreiniger-K-3-Full-Control-Druck-20-120-bar-ohne-Sonderzubehr-Frdermenge-380-lh-2x-Strahlrohr-Power-Pistole\r\n\t<\/div><div class='wp-caption-text gallery-zoom no-text'>\r\n\t\t<a href=https:\/\/werkzeuge-aller-art.com\/?attachment_id=13351 title='Click to view Full Image' class='icon mustang-gallery'><i class='fa fa-plus'><\/i><\/a>\r\n\t\t<\/div><div class='wp-caption-text gallery-redirect'>\r\n\t\t<a href=https:\/\/werkzeuge-aller-art.com\/?attachment_id=13351 title='Click to view read more' class='icon readmore'><i class='fa fa-link'><\/i><\/a>\r\n\t\t<\/div><\/div><\/dd><\/dl><dl class='gallery-item'>\r\n\t<dt class='gallery-icon landscape'>\r\n\t<a rel='gallery-nr'><img loading=\"lazy\" decoding=\"async\" width=\"500\" height=\"500\" src=\"https:\/\/images-na.ssl-images-amazon.com\/images\/I\/51iIdPKK1zL.jpg\" class=\"attachment-full size-full\" alt=\"\" srcset=\"https:\/\/images-na.ssl-images-amazon.com\/images\/I\/51iIdPKK1zL.jpg 500w, https:\/\/images-na.ssl-images-amazon.com\/images\/I\/51iIdPKK1zL._SS150_.jpg 150w, https:\/\/images-na.ssl-images-amazon.com\/images\/I\/51iIdPKK1zL._SS300_.jpg 300w, https:\/\/images-na.ssl-images-amazon.com\/images\/I\/51iIdPKK1zL._SS768_.jpg 768w, https:\/\/images-na.ssl-images-amazon.com\/images\/I\/51iIdPKK1zL._SS1024_.jpg 1024w, https:\/\/images-na.ssl-images-amazon.com\/images\/I\/51iIdPKK1zL._SS1536_.jpg 1536w, https:\/\/images-na.ssl-images-amazon.com\/images\/I\/51iIdPKK1zL._SS2048_.jpg 2048w, https:\/\/images-na.ssl-images-amazon.com\/images\/I\/51iIdPKK1zL._SS145_.jpg 145w, https:\/\/images-na.ssl-images-amazon.com\/images\/I\/51iIdPKK1zL._SS1400_.jpg 1400w, https:\/\/images-na.ssl-images-amazon.com\/images\/I\/51iIdPKK1zL._SS50_.jpg 50w, https:\/\/images-na.ssl-images-amazon.com\/images\/I\/51iIdPKK1zL._SS604_.jpg 604w, https:\/\/images-na.ssl-images-amazon.com\/images\/I\/51iIdPKK1zL._SS262_.jpg 262w, https:\/\/images-na.ssl-images-amazon.com\/images\/I\/51iIdPKK1zL._SS600_.jpg 600w, https:\/\/images-na.ssl-images-amazon.com\/images\/I\/51iIdPKK1zL._SS100_.jpg 100w\" sizes=\"auto, (max-width: 500px) 100vw, 500px\" \/><\/a>\r\n\t<\/dt>\r\n\t<dd class='wp-caption-text gallery-caption'>\r\n\t<div class='gallery-caption-inner'> <div class='wp-caption-text gallery-title'>\r\n\tKrcher-Hochdruckreiniger-K-3-Full-Control-Druck-20-120-bar-ohne-Sonderzubehr-Frdermenge-380-lh-2x-Strahlrohr-Power-Pistole\r\n\t<\/div><div class='wp-caption-text gallery-zoom no-text'>\r\n\t\t<a href=https:\/\/werkzeuge-aller-art.com\/?attachment_id=13352 title='Click to view Full Image' class='icon mustang-gallery'><i class='fa fa-plus'><\/i><\/a>\r\n\t\t<\/div><div class='wp-caption-text gallery-redirect'>\r\n\t\t<a href=https:\/\/werkzeuge-aller-art.com\/?attachment_id=13352 title='Click to view read more' class='icon readmore'><i class='fa fa-link'><\/i><\/a>\r\n\t\t<\/div><\/div><\/dd><\/dl><dl class='gallery-item'>\r\n\t<dt class='gallery-icon landscape'>\r\n\t<a rel='gallery-nr'><img loading=\"lazy\" decoding=\"async\" width=\"500\" height=\"500\" src=\"https:\/\/images-na.ssl-images-amazon.com\/images\/I\/51sCX6fjQfL.jpg\" class=\"attachment-full size-full\" alt=\"\" srcset=\"https:\/\/images-na.ssl-images-amazon.com\/images\/I\/51sCX6fjQfL.jpg 500w, https:\/\/images-na.ssl-images-amazon.com\/images\/I\/51sCX6fjQfL._SS150_.jpg 150w, https:\/\/images-na.ssl-images-amazon.com\/images\/I\/51sCX6fjQfL._SS300_.jpg 300w, https:\/\/images-na.ssl-images-amazon.com\/images\/I\/51sCX6fjQfL._SS768_.jpg 768w, https:\/\/images-na.ssl-images-amazon.com\/images\/I\/51sCX6fjQfL._SS1024_.jpg 1024w, https:\/\/images-na.ssl-images-amazon.com\/images\/I\/51sCX6fjQfL._SS1536_.jpg 1536w, https:\/\/images-na.ssl-images-amazon.com\/images\/I\/51sCX6fjQfL._SS2048_.jpg 2048w, https:\/\/images-na.ssl-images-amazon.com\/images\/I\/51sCX6fjQfL._SS145_.jpg 145w, https:\/\/images-na.ssl-images-amazon.com\/images\/I\/51sCX6fjQfL._SS1400_.jpg 1400w, https:\/\/images-na.ssl-images-amazon.com\/images\/I\/51sCX6fjQfL._SS50_.jpg 50w, https:\/\/images-na.ssl-images-amazon.com\/images\/I\/51sCX6fjQfL._SS604_.jpg 604w, https:\/\/images-na.ssl-images-amazon.com\/images\/I\/51sCX6fjQfL._SS262_.jpg 262w, https:\/\/images-na.ssl-images-amazon.com\/images\/I\/51sCX6fjQfL._SS600_.jpg 600w, https:\/\/images-na.ssl-images-amazon.com\/images\/I\/51sCX6fjQfL._SS100_.jpg 100w\" sizes=\"auto, (max-width: 500px) 100vw, 500px\" \/><\/a>\r\n\t<\/dt>\r\n\t<dd class='wp-caption-text gallery-caption'>\r\n\t<div class='gallery-caption-inner'> <div class='wp-caption-text gallery-title'>\r\n\tKrcher-Hochdruckreiniger-K-3-Full-Control-Druck-20-120-bar-ohne-Sonderzubehr-Frdermenge-380-lh-2x-Strahlrohr-Power-Pistole\r\n\t<\/div><div class='wp-caption-text gallery-zoom no-text'>\r\n\t\t<a href=https:\/\/werkzeuge-aller-art.com\/?attachment_id=13353 title='Click to view Full Image' class='icon mustang-gallery'><i class='fa fa-plus'><\/i><\/a>\r\n\t\t<\/div><div class='wp-caption-text gallery-redirect'>\r\n\t\t<a href=https:\/\/werkzeuge-aller-art.com\/?attachment_id=13353 title='Click to view read more' class='icon readmore'><i class='fa fa-link'><\/i><\/a>\r\n\t\t<\/div><\/div><\/dd><\/dl>\r\n<\/div>\n\n<div class=\"disclaim\"> Stil:<strong>ohne Sonderzubeh\u00f6r<\/strong> <\/div>\n<p> <!-- show up to 2 reviews by default --> <\/p>\n<p>Stellen Sie die Druckstufe am Strahlrohr ein und \u00fcberpr\u00fcfen Sie den Druck an der Anzeige der Pistole \u2013 f\u00fcr maximale Kontrolle und den idealen Druck bei jeder Oberfl\u00e4che. Der Wechsel von Hochdruck in den Reinigungsmittel-Modus erfolgt ohne Austausch des Strahlrohres. Weiter \u00fcberzeugt der K 3 Full Control von K\u00e4rcher mit einem ausziehbaren Teleskopgriff f\u00fcr bequemes Ziehen und Lagern sowie einem Standfu\u00df f\u00fcr mehr Stabilti\u00e4t. Der Standfu\u00df kann auch als zweiter Tragegriff verwendet werden, wodurch sich das Ger\u00e4t ganz leicht in ein Regal heben oder in den Kofferraum verladen l\u00e4sst. Fl\u00e4chenleistung 25 m\u00b2\/h. Ausstattung: Hochdruckpistole, Vario Power Jet, Dreckfr\u00e4ser, HD-Schlauch6 m, Reinigungsmitteleinsatz \u00fcber, RM Tank abnehmbar, Integrierter Wasserfilter, Adapter Gartenschlauchanschluss A3\/4&#8243;. Technische Daten: Druck 20- max.120\/2- max.12 bar\/MPa, F\u00f6rdermenge max. 380 l\/h, Max. Zulauftemperatur max. 40 \u00b0C, Anschlussleistung 1.6 kW, Gewicht ohne Zubeh\u00f6r 4.7 kg, Abmessungen (L \u00d7 B \u00d7 H) 307x280x677 mm, Stromart 220-240 V. <\/p>\n<p>Die Druckstufe wird am Strahlrohr eingestellt und l\u00e4sst sich an der Full Control Power Pistole mit LED-Anzeige \u00fcberpr\u00fcfen<br \/>\nDer eingebaute Reinigungsmitteltank vereinfacht die Anwendung von Reinigungsmittel<br \/>\nMit Hilfe der integrierten Halterungen k\u00f6nnen Zubeh\u00f6re, Hochdruckpistole und Kabel ordentlich verstaut werden<br \/>\nAnwendungsgebiete: Ideal f\u00fcr gelegentliche Eins\u00e4tze bei mittelstarkem Schmutz an Fahrr\u00e4dern und Motorr\u00e4dern, Gartenger\u00e4te, Z\u00e4une und kleinere Gartenwege, Garten- und Terrassenm\u00f6bel, Terrassenfl\u00e4chen<br \/>\nLieferumfang: Hochdruckreiniger, Vario Power Jet, Dreckfr\u00e4ser, HD-Schlauch 6 m, Full Control Plus Power Pistole, Netzanschlussleitung mit Netzstecker<br \/>\n<div class=\"main-cross-sell\" data-asin=\"B07L6S9TJ7\">\n\n\t<div class=\"WooZone-cross-sell-loader\">\n\t\t<div>\n\t\t\t<div id=\"floatingBarsG\">\n\t\t\t\t<div class=\"blockG\" id=\"rotateG_01\"><\/div>\n\t\t\t\t<div class=\"blockG\" id=\"rotateG_02\"><\/div>\n\t\t\t\t<div class=\"blockG\" id=\"rotateG_03\"><\/div>\n\t\t\t\t<div class=\"blockG\" id=\"rotateG_04\"><\/div>\n\t\t\t\t<div class=\"blockG\" id=\"rotateG_05\"><\/div>\n\t\t\t\t<div class=\"blockG\" id=\"rotateG_06\"><\/div>\n\t\t\t\t<div class=\"blockG\" id=\"rotateG_07\"><\/div>\n\t\t\t\t<div class=\"blockG\" id=\"rotateG_08\"><\/div>\n\t\t\t<\/div>\n\t\t\t<div class=\"WooZone-cross-sell-loader-text\"><\/div>\n\t\t<\/div>\n\t<\/div>\n\n\t\t\n<\/div>\n<div style=\"clear:both;\"><\/div>\n","protected":false},"excerpt":{"rendered":"<p>Die Druckstufe wird am Strahlrohr eingestellt und l\u00e4sst sich an der Full Control Power Pistole mit LED-Anzeige \u00fcberpr\u00fcfen<br \/>\nDer eingebaute Reinigungsmitteltank vereinfacht die Anwendung von Reinigungsmittel<br \/>\nMit Hilfe der integrierten Halterungen k\u00f6nnen Zubeh\u00f6re, Hochdruckpistole und Kabel ordentlich verstaut werden<\/p>\n","protected":false},"featured_media":13351,"comment_status":"open","ping_status":"closed","template":"","meta":[],"product_cat":[115,110],"product_tag":[],"class_list":{"0":"post-13350","1":"product","2":"type-product","3":"status-publish","4":"has-post-thumbnail","6":"product_cat-hochdruckreiniger","7":"product_cat-reinigen-und-sandstrahlen","8":"pa_brand-kaercher","11":"first","12":"instock","13":"shipping-taxable","14":"product-type-external"},"_links":{"self":[{"href":"https:\/\/werkzeuge-aller-art.com\/index.php?rest_route=\/wp\/v2\/product\/13350","targetHints":{"allow":["GET"]}}],"collection":[{"href":"https:\/\/werkzeuge-aller-art.com\/index.php?rest_route=\/wp\/v2\/product"}],"about":[{"href":"https:\/\/werkzeuge-aller-art.com\/index.php?rest_route=\/wp\/v2\/types\/product"}],"replies":[{"embeddable":true,"href":"https:\/\/werkzeuge-aller-art.com\/index.php?rest_route=%2Fwp%2Fv2%2Fcomments&post=13350"}],"wp:featuredmedia":[{"embeddable":true,"href":"https:\/\/werkzeuge-aller-art.com\/index.php?rest_route=\/wp\/v2\/media\/13351"}],"wp:attachment":[{"href":"https:\/\/werkzeuge-aller-art.com\/index.php?rest_route=%2Fwp%2Fv2%2Fmedia&parent=13350"}],"wp:term":[{"taxonomy":"product_cat","embeddable":true,"href":"https:\/\/werkzeuge-aller-art.com\/index.php?rest_route=%2Fwp%2Fv2%2Fproduct_cat&post=13350"},{"taxonomy":"product_tag","embeddable":true,"href":"https:\/\/werkzeuge-aller-art.com\/index.php?rest_route=%2Fwp%2Fv2%2Fproduct_tag&post=13350"}],"curies":[{"name":"wp","href":"https:\/\/api.w.org\/{rel}","templated":true}]}}