{"id":13346,"date":"2020-03-07T21:33:15","date_gmt":"2020-03-07T20:33:15","guid":{"rendered":"https:\/\/werkzeuge-aller-art.com\/?product=bosch-hochdruckreiniger-advancedaquatak-140-2100-watt-im-karton"},"modified":"2023-04-10T06:16:23","modified_gmt":"2023-04-10T04:16:23","slug":"bosch-hochdruckreiniger-advancedaquatak-140-2100-watt-im-karton","status":"publish","type":"product","link":"https:\/\/werkzeuge-aller-art.com\/?product=bosch-hochdruckreiniger-advancedaquatak-140-2100-watt-im-karton","title":{"rendered":"Bosch Home and Garden Hochdruckreiniger AdvancedAquatak 140 (2100 Watt, im Karton)"},"content":{"rendered":"\n\t\t<div id='gallery-1' class='gallery galleryid-13346 gallery-columns-3 gallery-size-full'><dl class='gallery-item'>\r\n\t<dt class='gallery-icon landscape'>\r\n\t<a rel='gallery-nr'><img loading=\"lazy\" decoding=\"async\" width=\"500\" height=\"500\" src=\"https:\/\/images-na.ssl-images-amazon.com\/images\/I\/41AT2hT0rRL.jpg\" class=\"attachment-full size-full\" alt=\"\" srcset=\"https:\/\/images-na.ssl-images-amazon.com\/images\/I\/41AT2hT0rRL.jpg 500w, https:\/\/images-na.ssl-images-amazon.com\/images\/I\/41AT2hT0rRL._SS150_.jpg 150w, https:\/\/images-na.ssl-images-amazon.com\/images\/I\/41AT2hT0rRL._SS300_.jpg 300w, https:\/\/images-na.ssl-images-amazon.com\/images\/I\/41AT2hT0rRL._SS768_.jpg 768w, https:\/\/images-na.ssl-images-amazon.com\/images\/I\/41AT2hT0rRL._SS1024_.jpg 1024w, https:\/\/images-na.ssl-images-amazon.com\/images\/I\/41AT2hT0rRL._SS1536_.jpg 1536w, https:\/\/images-na.ssl-images-amazon.com\/images\/I\/41AT2hT0rRL._SS2048_.jpg 2048w, https:\/\/images-na.ssl-images-amazon.com\/images\/I\/41AT2hT0rRL._SS145_.jpg 145w, https:\/\/images-na.ssl-images-amazon.com\/images\/I\/41AT2hT0rRL._SS1400_.jpg 1400w, https:\/\/images-na.ssl-images-amazon.com\/images\/I\/41AT2hT0rRL._SS50_.jpg 50w, https:\/\/images-na.ssl-images-amazon.com\/images\/I\/41AT2hT0rRL._SS604_.jpg 604w, https:\/\/images-na.ssl-images-amazon.com\/images\/I\/41AT2hT0rRL._SS262_.jpg 262w, https:\/\/images-na.ssl-images-amazon.com\/images\/I\/41AT2hT0rRL._SS600_.jpg 600w, https:\/\/images-na.ssl-images-amazon.com\/images\/I\/41AT2hT0rRL._SS100_.jpg 100w\" sizes=\"auto, (max-width: 500px) 100vw, 500px\" \/><\/a>\r\n\t<\/dt>\r\n\t<dd class='wp-caption-text gallery-caption'>\r\n\t<div class='gallery-caption-inner'> <div class='wp-caption-text gallery-title'>\r\n\tBosch-Hochdruckreiniger-AdvancedAquatak-140-2100-Watt-im-Karton\r\n\t<\/div><div class='wp-caption-text gallery-zoom no-text'>\r\n\t\t<a href=https:\/\/werkzeuge-aller-art.com\/?attachment_id=13347 title='Click to view Full Image' class='icon mustang-gallery'><i class='fa fa-plus'><\/i><\/a>\r\n\t\t<\/div><div class='wp-caption-text gallery-redirect'>\r\n\t\t<a href=https:\/\/werkzeuge-aller-art.com\/?attachment_id=13347 title='Click to view read more' class='icon readmore'><i class='fa fa-link'><\/i><\/a>\r\n\t\t<\/div><\/div><\/dd><\/dl><dl class='gallery-item'>\r\n\t<dt class='gallery-icon landscape'>\r\n\t<a rel='gallery-nr'><img loading=\"lazy\" decoding=\"async\" width=\"500\" height=\"500\" src=\"https:\/\/images-na.ssl-images-amazon.com\/images\/I\/51PPF1P1thL.jpg\" class=\"attachment-full size-full\" alt=\"\" srcset=\"https:\/\/images-na.ssl-images-amazon.com\/images\/I\/51PPF1P1thL.jpg 500w, https:\/\/images-na.ssl-images-amazon.com\/images\/I\/51PPF1P1thL._SS150_.jpg 150w, https:\/\/images-na.ssl-images-amazon.com\/images\/I\/51PPF1P1thL._SS300_.jpg 300w, https:\/\/images-na.ssl-images-amazon.com\/images\/I\/51PPF1P1thL._SS768_.jpg 768w, https:\/\/images-na.ssl-images-amazon.com\/images\/I\/51PPF1P1thL._SS1024_.jpg 1024w, https:\/\/images-na.ssl-images-amazon.com\/images\/I\/51PPF1P1thL._SS1536_.jpg 1536w, https:\/\/images-na.ssl-images-amazon.com\/images\/I\/51PPF1P1thL._SS2048_.jpg 2048w, https:\/\/images-na.ssl-images-amazon.com\/images\/I\/51PPF1P1thL._SS145_.jpg 145w, https:\/\/images-na.ssl-images-amazon.com\/images\/I\/51PPF1P1thL._SS1400_.jpg 1400w, https:\/\/images-na.ssl-images-amazon.com\/images\/I\/51PPF1P1thL._SS50_.jpg 50w, https:\/\/images-na.ssl-images-amazon.com\/images\/I\/51PPF1P1thL._SS604_.jpg 604w, https:\/\/images-na.ssl-images-amazon.com\/images\/I\/51PPF1P1thL._SS262_.jpg 262w, https:\/\/images-na.ssl-images-amazon.com\/images\/I\/51PPF1P1thL._SS600_.jpg 600w, https:\/\/images-na.ssl-images-amazon.com\/images\/I\/51PPF1P1thL._SS100_.jpg 100w\" sizes=\"auto, (max-width: 500px) 100vw, 500px\" \/><\/a>\r\n\t<\/dt>\r\n\t<dd class='wp-caption-text gallery-caption'>\r\n\t<div class='gallery-caption-inner'> <div class='wp-caption-text gallery-title'>\r\n\tBosch-Hochdruckreiniger-AdvancedAquatak-140-2100-Watt-im-Karton\r\n\t<\/div><div class='wp-caption-text gallery-zoom no-text'>\r\n\t\t<a href=https:\/\/werkzeuge-aller-art.com\/?attachment_id=13348 title='Click to view Full Image' class='icon mustang-gallery'><i class='fa fa-plus'><\/i><\/a>\r\n\t\t<\/div><div class='wp-caption-text gallery-redirect'>\r\n\t\t<a href=https:\/\/werkzeuge-aller-art.com\/?attachment_id=13348 title='Click to view read more' class='icon readmore'><i class='fa fa-link'><\/i><\/a>\r\n\t\t<\/div><\/div><\/dd><\/dl><dl class='gallery-item'>\r\n\t<dt class='gallery-icon landscape'>\r\n\t<a rel='gallery-nr'><img loading=\"lazy\" decoding=\"async\" width=\"500\" height=\"500\" src=\"https:\/\/images-na.ssl-images-amazon.com\/images\/I\/61-6%2B4bJIvL.jpg\" class=\"attachment-full size-full\" alt=\"\" srcset=\"https:\/\/images-na.ssl-images-amazon.com\/images\/I\/61-6%2B4bJIvL.jpg 500w, https:\/\/images-na.ssl-images-amazon.com\/images\/I\/61-6%2B4bJIvL._SS150_.jpg 150w, https:\/\/images-na.ssl-images-amazon.com\/images\/I\/61-6%2B4bJIvL._SS300_.jpg 300w, https:\/\/images-na.ssl-images-amazon.com\/images\/I\/61-6%2B4bJIvL._SS768_.jpg 768w, https:\/\/images-na.ssl-images-amazon.com\/images\/I\/61-6%2B4bJIvL._SS1024_.jpg 1024w, https:\/\/images-na.ssl-images-amazon.com\/images\/I\/61-6%2B4bJIvL._SS1536_.jpg 1536w, https:\/\/images-na.ssl-images-amazon.com\/images\/I\/61-6%2B4bJIvL._SS2048_.jpg 2048w, https:\/\/images-na.ssl-images-amazon.com\/images\/I\/61-6%2B4bJIvL._SS145_.jpg 145w, https:\/\/images-na.ssl-images-amazon.com\/images\/I\/61-6%2B4bJIvL._SS1400_.jpg 1400w, https:\/\/images-na.ssl-images-amazon.com\/images\/I\/61-6%2B4bJIvL._SS50_.jpg 50w, https:\/\/images-na.ssl-images-amazon.com\/images\/I\/61-6%2B4bJIvL._SS604_.jpg 604w, https:\/\/images-na.ssl-images-amazon.com\/images\/I\/61-6%2B4bJIvL._SS262_.jpg 262w, https:\/\/images-na.ssl-images-amazon.com\/images\/I\/61-6%2B4bJIvL._SS600_.jpg 600w, https:\/\/images-na.ssl-images-amazon.com\/images\/I\/61-6%2B4bJIvL._SS100_.jpg 100w\" sizes=\"auto, (max-width: 500px) 100vw, 500px\" \/><\/a>\r\n\t<\/dt>\r\n\t<dd class='wp-caption-text gallery-caption'>\r\n\t<div class='gallery-caption-inner'> <div class='wp-caption-text gallery-title'>\r\n\tBosch-Hochdruckreiniger-AdvancedAquatak-140-2100-Watt-im-Karton\r\n\t<\/div><div class='wp-caption-text gallery-zoom no-text'>\r\n\t\t<a href=https:\/\/werkzeuge-aller-art.com\/?attachment_id=13349 title='Click to view Full Image' class='icon mustang-gallery'><i class='fa fa-plus'><\/i><\/a>\r\n\t\t<\/div><div class='wp-caption-text gallery-redirect'>\r\n\t\t<a href=https:\/\/werkzeuge-aller-art.com\/?attachment_id=13349 title='Click to view read more' class='icon readmore'><i class='fa fa-link'><\/i><\/a>\r\n\t\t<\/div><\/div><\/dd><\/dl>\r\n<\/div>\n\n<div class=\"disclaim\"> Stil:<strong>AdvancedAquatak 140<\/strong> <\/div>\n<p> <!-- show up to 2 reviews by default --> <\/p>\n<p><b><\/b><\/p>\n<h2><b>Produktbeschreibung AdvancedAquatak 140 <\/b><\/h2>\n<\/p>\n<p> Dieser Hochdruckreiniger liefert die optimale Leistung, um selbst <br \/> den hartn\u00e4ckigsten Schmutz zu beseitigen. Ein Sortiment verschiedener <br \/> D\u00fcsen und die 140-bar-Pumpe sorgen f\u00fcr eine flexible Reinigungsleistung. <br \/> Die Hochdruckschlauchrolle sorgt f\u00fcr einen stressfreien Aufbau. <br \/> Die 550-ml-Hochdruck-Reinigungsmitteld\u00fcse spart wertvolle Zeit bei der <br \/> Autow\u00e4sche. Der AdvancedAquatak 140 beseitigt festen, hartn\u00e4ckigen <br \/> Schmutz von verschiedensten Oberfl\u00e4chen wie gro\u00dfen Fahrzeugen, <br \/> Terrassen und Einfahrten. Seine gro\u00dfen R\u00e4der und der Teleskopstiel aus <br \/> Metall sorgen au\u00dferdem f\u00fcr eine hervorragende Mobilit\u00e4t und somit f\u00fcr <br \/> eine einfachere Anwendung rund ums Haus. Schnellkupplungen und die <br \/> Lagerung der Pistole w\u00e4hrend der Verwendung erleichtern die Reinigung. <\/p>\n<\/p>\n<p>Das Advanced Gartenprodukt von Bosch \u2013 Gute Leistung f\u00fcr die h\u00f6chsten Anspr\u00fcche und umfangreiche Projekte<br \/>\nDer Strahlreiniger liefert 450 Liter Wasser pro Stunde dank leistungsstarkem 2100-Watt-Motor und 140 bar Druck<br \/>\nZus\u00e4tzlicher Stauraum durch das integrierte Aufbewahrungsfach<br \/>\nVielseitige Reinigungsm\u00f6glichkeiten: von hartn\u00e4ckigem Schmutz bis zur allt\u00e4glichen Reinigung dank einer gro\u00dfen Auswahl an mitgelieferten D\u00fcsen<br \/>\nLieferumfang: AdvancedAquatak 140, Bosch Metallhochdruckpistole, Lanze, 8m Hochdruckschlauch, variable Flachstrahld\u00fcse, Rotor-Fan-Lanze, Hochdruck-Reinigungsmitteld\u00fcse (550ml), Wasserfilter, im Karton<br \/>\n<div class=\"main-cross-sell\" data-asin=\"B07JGZT1FJ\">\n\n\t<div class=\"WooZone-cross-sell-loader\">\n\t\t<div>\n\t\t\t<div id=\"floatingBarsG\">\n\t\t\t\t<div class=\"blockG\" id=\"rotateG_01\"><\/div>\n\t\t\t\t<div class=\"blockG\" id=\"rotateG_02\"><\/div>\n\t\t\t\t<div class=\"blockG\" id=\"rotateG_03\"><\/div>\n\t\t\t\t<div class=\"blockG\" id=\"rotateG_04\"><\/div>\n\t\t\t\t<div class=\"blockG\" id=\"rotateG_05\"><\/div>\n\t\t\t\t<div class=\"blockG\" id=\"rotateG_06\"><\/div>\n\t\t\t\t<div class=\"blockG\" id=\"rotateG_07\"><\/div>\n\t\t\t\t<div class=\"blockG\" id=\"rotateG_08\"><\/div>\n\t\t\t<\/div>\n\t\t\t<div class=\"WooZone-cross-sell-loader-text\"><\/div>\n\t\t<\/div>\n\t<\/div>\n\n\t\t\n<\/div>\n<div style=\"clear:both;\"><\/div>\n","protected":false},"excerpt":{"rendered":"<p>Das Advanced Gartenprodukt von Bosch \u2013 Gute Leistung f\u00fcr die h\u00f6chsten Anspr\u00fcche und umfangreiche Projekte<br \/>\nDer Strahlreiniger liefert 450 Liter Wasser pro Stunde dank leistungsstarkem 2100-Watt-Motor und 140 bar Druck<br \/>\nZus\u00e4tzlicher Stauraum durch das integrierte Aufbewahrungsfach<\/p>\n","protected":false},"featured_media":13347,"comment_status":"open","ping_status":"closed","template":"","meta":[],"product_cat":[115,110],"product_tag":[],"class_list":{"0":"post-13346","1":"product","2":"type-product","3":"status-publish","4":"has-post-thumbnail","6":"product_cat-hochdruckreiniger","7":"product_cat-reinigen-und-sandstrahlen","8":"pa_brand-bosch-home-and-garden","11":"first","12":"instock","13":"shipping-taxable","14":"product-type-external"},"_links":{"self":[{"href":"https:\/\/werkzeuge-aller-art.com\/index.php?rest_route=\/wp\/v2\/product\/13346","targetHints":{"allow":["GET"]}}],"collection":[{"href":"https:\/\/werkzeuge-aller-art.com\/index.php?rest_route=\/wp\/v2\/product"}],"about":[{"href":"https:\/\/werkzeuge-aller-art.com\/index.php?rest_route=\/wp\/v2\/types\/product"}],"replies":[{"embeddable":true,"href":"https:\/\/werkzeuge-aller-art.com\/index.php?rest_route=%2Fwp%2Fv2%2Fcomments&post=13346"}],"wp:featuredmedia":[{"embeddable":true,"href":"https:\/\/werkzeuge-aller-art.com\/index.php?rest_route=\/wp\/v2\/media\/13347"}],"wp:attachment":[{"href":"https:\/\/werkzeuge-aller-art.com\/index.php?rest_route=%2Fwp%2Fv2%2Fmedia&parent=13346"}],"wp:term":[{"taxonomy":"product_cat","embeddable":true,"href":"https:\/\/werkzeuge-aller-art.com\/index.php?rest_route=%2Fwp%2Fv2%2Fproduct_cat&post=13346"},{"taxonomy":"product_tag","embeddable":true,"href":"https:\/\/werkzeuge-aller-art.com\/index.php?rest_route=%2Fwp%2Fv2%2Fproduct_tag&post=13346"}],"curies":[{"name":"wp","href":"https:\/\/api.w.org\/{rel}","templated":true}]}}