{"id":13334,"date":"2020-03-07T21:33:03","date_gmt":"2020-03-07T20:33:03","guid":{"rendered":"https:\/\/werkzeuge-aller-art.com\/?product=kaercher-hochdruckreiniger-k-2-full-control-home-druck-20-110-bar-foerdermenge-360-l-h-flaechenreiniger-t-150-reinigungsmittel-2x-strahlrohr-hochdruckpistole"},"modified":"2023-04-10T06:16:23","modified_gmt":"2023-04-10T04:16:23","slug":"kaercher-hochdruckreiniger-k-2-full-control-home-druck-20-110-bar-foerdermenge-360-l-h-flaechenreiniger-t-150-reinigungsmittel-2x-strahlrohr-hochdruckpistole","status":"publish","type":"product","link":"https:\/\/werkzeuge-aller-art.com\/?product=kaercher-hochdruckreiniger-k-2-full-control-home-druck-20-110-bar-foerdermenge-360-l-h-flaechenreiniger-t-150-reinigungsmittel-2x-strahlrohr-hochdruckpistole","title":{"rendered":"K\u00e4rcher Hochdruckreiniger K 2 Full Control Home (Druck: 20-110 bar, F\u00f6rdermenge: 360 l\/h, Fl\u00e4chenreiniger T 150\u2026"},"content":{"rendered":"<div id='gallery-1' class='gallery galleryid-13334 gallery-columns-3 gallery-size-full'><dl class='gallery-item'>\r\n\t<dt class='gallery-icon landscape'>\r\n\t<a rel='gallery-nr'><img loading=\"lazy\" decoding=\"async\" width=\"500\" height=\"500\" src=\"https:\/\/images-na.ssl-images-amazon.com\/images\/I\/418Rqk-5WQL.jpg\" class=\"attachment-full size-full\" alt=\"\" srcset=\"https:\/\/images-na.ssl-images-amazon.com\/images\/I\/418Rqk-5WQL.jpg 500w, https:\/\/images-na.ssl-images-amazon.com\/images\/I\/418Rqk-5WQL._SS150_.jpg 150w, https:\/\/images-na.ssl-images-amazon.com\/images\/I\/418Rqk-5WQL._SS300_.jpg 300w, https:\/\/images-na.ssl-images-amazon.com\/images\/I\/418Rqk-5WQL._SS768_.jpg 768w, https:\/\/images-na.ssl-images-amazon.com\/images\/I\/418Rqk-5WQL._SS1024_.jpg 1024w, https:\/\/images-na.ssl-images-amazon.com\/images\/I\/418Rqk-5WQL._SS1536_.jpg 1536w, https:\/\/images-na.ssl-images-amazon.com\/images\/I\/418Rqk-5WQL._SS2048_.jpg 2048w, https:\/\/images-na.ssl-images-amazon.com\/images\/I\/418Rqk-5WQL._SS145_.jpg 145w, https:\/\/images-na.ssl-images-amazon.com\/images\/I\/418Rqk-5WQL._SS1400_.jpg 1400w, https:\/\/images-na.ssl-images-amazon.com\/images\/I\/418Rqk-5WQL._SS50_.jpg 50w, https:\/\/images-na.ssl-images-amazon.com\/images\/I\/418Rqk-5WQL._SS604_.jpg 604w, https:\/\/images-na.ssl-images-amazon.com\/images\/I\/418Rqk-5WQL._SS262_.jpg 262w, https:\/\/images-na.ssl-images-amazon.com\/images\/I\/418Rqk-5WQL._SS600_.jpg 600w, https:\/\/images-na.ssl-images-amazon.com\/images\/I\/418Rqk-5WQL._SS100_.jpg 100w\" sizes=\"auto, (max-width: 500px) 100vw, 500px\" \/><\/a>\r\n\t<\/dt>\r\n\t<dd class='wp-caption-text gallery-caption'>\r\n\t<div class='gallery-caption-inner'> <div class='wp-caption-text gallery-title'>\r\n\tKrcher-Hochdruckreiniger-K-2-Full-Control-Home-Druck-20-110-bar-Frdermenge-360-lh-Flchenreiniger-T-150-Reinigungsmittel-2x-Strahlrohr-Hochdruckpistole\r\n\t<\/div><div class='wp-caption-text gallery-zoom no-text'>\r\n\t\t<a href=https:\/\/werkzeuge-aller-art.com\/?attachment_id=13335 title='Click to view Full Image' class='icon mustang-gallery'><i class='fa fa-plus'><\/i><\/a>\r\n\t\t<\/div><div class='wp-caption-text gallery-redirect'>\r\n\t\t<a href=https:\/\/werkzeuge-aller-art.com\/?attachment_id=13335 title='Click to view read more' class='icon readmore'><i class='fa fa-link'><\/i><\/a>\r\n\t\t<\/div><\/div><\/dd><\/dl><dl class='gallery-item'>\r\n\t<dt class='gallery-icon landscape'>\r\n\t<a rel='gallery-nr'><img loading=\"lazy\" decoding=\"async\" width=\"500\" height=\"500\" src=\"https:\/\/images-na.ssl-images-amazon.com\/images\/I\/41CqjxwbubL.jpg\" class=\"attachment-full size-full\" alt=\"\" srcset=\"https:\/\/images-na.ssl-images-amazon.com\/images\/I\/41CqjxwbubL.jpg 500w, https:\/\/images-na.ssl-images-amazon.com\/images\/I\/41CqjxwbubL._SS150_.jpg 150w, https:\/\/images-na.ssl-images-amazon.com\/images\/I\/41CqjxwbubL._SS300_.jpg 300w, https:\/\/images-na.ssl-images-amazon.com\/images\/I\/41CqjxwbubL._SS768_.jpg 768w, https:\/\/images-na.ssl-images-amazon.com\/images\/I\/41CqjxwbubL._SS1024_.jpg 1024w, https:\/\/images-na.ssl-images-amazon.com\/images\/I\/41CqjxwbubL._SS1536_.jpg 1536w, https:\/\/images-na.ssl-images-amazon.com\/images\/I\/41CqjxwbubL._SS2048_.jpg 2048w, https:\/\/images-na.ssl-images-amazon.com\/images\/I\/41CqjxwbubL._SS145_.jpg 145w, https:\/\/images-na.ssl-images-amazon.com\/images\/I\/41CqjxwbubL._SS1400_.jpg 1400w, https:\/\/images-na.ssl-images-amazon.com\/images\/I\/41CqjxwbubL._SS50_.jpg 50w, https:\/\/images-na.ssl-images-amazon.com\/images\/I\/41CqjxwbubL._SS604_.jpg 604w, https:\/\/images-na.ssl-images-amazon.com\/images\/I\/41CqjxwbubL._SS262_.jpg 262w, https:\/\/images-na.ssl-images-amazon.com\/images\/I\/41CqjxwbubL._SS600_.jpg 600w, https:\/\/images-na.ssl-images-amazon.com\/images\/I\/41CqjxwbubL._SS100_.jpg 100w\" sizes=\"auto, (max-width: 500px) 100vw, 500px\" \/><\/a>\r\n\t<\/dt>\r\n\t<dd class='wp-caption-text gallery-caption'>\r\n\t<div class='gallery-caption-inner'> <div class='wp-caption-text gallery-title'>\r\n\tKrcher-Hochdruckreiniger-K-2-Full-Control-Home-Druck-20-110-bar-Frdermenge-360-lh-Flchenreiniger-T-150-Reinigungsmittel-2x-Strahlrohr-Hochdruckpistole\r\n\t<\/div><div class='wp-caption-text gallery-zoom no-text'>\r\n\t\t<a href=https:\/\/werkzeuge-aller-art.com\/?attachment_id=13336 title='Click to view Full Image' class='icon mustang-gallery'><i class='fa fa-plus'><\/i><\/a>\r\n\t\t<\/div><div class='wp-caption-text gallery-redirect'>\r\n\t\t<a href=https:\/\/werkzeuge-aller-art.com\/?attachment_id=13336 title='Click to view read more' class='icon readmore'><i class='fa fa-link'><\/i><\/a>\r\n\t\t<\/div><\/div><\/dd><\/dl><dl class='gallery-item'>\r\n\t<dt class='gallery-icon landscape'>\r\n\t<a rel='gallery-nr'><img loading=\"lazy\" decoding=\"async\" width=\"500\" height=\"500\" src=\"https:\/\/images-na.ssl-images-amazon.com\/images\/I\/41tPbOwTQwL.jpg\" class=\"attachment-full size-full\" alt=\"\" srcset=\"https:\/\/images-na.ssl-images-amazon.com\/images\/I\/41tPbOwTQwL.jpg 500w, https:\/\/images-na.ssl-images-amazon.com\/images\/I\/41tPbOwTQwL._SS150_.jpg 150w, https:\/\/images-na.ssl-images-amazon.com\/images\/I\/41tPbOwTQwL._SS300_.jpg 300w, https:\/\/images-na.ssl-images-amazon.com\/images\/I\/41tPbOwTQwL._SS768_.jpg 768w, https:\/\/images-na.ssl-images-amazon.com\/images\/I\/41tPbOwTQwL._SS1024_.jpg 1024w, https:\/\/images-na.ssl-images-amazon.com\/images\/I\/41tPbOwTQwL._SS1536_.jpg 1536w, https:\/\/images-na.ssl-images-amazon.com\/images\/I\/41tPbOwTQwL._SS2048_.jpg 2048w, https:\/\/images-na.ssl-images-amazon.com\/images\/I\/41tPbOwTQwL._SS145_.jpg 145w, https:\/\/images-na.ssl-images-amazon.com\/images\/I\/41tPbOwTQwL._SS1400_.jpg 1400w, https:\/\/images-na.ssl-images-amazon.com\/images\/I\/41tPbOwTQwL._SS50_.jpg 50w, https:\/\/images-na.ssl-images-amazon.com\/images\/I\/41tPbOwTQwL._SS604_.jpg 604w, https:\/\/images-na.ssl-images-amazon.com\/images\/I\/41tPbOwTQwL._SS262_.jpg 262w, https:\/\/images-na.ssl-images-amazon.com\/images\/I\/41tPbOwTQwL._SS600_.jpg 600w, https:\/\/images-na.ssl-images-amazon.com\/images\/I\/41tPbOwTQwL._SS100_.jpg 100w\" sizes=\"auto, (max-width: 500px) 100vw, 500px\" \/><\/a>\r\n\t<\/dt>\r\n\t<dd class='wp-caption-text gallery-caption'>\r\n\t<div class='gallery-caption-inner'> <div class='wp-caption-text gallery-title'>\r\n\tKrcher-Hochdruckreiniger-K-2-Full-Control-Home-Druck-20-110-bar-Frdermenge-360-lh-Flchenreiniger-T-150-Reinigungsmittel-2x-Strahlrohr-Hochdruckpistole\r\n\t<\/div><div class='wp-caption-text gallery-zoom no-text'>\r\n\t\t<a href=https:\/\/werkzeuge-aller-art.com\/?attachment_id=13337 title='Click to view Full Image' class='icon mustang-gallery'><i class='fa fa-plus'><\/i><\/a>\r\n\t\t<\/div><div class='wp-caption-text gallery-redirect'>\r\n\t\t<a href=https:\/\/werkzeuge-aller-art.com\/?attachment_id=13337 title='Click to view read more' class='icon readmore'><i class='fa fa-link'><\/i><\/a>\r\n\t\t<\/div><\/div><\/dd><\/dl>\r\n<\/div>\n<br \/>\nEnth\u00e4lt Full Control Click Vario Power Strahlrohr mit vordefinierten Druckstufen passend zu Ihrem Reinigungsobjekt und separate Dreckfr\u00e4se<br \/>\nHalterungen f\u00fcr Hochdruckpistole, Kabel und Zubeh\u00f6re erm\u00f6glichen einfaches und platzsparendes Verstauen<br \/>\nLeicht und mobil dank R\u00e4dern und ausziehbarem Griff<br \/>\nAnsaugschlauch f\u00fcr die Verwendung von Reinigungsmitteln<br \/>\nInkl. Fl\u00e4chenreiniger T-Racer T 150: perfekt zur spritzfreien Reinigung gr\u00f6\u00dferer Fl\u00e4chen<br \/>\n<div class=\"main-cross-sell\" data-asin=\"B01MY0XH5E\">\n\n\t<div class=\"WooZone-cross-sell-loader\">\n\t\t<div>\n\t\t\t<div id=\"floatingBarsG\">\n\t\t\t\t<div class=\"blockG\" id=\"rotateG_01\"><\/div>\n\t\t\t\t<div class=\"blockG\" id=\"rotateG_02\"><\/div>\n\t\t\t\t<div class=\"blockG\" id=\"rotateG_03\"><\/div>\n\t\t\t\t<div class=\"blockG\" id=\"rotateG_04\"><\/div>\n\t\t\t\t<div class=\"blockG\" id=\"rotateG_05\"><\/div>\n\t\t\t\t<div class=\"blockG\" id=\"rotateG_06\"><\/div>\n\t\t\t\t<div class=\"blockG\" id=\"rotateG_07\"><\/div>\n\t\t\t\t<div class=\"blockG\" id=\"rotateG_08\"><\/div>\n\t\t\t<\/div>\n\t\t\t<div class=\"WooZone-cross-sell-loader-text\"><\/div>\n\t\t<\/div>\n\t<\/div>\n\n\t\t\n<\/div>\n<div style=\"clear:both;\"><\/div>\n","protected":false},"excerpt":{"rendered":"<p>Enth\u00e4lt Full Control Click Vario Power Strahlrohr mit vordefinierten Druckstufen passend zu Ihrem Reinigungsobjekt und separate Dreckfr\u00e4se<br \/>\nHalterungen f\u00fcr Hochdruckpistole, Kabel und Zubeh\u00f6re erm\u00f6glichen einfaches und platzsparendes Verstauen<br \/>\nLeicht und mobil dank R\u00e4dern und ausziehbarem Griff<\/p>\n","protected":false},"featured_media":13335,"comment_status":"open","ping_status":"closed","template":"","meta":[],"product_cat":[115,110],"product_tag":[],"class_list":{"0":"post-13334","1":"product","2":"type-product","3":"status-publish","4":"has-post-thumbnail","6":"product_cat-hochdruckreiniger","7":"product_cat-reinigen-und-sandstrahlen","8":"pa_brand-kaercher","11":"first","12":"instock","13":"shipping-taxable","14":"product-type-external"},"_links":{"self":[{"href":"https:\/\/werkzeuge-aller-art.com\/index.php?rest_route=\/wp\/v2\/product\/13334","targetHints":{"allow":["GET"]}}],"collection":[{"href":"https:\/\/werkzeuge-aller-art.com\/index.php?rest_route=\/wp\/v2\/product"}],"about":[{"href":"https:\/\/werkzeuge-aller-art.com\/index.php?rest_route=\/wp\/v2\/types\/product"}],"replies":[{"embeddable":true,"href":"https:\/\/werkzeuge-aller-art.com\/index.php?rest_route=%2Fwp%2Fv2%2Fcomments&post=13334"}],"wp:featuredmedia":[{"embeddable":true,"href":"https:\/\/werkzeuge-aller-art.com\/index.php?rest_route=\/wp\/v2\/media\/13335"}],"wp:attachment":[{"href":"https:\/\/werkzeuge-aller-art.com\/index.php?rest_route=%2Fwp%2Fv2%2Fmedia&parent=13334"}],"wp:term":[{"taxonomy":"product_cat","embeddable":true,"href":"https:\/\/werkzeuge-aller-art.com\/index.php?rest_route=%2Fwp%2Fv2%2Fproduct_cat&post=13334"},{"taxonomy":"product_tag","embeddable":true,"href":"https:\/\/werkzeuge-aller-art.com\/index.php?rest_route=%2Fwp%2Fv2%2Fproduct_tag&post=13334"}],"curies":[{"name":"wp","href":"https:\/\/api.w.org\/{rel}","templated":true}]}}